{"id":12203,"date":"2023-06-13T23:32:45","date_gmt":"2023-06-13T21:32:45","guid":{"rendered":"https:\/\/pb.edu.pl\/bwm\/?page_id=12203"},"modified":"2023-12-07T15:27:23","modified_gmt":"2023-12-07T14:27:23","slug":"o-projekcie","status":"publish","type":"page","link":"https:\/\/pb.edu.pl\/iros\/projekty-nawa\/welcome-to-poland\/welcome-at-but\/o-projekcie\/","title":{"rendered":"About the project"},"content":{"rendered":"<p><em>Polish translation below<\/em><\/p>\n<p>&nbsp;<\/p>\n<p>Project financed within Welcome in Poland Programme by Polish National Agency for Academic Exchange.<\/p>\n<p><strong>Project title:<\/strong>&nbsp; &#8222;Welcome at BUT&#8221;<\/p>\n<p><strong>Project budget:<\/strong> PLN 314,426.56<\/p>\n<p><strong>Project duration:<\/strong> June 1, 2023 &#8211; May 31, 2025<\/p>\n<p><strong>Main goal of the project:<\/strong><\/p>\n<p>The main goal of the project is to organize and maintain a place dedicated to serving students and foreign staff at PB, the so-called Welcome Center, which will strengthen the image of our university as attractive to foreigners, not only due to the educational offer, but also due to the open, friendly academic community that cares about interpersonal integration. The activities of the Welcome Center are planned to include, among others: creating information spots regarding formalities related to the stay at the university and in Poland, organizing trips around Bia\u0142ystok, cultural and integration outings and culinary workshops on Polish cuisine for foreigners, as well as updating PB promotional materials in English. It is also planned to provide transport for foreign students from Warsaw to Bia\u0142ystok at the beginning of each semester, and to set up a multimedia information stand publicly available to foreign guests at the International Cooperation Office of the University of Bialystok.<\/p>\n<p>The project will improve the quality of service for students and foreign guests, expand knowledge about Polish culture, perceive the city and country as a friendly and attractive place to live, which will contribute to building a positive image of the University on the international arena, and over time will result in a greater number of student mobility and members of the academic community of foreign universities.<\/p>\n<p><strong>Project manager:<\/strong> Marta Orpik, m.orpik@pb.edu.pl tel. 85 746 70 10<\/p>\n<hr>\n<p><em>Projekt finansowany w ramach Programu Welcome to Poland NAWA.<\/em><\/p>\n<p><strong>Tytu\u0142 projektu:<\/strong> \u201eWelcome at BUT\u201d<\/p>\n<p><strong>Warto\u015b\u0107 dofinansowania projektu:&nbsp;<\/strong>314 426,56 PLN<\/p>\n<p><strong>Termin realizacji projektu:&nbsp;<\/strong>1 czerwca 2023 roku \u2013 31 maja 2025 roku<\/p>\n<p><strong>Cel g\u0142\u00f3wny projektu:<\/strong><\/p>\n<p>G\u0142\u00f3wnym celem projektu jest organizacja i utrzymanie miejsca dedykowanego obs\u0142udze student\u00f3w i kadry zagranicznej na PB, tzw. Welcome Centre, co wzmocnieni wizerunek naszej uczelni jako atrakcyjnej dla obcokrajowc\u00f3w, nie tylko ze wzgl\u0119du na ofert\u0119 edukacyjn\u0105, ale tak\u017ce ze wzgl\u0119du na otwart\u0105, przyjazn\u0105 spo\u0142eczno\u015b\u0107 akademick\u0105, w kt\u00f3rej dba si\u0119 o integracj\u0119 mi\u0119dzyludzk\u0105. W ramach dzia\u0142alno\u015bci Welcome Centre planowane jest m.in. stworzenie spot\u00f3w informacyjnych dot. formalno\u015bci zwi\u0105zanych z pobytem na uczelni oraz w Polsce, organizacja wycieczek po Bia\u0142ymstoku, wyj\u015b\u0107 kulturalno-integracyjnych oraz warsztat\u00f3w kulinarnych z kuchni polskiej dla obcokrajowc\u00f3w, a tak\u017ce aktualizacja materia\u0142\u00f3w promocyjnych PB w j\u0119zyku angielskim. Planowane jest r\u00f3wnie\u017c zapewnienie transportu dla student\u00f3w zagranicznych z Warszawy do Bia\u0142egostoku na pocz\u0105tku ka\u017cdego semestru, czy ustawienie og\u00f3lnodost\u0119pnego dla zagranicznych go\u015bci, multimedialnego standu informacyjnego przy Biurze Wsp\u00f3\u0142pracy Mi\u0119dzynarodowej PB.<\/p>\n<p>Projekt wp\u0142ynie na popraw\u0119 jako\u015bci obs\u0142ugi student\u00f3w i go\u015bci zagranicznych, rozszerzenie wiedzy o kulturze Polski, postrzeganie miasta i kraju jako miejsca przyjaznego i atrakcyjnego do \u017cycia, co przyczyni si\u0119 do zbudowania pozytywnego wizerunku Uczelni na arenie mi\u0119dzynarodowej, a z czasem wp\u0142ynie na wi\u0119ksz\u0105 liczb\u0119 mobilno\u015bci student\u00f3w oraz cz\u0142onk\u00f3w spo\u0142eczno\u015bci akademickich uczelni zagranicznych.<\/p>\n<p><strong>Kierownik projektu:<\/strong> Marta Orpik, <a href=\"mailto:m.orpik@pb.edu.pl\">m.orpik@pb.edu.pl<\/a> tel. 85 746 70 10<\/p>\n","protected":false},"excerpt":{"rendered":"<p>Polish translation below &nbsp; Project financed within Welcome in Poland Programme by Polish National Agency<\/p>\n","protected":false},"author":87,"featured_media":0,"parent":12193,"menu_order":3,"comment_status":"closed","ping_status":"closed","template":"","meta":{"_acf_changed":false,"ngg_post_thumbnail":0,"footnotes":""},"class_list":["post-12203","page","type-page","status-publish","hentry"],"acf":[],"_links":{"self":[{"href":"https:\/\/pb.edu.pl\/iros\/wp-json\/wp\/v2\/pages\/12203","targetHints":{"allow":["GET"]}}],"collection":[{"href":"https:\/\/pb.edu.pl\/iros\/wp-json\/wp\/v2\/pages"}],"about":[{"href":"https:\/\/pb.edu.pl\/iros\/wp-json\/wp\/v2\/types\/page"}],"author":[{"embeddable":true,"href":"https:\/\/pb.edu.pl\/iros\/wp-json\/wp\/v2\/users\/87"}],"replies":[{"embeddable":true,"href":"https:\/\/pb.edu.pl\/iros\/wp-json\/wp\/v2\/comments?post=12203"}],"version-history":[{"count":0,"href":"https:\/\/pb.edu.pl\/iros\/wp-json\/wp\/v2\/pages\/12203\/revisions"}],"up":[{"embeddable":true,"href":"https:\/\/pb.edu.pl\/iros\/wp-json\/wp\/v2\/pages\/12193"}],"wp:attachment":[{"href":"https:\/\/pb.edu.pl\/iros\/wp-json\/wp\/v2\/media?parent=12203"}],"curies":[{"name":"wp","href":"https:\/\/api.w.org\/{rel}","templated":true}]}}