{"id":1189,"date":"2019-09-12T19:54:13","date_gmt":"2019-09-12T17:54:13","guid":{"rendered":"https:\/\/pb.edu.pl\/bwm\/?page_id=1189"},"modified":"2025-12-18T11:35:59","modified_gmt":"2025-12-18T10:35:59","slug":"formularze-do-pobrania-administracja","status":"publish","type":"page","link":"https:\/\/pb.edu.pl\/iros\/program-erasmus\/wyjazdy-pracownikow-program-ka131\/formularze-do-pobrania-administracja\/","title":{"rendered":"Formularze do pobrania \u2013 wyjazdy w celach szkoleniowych"},"content":{"rendered":"<p><span style=\"font-size: 12pt\"><strong>Projekt KA131 2024 &#8211; rok akademicki 2025\/2026<\/strong><\/span><\/p>\n<p><a class=\"docx\" title=\"pobierz plik\" href=\"https:\/\/pb.edu.pl\/iros\/wp-content\/uploads\/sites\/24\/2025\/10\/higher-education-mobility-agreement-training-ka131.docx\" data-id=\"27467\">Mobility agreement for training KA131 (DOCX, 63 KB)<\/a><\/p>\n<p><a class=\"docx\" title=\"pobierz plik\" href=\"https:\/\/pb.edu.pl\/iros\/wp-content\/uploads\/sites\/24\/2025\/12\/NOWE-Polecenie-wyjazdu-STT-KA131.docx\" data-id=\"28692\">NOWE Polecenie wyjazdu STT KA131 (DOCX, 41 KB)<\/a><\/p>\n<p><a class=\"pdf\" href=\"https:\/\/pb.edu.pl\/iros\/wp-content\/uploads\/sites\/24\/2025\/12\/WZOR-STT-KA131.pdf\" target=\"_blank\" rel=\"noopener\" data-id=\"28697\">WZ\u00d3R STT KA131 (PDF, 276 KB, otworzy si\u0119 w nowej karcie)<\/a><\/p>\n<p><a class=\"pdf\" href=\"https:\/\/pb.edu.pl\/iros\/wp-content\/uploads\/sites\/24\/2025\/07\/STAWKI-NA-PODROZ.pdf\" target=\"_blank\" rel=\"noopener\" data-id=\"26092\">STAWKI NA PODR\u00d3\u017b (PDF, 51 KB, otworzy si\u0119 w nowej karcie)<\/a><\/p>\n<p><a class=\"docx\" title=\"pobierz plik\" href=\"https:\/\/pb.edu.pl\/iros\/wp-content\/uploads\/sites\/24\/2025\/07\/zal.-2-Deklaracja-podrozy-green-travel.docx\" data-id=\"26096\">za\u0142. 2 Deklaracja podr\u00f3\u017cy green travel (DOCX, 65 KB)<\/a><\/p>\n<p><a class=\"docx\" title=\"pobierz plik\" href=\"https:\/\/pb.edu.pl\/iros\/wp-content\/uploads\/sites\/24\/2025\/07\/zal.-3-Oswiadczenie-o-przebiegu-podrozy.docx\" data-id=\"26098\">za\u0142. 3 O\u015bwiadczenie o przebiegu podr\u00f3\u017cy (DOCX, 62 KB)<\/a><\/p>\n<p><a class=\"docx\" title=\"pobierz plik\" href=\"https:\/\/pb.edu.pl\/iros\/wp-content\/uploads\/sites\/24\/2025\/07\/zal.-4-Oswiadczenie-carpooling.docx\" data-id=\"26100\">za\u0142. 4 O\u015bwiadczenie carpooling (DOCX, 62 KB)<\/a><\/p>\n<p><a class=\"docx\" title=\"pobierz plik\" href=\"https:\/\/pb.edu.pl\/iros\/wp-content\/uploads\/sites\/24\/2024\/08\/RODO-Ankieta-osobowa.docx\" data-id=\"20553\">RODO Ankieta-osobowa (DOCX, 21 KB)<\/a><\/p>\n<p><a class=\"pdf\" href=\"https:\/\/pb.edu.pl\/iros\/wp-content\/uploads\/sites\/24\/2025\/08\/250814-ulotka-informacyjna-PB-KL1.pdf\" target=\"_blank\" rel=\"noopener\" data-id=\"26513\">2025 2026 ulotka informacyjna &#8211; PB &#8211; KL(1) (PDF, 112 KB, otworzy si\u0119 w nowej karcie)<\/a><\/p>\n<p>&nbsp;<\/p>\n<p><span style=\"font-size: 12pt\">Projekt KA131 2023, rok akademicki 2024\/2025 &#8211; zako\u0144czony<\/span><\/p>\n<p><a class=\"docx\" title=\"pobierz plik\" href=\"https:\/\/pb.edu.pl\/iros\/wp-content\/uploads\/sites\/24\/2024\/08\/higher-education-mobility-agreement-training-ka131-2023.docx\" data-id=\"20472\">higher-education-mobility-agreement-training-ka131-2023 (DOCX, 64 KB)<\/a><\/p>\n<p><a class=\"docx\" title=\"pobierz plik\" href=\"https:\/\/pb.edu.pl\/iros\/wp-content\/uploads\/sites\/24\/2024\/11\/Polecenie-wyjazduSTT.docx\" data-id=\"21661\">Polecenie wyjazdu STT (DOCX, 39 KB)<\/a><\/p>\n<p><a class=\"pdf\" href=\"https:\/\/pb.edu.pl\/iros\/wp-content\/uploads\/sites\/24\/2024\/08\/zal.-1-Zasady-finansowania-wyjazdow-pracownikow-Politechniki-Bialostockiej.pdf\" target=\"_blank\" rel=\"noopener\" data-id=\"20549\">za\u0142. 1 Zasady finansowania wyjazd\u00f3w pracownik\u00f3w Politechniki Bia\u0142ostockiej (PDF, 116 KB, otworzy si\u0119 w nowej karcie)<\/a><\/p>\n<p><a class=\"docx\" title=\"pobierz plik\" href=\"https:\/\/pb.edu.pl\/iros\/wp-content\/uploads\/sites\/24\/2024\/08\/zal.-2-Deklaracja-podrozy-green-travel.docx\" data-id=\"20545\">za\u0142. 2 Deklaracja podr\u00f3\u017cy green travel (DOCX, 65 KB)<\/a><\/p>\n<p><a class=\"docx\" title=\"pobierz plik\" href=\"https:\/\/pb.edu.pl\/iros\/wp-content\/uploads\/sites\/24\/2024\/08\/zal.-3-Oswiadczenie-o-przebiegu-podrozy.docx\" data-id=\"20547\">za\u0142. 3 O\u015bwiadczenie o przebiegu podr\u00f3\u017cy (DOCX, 62 KB)<\/a><\/p>\n<p><a class=\"docx\" title=\"pobierz plik\" href=\"https:\/\/pb.edu.pl\/iros\/wp-content\/uploads\/sites\/24\/2024\/08\/zal.-4-Oswiadczenie-carpooling.docx\" data-id=\"20543\">za\u0142. 4 O\u015bwiadczenie carpooling (DOCX, 62 KB)<\/a><\/p>\n<p><a class=\"docx\" title=\"pobierz plik\" href=\"https:\/\/pb.edu.pl\/iros\/wp-content\/uploads\/sites\/24\/2024\/08\/RODO-Ankieta-osobowa.docx\" data-id=\"20553\">RODO Ankieta-osobowa (DOCX, 21 KB)<\/a><\/p>\n<p><a class=\"pdf\" href=\"https:\/\/pb.edu.pl\/iros\/wp-content\/uploads\/sites\/24\/2024\/08\/240823-ulotka-informacyjna-PB-KL.pdf\" target=\"_blank\" rel=\"noopener\" data-id=\"20602\">2024_2025 ulotka informacyjna &#8211; PB &#8211; KL (PDF, 158 KB, otworzy si\u0119 w nowej karcie)<\/a><\/p>\n<p>&nbsp;<\/p>\n<p>&nbsp;<\/p>\n<p><span style=\"font-size: 12pt\">Projekt KA131 2022, rok akademicki 2023\/2024 &#8211; zako\u0144czony<\/span><\/p>\n<p><a class=\"docx\" title=\"pobierz plik\" href=\"https:\/\/pb.edu.pl\/iros\/wp-content\/uploads\/sites\/24\/2023\/12\/he-mobility-agreement-for-training-2022.docx\" data-id=\"14117\">he-mobility-agreement-for-training-2022 (DOCX, 62 KB)<\/a><\/p>\n<p><a class=\"docx\" title=\"pobierz plik\" href=\"https:\/\/pb.edu.pl\/iros\/wp-content\/uploads\/sites\/24\/2024\/02\/Polecenie-wyjazduSTT.docx\" data-id=\"17189\">Polecenie wyjazduSTT (DOCX, 39 KB)<\/a><\/p>\n<p><a class=\"pdf\" href=\"https:\/\/pb.edu.pl\/iros\/wp-content\/uploads\/sites\/24\/2023\/02\/KA131-koszty-utrzymania.pdf\" target=\"_blank\" rel=\"noopener\" data-id=\"10971\">KA131 koszty utrzymania (PDF, 294 KB)<\/a><\/p>\n<p><a class=\"pdf\" href=\"https:\/\/pb.edu.pl\/iros\/wp-content\/uploads\/sites\/24\/2023\/02\/KA131-koszty-podrozy.pdf\" target=\"_blank\" rel=\"noopener\" data-id=\"10970\">KA131 koszty podr\u00f3\u017cy (PDF, 279 KB)<\/a><\/p>\n<p><a class=\"pdf\" href=\"https:\/\/pb.edu.pl\/iros\/wp-content\/uploads\/sites\/24\/2023\/08\/230823-ulotka-informacyjna-PB-KL.pdf\" target=\"_blank\" rel=\"noopener\" data-id=\"12835\">230823 ulotka informacyjna &#8211; PB &#8211; KL (PDF, 175 KB, otworzy si\u0119 w nowej karcie)<\/a><\/p>\n<p><a class=\"docx\" title=\"pobierz plik\" href=\"https:\/\/pb.edu.pl\/iros\/wp-content\/uploads\/sites\/24\/2024\/02\/green-travel.docx\" data-id=\"17185\">deklaracja podr\u00f3\u017cy green travel (DOCX, 80 KB)<\/a><\/p>\n","protected":false},"excerpt":{"rendered":"<p>Projekt KA131 2024 &#8211; rok akademicki 2025\/2026 Mobility agreement for training KA131 (DOCX, 63 KB)<\/p>\n","protected":false},"author":2,"featured_media":0,"parent":473,"menu_order":2,"comment_status":"closed","ping_status":"closed","template":"","meta":{"_acf_changed":false,"ngg_post_thumbnail":0,"footnotes":""},"class_list":["post-1189","page","type-page","status-publish","hentry"],"acf":[],"_links":{"self":[{"href":"https:\/\/pb.edu.pl\/iros\/wp-json\/wp\/v2\/pages\/1189","targetHints":{"allow":["GET"]}}],"collection":[{"href":"https:\/\/pb.edu.pl\/iros\/wp-json\/wp\/v2\/pages"}],"about":[{"href":"https:\/\/pb.edu.pl\/iros\/wp-json\/wp\/v2\/types\/page"}],"author":[{"embeddable":true,"href":"https:\/\/pb.edu.pl\/iros\/wp-json\/wp\/v2\/users\/2"}],"replies":[{"embeddable":true,"href":"https:\/\/pb.edu.pl\/iros\/wp-json\/wp\/v2\/comments?post=1189"}],"version-history":[{"count":0,"href":"https:\/\/pb.edu.pl\/iros\/wp-json\/wp\/v2\/pages\/1189\/revisions"}],"up":[{"embeddable":true,"href":"https:\/\/pb.edu.pl\/iros\/wp-json\/wp\/v2\/pages\/473"}],"wp:attachment":[{"href":"https:\/\/pb.edu.pl\/iros\/wp-json\/wp\/v2\/media?parent=1189"}],"curies":[{"name":"wp","href":"https:\/\/api.w.org\/{rel}","templated":true}]}}