{"id":11783,"date":"2023-04-11T14:25:37","date_gmt":"2023-04-11T12:25:37","guid":{"rendered":"https:\/\/pb.edu.pl\/bwm\/?page_id=11783"},"modified":"2025-01-23T10:57:53","modified_gmt":"2025-01-23T09:57:53","slug":"wspolne-projekty-badawcze","status":"publish","type":"page","link":"https:\/\/pb.edu.pl\/iros\/projekty-nawa\/inne\/wspolne-projekty-badawcze\/","title":{"rendered":"Wsp\u00f3lne projekty badawcze"},"content":{"rendered":"<p>Realizacja projekt\u00f3w naukowych z partnerem zagranicznym stanowi bardzo wa\u017cny element umi\u0119dzynarodowienia polskiej nauki i ma kluczowe znaczenie dla rozwoju kariery naukowej badacza. Celem Wsp\u00f3lnych projekt\u00f3w badawczych NAWA jest wsparcie mobilno\u015bci naukowc\u00f3w w realizacji projekt\u00f3w badawczych, uzgodnionych i prowadzonych wsp\u00f3lnie przez partner\u00f3w z kraj\u00f3w partnerskich. Dofinansowanie przeznaczone jest na pokrycie wy\u0142\u0105cznie koszt\u00f3w wymiany osobowej.<\/p>\n<h2>Aktualnie realizowane przez Politechnik\u0119 Bia\u0142ostock\u0105 projekty badawcze<\/h2>\n<div class=\"panel-group\" id=\"custom-collapse-0\">\n<div class=\"panel panel-default\">\n\t\t\t\t<div class=\"panel-heading\">\n\t\t\t\t\t<div class=\"panel-title\">\n\t\t\t\t\t\t<a class=\"collapsed h4\" data-toggle=\"collapse\" data-parent=\"#custom-collapse-0\" href=\"#custom-collapse-0-0\">Wsp\u00f3lne projekty badawcze NAWA pomi\u0119dzy Rzeczpospolit\u0105 Polsk\u0105 a Republik\u0105 Federaln\u0105 Niemiec<\/a>\n\t\t\t\t\t<\/div>\n\t\t\t\t<\/div>\n\t\t\t\t<div id=\"custom-collapse-0-0\" class=\"panel-collapse collapse\">\n\t\t\t\t\t<div class=\"panel-body\">\n<div class=\"row\">\n<div class=\"col-sm-3\"><img loading=\"lazy\" decoding=\"async\" class=\"alignnone size-full wp-image-7255\" src=\"https:\/\/pb.edu.pl\/iros\/wp-content\/uploads\/sites\/24\/2023\/04\/polska-niemcy.png\" alt=\"\" width=\"300\" height=\"177\"><\/div>\n<div class=\"col-sm-9\">\n<p><strong>Tytu\u0142 projektu:<\/strong> \u201eOpracowanie i ocena w\u0142a\u015bciwo\u015bci nowych cement\u00f3w szk\u0142o-jonomerowych do zastosowa\u0144 w stomatologii\u201d<\/p>\n<p><strong>Kierownik projektu:<\/strong> dr in\u017c. Magdalena \u0141\u0119picka<\/p>\n<p><strong>Warto\u015b\u0107 dofinansowania projektu:<\/strong> 25 100, 00 PLN<\/p>\n<p><strong>Termin realizacji projektu:<\/strong> 1 stycznia 2025 roku \u2013 31 grudnia 2026 roku<\/p>\n<p>Cementy szk\u0142o-jonomerowe (GIC) s\u0105 biokompatybilnymi materia\u0142ami wykorzystywanymi w stomatologii odtw\u00f3rczej jako wype\u0142nienia sta\u0142e i tymczasowe ubytk\u00f3w pr\u00f3chnicowych oraz w chirurgii kostnej do mocowania implant\u00f3w. Dotychczas ich skuteczno\u015b\u0107 w zapobieganiu reakcjom zapalnym wywo\u0142anym przez bakterie i grzyby by\u0142a ograniczona, co wymaga\u0142o zastosowania \u015brodk\u00f3w przeciwdrobnoustrojowych. Niestety, dodatki te negatywnie wp\u0142ywaj\u0105 na w\u0142a\u015bciwo\u015bci mechaniczne cement\u00f3w. W zwi\u0105zku z tym g\u0142\u00f3wnym celem projektu jest opracowanie GIC wzbogaconych samarem (Sm\u00b3\u207a), kt\u00f3ry wyr\u00f3\u017cnia si\u0119 powinowactwem do tkanek zmineralizowanych, w\u0142a\u015bciwo\u015bciami luminescencyjnymi oraz nisk\u0105 cytotoksyczno\u015bci\u0105. Badania wskazuj\u0105, \u017ce bioszk\u0142a z domieszk\u0105 samaru cechuj\u0105 si\u0119 wysok\u0105 skuteczno\u015bci\u0105 przeciwdrobnoustrojow\u0105 oraz doskona\u0142ymi w\u0142a\u015bciwo\u015bciami mechanicznymi.<\/p>\n<p>Szczeg\u00f3\u0142owe cele projektu obejmuj\u0105: (I) opracowanie metody wytwarzania i przetwarzania szkie\u0142 fluoro-glinokrzemianowych domieszkowanych Sm\u00b3\u207a, (II) stworzenie modelowych GIC przy u\u017cyciu tych reaktywnych szkie\u0142 oraz optymalizacj\u0119 ich sk\u0142adu do zastosowa\u0144 stomatologicznych, oraz (III) badania struktury, wybranych w\u0142a\u015bciwo\u015bci fizykochemicznych i antybakteryjnych, a tak\u017ce ich biokompatybilno\u015bci z kom\u00f3rkami ludzkimi. Dzi\u0119ki tak kompleksowemu podej\u015bciu oczekuje si\u0119 opracowania zaawansowanych GIC o lepszych w\u0142a\u015bciwo\u015bciach, potencjalnie nadaj\u0105cych si\u0119 do zastosowa\u0144 w stomatologii odtw\u00f3rczej.<\/p>\n<p>Projekt realizowany jest we wsp\u00f3\u0142pracy naukowc\u00f3w z Politechniki Bia\u0142ostockiej (PB, Polska) oraz Technische Universit\u00e4t Dresden (TUD, Niemcy), promuj\u0105c mi\u0119dzynarodow\u0105 kooperacj\u0119 i stwarzaj\u0105c mo\u017cliwo\u015bci rozwoju dla m\u0142odych badaczy.<\/p>\n<\/div>\n<\/div>\n<\/div>\n\t\t\t\t<\/div>\n\t\t\t<\/div>\n<\/div>\n<p>&nbsp;<\/p>\n<h2>Zrealizowane przez Politechnik\u0119 Bia\u0142ostock\u0105 projekty badawcze<\/h2>\n<div class=\"panel-group\" id=\"custom-collapse-1\">\n<div class=\"panel panel-default\">\n\t\t\t\t<div class=\"panel-heading\">\n\t\t\t\t\t<div class=\"panel-title\">\n\t\t\t\t\t\t<a class=\"collapsed h4\" data-toggle=\"collapse\" data-parent=\"#custom-collapse-1\" href=\"#custom-collapse-1-1\">Wsp\u00f3lne projekty badawcze NAWA pomi\u0119dzy Rzeczpospolit\u0105 Polsk\u0105 a Republik\u0105 Federaln\u0105 Niemiec<\/a>\n\t\t\t\t\t<\/div>\n\t\t\t\t<\/div>\n\t\t\t\t<div id=\"custom-collapse-1-1\" class=\"panel-collapse collapse\">\n\t\t\t\t\t<div class=\"panel-body\">\n<div class=\"row\">\n<div class=\"col-sm-3\"><img loading=\"lazy\" decoding=\"async\" class=\"alignnone size-full wp-image-7255\" src=\"https:\/\/pb.edu.pl\/iros\/wp-content\/uploads\/sites\/24\/2023\/04\/polska-niemcy.png\" alt=\"\" width=\"300\" height=\"177\"><\/div>\n<div class=\"col-sm-9\"><strong>Tytu\u0142 projektu: \u201eIdentyfikacja mechanizm\u00f3w zniszczenia materia\u0142\u00f3w kompozytowych i pow\u0142ok ochronnych przy u\u017cyciu Optical Coherence Tomography (OCT)\u201d<\/strong><br \/>\n<strong>Kierownik projektu:<\/strong> dr hab. in\u017c. Dariusz Perkowski, prof. PB<br \/>\n<strong>Warto\u015b\u0107 dofinansowania projektu:<\/strong> 25 000, 00 PLN<br \/>\n<strong>Termin realizacji projektu:<\/strong> 1 stycznia 2023 roku \u2013 31 grudnia 2024 rokuCelem g\u0142\u00f3wnym projektu badawczego, obejmuj\u0105cego wymian\u0119 osobow\u0105, jest zdobycie nowej wiedzy na temat materia\u0142\u00f3w kompozytowych (heterogenicznych): wzmocnionych cz\u0105stkami, w\u0142\u00f3knami i warstwowych. Istot\u0105 przedmiotowego projektu, a zarazem innowacj\u0105 jest zastosowanie najnowocze\u015bniejszych metod badawczych umo\u017cliwiaj\u0105cych wykrywanie wad w czasie rzeczywistym. Prace badawcze b\u0119d\u0105 obejmowa\u0142y podej\u015bcie eksperymentalne i teoretyczne.<br \/>\nPowszechne stosowanie zaawansowanych materia\u0142\u00f3w (heterogenicznych, FGM, o strukturze wielowarstwowej) i pow\u0142ok ochronnych wraz z rozwojem in\u017cynierii materia\u0142owej wymaga, wr\u0119cz wymusza identyfikacj\u0119 i analiz\u0119 ich efektywnych parametr\u00f3w materia\u0142owych, a tak\u017ce przewidywanie odporno\u015bci na p\u0119kanie. Istotny jest nieniszcz\u0105cy i bezkontaktowy charakter prowadzonych bada\u0144.<br \/>\nOczekuje si\u0119, \u017ce synergia zaanga\u017cowanych zespo\u0142\u00f3w badawczych pozwoli zrealizowa\u0107 cel projektu, pozyska\u0107 now\u0105 wiedz\u0119; ale tak\u017ce zacie\u015bni\u0107 wsp\u00f3\u0142prac\u0119 mi\u0119dzy jednostkami partnerskimi. Projektem badawczym zainteresowane jest \u015brodowisko przemys\u0142owe, Klaster Obr\u00f3bki Metali, firma S4MAT Sp. z o.o.<br \/>\nProjekt jest realizowany przez Politechnik\u0119 Bia\u0142ostock\u0105, Wydzia\u0142u Mechanicznego we wsp\u00f3\u0142pracy z naukowcami z Fraunhofer Institute for Ceramic Technologies and Systems.<\/p>\n<\/div>\n<\/div>\n<\/div>\n\t\t\t\t<\/div>\n\t\t\t<\/div>\n<div class=\"panel panel-default\">\n\t\t\t\t<div class=\"panel-heading\">\n\t\t\t\t\t<div class=\"panel-title\">\n\t\t\t\t\t\t<a class=\"collapsed h4\" data-toggle=\"collapse\" data-parent=\"#custom-collapse-1\" href=\"#custom-collapse-1-2\">Wsp\u00f3lne projekty badawcze NAWA pomi\u0119dzy Rzeczpospolit\u0105 Polsk\u0105 a Ukrain\u0105<\/a>\n\t\t\t\t\t<\/div>\n\t\t\t\t<\/div>\n\t\t\t\t<div id=\"custom-collapse-1-2\" class=\"panel-collapse collapse\">\n\t\t\t\t\t<div class=\"panel-body\">\n<div class=\"row\">\n<div class=\"col-sm-3\"><img loading=\"lazy\" decoding=\"async\" class=\"alignnone size-full wp-image-7163\" src=\"https:\/\/pb.edu.pl\/iros\/wp-content\/uploads\/sites\/24\/2023\/04\/polska-ukraina.png\" alt=\"\" width=\"300\" height=\"177\"><\/div>\n<div class=\"col-sm-9\">\n<p><strong>Tytu\u0142 projektu: \u201eIdentyfikacja parametr\u00f3w termomechanicznych niejednorodnych materia\u0142\u00f3w kompozytowych i pow\u0142ok ochronnych\u201d<\/strong><br \/>\n<strong>Kierownik projektu:<\/strong> dr hab. in\u017c. Dariusz Perkowski, prof. PB<br \/>\n<strong>Warto\u015b\u0107 dofinansowania projektu:<\/strong> 25 000, 00 PLN<br \/>\n<strong>Termin realizacji projektu:<\/strong> 1 stycznia 2023 roku \u2013 31 grudnia 2024 roku<\/p>\n<p>G\u0142\u00f3wnym celem przedmiotowego projektu jest opracowanie metody \u0142\u0105cz\u0105cej podej\u015bcie teoretyczne i eksperymentalne, pozwalaj\u0105cej na przeprowadzenie efektywnej identyfikacji parametr\u00f3w:<br \/>\na. niejednorodnych materia\u0142\u00f3w kompozytowych;<br \/>\nb. obci\u0105\u017ce\u0144 termicznych i si\u0142owych na elementach konstrukcyjnych wytworzonych z u\u017cyciem niejednorodnych materia\u0142\u00f3w kompozytowych.<br \/>\nZaproponowane dzia\u0142ania zostan\u0105 zrealizowane z wykorzystaniem dost\u0119pnej, w instytucjach partnerskich, najnowocze\u015bniejszej aparatury naukowo-badawczej i oprogramowania Ide\u0105 wsp\u00f3lnych projekt\u00f3w badawczych jest komplementarno\u015b\u0107 zaanga\u017cowanych jednostek \u2013 partner\u00f3w projektu.<br \/>\nPowszechne zastosowanie zaawansowanych materia\u0142\u00f3w (niejednorodnych, FGM, struktur wielowarstwowych) oraz pow\u0142ok ochronnych wraz z rozwojem nauki o materia\u0142ach wymuszaj\u0105 post\u0119p w identyfikacji i analizie ich efektywnych parametr\u00f3w materia\u0142owych oraz przewidywaniu w\u0142a\u015bciwo\u015bci termomechanicznych. Projekt wygeneruje now\u0105 wiedz\u0119 istotn\u0105 dla wielu dziedzin badawczych, tj. in\u017cynierii materia\u0142owej, in\u017cynierii mechanicznej. Projektem badawczym zainteresowany jest przemys\u0142 (Klaster Obr\u00f3bki Metali, S4MAT Sp. z o.o.).<br \/>\nProjekt jest realizowany przez Politechnik\u0119 Bia\u0142ostock\u0105, Wydzia\u0142u Mechanicznego we wsp\u00f3\u0142pracy z naukowcami z Pidstryha\u0441h Institute for Applied Problems of Mechanics and Mathematics of the National Academy of Sciences of Ukraine.<\/p>\n<\/div>\n<\/div>\n<\/div>\n\t\t\t\t<\/div>\n\t\t\t<\/div>\n<\/div>\n","protected":false},"excerpt":{"rendered":"<p>Realizacja projekt\u00f3w naukowych z partnerem zagranicznym stanowi bardzo wa\u017cny element umi\u0119dzynarodowienia polskiej nauki i ma<\/p>\n","protected":false},"author":2,"featured_media":0,"parent":2001,"menu_order":3,"comment_status":"closed","ping_status":"closed","template":"","meta":{"_acf_changed":false,"ngg_post_thumbnail":0,"footnotes":""},"class_list":["post-11783","page","type-page","status-publish","hentry"],"acf":[],"_links":{"self":[{"href":"https:\/\/pb.edu.pl\/iros\/wp-json\/wp\/v2\/pages\/11783","targetHints":{"allow":["GET"]}}],"collection":[{"href":"https:\/\/pb.edu.pl\/iros\/wp-json\/wp\/v2\/pages"}],"about":[{"href":"https:\/\/pb.edu.pl\/iros\/wp-json\/wp\/v2\/types\/page"}],"author":[{"embeddable":true,"href":"https:\/\/pb.edu.pl\/iros\/wp-json\/wp\/v2\/users\/2"}],"replies":[{"embeddable":true,"href":"https:\/\/pb.edu.pl\/iros\/wp-json\/wp\/v2\/comments?post=11783"}],"version-history":[{"count":0,"href":"https:\/\/pb.edu.pl\/iros\/wp-json\/wp\/v2\/pages\/11783\/revisions"}],"up":[{"embeddable":true,"href":"https:\/\/pb.edu.pl\/iros\/wp-json\/wp\/v2\/pages\/2001"}],"wp:attachment":[{"href":"https:\/\/pb.edu.pl\/iros\/wp-json\/wp\/v2\/media?parent=11783"}],"curies":[{"name":"wp","href":"https:\/\/api.w.org\/{rel}","templated":true}]}}