{"id":11769,"date":"2023-04-11T13:55:53","date_gmt":"2023-04-11T11:55:53","guid":{"rendered":"https:\/\/pb.edu.pl\/bwm\/?page_id=11769"},"modified":"2023-04-11T13:56:12","modified_gmt":"2023-04-11T11:56:12","slug":"partnerstwa-strategiczne","status":"publish","type":"page","link":"https:\/\/pb.edu.pl\/iros\/projekty-nawa\/inne\/partnerstwa-strategiczne\/","title":{"rendered":"Partnerstwa Strategiczne"},"content":{"rendered":"<p><strong>Tytu\u0142 projektu:&nbsp;<\/strong>\u201eWyzwania w zakresie zr\u00f3wnowa\u017conego rozwoju &#8211; teoria i praktyka\u201d w ramach programu &#8222;Partnerstwa Strategiczne&#8221; -ESG<\/p>\n<p><strong>Kierownik projektu:<\/strong> dr hab Zbigniew Korzeb, prof PB<\/p>\n<p><strong>Warto\u015b\u0107 dofinansowania projektu:&nbsp;<\/strong>299 401, 50 PLN<\/p>\n<p><strong>Termin realizacji projektu:&nbsp;<\/strong>1 lipca 2022 roku \u2013 30 czerwca 2024 roku<\/p>\n<p>&nbsp;<\/p>\n<p><strong>Celem g\u0142\u00f3wnym&nbsp;projektu<\/strong> ESG jest wypracowanie trwa\u0142ych rozwi\u0105za\u0144 dot. wsp\u00f3\u0142pracy naukowej w ramach strategicznego partnerstwa mi\u0119dzy Wydzia\u0142em In\u017cynierii Zarz\u0105dzania Politechniki Bia\u0142ostockiej a Universidad de Sevilla. Cel szczeg\u00f3\u0142owy to budowanie potencja\u0142u mi\u0119dzynarodowego WIZ PB przez promowanie najnowszych wynik\u00f3w bada\u0144 o wysokim poziomie naukowym i istotnym znaczeniu dla biznesu.&nbsp;<\/p>\n<p>Kluczowymi rezultatami realizacji projektu s\u0105: organizacja mi\u0119dzynarodowych seminari\u00f3w naukowych i konferencji naukowej, prowadzenie zaj\u0119\u0107 dla student\u00f3w, opracowanie monografii naukowej oraz artyku\u0142\u00f3w w renomowanych czasopismach.<\/p>\n<p>Projekt jest koordynowany przez Politechnik\u0119 Bia\u0142ostock\u0105, a realizowany we wsp\u00f3\u0142pracy z partnerem z Hiszpanii \u2013 &nbsp;Universidad de Sevilla. Projekt jest finansowany w ramach programu Partnerstwa Strategiczne, NAWA.<\/p>\n<p>&nbsp;<\/p>\n<p><img loading=\"lazy\" decoding=\"async\" class=\"alignnone size-medium wp-image-9591\" src=\"https:\/\/pb.edu.pl\/iros\/wp-content\/uploads\/sites\/24\/2022\/10\/K1_logo_dopuszcz_wers_podstawowa_PL_RGB-02-300x84.png\" alt=\"\" width=\"300\" height=\"84\" srcset=\"https:\/\/pb.edu.pl\/iros\/wp-content\/uploads\/sites\/24\/2022\/10\/K1_logo_dopuszcz_wers_podstawowa_PL_RGB-02-300x84.png 300w, https:\/\/pb.edu.pl\/iros\/wp-content\/uploads\/sites\/24\/2022\/10\/K1_logo_dopuszcz_wers_podstawowa_PL_RGB-02-1024x286.png 1024w, https:\/\/pb.edu.pl\/iros\/wp-content\/uploads\/sites\/24\/2022\/10\/K1_logo_dopuszcz_wers_podstawowa_PL_RGB-02-768x214.png 768w, https:\/\/pb.edu.pl\/iros\/wp-content\/uploads\/sites\/24\/2022\/10\/K1_logo_dopuszcz_wers_podstawowa_PL_RGB-02-1536x429.png 1536w, https:\/\/pb.edu.pl\/iros\/wp-content\/uploads\/sites\/24\/2022\/10\/K1_logo_dopuszcz_wers_podstawowa_PL_RGB-02-2048x572.png 2048w\" sizes=\"auto, (max-width: 300px) 100vw, 300px\" \/><\/p>\n","protected":false},"excerpt":{"rendered":"<p>Tytu\u0142 projektu:&nbsp;\u201eWyzwania w zakresie zr\u00f3wnowa\u017conego rozwoju &#8211; teoria i praktyka\u201d w ramach programu &#8222;Partnerstwa Strategiczne&#8221;<\/p>\n","protected":false},"author":2,"featured_media":0,"parent":2001,"menu_order":1,"comment_status":"closed","ping_status":"closed","template":"","meta":{"_acf_changed":false,"ngg_post_thumbnail":0,"footnotes":""},"class_list":["post-11769","page","type-page","status-publish","hentry"],"acf":[],"_links":{"self":[{"href":"https:\/\/pb.edu.pl\/iros\/wp-json\/wp\/v2\/pages\/11769","targetHints":{"allow":["GET"]}}],"collection":[{"href":"https:\/\/pb.edu.pl\/iros\/wp-json\/wp\/v2\/pages"}],"about":[{"href":"https:\/\/pb.edu.pl\/iros\/wp-json\/wp\/v2\/types\/page"}],"author":[{"embeddable":true,"href":"https:\/\/pb.edu.pl\/iros\/wp-json\/wp\/v2\/users\/2"}],"replies":[{"embeddable":true,"href":"https:\/\/pb.edu.pl\/iros\/wp-json\/wp\/v2\/comments?post=11769"}],"version-history":[{"count":0,"href":"https:\/\/pb.edu.pl\/iros\/wp-json\/wp\/v2\/pages\/11769\/revisions"}],"up":[{"embeddable":true,"href":"https:\/\/pb.edu.pl\/iros\/wp-json\/wp\/v2\/pages\/2001"}],"wp:attachment":[{"href":"https:\/\/pb.edu.pl\/iros\/wp-json\/wp\/v2\/media?parent=11769"}],"curies":[{"name":"wp","href":"https:\/\/api.w.org\/{rel}","templated":true}]}}