{"id":11157,"date":"2023-02-22T18:16:24","date_gmt":"2023-02-22T17:16:24","guid":{"rendered":"https:\/\/pb.edu.pl\/bwm\/?page_id=11157"},"modified":"2023-03-10T08:10:04","modified_gmt":"2023-03-10T07:10:04","slug":"dokumenty","status":"publish","type":"page","link":"https:\/\/pb.edu.pl\/iros\/projekty-nawa\/welcome-to-poland\/akcja-integracja\/dokumenty\/","title":{"rendered":"Dokumenty"},"content":{"rendered":"<p><a href=\"https:\/\/pb.edu.pl\/iros\/wp-content\/uploads\/sites\/24\/2023\/03\/Regulamin-PB-projektu-Akcja-Integracja-1.pdf\">Regulamin PB projektu Akcja-Integracja<\/a><\/p>\n<p><a href=\"https:\/\/pb.edu.pl\/iros\/wp-content\/uploads\/sites\/24\/2023\/03\/Zal-1-do-Podrecznika_Deklaracja-przystapienia-do-udzialu-w-Projekie_12.docx\">Za\u0142. 1 Deklaracja przystapienia do udzia\u0142u w Projekie<\/a><\/p>\n<p><a href=\"https:\/\/pb.edu.pl\/iros\/wp-content\/uploads\/sites\/24\/2023\/03\/Zal-2-Formularz-danych-osobowych-uczestnika.docx\">Za\u0142. 2 Formularz danych osobowych Uczestnika<\/a><\/p>\n<p><a href=\"https:\/\/pb.edu.pl\/iros\/wp-content\/uploads\/sites\/24\/2023\/03\/Zal-3-do-Podrecznika_Oswiadczenie-RODO-PO-WER2.docx\">Za\u0142. 3 O\u015bwiadczenie RODO PO WER NAWA<\/a><\/p>\n<p><a href=\"https:\/\/pb.edu.pl\/iros\/wp-content\/uploads\/sites\/24\/2023\/03\/zal-4-ploswiadczenie-rodo-nawa-1.docx\">Za\u0142. 4 O\u015bwiadczenie RODO NAWA<\/a><\/p>\n<p><a href=\"https:\/\/pb.edu.pl\/iros\/wp-content\/uploads\/sites\/24\/2023\/03\/zal-5-pldodatkowa-zgoda-uczestnika.docx\">Za\u0142. 5 Dodatkowa zgoda uczestnika<\/a><\/p>\n","protected":false},"excerpt":{"rendered":"<p>Regulamin PB projektu Akcja-Integracja Za\u0142. 1 Deklaracja przystapienia do udzia\u0142u w Projekie Za\u0142. 2 Formularz<\/p>\n","protected":false},"author":2,"featured_media":0,"parent":9186,"menu_order":5,"comment_status":"closed","ping_status":"closed","template":"","meta":{"_acf_changed":false,"ngg_post_thumbnail":0,"footnotes":""},"class_list":["post-11157","page","type-page","status-publish","hentry"],"acf":[],"_links":{"self":[{"href":"https:\/\/pb.edu.pl\/iros\/wp-json\/wp\/v2\/pages\/11157","targetHints":{"allow":["GET"]}}],"collection":[{"href":"https:\/\/pb.edu.pl\/iros\/wp-json\/wp\/v2\/pages"}],"about":[{"href":"https:\/\/pb.edu.pl\/iros\/wp-json\/wp\/v2\/types\/page"}],"author":[{"embeddable":true,"href":"https:\/\/pb.edu.pl\/iros\/wp-json\/wp\/v2\/users\/2"}],"replies":[{"embeddable":true,"href":"https:\/\/pb.edu.pl\/iros\/wp-json\/wp\/v2\/comments?post=11157"}],"version-history":[{"count":0,"href":"https:\/\/pb.edu.pl\/iros\/wp-json\/wp\/v2\/pages\/11157\/revisions"}],"up":[{"embeddable":true,"href":"https:\/\/pb.edu.pl\/iros\/wp-json\/wp\/v2\/pages\/9186"}],"wp:attachment":[{"href":"https:\/\/pb.edu.pl\/iros\/wp-json\/wp\/v2\/media?parent=11157"}],"curies":[{"name":"wp","href":"https:\/\/api.w.org\/{rel}","templated":true}]}}