{"id":11152,"date":"2023-02-22T18:14:00","date_gmt":"2023-02-22T17:14:00","guid":{"rendered":"https:\/\/pb.edu.pl\/bwm\/?page_id=11152"},"modified":"2023-06-15T10:46:07","modified_gmt":"2023-06-15T08:46:07","slug":"o-projekcie","status":"publish","type":"page","link":"https:\/\/pb.edu.pl\/iros\/projekty-nawa\/welcome-to-poland\/akcja-integracja\/o-projekcie\/","title":{"rendered":"O projekcie"},"content":{"rendered":"<p><strong>Tytu\u0142 projektu:<\/strong> pt. \u201eAkcja \u2013 Integracja\u201d w ramach programu &#8222;Welcome to Poland&#8221;<\/p>\n<p><strong>Warto\u015b\u0107 dofinansowania projektu:&nbsp;<\/strong>127 301,30 PLN<\/p>\n<p><strong>Termin realizacji projektu:&nbsp;<\/strong>1 maja 2022 roku \u2013 30 kwietnia 2023 roku<\/p>\n<p><strong>Cel g\u0142\u00f3wny projektu:<\/strong><\/p>\n<p>Projekt s\u0142u\u017cy wzmocnieniu wizerunku naszej uczelni jako atrakcyjnej dla obcokrajowc\u00f3w, nie tylko ze wzgl\u0119du na ofert\u0119 edukacyjn\u0105, ale tak\u017ce ze wzgl\u0119du na otwart\u0105, przyjazn\u0105 spo\u0142eczno\u015b\u0107 akademick\u0105, w kt\u00f3rej dba si\u0119 o integracj\u0119 mi\u0119dzyludzk\u0105. W latach 2022-2023 planowane jest zorganizowanie dla student\u00f3w zagranicznych cyklu warsztat\u00f3w i szkole\u0144 oraz dzia\u0142a\u0144 o charakterze integracyjnym w grupach mi\u0119dzynarodowych, tj.:<\/p>\n<ul>\n<li>10 wycieczek s\u0142u\u017c\u0105cych poznaniu Bia\u0142egostoku i Podlasia,<\/li>\n<li>4 szkole\u0144 z podstaw pierwszej pomocy,<\/li>\n<li>4 warsztat\u00f3w samoobrony,<\/li>\n<li>2 warsztat\u00f3w j\u0119zyka polskiego,<\/li>\n<li>2 warsztat\u00f3w dot. kultury i historii Polski,<\/li>\n<li>1 warsztatu ta\u0144c\u00f3w polskich,<\/li>\n<li>1 turnieju pi\u0142ki no\u017cnej \u201eBUT Cup\u201d,<\/li>\n<li>2 du\u017cych wydarze\u0144 integracyjnych, tj. Pumpkin Party\u201d i spotkania \u015bwi\u0105tecznego z Prezydentem Bia\u0142egostoku.<\/li>\n<\/ul>\n<p>Realizacja Projektu wp\u0142ynie na podniesienie poziomu postrzegania Politechniki Bia\u0142ostockiej i Bia\u0142egostoku przez student\u00f3w zagranicznych jako miejsca przyjaznego obcokrajowcom (dzia\u0142anie \u201eWelcome to Podlasie\u201d), wzrost poczucia bezpiecze\u0144stwa (dzia\u0142anie \u201eBe safe in Bia\u0142ystok\u201d), poszerzenie wiedzy o j\u0119zyku, kulturze i historii Polski, zwi\u0119kszenie tolerancji i zrozumienia innych kultur oraz integracji w grupie student\u00f3w zagranicznych, a tak\u017ce integracji ze spo\u0142eczno\u015bci\u0105 Uczelni i miasta. &nbsp; &nbsp;<\/p>\n<p>&nbsp;<\/p>\n","protected":false},"excerpt":{"rendered":"<p>Tytu\u0142 projektu: pt. \u201eAkcja \u2013 Integracja\u201d w ramach programu &#8222;Welcome to Poland&#8221; Warto\u015b\u0107 dofinansowania projektu:&nbsp;127<\/p>\n","protected":false},"author":2,"featured_media":0,"parent":9186,"menu_order":3,"comment_status":"closed","ping_status":"closed","template":"","meta":{"_acf_changed":false,"ngg_post_thumbnail":0,"footnotes":""},"class_list":["post-11152","page","type-page","status-publish","hentry"],"acf":[],"_links":{"self":[{"href":"https:\/\/pb.edu.pl\/iros\/wp-json\/wp\/v2\/pages\/11152","targetHints":{"allow":["GET"]}}],"collection":[{"href":"https:\/\/pb.edu.pl\/iros\/wp-json\/wp\/v2\/pages"}],"about":[{"href":"https:\/\/pb.edu.pl\/iros\/wp-json\/wp\/v2\/types\/page"}],"author":[{"embeddable":true,"href":"https:\/\/pb.edu.pl\/iros\/wp-json\/wp\/v2\/users\/2"}],"replies":[{"embeddable":true,"href":"https:\/\/pb.edu.pl\/iros\/wp-json\/wp\/v2\/comments?post=11152"}],"version-history":[{"count":0,"href":"https:\/\/pb.edu.pl\/iros\/wp-json\/wp\/v2\/pages\/11152\/revisions"}],"up":[{"embeddable":true,"href":"https:\/\/pb.edu.pl\/iros\/wp-json\/wp\/v2\/pages\/9186"}],"wp:attachment":[{"href":"https:\/\/pb.edu.pl\/iros\/wp-json\/wp\/v2\/media?parent=11152"}],"curies":[{"name":"wp","href":"https:\/\/api.w.org\/{rel}","templated":true}]}}