{"id":1108,"date":"2019-09-12T11:47:55","date_gmt":"2019-09-12T09:47:55","guid":{"rendered":"https:\/\/pb.edu.pl\/bwm\/?page_id=1108"},"modified":"2026-02-04T12:14:38","modified_gmt":"2026-02-04T11:14:38","slug":"formularze-do-pobrania-administracja","status":"publish","type":"page","link":"https:\/\/pb.edu.pl\/iros\/program-erasmus\/wyjazdy-pracownikow-program-ka171\/formularze-do-pobrania-administracja\/","title":{"rendered":"Formularze do pobrania &#8211; wyjazdy w celach szkoleniowych"},"content":{"rendered":"<p><span style=\"font-size: 12pt\"><strong>Projekt KA171 2024 &#8211; rok akademicki 2025\/2026<\/strong><\/span><\/p>\n<p><a class=\"docx\" title=\"pobierz plik\" href=\"https:\/\/pb.edu.pl\/iros\/wp-content\/uploads\/sites\/24\/2026\/02\/higher-education-mobility-agreement-training-ka171-2024.docx\" data-id=\"29229\">higher-education-mobility-agreement-training-ka171 2024 (DOCX, 63 KB)<\/a><\/p>\n<p><a class=\"docx\" title=\"pobierz plik\" href=\"https:\/\/pb.edu.pl\/iros\/wp-content\/uploads\/sites\/24\/2026\/02\/NOWE-Polecenie-wyjazdu-STT-KA171.docx\" data-id=\"29231\">NOWE Polecenie wyjazdu STT KA171 (DOCX, 41 KB)<\/a><\/p>\n<p><a class=\"docx\" title=\"pobierz plik\" href=\"https:\/\/pb.edu.pl\/iros\/wp-content\/uploads\/sites\/24\/2024\/08\/RODO-Ankieta-osobowa.docx\" data-id=\"20553\">RODO Ankieta-osobowa (DOCX, 21 KB)<\/a><\/p>\n<p><a class=\"docx\" title=\"pobierz plik\" href=\"https:\/\/pb.edu.pl\/iros\/wp-content\/uploads\/sites\/24\/2026\/02\/Zgoda-na-wizerunek-10.2021-1.docx\" data-id=\"29218\">Zgoda na wizerunek 10.2021-1 (DOCX, 19 KB)<\/a><\/p>\n<p><a class=\"pdf\" href=\"https:\/\/pb.edu.pl\/iros\/wp-content\/uploads\/sites\/24\/2026\/02\/KA171-2024-wysokosc-stawek.pdf\" target=\"_blank\" rel=\"noopener\" data-id=\"29214\">KA171 2024 wysoko\u015b\u0107 stawek (PDF, 498 KB, otworzy si\u0119 w nowej karcie)<\/a><\/p>\n<p><a class=\"pdf\" href=\"https:\/\/pb.edu.pl\/iros\/wp-content\/uploads\/sites\/24\/2026\/02\/250814-ulotka-informacyjna-PB-KL.pdf\" target=\"_blank\" rel=\"noopener\" data-id=\"29220\">250814 ulotka informacyjna &#8211; PB &#8211; KL (PDF, 112 KB, otworzy si\u0119 w nowej karcie)<\/a><\/p>\n<p>&nbsp;<\/p>\n<p>&nbsp;<br \/>\n<span style=\"font-size: 12pt\"><strong>Projekt KA171 2023 &#8211; rok akademicki 2024\/2025 i 2025\/2026<\/strong><\/span><\/p>\n<p><a class=\"docx\" title=\"pobierz plik\" href=\"https:\/\/pb.edu.pl\/iros\/wp-content\/uploads\/sites\/24\/2024\/08\/higher-education-mobility-agreement-training-2023.docx\" data-id=\"20564\">higher-education-mobility-agreement-training-2023 (DOCX, 64 KB)<\/a><\/p>\n<p><a class=\"docx\" title=\"pobierz plik\" href=\"https:\/\/pb.edu.pl\/iros\/wp-content\/uploads\/sites\/24\/2025\/12\/NOWE-Polecenie-wyjazdu-STT-KA171.docx\" data-id=\"28704\">Polecenie wyjazdu STT KA171 (DOCX, 41 KB)<\/a><\/p>\n<p><a class=\"docx\" title=\"pobierz plik\" href=\"https:\/\/pb.edu.pl\/iros\/wp-content\/uploads\/sites\/24\/2024\/08\/RODO-Ankieta-osobowa.docx\" data-id=\"20553\">RODO Ankieta-osobowa (DOCX, 21 KB)<\/a><\/p>\n<p><a class=\"pdf\" href=\"https:\/\/pb.edu.pl\/iros\/wp-content\/uploads\/sites\/24\/2024\/08\/wysokosc-stawek-KA171-2023.pdf\" target=\"_blank\" rel=\"noopener\" data-id=\"20557\">wysoko\u015b\u0107 stawek KA171 2023 (PDF, 114 KB, otworzy si\u0119 w nowej karcie)<\/a><\/p>\n<p><a class=\"pdf\" href=\"https:\/\/pb.edu.pl\/iros\/wp-content\/uploads\/sites\/24\/2025\/12\/250814-ulotka-informacyjna-PB-KL1.pdf\" target=\"_blank\" rel=\"noopener\" data-id=\"28708\">2025-2026 &#8211; ulotka informacyjna-PB-KL1 (PDF, 112 KB, otworzy si\u0119 w nowej karcie)<\/a><\/p>\n<p>&nbsp;<\/p>\n<p><span style=\"font-size: 12pt\"><strong>Projekt KA171 2022 &#8211; rok akademicki 2023\/2024 i 2024\/2025<\/strong><\/span><\/p>\n<p><a class=\"docx\" title=\"pobierz plik\" href=\"https:\/\/pb.edu.pl\/iros\/wp-content\/uploads\/sites\/24\/2023\/10\/RODO-Ankieta-osobowa.docx\" data-id=\"13528\">RODO Ankieta-osobowa (DOCX, 19 KB)<\/a><\/p>\n<p><a class=\"docx\" title=\"pobierz plik\" href=\"https:\/\/pb.edu.pl\/iros\/wp-content\/uploads\/sites\/24\/2024\/01\/he-mobility-agreement-for-training-2022.docx\" data-id=\"16763\">he-mobility-agreement-for-training-2022 (DOCX, 62 KB)<\/a><\/p>\n<p><a class=\"pdf\" href=\"https:\/\/pb.edu.pl\/iros\/wp-content\/uploads\/sites\/24\/2024\/01\/wysokosc-stawek-KA171-2022.pdf\" target=\"_blank\" rel=\"noopener\" data-id=\"16766\">wysoko\u015b\u0107 stawek KA171 2022 (PDF, 113 KB, otworzy si\u0119 w nowej karcie)<\/a><\/p>\n<p><a class=\"docx\" title=\"pobierz plik\" href=\"https:\/\/pb.edu.pl\/iros\/wp-content\/uploads\/sites\/24\/2024\/11\/Polecenie-wyjazduSTT-1.docx\" data-id=\"21667\">Polecenie wyjazduSTT (DOCX, 39 KB)<\/a><\/p>\n","protected":false},"excerpt":{"rendered":"<p>Projekt KA171 2024 &#8211; rok akademicki 2025\/2026 higher-education-mobility-agreement-training-ka171 2024 (DOCX, 63 KB) NOWE Polecenie wyjazdu<\/p>\n","protected":false},"author":2,"featured_media":0,"parent":477,"menu_order":2,"comment_status":"closed","ping_status":"closed","template":"","meta":{"_acf_changed":false,"ngg_post_thumbnail":0,"footnotes":""},"class_list":["post-1108","page","type-page","status-publish","hentry"],"acf":[],"_links":{"self":[{"href":"https:\/\/pb.edu.pl\/iros\/wp-json\/wp\/v2\/pages\/1108","targetHints":{"allow":["GET"]}}],"collection":[{"href":"https:\/\/pb.edu.pl\/iros\/wp-json\/wp\/v2\/pages"}],"about":[{"href":"https:\/\/pb.edu.pl\/iros\/wp-json\/wp\/v2\/types\/page"}],"author":[{"embeddable":true,"href":"https:\/\/pb.edu.pl\/iros\/wp-json\/wp\/v2\/users\/2"}],"replies":[{"embeddable":true,"href":"https:\/\/pb.edu.pl\/iros\/wp-json\/wp\/v2\/comments?post=1108"}],"version-history":[{"count":4,"href":"https:\/\/pb.edu.pl\/iros\/wp-json\/wp\/v2\/pages\/1108\/revisions"}],"predecessor-version":[{"id":29234,"href":"https:\/\/pb.edu.pl\/iros\/wp-json\/wp\/v2\/pages\/1108\/revisions\/29234"}],"up":[{"embeddable":true,"href":"https:\/\/pb.edu.pl\/iros\/wp-json\/wp\/v2\/pages\/477"}],"wp:attachment":[{"href":"https:\/\/pb.edu.pl\/iros\/wp-json\/wp\/v2\/media?parent=1108"}],"curies":[{"name":"wp","href":"https:\/\/api.w.org\/{rel}","templated":true}]}}