{"id":28032,"date":"2025-11-21T14:38:52","date_gmt":"2025-11-21T13:38:52","guid":{"rendered":"https:\/\/pb.edu.pl\/iros\/nawa-projects\/spinaker\/energy-efficient-construction-users-and-environment-friendly-2\/dokumenty\/"},"modified":"2026-02-18T14:58:28","modified_gmt":"2026-02-18T13:58:28","slug":"documents","status":"publish","type":"page","link":"https:\/\/pb.edu.pl\/iros\/en\/nawa-projects\/spinaker\/energy-efficient-construction-users-and-environment-friendly-2\/documents\/","title":{"rendered":"Documents"},"content":{"rendered":"<div class=\"row\">\n<div class=\"col-sm-6\">\n<p><strong>PL<\/strong><\/p>\n<p><strong>Regulamin udzia\u0142u w projekcie<\/strong><\/p>\n<p><a class=\"pdf\" title=\"\" href=\"https:\/\/pb.edu.pl\/iros\/wp-content\/uploads\/sites\/24\/2026\/02\/Regulamin-projektu-SPINAKER.pdf\" target=\"_blank\" rel=\"noopener\" data-id=\"22633\">Regulamin projektu SPINAKER (PDF, 244 KB, otworzy si\u0119 w nowej karcie)<\/a><\/p>\n<p><a class=\"pdf\" title=\"\" href=\"https:\/\/pb.edu.pl\/iros\/wp-content\/uploads\/sites\/24\/2026\/02\/Zal-nr-1-Stawki-ryczaltowe-stosowane-w-programie-SPINAKER.pdf\" target=\"_blank\" rel=\"noopener\" data-id=\"22635\">Za\u0142 nr 1 Stawki rycza\u0142towe stosowane w programie SPINAKER (PDF, 290 KB, otworzy si\u0119 w nowej karcie)<\/a><\/p>\n<p><a class=\"pdf\" title=\"\" href=\"https:\/\/pb.edu.pl\/iros\/wp-content\/uploads\/sites\/24\/2026\/02\/Zal-nr-2-Umowa-Beneficjenta-z-Uczestnikiem-Projektu.pdf\" target=\"_blank\" rel=\"noopener\" data-id=\"22637\">Za\u0142 nr 2 Umowa Beneficjenta z Uczestnikiem Projektu (PDF, 191 KB, otworzy si\u0119 w nowej karcie)<\/a><\/p>\n<p><a class=\"pdf\" title=\"\" href=\"https:\/\/pb.edu.pl\/iros\/wp-content\/uploads\/sites\/24\/2026\/02\/Zal-nr-3-Zezwolenie-na-utrwalanie-i-rozpowszechnianie-wizerunku.pdf\" target=\"_blank\" rel=\"noopener\" data-id=\"22639\">Za\u0142 nr 3 Zezwolenie na utrwalanie i rozpowszechnianie wizerunku (PDF, 217 KB, otworzy si\u0119 w nowej karcie)<\/a><\/p>\n<p><a class=\"pdf\" title=\"\" href=\"https:\/\/pb.edu.pl\/iros\/wp-content\/uploads\/sites\/24\/2026\/02\/Zal-nr-4-Efekty-uczenia-sie.pdf\" target=\"_blank\" rel=\"noopener\" data-id=\"22641\">Za\u0142 nr 4 Efekty uczenia si\u0119 (PDF, 206 KB, otworzy si\u0119 w nowej karcie)<\/a><\/p>\n<p>&nbsp;<\/p>\n<p><strong>Instrukcja u\u017cytkownika projektu NAWA<br \/>\n<\/strong><\/p>\n<p><a class=\"pdf\" title=\"\" href=\"https:\/\/pb.edu.pl\/iros\/wp-content\/uploads\/sites\/24\/2026\/02\/Instrukcja-do-formularza-Uczestnika-Projektu.pdf\" target=\"_blank\" rel=\"noopener\" data-id=\"22656\">Instrukcja do formularza Uczestnika Projektu (PDF, 5 MB, otworzy si\u0119 w nowej karcie)<\/a><\/p>\n<\/div>\n<p><strong>EN<\/strong><\/p>\n<p><strong>Project Participation Regulations<\/strong><\/p>\n<p><a class=\"pdf\" title=\"\" href=\"https:\/\/pb.edu.pl\/iros\/wp-content\/uploads\/sites\/24\/2026\/02\/Regulations-SPINAKER-EN.pdf\" target=\"_blank\" rel=\"noopener\" data-id=\"22646\">Regulations SPINAKER &#8211; EN (PDF, 231 KB, otworzy si\u0119 w nowej karcie)<\/a><\/p>\n<p><a class=\"pdf\" title=\"\" href=\"https:\/\/pb.edu.pl\/iros\/wp-content\/uploads\/sites\/24\/2026\/02\/App.-1-Flat-rates-applied-in-the-SPINAKER.pdf\" target=\"_blank\" rel=\"noopener\" data-id=\"22648\">App. 1 Flat rates applied in the SPINAKER (PDF, 186 KB, otworzy si\u0119 w nowej karcie)<\/a><\/p>\n<p><a class=\"pdf\" title=\"\" href=\"https:\/\/pb.edu.pl\/iros\/wp-content\/uploads\/sites\/24\/2026\/02\/App.-2-Agreement-EN.pdf\" target=\"_blank\" rel=\"noopener\" data-id=\"22650\">App. 2 Agreement &#8211; EN (PDF, 186 KB, otworzy si\u0119 w nowej karcie)<\/a><\/p>\n<p><a class=\"pdf\" title=\"\" href=\"https:\/\/pb.edu.pl\/iros\/wp-content\/uploads\/sites\/24\/2026\/02\/App.-3-Permission-Image-Record.pdf\" target=\"_blank\" rel=\"noopener\" data-id=\"22652\">App. 3 Permission, Image, Record (PDF, 208 KB, otworzy si\u0119 w nowej karcie)<\/a><\/p>\n<p><a class=\"pdf\" title=\"\" href=\"https:\/\/pb.edu.pl\/iros\/wp-content\/uploads\/sites\/24\/2026\/02\/App.-4-Learning-outcomes.pdf\" target=\"_blank\" rel=\"noopener\" data-id=\"22654\">App. 4 Learning outcomes (PDF, 128 KB, otworzy si\u0119 w nowej karcie)<\/a><br \/>\n&nbsp;<br \/>\n&nbsp;<br \/>\n&nbsp;<br \/>\n&nbsp;<strong>NAWA Project User Manual<\/strong><\/p>\n<p><a class=\"pdf\" title=\"\" href=\"https:\/\/pb.edu.pl\/iros\/wp-content\/uploads\/sites\/24\/2026\/02\/Instruction-for-Project-Participant.pdf\" target=\"_blank\" rel=\"noopener\" data-id=\"22658\">Instruction for Project Participant (PDF, 4 MB, otworzy si\u0119 w nowej karcie)<\/a><\/p>\n<\/div>\n<p>&nbsp;<\/p>\n<p>&nbsp;<\/p>\n","protected":false},"excerpt":{"rendered":"<p>PL Regulamin udzia\u0142u w projekcie Regulamin projektu SPINAKER (PDF, 244 KB, otworzy si\u0119 w nowej<\/p>\n","protected":false},"author":2,"featured_media":0,"parent":27433,"menu_order":4,"comment_status":"closed","ping_status":"closed","template":"","meta":{"_acf_changed":false,"ngg_post_thumbnail":0,"footnotes":""},"class_list":["post-28032","page","type-page","status-publish","hentry"],"acf":[],"_links":{"self":[{"href":"https:\/\/pb.edu.pl\/iros\/en\/wp-json\/wp\/v2\/pages\/28032","targetHints":{"allow":["GET"]}}],"collection":[{"href":"https:\/\/pb.edu.pl\/iros\/en\/wp-json\/wp\/v2\/pages"}],"about":[{"href":"https:\/\/pb.edu.pl\/iros\/en\/wp-json\/wp\/v2\/types\/page"}],"author":[{"embeddable":true,"href":"https:\/\/pb.edu.pl\/iros\/en\/wp-json\/wp\/v2\/users\/2"}],"replies":[{"embeddable":true,"href":"https:\/\/pb.edu.pl\/iros\/en\/wp-json\/wp\/v2\/comments?post=28032"}],"version-history":[{"count":1,"href":"https:\/\/pb.edu.pl\/iros\/en\/wp-json\/wp\/v2\/pages\/28032\/revisions"}],"predecessor-version":[{"id":29425,"href":"https:\/\/pb.edu.pl\/iros\/en\/wp-json\/wp\/v2\/pages\/28032\/revisions\/29425"}],"up":[{"embeddable":true,"href":"https:\/\/pb.edu.pl\/iros\/en\/wp-json\/wp\/v2\/pages\/27433"}],"wp:attachment":[{"href":"https:\/\/pb.edu.pl\/iros\/en\/wp-json\/wp\/v2\/media?parent=28032"}],"curies":[{"name":"wp","href":"https:\/\/api.w.org\/{rel}","templated":true}]}}