{"id":22475,"date":"2018-11-24T17:50:54","date_gmt":"2018-11-24T16:50:54","guid":{"rendered":"https:\/\/pb.edu.pl\/iros\/erasmus\/harmonogram\/"},"modified":"2025-03-20T10:41:06","modified_gmt":"2025-03-20T09:41:06","slug":"schedule","status":"publish","type":"page","link":"https:\/\/pb.edu.pl\/iros\/en\/erasmus\/schedule\/","title":{"rendered":"Schedule"},"content":{"rendered":"<p>Academic year 2024\/2025 &#8211; mobility for Erasmus+ studies in winter semester 2025\/2026:<\/p>\n<p><a title=\"\" href=\"https:\/\/pb.edu.pl\/iros\/wp-content\/uploads\/sites\/24\/2025\/03\/Harmonogram-2024-2025-ENG.pdf\">Schedule for the winter mobilities 2025\/2026 <\/a><\/p>\n<p>&nbsp;<\/p>\n<p>Academic year 2024\/2025<\/p>\n<p><a class=\"pdf\" href=\"https:\/\/pb.edu.pl\/iros\/wp-content\/uploads\/sites\/24\/2024\/09\/HARMONOGRAM-2024-25.pdf\" target=\"_blank\" rel=\"noopener\" data-id=\"20808\">HARMONOGRAM DZIA\u0141A\u0143 2024-25 (PDF, 110 KB, wersja dost\u0119pna cyfrowo)<\/a><\/p>\n<hr>\n<p>Academic year 2023\/2024<\/p>\n<p><a class=\"pdf\" href=\"https:\/\/pb.edu.pl\/iros\/wp-content\/uploads\/sites\/24\/2023\/10\/HARMONOGRAM-DZIALAN-2023-2024.pdf\" target=\"_blank\" rel=\"noopener\" data-id=\"13076\">HARMONOGRAM DZIA\u0141A\u0143 2023-2024 (PDF, 265 KB, wersja dost\u0119pna cyfrowo)<\/a><\/p>\n<hr>\n<p>Academic year 2022\/2023<\/p>\n<p><a class=\"pdf\" title=\"otworzy si\u0119 w nowej karcie\" href=\"https:\/\/pb.edu.pl\/iros\/wp-content\/uploads\/sites\/24\/2022\/09\/HARMONOGRAM-2022-23.pdf\" target=\"_blank\" rel=\"noopener\" data-id=\"9252\">HARMONOGRAM DZIA\u0141A\u0143 PROGRAMU ERASMUS+ DLA STUDENT\u00d3W 2022\/23 (PDF, wersja dost\u0119pna cyfrowo, 282 KB)&nbsp;<\/a><\/p>\n<hr>\n<p>Academic year 2021\/2022<\/p>\n<p><a class=\"pdf\" title=\"otworzy si\u0119 w nowej karcie\" href=\"https:\/\/pb.edu.pl\/iros\/wp-content\/uploads\/sites\/24\/2021\/07\/HARMONOGRAM-2021-22.pdf\" target=\"_blank\" rel=\"noopener\" data-id=\"5406\">HARMONOGRAM DZIA\u0141A\u0143 PROGRAM\u00d3W ERASMUS+ I EDUKACJA DLA STUDENT\u00d3W 2021\/22 (PDF, wersja dost\u0119pna cyfrowo, 111 K<\/a><\/p>\n<hr>\n<p>Academic year 2020\/2021<\/p>\n<p><a class=\"pdf\" title=\"otworzy si\u0119 w nowej karcie\" href=\"https:\/\/pb.edu.pl\/iros\/wp-content\/uploads\/sites\/24\/2021\/04\/HARMONOGRAM-2020-21.pdf\" target=\"_blank\" rel=\"noopener\" data-id=\"4821\">Harmonogram dzia\u0142a\u0144 dot. programu Erasmus+ i Edukacja na rok akademicki 2020\/2021 dla student\u00f3w (PDF, wersja dost\u0119pna cyfrowo, 110 KB)<\/a><\/p>\n<p><a class=\"pdf\" title=\"otworzy si\u0119 w nowej karcie\" href=\"https:\/\/pb.edu.pl\/iros\/wp-content\/uploads\/sites\/24\/2021\/07\/ogolny-harmonogram-dzialan-2020-21.pdf\" target=\"_blank\" rel=\"noopener\" data-id=\"5386\">Og\u00f3lny harmonogram dzia\u0142a\u0144 dot. programu Erasmus+ i Edukacja na rok akademicki 2020\/2021 (PDF, wersja dost\u0119pna cyfrowo, 96 KB)<\/a><\/p>\n","protected":false},"excerpt":{"rendered":"<p>Academic year 2024\/2025 &#8211; mobility for Erasmus+ studies in winter semester 2025\/2026: Schedule for the<\/p>\n","protected":false},"author":2,"featured_media":0,"parent":16294,"menu_order":8,"comment_status":"closed","ping_status":"closed","template":"","meta":{"_acf_changed":false,"ngg_post_thumbnail":0,"footnotes":""},"class_list":["post-22475","page","type-page","status-publish","hentry"],"acf":[],"_links":{"self":[{"href":"https:\/\/pb.edu.pl\/iros\/en\/wp-json\/wp\/v2\/pages\/22475","targetHints":{"allow":["GET"]}}],"collection":[{"href":"https:\/\/pb.edu.pl\/iros\/en\/wp-json\/wp\/v2\/pages"}],"about":[{"href":"https:\/\/pb.edu.pl\/iros\/en\/wp-json\/wp\/v2\/types\/page"}],"author":[{"embeddable":true,"href":"https:\/\/pb.edu.pl\/iros\/en\/wp-json\/wp\/v2\/users\/2"}],"replies":[{"embeddable":true,"href":"https:\/\/pb.edu.pl\/iros\/en\/wp-json\/wp\/v2\/comments?post=22475"}],"version-history":[{"count":0,"href":"https:\/\/pb.edu.pl\/iros\/en\/wp-json\/wp\/v2\/pages\/22475\/revisions"}],"up":[{"embeddable":true,"href":"https:\/\/pb.edu.pl\/iros\/en\/wp-json\/wp\/v2\/pages\/16294"}],"wp:attachment":[{"href":"https:\/\/pb.edu.pl\/iros\/en\/wp-json\/wp\/v2\/media?parent=22475"}],"curies":[{"name":"wp","href":"https:\/\/api.w.org\/{rel}","templated":true}]}}