{"id":22468,"date":"2018-11-24T17:51:17","date_gmt":"2018-11-24T16:51:17","guid":{"rendered":"https:\/\/pb.edu.pl\/iros\/erasmus\/kwalifikacje-jezykowe\/"},"modified":"2025-03-20T10:35:43","modified_gmt":"2025-03-20T09:35:43","slug":"language-qualifications","status":"publish","type":"page","link":"https:\/\/pb.edu.pl\/iros\/en\/erasmus\/language-qualifications\/","title":{"rendered":"Language qualifications"},"content":{"rendered":"<p><img loading=\"lazy\" decoding=\"async\" class=\"alignright wp-image-1343\" src=\"https:\/\/pb.edu.pl\/iros\/wp-content\/uploads\/sites\/24\/2019\/09\/hello.jpg\" alt=\"tagi pozdrowienia w r\u00f3\u017cnych j\u0119zykach\" width=\"450\" height=\"309\" srcset=\"https:\/\/pb.edu.pl\/iros\/wp-content\/uploads\/sites\/24\/2019\/09\/hello.jpg 960w, https:\/\/pb.edu.pl\/iros\/wp-content\/uploads\/sites\/24\/2019\/09\/hello-300x206.jpg 300w, https:\/\/pb.edu.pl\/iros\/wp-content\/uploads\/sites\/24\/2019\/09\/hello-768x527.jpg 768w\" sizes=\"auto, (max-width: 450px) 100vw, 450px\" \/><\/p>\n<p>If you want to go abroad to study under the Erasmus+ programme, you should have a level of English of at least B2 (NOTE! this is an internal qualification at BUT, some universities abroad may require a higher level).<\/p>\n<p>To confirm your language skills, you can take an exam organised by us or provide our Office with one of the certificates from the list: <a href=\"https:\/\/pb.edu.pl\/iros\/wp-content\/uploads\/sites\/24\/2025\/03\/Exemptions-from-the-English-language-qualification-exam-at-B2-level.pdf\">Exemptions from the English language qualification exam (at B2 level)<\/a><\/p>\n<div class=\"h4\">Registration for the language qualification will be made available in the next recruitment for the Erasmus+ mobility.<\/div>\n<p>&nbsp;<\/p>\n<p>&nbsp;<\/p>\n","protected":false},"excerpt":{"rendered":"<p>If you want to go abroad to study under the Erasmus+ programme, you should have<\/p>\n","protected":false},"author":2,"featured_media":0,"parent":16294,"menu_order":9,"comment_status":"closed","ping_status":"closed","template":"","meta":{"_acf_changed":false,"ngg_post_thumbnail":0,"footnotes":""},"class_list":["post-22468","page","type-page","status-publish","hentry"],"acf":[],"_links":{"self":[{"href":"https:\/\/pb.edu.pl\/iros\/en\/wp-json\/wp\/v2\/pages\/22468","targetHints":{"allow":["GET"]}}],"collection":[{"href":"https:\/\/pb.edu.pl\/iros\/en\/wp-json\/wp\/v2\/pages"}],"about":[{"href":"https:\/\/pb.edu.pl\/iros\/en\/wp-json\/wp\/v2\/types\/page"}],"author":[{"embeddable":true,"href":"https:\/\/pb.edu.pl\/iros\/en\/wp-json\/wp\/v2\/users\/2"}],"replies":[{"embeddable":true,"href":"https:\/\/pb.edu.pl\/iros\/en\/wp-json\/wp\/v2\/comments?post=22468"}],"version-history":[{"count":0,"href":"https:\/\/pb.edu.pl\/iros\/en\/wp-json\/wp\/v2\/pages\/22468\/revisions"}],"up":[{"embeddable":true,"href":"https:\/\/pb.edu.pl\/iros\/en\/wp-json\/wp\/v2\/pages\/16294"}],"wp:attachment":[{"href":"https:\/\/pb.edu.pl\/iros\/en\/wp-json\/wp\/v2\/media?parent=22468"}],"curies":[{"name":"wp","href":"https:\/\/api.w.org\/{rel}","templated":true}]}}