{"id":16628,"date":"2023-12-22T01:03:22","date_gmt":"2023-12-22T00:03:22","guid":{"rendered":"https:\/\/pb.edu.pl\/iros\/?page_id=16628"},"modified":"2024-06-19T15:33:25","modified_gmt":"2024-06-19T13:33:25","slug":"about-podlasie","status":"publish","type":"page","link":"https:\/\/pb.edu.pl\/iros\/en\/about-podlasie\/","title":{"rendered":"About Podlasie"},"content":{"rendered":"<div class=\"row\">\n<div class=\"col-sm-8\">\n<p>&nbsp;<\/p>\n<div class=\"embed-responsive embed-responsive-16by9\"><iframe loading=\"lazy\" title=\"Discover Podlaskie\" width=\"500\" height=\"281\" src=\"https:\/\/www.youtube.com\/embed\/aSqhzXbzNkQ?feature=oembed\" frameborder=\"0\" allow=\"accelerometer; autoplay; clipboard-write; encrypted-media; gyroscope; picture-in-picture; web-share\" referrerpolicy=\"strict-origin-when-cross-origin\" allowfullscreen><\/iframe><\/div>\n<p>&nbsp;<\/p>\n<p><a title=\"\" href=\"https:\/\/visit.podlaskie.eu\/en\/discover-podlaskie\/\" target=\"_blank\" rel=\"noopener noreferrer\"><strong>Discover Podlaskie<\/strong> &#8211; click here<\/a><\/p>\n<div class=\"image\"><a title=\"\" href=\"https:\/\/podlaskie.travel\/\" target=\"_blank\" rel=\"noopener noreferrer\"><img loading=\"lazy\" decoding=\"async\" class=\"wp-image-16891 size-full\" src=\"https:\/\/pb.edu.pl\/iros\/wp-content\/uploads\/sites\/24\/2024\/01\/Projekt-bez-nazwy-64.png\" alt=\"Zdj\u0119cia wojew\u00f3dztwa podlaskiego, fot. P.Tadejko\" width=\"640\" height=\"288\" srcset=\"https:\/\/pb.edu.pl\/iros\/wp-content\/uploads\/sites\/24\/2024\/01\/Projekt-bez-nazwy-64.png 640w, https:\/\/pb.edu.pl\/iros\/wp-content\/uploads\/sites\/24\/2024\/01\/Projekt-bez-nazwy-64-300x135.png 300w\" sizes=\"auto, (max-width: 640px) 100vw, 640px\" \/><\/a><\/div>\n<p><span style=\"font-size: 8pt\">fot. Pawe\u0142 Tadejko<\/span><\/p>\n<p>&nbsp;<\/p>\n<p><strong><a class=\"pdf\" title=\"\" href=\"https:\/\/pb.edu.pl\/iros\/wp-content\/uploads\/sites\/24\/2024\/01\/5.-BIALOWIEZA-PRIMEVAL-FOREST-AND-THE-BUG-VALLEY.pdf\" target=\"_blank\" rel=\"noopener\" data-id=\"16931\">Time for Podlaskie \u2013 Bia\u0142owie\u017ca Primeval Forest and the Bug Valley (PDF, 6 MB, otworzy si\u0119 w nowej karcie)<\/a>&nbsp;<\/strong><\/p>\n<div class=\"image\"><a class=\"no-icon\" href=\"https:\/\/pb.edu.pl\/iros\/wp-content\/uploads\/sites\/24\/2024\/01\/5.-BIALOWIEZA-PRIMEVAL-FOREST-AND-THE-BUG-VALLEY.pdf\" target=\"_blank\" rel=\"noopener\" data-id=\"16931\"><img loading=\"lazy\" decoding=\"async\" class=\"alignnone wp-image-16929 size-full\" src=\"https:\/\/pb.edu.pl\/iros\/wp-content\/uploads\/sites\/24\/2024\/01\/Projekt-bez-nazwy-68.png\" alt=\"Przewodnik Time for Podlaskie - Bia\u0142owie\u017ca\" width=\"640\" height=\"288\" srcset=\"https:\/\/pb.edu.pl\/iros\/wp-content\/uploads\/sites\/24\/2024\/01\/Projekt-bez-nazwy-68.png 640w, https:\/\/pb.edu.pl\/iros\/wp-content\/uploads\/sites\/24\/2024\/01\/Projekt-bez-nazwy-68-300x135.png 300w\" sizes=\"auto, (max-width: 640px) 100vw, 640px\" \/><\/a><\/div>\n<p>&nbsp;<\/p>\n<p><strong><a class=\"pdf\" href=\"https:\/\/pb.edu.pl\/iros\/wp-content\/uploads\/sites\/24\/2024\/01\/4.-KNYSZYN-FOREST.pdf\" target=\"_blank\" rel=\"noopener\" data-id=\"17027\">Time for Podlaskie \u2013 Knyszyn Forest (PDF, 11 MB, otworzy si\u0119 w nowej karcie)<\/a><\/strong><\/p>\n<div class=\"image\"><a class=\"no-icon\" href=\"https:\/\/pb.edu.pl\/iros\/wp-content\/uploads\/sites\/24\/2024\/01\/4.-KNYSZYN-FOREST.pdf\" target=\"_blank\" rel=\"noopener\" data-id=\"17027\"><img loading=\"lazy\" decoding=\"async\" class=\"alignnone wp-image-16944 size-full\" src=\"https:\/\/pb.edu.pl\/iros\/wp-content\/uploads\/sites\/24\/2024\/01\/Projekt-bez-nazwy-70.png\" alt=\"Time for Podlaskie \u2013 Knyszyn Forest\" width=\"640\" height=\"288\" srcset=\"https:\/\/pb.edu.pl\/iros\/wp-content\/uploads\/sites\/24\/2024\/01\/Projekt-bez-nazwy-70.png 640w, https:\/\/pb.edu.pl\/iros\/wp-content\/uploads\/sites\/24\/2024\/01\/Projekt-bez-nazwy-70-300x135.png 300w\" sizes=\"auto, (max-width: 640px) 100vw, 640px\" \/><\/a><\/div>\n<p>&nbsp;<\/p>\n<p><a class=\"pdf\" href=\"https:\/\/pb.edu.pl\/iros\/wp-content\/uploads\/sites\/24\/2024\/01\/3.-BIEBRZA-AND-NAREW-VALLEY.pdf\" target=\"_blank\" rel=\"noopener\" data-id=\"16951\"><strong>Time for Podlaskie \u2013 Biebrza and Narew Valley (PDF, 10 MB, otworzy si\u0119 w nowej karcie<\/strong>)<\/a><\/p>\n<div class=\"image\"><a class=\"no-icon\" href=\"https:\/\/pb.edu.pl\/iros\/wp-content\/uploads\/sites\/24\/2024\/01\/3.-BIEBRZA-AND-NAREW-VALLEY.pdf\" target=\"_blank\" rel=\"noopener\" data-id=\"16951\"><img loading=\"lazy\" decoding=\"async\" class=\"alignnone wp-image-16953 size-full\" src=\"https:\/\/pb.edu.pl\/iros\/wp-content\/uploads\/sites\/24\/2024\/01\/Projekt-bez-nazwy-71.png\" alt=\"Time for Podlaskie \u2013 Biebrza and Narew Valley\" width=\"640\" height=\"288\" srcset=\"https:\/\/pb.edu.pl\/iros\/wp-content\/uploads\/sites\/24\/2024\/01\/Projekt-bez-nazwy-71.png 640w, https:\/\/pb.edu.pl\/iros\/wp-content\/uploads\/sites\/24\/2024\/01\/Projekt-bez-nazwy-71-300x135.png 300w\" sizes=\"auto, (max-width: 640px) 100vw, 640px\" \/><\/a><\/div>\n<p>&nbsp;<\/p>\n<p><strong><a class=\"pdf\" href=\"https:\/\/pb.edu.pl\/iros\/wp-content\/uploads\/sites\/24\/2024\/01\/2.-AUGUSTOW-AND-RAJGROD-LAKE.pdf\" target=\"_blank\" rel=\"noopener\" data-id=\"16956\">Time for Podlaskie \u2013 August\u00f3w and Rajgr\u00f3d Lake (PDF, 12 MB, otworzy si\u0119 w nowej karcie)<\/a><\/strong><\/p>\n<div class=\"image\"><a class=\"no-icon\" href=\"https:\/\/pb.edu.pl\/iros\/wp-content\/uploads\/sites\/24\/2024\/01\/2.-AUGUSTOW-AND-RAJGROD-LAKE.pdf\" target=\"_blank\" rel=\"noopener\" data-id=\"16956\"><img loading=\"lazy\" decoding=\"async\" class=\"alignnone wp-image-16958 size-full\" src=\"https:\/\/pb.edu.pl\/iros\/wp-content\/uploads\/sites\/24\/2024\/01\/Projekt-bez-nazwy-72.png\" alt=\"Time for Podlaskie \u2013 August\u00f3w and Rajgr\u00f3d Lake\" width=\"640\" height=\"288\" srcset=\"https:\/\/pb.edu.pl\/iros\/wp-content\/uploads\/sites\/24\/2024\/01\/Projekt-bez-nazwy-72.png 640w, https:\/\/pb.edu.pl\/iros\/wp-content\/uploads\/sites\/24\/2024\/01\/Projekt-bez-nazwy-72-300x135.png 300w\" sizes=\"auto, (max-width: 640px) 100vw, 640px\" \/><\/a><\/div>\n<p>&nbsp;<br \/>\n<strong><a class=\"pdf\" href=\"https:\/\/pb.edu.pl\/iros\/wp-content\/uploads\/sites\/24\/2024\/01\/1.-SUWALKI-REGION.pdf\" target=\"_blank\" rel=\"noopener\" data-id=\"16961\">Time for Podlaskie \u2013 Suwa\u0142ki Region (PDF, 8 MB, otworzy si\u0119 w nowej karcie)<\/a><\/strong><\/p>\n<div class=\"image\"><a class=\"no-icon\" href=\"https:\/\/pb.edu.pl\/iros\/wp-content\/uploads\/sites\/24\/2024\/01\/1.-SUWALKI-REGION.pdf\" target=\"_blank\" rel=\"noopener\" data-id=\"16961\"><img loading=\"lazy\" decoding=\"async\" class=\"alignnone wp-image-16963 size-full\" src=\"https:\/\/pb.edu.pl\/iros\/wp-content\/uploads\/sites\/24\/2024\/01\/Projekt-bez-nazwy-73.png\" alt=\"Time for Podlaskie \u2013 Suwa\u0142ki Region\" width=\"640\" height=\"288\" srcset=\"https:\/\/pb.edu.pl\/iros\/wp-content\/uploads\/sites\/24\/2024\/01\/Projekt-bez-nazwy-73.png 640w, https:\/\/pb.edu.pl\/iros\/wp-content\/uploads\/sites\/24\/2024\/01\/Projekt-bez-nazwy-73-300x135.png 300w\" sizes=\"auto, (max-width: 640px) 100vw, 640px\" \/><\/a><\/div>\n<p>&nbsp;<\/p>\n<p><a title=\"\" href=\"http:\/\/eastern-poland.eu\/7-reasons-why-to-choose-podlasie\/\" target=\"_blank\" rel=\"noopener noreferrer\"><strong>7 reasons why to choose Podlasie<\/strong> &#8211; click here<\/a><\/p>\n<div class=\"image\"><a href=\"http:\/\/eastern-poland.eu\/7-reasons-why-to-choose-podlasie\/\" target=\"_blank\" rel=\"noopener noreferrer\"><img loading=\"lazy\" decoding=\"async\" class=\"alignnone size-full wp-image-604\" src=\"https:\/\/pb.edu.pl\/iro\/wp-content\/uploads\/sites\/32\/2019\/09\/7reason.jpg\" alt=\"podlasie\" width=\"640\" height=\"326\"><\/a><\/div>\n<\/div>\n<div class=\"col-sm-4 text-center\"><a class=\"button text-center animated zoomIn lead\" style=\"width: 100%\" title=\"About Poland\" href=\"\/iros\/en\/about-poland\/\"><strong><i class=\"fa fa-info-circle\" aria-hidden=\"true\"><\/i> About Poland<\/strong><\/a><br \/>\n<a class=\"button text-center animated zoomIn lead active\" style=\"width: 100%\" title=\"About Podlasie\" href=\"\/iros\/en\/about-podlasie\/\"><strong><i class=\"fa fa-info-circle\" aria-hidden=\"true\"><\/i> About Podlasie<\/strong><\/a><br \/>\n<a class=\"button text-center animated zoomIn lead\" style=\"width: 100%\" title=\"About Bialystok\" href=\"\/iros\/en\/about-bialystok\/\"><strong><i class=\"fa fa-info-circle\" aria-hidden=\"true\"><\/i> About Bialystok<\/strong><\/a><br \/>\n<a class=\"button text-center animated zoomIn lead\" style=\"width: 100%\" title=\"Polish and regional cuisine\" href=\"\/iros\/en\/polish-and-regional-cuisine\/\"><strong><i class=\"fa fa-info-circle\" aria-hidden=\"true\"><\/i> Polish and regional cuisine<\/strong><\/a><\/p>\n<div class=\"well well-sm text-center boxy-prawe\">\n<h2>Useful links<\/h2>\n<div class=\"text-center\"><a href=\"https:\/\/pb.esn.pl\/en\" class=\"\">Erasmus Student Network<\/a><\/div><div class=\"text-center\"><a href=\"https:\/\/erasmusplus.org.pl\/inicjatywy\/erasmus-in-poland\/\" class=\"\">Erasmus + in Poland<\/a><\/div><div class=\"text-center\"><a href=\"https:\/\/ec.europa.eu\/\" class=\"\">European Commission<\/a><\/div><div class=\"text-center\"><a href=\"https:\/\/www.frse.org.pl\/en\/\" class=\"\">Foundation for the Development of the Education System<\/a><\/div><div class=\"text-center\"><a href=\"https:\/\/eurodesk.eu\/\" class=\"\">Eurodesk<\/a><\/div>\n<\/div>\n<\/div>\n<\/div>\n","protected":false},"excerpt":{"rendered":"<p>&nbsp; &nbsp; Discover Podlaskie &#8211; click here fot. Pawe\u0142 Tadejko &nbsp; Time for Podlaskie \u2013<\/p>\n","protected":false},"author":2,"featured_media":0,"parent":0,"menu_order":0,"comment_status":"closed","ping_status":"closed","template":"","meta":{"_acf_changed":false,"ngg_post_thumbnail":0,"footnotes":""},"class_list":["post-16628","page","type-page","status-publish","hentry"],"acf":[],"_links":{"self":[{"href":"https:\/\/pb.edu.pl\/iros\/en\/wp-json\/wp\/v2\/pages\/16628","targetHints":{"allow":["GET"]}}],"collection":[{"href":"https:\/\/pb.edu.pl\/iros\/en\/wp-json\/wp\/v2\/pages"}],"about":[{"href":"https:\/\/pb.edu.pl\/iros\/en\/wp-json\/wp\/v2\/types\/page"}],"author":[{"embeddable":true,"href":"https:\/\/pb.edu.pl\/iros\/en\/wp-json\/wp\/v2\/users\/2"}],"replies":[{"embeddable":true,"href":"https:\/\/pb.edu.pl\/iros\/en\/wp-json\/wp\/v2\/comments?post=16628"}],"version-history":[{"count":0,"href":"https:\/\/pb.edu.pl\/iros\/en\/wp-json\/wp\/v2\/pages\/16628\/revisions"}],"wp:attachment":[{"href":"https:\/\/pb.edu.pl\/iros\/en\/wp-json\/wp\/v2\/media?parent=16628"}],"curies":[{"name":"wp","href":"https:\/\/api.w.org\/{rel}","templated":true}]}}