{"id":26,"date":"2019-04-21T20:27:56","date_gmt":"2019-04-21T18:27:56","guid":{"rendered":"https:\/\/pb.edu.pl\/iro\/?page_id=26"},"modified":"2021-01-29T10:34:35","modified_gmt":"2021-01-29T09:34:35","slug":"news","status":"publish","type":"page","link":"https:\/\/pb.edu.pl\/iro\/news\/","title":{"rendered":"News"},"content":{"rendered":"\t\t<div class=\"box news-box \">\n\t\t<div class=\"row\">\n\t\t\t\n\t\t\t\n\t\t\t\t\n\t\t\t\t\t\t\t\t\t\t<div class=\"col-sm-3\">\n\t\t\t\t\t\t\t\n<article class=\"format-standard\">\n    <span class=\"date text-right\"><i class=\"fal fa-calendar-alt\"><\/i> 15-12-2023<\/span>\n    <a href=\"https:\/\/pb.edu.pl\/iro\/2023\/12\/15\/best-christmas-wishes-from-but-rector\/\">\n      <div class=\"article-image\">\n        <img loading=\"lazy\" decoding=\"async\" width=\"480\" height=\"300\" src=\"https:\/\/pb.edu.pl\/iro\/wp-content\/uploads\/sites\/32\/2023\/12\/swieta-480x300.jpg\" class=\"attachment-medium-image-16x10 size-medium-image-16x10 wp-post-image\" alt=\"\" srcset=\"https:\/\/pb.edu.pl\/iro\/wp-content\/uploads\/sites\/32\/2023\/12\/swieta-480x300.jpg 480w, https:\/\/pb.edu.pl\/iro\/wp-content\/uploads\/sites\/32\/2023\/12\/swieta-300x188.jpg 300w, https:\/\/pb.edu.pl\/iro\/wp-content\/uploads\/sites\/32\/2023\/12\/swieta-1024x640.jpg 1024w, https:\/\/pb.edu.pl\/iro\/wp-content\/uploads\/sites\/32\/2023\/12\/swieta-768x480.jpg 768w, https:\/\/pb.edu.pl\/iro\/wp-content\/uploads\/sites\/32\/2023\/12\/swieta-1536x960.jpg 1536w, https:\/\/pb.edu.pl\/iro\/wp-content\/uploads\/sites\/32\/2023\/12\/swieta.jpg 2048w\" sizes=\"auto, (max-width: 480px) 100vw, 480px\" \/>      <\/div>\n      <h3>Best Christmas wishes from BUT Rector<\/h3>\n      To all our growing academic family.    <\/a>\n<\/article>\t\t\t\t\t\t<\/div>\n\t\t\t\t\t\t\t\t\t\t\t<div class=\"col-sm-3\">\n\t\t\t\t\t\t\t\n<article class=\"format-standard\">\n    <span class=\"date text-right\"><i class=\"fal fa-calendar-alt\"><\/i> 19-12-2023<\/span>\n    <a href=\"https:\/\/pb.edu.pl\/iro\/2023\/12\/19\/intercultural-experiences-and-international-exchange-deepened-through-across-seasonal-schools\/\">\n      <div class=\"article-image\">\n        <img loading=\"lazy\" decoding=\"async\" width=\"480\" height=\"300\" src=\"https:\/\/pb.edu.pl\/iro\/wp-content\/uploads\/sites\/32\/2023\/12\/Across-1701253253-12204-0-480x300.jpg\" class=\"attachment-medium-image-16x10 size-medium-image-16x10 wp-post-image\" alt=\"\" \/>      <\/div>\n      <h3>Intercultural experiences and international exchange deepened through &#8220;Across Seasonal Schools&#8221;<\/h3>\n      Chemnitz University of Technology    <\/a>\n<\/article>\t\t\t\t\t\t<\/div>\n\t\t\t\t\t\t\t\t\t\t\t<div class=\"col-sm-3\">\n\t\t\t\t\t\t\t\n<article class=\"format-standard\">\n    <span class=\"date text-right\"><i class=\"fal fa-calendar-alt\"><\/i> 18-12-2023<\/span>\n    <a href=\"https:\/\/pb.edu.pl\/iro\/2023\/12\/18\/our-european-climate-pact-ambassador\/\">\n      <div class=\"article-image\">\n        <img loading=\"lazy\" decoding=\"async\" width=\"480\" height=\"300\" src=\"https:\/\/pb.edu.pl\/iro\/wp-content\/uploads\/sites\/32\/2023\/12\/2023-12-krawczyk-europejski-ambasador-klimatu-grafika-www-1080-675-480x300.jpg\" class=\"attachment-medium-image-16x10 size-medium-image-16x10 wp-post-image\" alt=\"\" srcset=\"https:\/\/pb.edu.pl\/iro\/wp-content\/uploads\/sites\/32\/2023\/12\/2023-12-krawczyk-europejski-ambasador-klimatu-grafika-www-1080-675-480x300.jpg 480w, https:\/\/pb.edu.pl\/iro\/wp-content\/uploads\/sites\/32\/2023\/12\/2023-12-krawczyk-europejski-ambasador-klimatu-grafika-www-1080-675-300x188.jpg 300w, https:\/\/pb.edu.pl\/iro\/wp-content\/uploads\/sites\/32\/2023\/12\/2023-12-krawczyk-europejski-ambasador-klimatu-grafika-www-1080-675-1024x640.jpg 1024w, https:\/\/pb.edu.pl\/iro\/wp-content\/uploads\/sites\/32\/2023\/12\/2023-12-krawczyk-europejski-ambasador-klimatu-grafika-www-1080-675-768x480.jpg 768w, https:\/\/pb.edu.pl\/iro\/wp-content\/uploads\/sites\/32\/2023\/12\/2023-12-krawczyk-europejski-ambasador-klimatu-grafika-www-1080-675.jpg 1080w\" sizes=\"auto, (max-width: 480px) 100vw, 480px\" \/>      <\/div>\n      <h3>Our European Climate Pact Ambassador<\/h3>\n      Assoc. Prof. Dorota Anna Krawczyk, Vice-Rector for International Cooperation of BUT    <\/a>\n<\/article>\t\t\t\t\t\t<\/div>\n\t\t\t\t\t\t\t\t\t\t\t<div class=\"col-sm-3\">\n\t\t\t\t\t\t\t\n<article class=\"format-standard\">\n    <span class=\"date text-right\"><i class=\"fal fa-calendar-alt\"><\/i> 18-12-2023<\/span>\n    <a href=\"https:\/\/pb.edu.pl\/iro\/2023\/12\/18\/meeting-of-the-joint-management-committee-of-the-international-school-of-engineering-ise\/\">\n      <div class=\"article-image\">\n        <img loading=\"lazy\" decoding=\"async\" width=\"480\" height=\"300\" src=\"https:\/\/pb.edu.pl\/iro\/wp-content\/uploads\/sites\/32\/2023\/12\/2023.12.12_Joint-Management-Committee_fot.Dariusz-Piekut_PB-6-2048x1280-1-480x300.jpg\" class=\"attachment-medium-image-16x10 size-medium-image-16x10 wp-post-image\" alt=\"\" srcset=\"https:\/\/pb.edu.pl\/iro\/wp-content\/uploads\/sites\/32\/2023\/12\/2023.12.12_Joint-Management-Committee_fot.Dariusz-Piekut_PB-6-2048x1280-1-480x300.jpg 480w, https:\/\/pb.edu.pl\/iro\/wp-content\/uploads\/sites\/32\/2023\/12\/2023.12.12_Joint-Management-Committee_fot.Dariusz-Piekut_PB-6-2048x1280-1-300x188.jpg 300w, https:\/\/pb.edu.pl\/iro\/wp-content\/uploads\/sites\/32\/2023\/12\/2023.12.12_Joint-Management-Committee_fot.Dariusz-Piekut_PB-6-2048x1280-1-1024x640.jpg 1024w, https:\/\/pb.edu.pl\/iro\/wp-content\/uploads\/sites\/32\/2023\/12\/2023.12.12_Joint-Management-Committee_fot.Dariusz-Piekut_PB-6-2048x1280-1-768x480.jpg 768w, https:\/\/pb.edu.pl\/iro\/wp-content\/uploads\/sites\/32\/2023\/12\/2023.12.12_Joint-Management-Committee_fot.Dariusz-Piekut_PB-6-2048x1280-1-1536x960.jpg 1536w, https:\/\/pb.edu.pl\/iro\/wp-content\/uploads\/sites\/32\/2023\/12\/2023.12.12_Joint-Management-Committee_fot.Dariusz-Piekut_PB-6-2048x1280-1.jpg 2048w\" sizes=\"auto, (max-width: 480px) 100vw, 480px\" \/>      <\/div>\n      <h3>Meeting of the Joint Management Committee of the International School of Engineering \u2013 ISE<\/h3>\n      On 12 December 2023 via the Teams platform.    <\/a>\n<\/article>\t\t\t\t\t\t<\/div>\n\t\t\t\t\t\t\t\t\t\t\t<div class=\"col-sm-3\">\n\t\t\t\t\t\t\t\n<article class=\"format-standard\">\n    <span class=\"date text-right\"><i class=\"fal fa-calendar-alt\"><\/i> 09-12-2023<\/span>\n    <a href=\"https:\/\/pb.edu.pl\/iro\/2023\/12\/09\/11th-international-staff-week-at-bialystok-university-of-technology-2\/\">\n      <div class=\"article-image\">\n        <img loading=\"lazy\" decoding=\"async\" width=\"480\" height=\"300\" src=\"https:\/\/pb.edu.pl\/iro\/wp-content\/uploads\/sites\/32\/2023\/12\/2023.12.08_-International-Staff-Week_fot.Dariusz-Piekut_PB-3-2048x1279-1-480x300.jpg\" class=\"attachment-medium-image-16x10 size-medium-image-16x10 wp-post-image\" alt=\"\" srcset=\"https:\/\/pb.edu.pl\/iro\/wp-content\/uploads\/sites\/32\/2023\/12\/2023.12.08_-International-Staff-Week_fot.Dariusz-Piekut_PB-3-2048x1279-1-480x300.jpg 480w, https:\/\/pb.edu.pl\/iro\/wp-content\/uploads\/sites\/32\/2023\/12\/2023.12.08_-International-Staff-Week_fot.Dariusz-Piekut_PB-3-2048x1279-1-300x187.jpg 300w, https:\/\/pb.edu.pl\/iro\/wp-content\/uploads\/sites\/32\/2023\/12\/2023.12.08_-International-Staff-Week_fot.Dariusz-Piekut_PB-3-2048x1279-1-1024x640.jpg 1024w, https:\/\/pb.edu.pl\/iro\/wp-content\/uploads\/sites\/32\/2023\/12\/2023.12.08_-International-Staff-Week_fot.Dariusz-Piekut_PB-3-2048x1279-1-768x480.jpg 768w, https:\/\/pb.edu.pl\/iro\/wp-content\/uploads\/sites\/32\/2023\/12\/2023.12.08_-International-Staff-Week_fot.Dariusz-Piekut_PB-3-2048x1279-1-1536x959.jpg 1536w, https:\/\/pb.edu.pl\/iro\/wp-content\/uploads\/sites\/32\/2023\/12\/2023.12.08_-International-Staff-Week_fot.Dariusz-Piekut_PB-3-2048x1279-1.jpg 2048w\" sizes=\"auto, (max-width: 480px) 100vw, 480px\" \/>      <\/div>\n      <h3>11th International Staff Week at Bialystok University of Technology<\/h3>\n      From 4 to 8 December 2023, BUT hosted representatives of universities    <\/a>\n<\/article>\t\t\t\t\t\t<\/div>\n\t\t\t\t\t\t\t\t\t\t\t<div class=\"col-sm-3\">\n\t\t\t\t\t\t\t\n<article class=\"format-standard\">\n    <span class=\"date text-right\"><i class=\"fal fa-calendar-alt\"><\/i> 08-12-2023<\/span>\n    <a href=\"https:\/\/pb.edu.pl\/iro\/2023\/12\/08\/multiplier-event-of-dyl-hp-project\/\">\n      <div class=\"article-image\">\n        <img loading=\"lazy\" decoding=\"async\" width=\"480\" height=\"300\" src=\"https:\/\/pb.edu.pl\/iro\/wp-content\/uploads\/sites\/32\/2023\/12\/2023.12.07_Cyfrowa-Platforma-Zdrowia-Mlodziezy_fot.Dariusz-Piekut_PB-3-2048x1280-1-480x300.jpg\" class=\"attachment-medium-image-16x10 size-medium-image-16x10 wp-post-image\" alt=\"\" srcset=\"https:\/\/pb.edu.pl\/iro\/wp-content\/uploads\/sites\/32\/2023\/12\/2023.12.07_Cyfrowa-Platforma-Zdrowia-Mlodziezy_fot.Dariusz-Piekut_PB-3-2048x1280-1-480x300.jpg 480w, https:\/\/pb.edu.pl\/iro\/wp-content\/uploads\/sites\/32\/2023\/12\/2023.12.07_Cyfrowa-Platforma-Zdrowia-Mlodziezy_fot.Dariusz-Piekut_PB-3-2048x1280-1-300x188.jpg 300w, https:\/\/pb.edu.pl\/iro\/wp-content\/uploads\/sites\/32\/2023\/12\/2023.12.07_Cyfrowa-Platforma-Zdrowia-Mlodziezy_fot.Dariusz-Piekut_PB-3-2048x1280-1-1024x640.jpg 1024w, https:\/\/pb.edu.pl\/iro\/wp-content\/uploads\/sites\/32\/2023\/12\/2023.12.07_Cyfrowa-Platforma-Zdrowia-Mlodziezy_fot.Dariusz-Piekut_PB-3-2048x1280-1-768x480.jpg 768w, https:\/\/pb.edu.pl\/iro\/wp-content\/uploads\/sites\/32\/2023\/12\/2023.12.07_Cyfrowa-Platforma-Zdrowia-Mlodziezy_fot.Dariusz-Piekut_PB-3-2048x1280-1-1536x960.jpg 1536w, https:\/\/pb.edu.pl\/iro\/wp-content\/uploads\/sites\/32\/2023\/12\/2023.12.07_Cyfrowa-Platforma-Zdrowia-Mlodziezy_fot.Dariusz-Piekut_PB-3-2048x1280-1.jpg 2048w\" sizes=\"auto, (max-width: 480px) 100vw, 480px\" \/>      <\/div>\n      <h3>Multiplier event of DYL-HP project<\/h3>\n      On December 7, 2023, an event popularizing the DYL-HP project &#8211;    <\/a>\n<\/article>\t\t\t\t\t\t<\/div>\n\t\t\t\t\t\t\t\t\t\t\t<div class=\"col-sm-3\">\n\t\t\t\t\t\t\t\n<article class=\"format-standard\">\n    <span class=\"date text-right\"><i class=\"fal fa-calendar-alt\"><\/i> 08-12-2023<\/span>\n    <a href=\"https:\/\/pb.edu.pl\/iro\/2023\/12\/08\/bialystok-university-of-technology-fourth-in-poland-in-ui-greenmetric-ranking\/\">\n      <div class=\"article-image\">\n        <img loading=\"lazy\" decoding=\"async\" width=\"480\" height=\"300\" src=\"https:\/\/pb.edu.pl\/iro\/wp-content\/uploads\/sites\/32\/2023\/12\/2023_12_UI_green_metric_2160x1350px-eng-480x300.jpg\" class=\"attachment-medium-image-16x10 size-medium-image-16x10 wp-post-image\" alt=\"\" srcset=\"https:\/\/pb.edu.pl\/iro\/wp-content\/uploads\/sites\/32\/2023\/12\/2023_12_UI_green_metric_2160x1350px-eng-480x300.jpg 480w, https:\/\/pb.edu.pl\/iro\/wp-content\/uploads\/sites\/32\/2023\/12\/2023_12_UI_green_metric_2160x1350px-eng-300x188.jpg 300w, https:\/\/pb.edu.pl\/iro\/wp-content\/uploads\/sites\/32\/2023\/12\/2023_12_UI_green_metric_2160x1350px-eng-1024x640.jpg 1024w, https:\/\/pb.edu.pl\/iro\/wp-content\/uploads\/sites\/32\/2023\/12\/2023_12_UI_green_metric_2160x1350px-eng-768x480.jpg 768w, https:\/\/pb.edu.pl\/iro\/wp-content\/uploads\/sites\/32\/2023\/12\/2023_12_UI_green_metric_2160x1350px-eng-1536x960.jpg 1536w, https:\/\/pb.edu.pl\/iro\/wp-content\/uploads\/sites\/32\/2023\/12\/2023_12_UI_green_metric_2160x1350px-eng-2048x1280.jpg 2048w\" sizes=\"auto, (max-width: 480px) 100vw, 480px\" \/>      <\/div>\n      <h3>Bialystok University of Technology fourth in Poland in UI GreenMetric ranking<\/h3>\n      Bialystok University of Technology applied to the UI GreenMetric ranking.    <\/a>\n<\/article>\t\t\t\t\t\t<\/div>\n\t\t\t\t\t\t\t\t\t\t\t<div class=\"col-sm-3\">\n\t\t\t\t\t\t\t\n<article class=\"format-standard\">\n    <span class=\"date text-right\"><i class=\"fal fa-calendar-alt\"><\/i> 06-12-2023<\/span>\n    <a href=\"https:\/\/pb.edu.pl\/iro\/2023\/12\/06\/the-master-thesis-training-dostepne-dla-studentow-pb\/\">\n      <div class=\"article-image\">\n        <img loading=\"lazy\" decoding=\"async\" width=\"480\" height=\"300\" src=\"https:\/\/pb.edu.pl\/iro\/wp-content\/uploads\/sites\/32\/2023\/12\/Kopia-Kopia-My-university-my-life-1680\u00d71050-px-799\u00d7533-px-480\u00d7320-px-1200\u00d7960-px-480\u00d7320-px-1080-x-675-px-480x300.png\" class=\"attachment-medium-image-16x10 size-medium-image-16x10 wp-post-image\" alt=\"\" srcset=\"https:\/\/pb.edu.pl\/iro\/wp-content\/uploads\/sites\/32\/2023\/12\/Kopia-Kopia-My-university-my-life-1680\u00d71050-px-799\u00d7533-px-480\u00d7320-px-1200\u00d7960-px-480\u00d7320-px-1080-x-675-px-480x300.png 480w, https:\/\/pb.edu.pl\/iro\/wp-content\/uploads\/sites\/32\/2023\/12\/Kopia-Kopia-My-university-my-life-1680\u00d71050-px-799\u00d7533-px-480\u00d7320-px-1200\u00d7960-px-480\u00d7320-px-1080-x-675-px-300x188.png 300w, https:\/\/pb.edu.pl\/iro\/wp-content\/uploads\/sites\/32\/2023\/12\/Kopia-Kopia-My-university-my-life-1680\u00d71050-px-799\u00d7533-px-480\u00d7320-px-1200\u00d7960-px-480\u00d7320-px-1080-x-675-px-1024x640.png 1024w, https:\/\/pb.edu.pl\/iro\/wp-content\/uploads\/sites\/32\/2023\/12\/Kopia-Kopia-My-university-my-life-1680\u00d71050-px-799\u00d7533-px-480\u00d7320-px-1200\u00d7960-px-480\u00d7320-px-1080-x-675-px-768x480.png 768w, https:\/\/pb.edu.pl\/iro\/wp-content\/uploads\/sites\/32\/2023\/12\/Kopia-Kopia-My-university-my-life-1680\u00d71050-px-799\u00d7533-px-480\u00d7320-px-1200\u00d7960-px-480\u00d7320-px-1080-x-675-px.png 1080w\" sizes=\"auto, (max-width: 480px) 100vw, 480px\" \/>      <\/div>\n      <h3>The Master Thesis Training dost\u0119pne dla student\u00f3w PB!<\/h3>\n      Gain additional supervision from an expert on your thesis, develop connections.    <\/a>\n<\/article>\t\t\t\t\t\t<\/div>\n\t\t\t\t\t\t\t\t\t\t\t<div class=\"col-sm-3\">\n\t\t\t\t\t\t\t\n<article class=\"format-standard\">\n    <span class=\"date text-right\"><i class=\"fal fa-calendar-alt\"><\/i> 29-11-2023<\/span>\n    <a href=\"https:\/\/pb.edu.pl\/iro\/2023\/11\/29\/learn-about-holidays-in-the-us\/\">\n      <div class=\"article-image\">\n        <img loading=\"lazy\" decoding=\"async\" width=\"480\" height=\"300\" src=\"https:\/\/pb.edu.pl\/iro\/wp-content\/uploads\/sites\/32\/2023\/11\/2-480x300.png\" class=\"attachment-medium-image-16x10 size-medium-image-16x10 wp-post-image\" alt=\"\" srcset=\"https:\/\/pb.edu.pl\/iro\/wp-content\/uploads\/sites\/32\/2023\/11\/2-480x300.png 480w, https:\/\/pb.edu.pl\/iro\/wp-content\/uploads\/sites\/32\/2023\/11\/2-300x188.png 300w, https:\/\/pb.edu.pl\/iro\/wp-content\/uploads\/sites\/32\/2023\/11\/2-1024x640.png 1024w, https:\/\/pb.edu.pl\/iro\/wp-content\/uploads\/sites\/32\/2023\/11\/2-768x480.png 768w, https:\/\/pb.edu.pl\/iro\/wp-content\/uploads\/sites\/32\/2023\/11\/2.png 1080w\" sizes=\"auto, (max-width: 480px) 100vw, 480px\" \/>      <\/div>\n      <h3>Learn about holidays in the US!<\/h3>\n      Join us for an interdisciplinary lecture series led by Cailyn Stewart!    <\/a>\n<\/article>\t\t\t\t\t\t<\/div>\n\t\t\t\t\t\t\t\t\t\t\t<div class=\"col-sm-3\">\n\t\t\t\t\t\t\t\n<article class=\"format-standard\">\n    <span class=\"date text-right\"><i class=\"fal fa-calendar-alt\"><\/i> 27-11-2023<\/span>\n    <a href=\"https:\/\/pb.edu.pl\/iro\/2023\/11\/27\/christmas-meeting\/\">\n      <div class=\"article-image\">\n        <img loading=\"lazy\" decoding=\"async\" width=\"480\" height=\"300\" src=\"https:\/\/pb.edu.pl\/iro\/wp-content\/uploads\/sites\/32\/2023\/11\/xmas-meeting-480x300.jpg\" class=\"attachment-medium-image-16x10 size-medium-image-16x10 wp-post-image\" alt=\"\" \/>      <\/div>\n      <h3>Christmas Meeting<\/h3>\n      Let's celebrate Christmas time together!    <\/a>\n<\/article>\t\t\t\t\t\t<\/div>\n\t\t\t\t\t\t\t\t\t\t\t<div class=\"col-sm-3\">\n\t\t\t\t\t\t\t\n<article class=\"format-standard\">\n    <span class=\"date text-right\"><i class=\"fal fa-calendar-alt\"><\/i> 24-11-2023<\/span>\n    <a href=\"https:\/\/pb.edu.pl\/iro\/2023\/11\/24\/culinary-workshops-for-international-students-2\/\">\n      <div class=\"article-image\">\n        <img loading=\"lazy\" decoding=\"async\" width=\"480\" height=\"300\" src=\"https:\/\/pb.edu.pl\/iro\/wp-content\/uploads\/sites\/32\/2023\/11\/warsztaty-13-12-480x300.jpg\" class=\"attachment-medium-image-16x10 size-medium-image-16x10 wp-post-image\" alt=\"\" \/>      <\/div>\n      <h3>Culinary workshops for international students<\/h3>\n          <\/a>\n<\/article>\t\t\t\t\t\t<\/div>\n\t\t\t\t\t\t\t\t\t\t\t<div class=\"col-sm-3\">\n\t\t\t\t\t\t\t\n<article class=\"format-standard\">\n    <span class=\"date text-right\"><i class=\"fal fa-calendar-alt\"><\/i> 17-11-2023<\/span>\n    <a href=\"https:\/\/pb.edu.pl\/iro\/2023\/11\/17\/cailyns-office-hours\/\">\n      <div class=\"article-image\">\n        <img loading=\"lazy\" decoding=\"async\" width=\"480\" height=\"300\" src=\"https:\/\/pb.edu.pl\/iro\/wp-content\/uploads\/sites\/32\/2023\/11\/office-hours-480x300.png\" class=\"attachment-medium-image-16x10 size-medium-image-16x10 wp-post-image\" alt=\"\" srcset=\"https:\/\/pb.edu.pl\/iro\/wp-content\/uploads\/sites\/32\/2023\/11\/office-hours-480x300.png 480w, https:\/\/pb.edu.pl\/iro\/wp-content\/uploads\/sites\/32\/2023\/11\/office-hours-300x188.png 300w, https:\/\/pb.edu.pl\/iro\/wp-content\/uploads\/sites\/32\/2023\/11\/office-hours-1024x640.png 1024w, https:\/\/pb.edu.pl\/iro\/wp-content\/uploads\/sites\/32\/2023\/11\/office-hours-768x480.png 768w, https:\/\/pb.edu.pl\/iro\/wp-content\/uploads\/sites\/32\/2023\/11\/office-hours.png 1080w\" sizes=\"auto, (max-width: 480px) 100vw, 480px\" \/>      <\/div>\n      <h3>Cailyn\u2019s office hours<\/h3>\n      Our Fulbright English Teaching Assistant, Cailyn Stewart.    <\/a>\n<\/article>\t\t\t\t\t\t<\/div>\n\t\t\t\t\t\n\t\t\t\t\n\t\t\t\t\t<\/div>\n\t\t\n\t<nav class=\"navigation pagination\" aria-label=\"Posts pagination\">\n\t\t<h2 class=\"screen-reader-text\">Posts pagination<\/h2>\n\t\t<div class=\"nav-links\"><span aria-current=\"page\" class=\"page-numbers current\">1<\/span>\n<a class=\"page-numbers\" href=\"https:\/\/pb.edu.pl\/iro\/wp-json\/wp\/v2\/pages\/26\/page\/2\/\">2<\/a>\n<a class=\"page-numbers\" href=\"https:\/\/pb.edu.pl\/iro\/wp-json\/wp\/v2\/pages\/26\/page\/3\/\">3<\/a>\n<span class=\"page-numbers dots\">&hellip;<\/span>\n<a class=\"page-numbers\" href=\"https:\/\/pb.edu.pl\/iro\/wp-json\/wp\/v2\/pages\/26\/page\/15\/\">15<\/a>\n<a class=\"next page-numbers\" href=\"https:\/\/pb.edu.pl\/iro\/wp-json\/wp\/v2\/pages\/26\/page\/2\/\">Nast\u0119pne<\/a><\/div>\n\t<\/nav>\t\t\t<\/div>\n\n","protected":false},"excerpt":{"rendered":"","protected":false},"author":2,"featured_media":0,"parent":0,"menu_order":1,"comment_status":"closed","ping_status":"closed","template":"","meta":{"_acf_changed":false,"ngg_post_thumbnail":0,"footnotes":""},"class_list":["post-26","page","type-page","status-publish","hentry"],"acf":[],"_links":{"self":[{"href":"https:\/\/pb.edu.pl\/iro\/wp-json\/wp\/v2\/pages\/26","targetHints":{"allow":["GET"]}}],"collection":[{"href":"https:\/\/pb.edu.pl\/iro\/wp-json\/wp\/v2\/pages"}],"about":[{"href":"https:\/\/pb.edu.pl\/iro\/wp-json\/wp\/v2\/types\/page"}],"author":[{"embeddable":true,"href":"https:\/\/pb.edu.pl\/iro\/wp-json\/wp\/v2\/users\/2"}],"replies":[{"embeddable":true,"href":"https:\/\/pb.edu.pl\/iro\/wp-json\/wp\/v2\/comments?post=26"}],"version-history":[{"count":0,"href":"https:\/\/pb.edu.pl\/iro\/wp-json\/wp\/v2\/pages\/26\/revisions"}],"wp:attachment":[{"href":"https:\/\/pb.edu.pl\/iro\/wp-json\/wp\/v2\/media?parent=26"}],"curies":[{"name":"wp","href":"https:\/\/api.w.org\/{rel}","templated":true}]}}