{"id":3628,"date":"2026-04-16T00:07:12","date_gmt":"2026-04-15T22:07:12","guid":{"rendered":"https:\/\/pb.edu.pl\/innobuild2026\/?page_id=3628"},"modified":"2026-04-30T13:17:03","modified_gmt":"2026-04-30T11:17:03","slug":"poster-session-p2","status":"publish","type":"page","link":"https:\/\/pb.edu.pl\/innobuild2026\/about-conference\/conference-program\/poster-session-p2\/","title":{"rendered":"Poster session P2"},"content":{"rendered":"<ol start=\"25\">\n<li><em>Integration of renewable energy sources in urban tissue<\/em><br \/>\nMagda Gawrychowska, Piotr Rynkowski, Dorota Anna Krawczyk<br \/>\nBialystok University of Technology, Poland<\/li>\n<li><em>Indoor air quality in kindergarten under winter conditions: evidence from northern Poland<\/em><br \/>\nBernadetta Lubowicka, Dorota Anna Krawczyk<br \/>\nBialystok University of Technology, Poland<\/li>\n<li><em>The impact of Fischer\u2013Tropsch wax addition on the rheological properties of bitumens<\/em><br \/>\nBiruh Alemayehu Seyoum, Roman Pacholak<br \/>\nBialystok University of Technology, Poland<\/li>\n<li><em>Analysis of thermophysical parameters of the external wall\u2013foundation slab junction in buildings<\/em><br \/>\nCezary Leszczy\u0144ski, Beata Sadowska<br \/>\nBialystok University of Technology, Poland<\/li>\n<li><em>From national policy to campus practice: circular economy\u2013based waste management at the University of Life Sciences &#8220;King Mihai I&#8221; from Timi\u0219oara<\/em><br \/>\nAdina Horablaga, Teodor Vasile Vintil\u0103, Cosmin Alin Popescu, Marius Mo\u0219oarc\u0103, Virgil&nbsp; Dacian Lalescu, Narcis B\u0103ghin\u0103, Alina-Maria \u021aenche-Constantinescu<br \/>\nUniversity of Life Sciences \u201cKing Mihai I\u201d from Timi\u0219oara, Romania<\/li>\n<li><em>Analysis of ecological corridors in the Bia\u0142ystok natural system<\/em><br \/>\nMagdalena Iwaniuk<br \/>\nBialystok University of Technology, Poland<\/li>\n<li><em>Solar Potential at Bialystok University of Technology<\/em><br \/>\nSebastian Kraska<br \/>\nBialystok University of Technology, Poland<\/li>\n<li><em>Assessment of microclimatic and aerodynamic air parameters in ventilation systems of large-panel buildings<\/em><br \/>\nJakub Majewski, Anastazja Czech<br \/>\nBialystok University of Technology, Poland<\/li>\n<li><em>Analysis of HVAC systems regarding the Regulation (EU) 2024\/573<\/em><br \/>\nMicha\u0142 Wysocki<sup>1<\/sup>, Piotr Rynkowski<sup>2<\/sup>, Anna Justyna Werner-Juszczuk<sup>2<\/sup>, Dorota Anna Krawczyk<sup>2<\/sup><br \/>\n<sup>1<\/sup>WSW Heat Pumps, Poland; <sup>2<\/sup>Bialystok University of Technology, Poland<\/li>\n<li><em>Energy transition and spatial fragmentation in South Africa\u2019s peripheral settlements<\/em><br \/>\nKwazi Ngcobo<br \/>\nBialystok University of Technology, Poland<\/li>\n<li><em>The living campus: blending solar innovation with open green spaces<\/em><br \/>\nAntonio Dami\u00e1n Luque Quero, Dorota Gawryluk<br \/>\nBialystok University of Technology, Poland<\/li>\n<li><em>Green energy systems at the core of urban regeneration: addressing green gentrification and energy poverty based on European examples<\/em><br \/>\nAlessia Cantone, Dorota Gawryluk<br \/>\nBialystok University of Technology, Poland<\/li>\n<li><em>Comparison of transmission heat losses for a sample multi-family residential building in different climatic zones of Poland<\/em><br \/>\nYifan Yang, Chenghua Guo, Jiawang Li, Jundi Pei, Ruixi Tu, Naifeng Wang, Agata O\u0142tarzewska<br \/>\nBialystok University of Technology, Poland<\/li>\n<li><em>Comparison of transmission heat losses for a sample multi-family residential building with different levels of building envelope insulation<\/em><br \/>\nYuyuan Li, Qirui Han, Benchuan Jiang, Jinzhe Pi, Junjie Song, Yiming Wei, Agata O\u0142tarzewska<br \/>\nBialystok University of Technology, Poland<\/li>\n<li><em>Analysis and comparison of temperature distribution in building envelope components for a sample multi-family residential building depending on material and structural configurations<\/em><\/strong><br \/>\nPeien Shao, Duhan Li, Keyu Li, Zhengji Liu, Yue Yu, Chifeixiang Zhan, Agata O\u0142tarzewska<br \/>\nBialystok University of Technology, Poland<\/li>\n<li><em>From assessment to action: improving campus building sustainability across Colorado<\/em><br \/>\nRylee Havens, Joe Markey, Mark Adams-Erickson, Lee Wise<br \/>\nBialystok University of Technology, Poland<\/li>\n<li><em>Comparison of selected insulation materials: wood fiber, mineral wool, and expanded polystyrene (EPS)<\/em><br \/>\nNatalia Kulik<br \/>\nBialystok University of Technology, Poland<\/li>\n<li><em>Concrete recycling in construction<\/em><br \/>\nJoanna Neczyperowicz, Natalia Agnieszka Chraniuk<br \/>\nBialystok University of Technology, Poland<\/li>\n<li><em>The impact of heating systems on the quality of life of city residents<\/em><br \/>\nNatalia Agnieszka Chraniuk, Joanna Neczyperowicz<br \/>\nBialystok University of Technology, Poland<\/li>\n<li><em>The impact of renewable energy sources on the energy efficiency of a building on the example of a selected facility in Poland and Spain<\/em><br \/>\nPiotr Rynkowski, Piotr Klepacki, Natalia Kulik<br \/>\nBialystok University of Technology, Poland<\/li>\n<li><em>Efficiency of heat and cold storage in buildings<\/em><br \/>\nEwelina Barnat, Joanna Kraso\u0144, Bo\u017cena Babiarz<br \/>\nRzeszow University of Technology, Poland<\/li>\n<li><em>Assessing the taxonomic utility of DNA barcoding in differentiating the genus Irvingian (hook. F.)<\/em><br \/>\nAdejoke Olukemi Akinyele, Timothy Oluwaseyi Akanji<br \/>\nUniversity of Ibadan, Nigeria<\/li>\n<li><em>Sustainable infrastructure &#8211; green rooftops<\/em><br \/>\nWeronika B\u0119bnowicz, Weronika Potocka, Natalia Pietruczuk, Sebastian Trocki<br \/>\nBialystok University of Technology, Poland<\/li>\n<\/ol>\n","protected":false},"excerpt":{"rendered":"<p>Integration of renewable energy sources in urban tissue Magda Gawrychowska, Piotr Rynkowski, Dorota Anna Krawczyk<\/p>\n","protected":false},"author":2,"featured_media":0,"parent":3119,"menu_order":2,"comment_status":"closed","ping_status":"closed","template":"","meta":{"_acf_changed":false,"ngg_post_thumbnail":0,"footnotes":""},"class_list":["post-3628","page","type-page","status-publish","hentry"],"acf":[],"_links":{"self":[{"href":"https:\/\/pb.edu.pl\/innobuild2026\/wp-json\/wp\/v2\/pages\/3628","targetHints":{"allow":["GET"]}}],"collection":[{"href":"https:\/\/pb.edu.pl\/innobuild2026\/wp-json\/wp\/v2\/pages"}],"about":[{"href":"https:\/\/pb.edu.pl\/innobuild2026\/wp-json\/wp\/v2\/types\/page"}],"author":[{"embeddable":true,"href":"https:\/\/pb.edu.pl\/innobuild2026\/wp-json\/wp\/v2\/users\/2"}],"replies":[{"embeddable":true,"href":"https:\/\/pb.edu.pl\/innobuild2026\/wp-json\/wp\/v2\/comments?post=3628"}],"version-history":[{"count":7,"href":"https:\/\/pb.edu.pl\/innobuild2026\/wp-json\/wp\/v2\/pages\/3628\/revisions"}],"predecessor-version":[{"id":3664,"href":"https:\/\/pb.edu.pl\/innobuild2026\/wp-json\/wp\/v2\/pages\/3628\/revisions\/3664"}],"up":[{"embeddable":true,"href":"https:\/\/pb.edu.pl\/innobuild2026\/wp-json\/wp\/v2\/pages\/3119"}],"wp:attachment":[{"href":"https:\/\/pb.edu.pl\/innobuild2026\/wp-json\/wp\/v2\/media?parent=3628"}],"curies":[{"name":"wp","href":"https:\/\/api.w.org\/{rel}","templated":true}]}}