{"id":2990,"date":"2025-02-12T23:51:43","date_gmt":"2025-02-12T22:51:43","guid":{"rendered":"https:\/\/pb.edu.pl\/innobuild2026\/?page_id=2990"},"modified":"2026-02-13T12:49:48","modified_gmt":"2026-02-13T11:49:48","slug":"accommodation","status":"publish","type":"page","link":"https:\/\/pb.edu.pl\/innobuild2026\/about-conference\/accommodation\/","title":{"rendered":"Accommodation"},"content":{"rendered":"<p>We invite all conference participants to explore the recommended hotels listed below.<\/p>\n<p>These establishments offer comfortable accommodation and are conveniently located either in the city center or near the Bia\u0142ystok University of Technology. When making an individual reservation, please use the password <em>POLITECHNIKA<\/em> to receive a special discount (subject to hotel availability and conditions).<br \/>\n&nbsp;<\/p>\n<p><iframe style=\"width: 100%; height: 450px; border: 0;\" allowfullscreen allow=\"geolocation\" src=\"\/\/umap.openstreetmap.fr\/pl\/map\/politechnika-biaostocka_1324166?#13\/53.1296\/23.1530scaleControl=false&#038;miniMap=false&#038;scrollWheelZoom=false&#038;zoomControl=true&#038;editMode=disabled&#038;moreControl=true&#038;searchControl=null&#038;tilelayersControl=null&#038;embedControl=null&#038;datalayersControl=true&#038;onLoadPanel=none&#038;captionBar=false&#038;captionMenus=true\"><\/iframe><br \/>\n&nbsp;<\/p>\n<p>To make a reservation, please contact your selected hotel directly. Conference participants are responsible for arranging and paying for their own accommodation.<br \/>\n&nbsp;<\/p>\n<p><strong>Accommodation on Campus<\/strong><br \/>\nIf you would prefer to stay on the university campus in a guest room or an apartment, please contact the Head of the Student Residence Halls \u2013 Bia\u0142ystok University of Technology, Ms. Beata Cackowska, directly<\/p>\n<p>Ms. Cackowska will make every effort to find the most suitable solution and assist you in reserving a room or a private apartment.<\/p>\n<p>Check-in and check-out are available 24 hours a day. For late-night arrivals or departures, prior notice is kindly requested.<\/p>\n<p>Address: ul. Wiejska, 15-351 Bia\u0142ystok<br \/>\nPhone: +48 85 746 97 45<br \/>\nE-mail for reservations: b.cackowska@pb.edu.pl<br \/>\nWebsite: <a href=\"https:\/\/akademiki.bialystok.pl\/pokoje-goscinne\/\">akademiki.bialystok.pl\/pokoje-goscinne\/<\/a><br \/>\n&nbsp;<\/p>\n<div class=\"table-responsive\">\n<table class=\"table table-bordered\">\n<thead>\n<tr>\n<td><strong>PRICE LIST FOR ACCOMMODATION IN GUEST ROOMS<br \/>\nSTUDENT RESIDENCE HALLS DELTA AND EPSILON<\/strong><\/td>\n<td width=\"191\"><strong>PRICE FOR STUDENTS AND DOCTORAL STUDENTS, AS WELL AS ERASMUS BUT STUDENTS AND STUDENTS FROM OTHER UNIVERSITIES WITH WHICH BUT HAS A SIGNED ACCOMMODATION AGREEMENT<\/strong><\/td>\n<td><strong>PRICE FOR PERSONS WHO ARE NOT STUDENTS, DOCTORAL STUDENTS, OR ERASMUS BUT STUDENTS \u2013 FIRST THREE NIGHTS<\/strong><\/td>\n<td width=\"191\"><strong>PRICE FOR PERSONS WHO ARE NOT STUDENTS, DOCTORAL STUDENTS, OR ERASMUS BUT STUDENTS \u2013 SUBSEQUENT NIGHTS<\/strong><\/td>\n<\/tr>\n<\/thead>\n<tbody>\n<tr>\n<td><strong>Single room (shared bathroom for two rooms)<\/strong><\/td>\n<td>100 PLN<\/td>\n<td>120 PLN (VAT included)<\/td>\n<td>110 PLN (VAT included)<\/td>\n<\/tr>\n<tr>\n<td><strong>Double room (shared bathroom for two rooms)<\/strong><\/td>\n<td>100 PLN<\/td>\n<td>180 PLN (VAT included)<\/td>\n<td>170 PLN (VAT included)<\/td>\n<\/tr>\n<\/tbody>\n<\/table>\n<\/div>\n<hr>\n<p><strong>Hotel Opera Bia\u0142ystok<\/strong> is an intimate property offering accommodation, conference, and catering services. We provide our Guests with 50 rooms, a restaurant, and 3 conference and training rooms. The property features a monitored parking lot, an elevator, and wireless internet access. Hotel Opera guarantees exquisite cuisine, stylish interiors, and a unique atmosphere.<\/p>\n<p>Conference participants can receive a <strong>15% discount<\/strong> on individual reservations by using the password POLITECHNIKA.<\/p>\n<p>Check-in is from 3:00 PM and check-out is until 11:00 AM.<\/p>\n<p>Address: ul. Kijowska 5, 15-410 Bia\u0142ystok<br \/>\nPhone: +48 85 685 59 00<br \/>\nMobile: +48 501 456 793<br \/>\nE-mail for reservations: <i class=\"fal fa-envelope\"><\/i> <a href=\"#\" rel=\"nofollow\"  onclick=\"this.href='mailto:' + 'hotel' + '@' + 'hotel-opera.pl'\">hotel [at] hotel-opera.pl<\/a>\n<p>www: <a href=\"https:\/\/hotel-opera.pl\/en\/\">hotel-opera.pl\/en\/<\/a><\/p>\n<hr>\n<p><strong>Hotel Go\u0142\u0119biewski Bia\u0142ystok<\/strong> is a prominent property offering extensive accommodation, conference, catering, and leisure services, including a free water park. We provide our Guests with 200 comfortable rooms and suites, two restaurants, a caf\u00e9, and comprehensive meeting and banquet facilities (including a large Congress Hall). The property features free wireless internet access (Wi-Fi), elevators, a paid private parking lot and a 24-hour front desk. Guests enjoy free access to the Tropikana Water Park (with indoor pools, slides, saunas, hot tubs and gym), a spa, and a nightclub.<\/p>\n<p>Hotel Go\u0142\u0119biewski Bia\u0142ystok guarantees excellent cuisine, a wealth of amenities, and a lively atmosphere perfect for both leisure and business stays.<\/p>\n<p>Conference participants can receive a <strong>15% discount<\/strong> on individual reservations by using the password POLITECHNIKA.<\/p>\n<p>Check-in is from 3:00 PM, and check-out is until 12:00 PM (noon).<\/p>\n<p>Address: ul. Pa\u0142acowa 7, 15-064 Bia\u0142ystok<br \/>\nPhone: +48 85&nbsp;678 25 00<br \/>\nMobile: +48&nbsp;503&nbsp;011&nbsp;800<br \/>\nE-mail for reservations: <i class=\"fal fa-envelope\"><\/i> <a href=\"#\" rel=\"nofollow\"  onclick=\"this.href='mailto:' + 'bialystok' + '@' + 'golebiewski.pl'\">bialystok [at] golebiewski.pl<\/a>\n<p>www: <a href=\"https:\/\/www.golebiewski.pl\/en\/bialystok\">www.golebiewski.pl\/en\/bialystok<\/a><\/p>\n<hr>\n<p><strong>The Hampton by Hilton Bia\u0142ystok<\/strong> is located in the heart of the city, in a quiet corner of the prestigious Lipowa Street. All of the city&#8217;s main tourist attractions are within a 15-minute walk. We offer 122 rooms, including connecting rooms, perfect for groups of friends, and rooms with disabled access. Guests can enjoy a restaurant, a 24-hour bar, a 24-hour fitness center, and 5 conference rooms. The property features a underground parking, an elevator, Wi-Fi and a spacious lobby perfect for morning coffee. The Hampton by Hilton Bia\u0142ystok guarantee a menu featuring regional dishes, breakfast is always included in the room rate, and pets are welcome.<\/p>\n<p>Conference participants can receive a <strong>10% discount<\/strong> on individual reservations by using the password POLITECHNIKA.<\/p>\n<p>Check-in is from 3:00 PM and check-out is until 12:00 PM.<\/p>\n<p>Address: ul. Wislawy Szymborskiej 2, 15-424 Bialystok<br \/>\nPhone: +48 85&nbsp;777 00 00<br \/>\nMobile: +48&nbsp;600&nbsp;449 021<br \/>\nE-mail for reservations: <i class=\"fal fa-envelope\"><\/i> <a href=\"#\" rel=\"nofollow\"  onclick=\"this.href='mailto:' + 'reservation' + '@' + 'hamptonbialystok.pl'\">reservation [at] hamptonbialystok.pl<\/a>\n<p>www: <a href=\"https:\/\/www.hilton.com\/pl\/hotels\/wmibihx-hampton-bialystok\/?WT.mc_id=zINDA0EMEA1MB2PSH3Paid_ggl4ACBI_Brand_Destination5dkt6MULTIBR7PL8i81487387_121127637_17309647418&amp;&amp;&amp;&amp;&amp;gclsrc=aw.ds&amp;gad_source=1&amp;gad_campaignid=17309647418&amp;gbraid=0AAAAADnjLGMmURRyIi2Y-KiEFERYsenwD&amp;gclid=CjwKCAiAw9vIBhBBEiwAraSATigGXbx7CTfShza_6YcMdBI4xcS3BLMZlBIDiCUFs8IAfTPLsrBZfRoCQj8QAvD_BwE\">https:\/\/www.hilton.com\/pl\/hotels\/wmibihx-hampton-bialystok\/<\/a><\/p>\n<hr>\n<p><strong>The Hotel Branicki<\/strong> offers its guests 30 individually designed rooms and 2 suites (HETMAN SUITE and ROSE SUITE) with unique interiors. Each room guarantees a very high standard with top quality furniture. The Hotel is adapted for disabled Guests. Guests have also at their disposal the ORANGERY Restaurant, Havana Cigar Club and the Hotel Beauty Centre. The Hotel also features 2 conference rooms, \u201cJan Klemens\u201d and \u201cIzabela\u201d, which can hold up 100 participants, fitted with most modern equipment that can be used for training sessions and conferences.<\/p>\n<p>Conference participants can receive a <strong>10% discount<\/strong> on individual reservations by using the password POLITECHNIKA.<\/p>\n<p>Check-in is from 02:00 PM, and check-out is until 12:00 PM.<\/p>\n<p>Address: ul. Zamenhofa 25, 15-435 Bia\u0142ystok<br \/>\nPhone: +48 85 665 25 00<br \/>\nMobile: +48 697 092 479<br \/>\nE-mail for reservations: <i class=\"fal fa-envelope\"><\/i> <a href=\"#\" rel=\"nofollow\"  onclick=\"this.href='mailto:' + 'recepcja' + '@' + 'hotelbranicki.com'\">recepcja [at] hotelbranicki.com<\/a>\n<p>www: <a href=\"https:\/\/www.hotelbranicki.com\/en\">www.hotelbranicki.com\/en<\/a><\/p>\n<hr>\n<p><strong>Villa Pastel<\/strong> is located in the center of Bia\u0142ystok and offers a wellness area featuring dry, steam, and infrared saunas, as well as a salt grotto. Guests can enjoy complimentary Wi-Fi and free private parking. All rooms and apartments are individually decorated and equipped with a TV, telephone, and antique furniture. Guests are welcomed with a bottle of mineral water and a jar of regional mushrooms. The on-site restaurant, <em>Paleta Smak\u00f3w<\/em>, specializes in Polish and Italian cuisine and serves breakfast every morning.<\/p>\n<p>Conference participants can receive a <strong>10% discount<\/strong> on individual reservations by using the password <strong>POLITECHNIKA<\/strong>.<\/p>\n<p>Check-in is from 02:00 PM, and check-out is until 10:00 PM.<\/p>\n<p>Address: ul. Waszyngtona 24A, 15-269 Bia\u0142ystok<br \/>\nPhone: +48 85&nbsp;748 60 60<br \/>\nMobile: +48&nbsp;600 28 809<br \/>\nE-mail for reservations: <i class=\"fal fa-envelope\"><\/i> <a href=\"#\" rel=\"nofollow\"  onclick=\"this.href='mailto:' + 'pastel' + '@' + 'kasol.com.pl'\">pastel [at] kasol.com.pl<\/a>\n<p>www: <a href=\"https:\/\/pastel.kasol.com.pl\/en\/\">pastel.kasol.com.pl\/en\/<\/a><\/p>\n<hr>\n<p><strong>Hotel Kamienica Boutigue ApartHotel<\/strong> an intimate facility in the center of the city with a stylish interior design. We provide our Guests with 20 rooms, a restaurant. The property features a monitored free parking lot and wireless internet access.<br \/>\nHotel Kamienica Boutigue ApartHotel guarantees exquisite cuisine, stylish interiors, and a unique atmosphere.<\/p>\n<p>Conference participants can receive a <strong>10% discount<\/strong> on individual reservations by using the password <strong>POLITECHNIKA<\/strong>.<\/p>\n<p>Check-in is from 3:00 PM, and check-out is until 11:00 AM.<\/p>\n<p>Address: ul. Sienkiewiccza 24, 15-092 Bia\u0142ystok<br \/>\nPhone: +48 888 888&nbsp;777<br \/>\nMobile: +48 790 500&nbsp;095<br \/>\nE-mail for reservations: <i class=\"fal fa-envelope\"><\/i> <a href=\"#\" rel=\"nofollow\"  onclick=\"this.href='mailto:' + 'recepcja' + '@' + 'kamienica.bialystok.pl'\">recepcja [at] kamienica.bialystok.pl<\/a>\n<p>www: <a href=\"https:\/\/kamienica.bialystok.pl\/\">kamienica.bialystok.pl\/<\/a><\/p>\n<hr>\n<p><strong>Hotel ibis Styles Bialystok<\/strong> is located in the center of Bia\u0142ystok, 300 metres from the cathedral and 750 metres from the Branicki Palace. Ko\u015bciuszko Market Square and the Army Museum are 400 metres from the property. The hotel features a restaurant and a bar, and offers free WiFi throughout the premises. Guests also have free access to a fitness club and a sauna.<\/p>\n<p>All rooms are equipped with air conditioning, a flat-screen TV, and a kettle with a selection of teas. Each room has a bathroom with a shower and a hairdryer<\/p>\n<p>Conference participants can receive a <strong>10% discount<\/strong> on individual reservations by using the password <strong>POLITECHNIKA<\/strong>.<\/p>\n<p>Check-in is from 3:00 PM, and check-out is until 12:00 PM.<\/p>\n<p>Address: Aleja J\u00f3zefa Pi\u0142sudskiego 25, 15-444 Bia\u0142ystok<br \/>\nPhone: +48 85 877 25 00<br \/>\nMobile: +48 519 689 280<br \/>\nE-mail for reservations: <i class=\"fal fa-envelope\"><\/i> <a href=\"#\" rel=\"nofollow\"  onclick=\"this.href='mailto:' + 'H9062' + '@' + 'accor.com'\">H9062 [at] accor.com<\/a>\n<p>www: <a href=\"https:\/\/ibisstylesbialystok.pl\/en\/\">ibisstylesbialystok.pl\/en\/<\/a><\/p>\n<hr>\n<p><strong>Hotel Pod Herbem<\/strong>&nbsp;is an intimate and unique property that provides its Guests with the perfect conditions for both work and leisure. A stay at our hotel guarantees wonderful relaxation, an extraordinary atmosphere, and unforgettable moments.<br \/>\nIt is located in close proximity to Zwierzyniecki Park, which offers a variety of opportunities for physically active people, such as jogging paths, cycling routes, and tennis courts. Hotel offer our Guests spacious, comfortable rooms in the Standard, Deluxe, and Superior categories.<\/p>\n<p>Conference participants can receive a <strong>10 PLN discount<\/strong> on individual reservations by using the password <strong>POLITECHNIKA<\/strong> <strong>HOTEL<\/strong>.<\/p>\n<p>Check-in is from 02:00 PM, and check-out is until 12:00 PM.<\/p>\n<p>Address: ul. Wiejska 49, 15-351 Bia\u0142ystok<br \/>\nPhone: +48 85 742 24 30<br \/>\nMobile: +48 504 049 426<br \/>\nE-mail for reservations: <i class=\"fal fa-envelope\"><\/i> <a href=\"#\" rel=\"nofollow\"  onclick=\"this.href='mailto:' + 'recepcja' + '@' + 'hotel-podherbem.pl'\">recepcja [at] hotel-podherbem.pl<\/a>\n<p>www: <a href=\"http:\/\/www.hotel-podherbem.pl\/\">www.hotel-podherbem.pl<\/a><\/p>\n","protected":false},"excerpt":{"rendered":"<p>We invite all conference participants to explore the recommended hotels listed below. These establishments offer<\/p>\n","protected":false},"author":2,"featured_media":0,"parent":2675,"menu_order":5,"comment_status":"closed","ping_status":"closed","template":"","meta":{"_acf_changed":false,"ngg_post_thumbnail":0,"footnotes":""},"class_list":["post-2990","page","type-page","status-publish","hentry"],"acf":[],"_links":{"self":[{"href":"https:\/\/pb.edu.pl\/innobuild2026\/wp-json\/wp\/v2\/pages\/2990","targetHints":{"allow":["GET"]}}],"collection":[{"href":"https:\/\/pb.edu.pl\/innobuild2026\/wp-json\/wp\/v2\/pages"}],"about":[{"href":"https:\/\/pb.edu.pl\/innobuild2026\/wp-json\/wp\/v2\/types\/page"}],"author":[{"embeddable":true,"href":"https:\/\/pb.edu.pl\/innobuild2026\/wp-json\/wp\/v2\/users\/2"}],"replies":[{"embeddable":true,"href":"https:\/\/pb.edu.pl\/innobuild2026\/wp-json\/wp\/v2\/comments?post=2990"}],"version-history":[{"count":4,"href":"https:\/\/pb.edu.pl\/innobuild2026\/wp-json\/wp\/v2\/pages\/2990\/revisions"}],"predecessor-version":[{"id":3566,"href":"https:\/\/pb.edu.pl\/innobuild2026\/wp-json\/wp\/v2\/pages\/2990\/revisions\/3566"}],"up":[{"embeddable":true,"href":"https:\/\/pb.edu.pl\/innobuild2026\/wp-json\/wp\/v2\/pages\/2675"}],"wp:attachment":[{"href":"https:\/\/pb.edu.pl\/innobuild2026\/wp-json\/wp\/v2\/media?parent=2990"}],"curies":[{"name":"wp","href":"https:\/\/api.w.org\/{rel}","templated":true}]}}