{"id":2931,"date":"2025-01-29T16:27:36","date_gmt":"2025-01-29T15:27:36","guid":{"rendered":"https:\/\/pb.edu.pl\/innobuild2026\/?page_id=2931"},"modified":"2026-02-05T08:44:38","modified_gmt":"2026-02-05T07:44:38","slug":"proceedings-and-full-papers","status":"publish","type":"page","link":"https:\/\/pb.edu.pl\/innobuild2026\/for-authors\/proceedings-and-full-papers\/","title":{"rendered":"Proceedings and full papers"},"content":{"rendered":"<div class=\"h2\">Abstract<\/div>\n<p><strong>A one-page abstract<\/strong> will be published in the Conference Proceedings in electronic version.<\/p>\n<p><a href=\"https:\/\/pb.edu.pl\/innobuild2026\/abstract-and-monograph-chapter\/\" title=\"Abstract &#038; Monograph chapter\">Download Abstract template &#038; Upload Your Abstract<\/a><\/p>\n<div class=\"h2\">Full papers<\/div>\n<p>Accepted full papers (4-8 pages) submitted to the conference after external review will be published in <strong>MONOGRAPH<\/strong> (with ISBN and DOI) by Publishing House of Bialystok University of Technology and available in the open access.<\/p>\n<p><a href=\"https:\/\/pb.edu.pl\/innobuild2026\/abstract-and-monograph-chapter\/\" title=\"Abstract &#038; Monograph chapter\">Download Monograph chapter template &#038; Upload Your Monograph chapter<\/a><\/p>\n<p>Alternatively, the papers may be published, after passing the additional review procedure, in the following scored journals (in same cases additional fee will be required):<\/p>\n<ul>\n<li>COW (CIEP\u0141OWNICTWO,OGRZEWNICTWO I WENTYLACJA), ISSN 0137-3676, e-ISSN 2449-9900<\/li>\n<li>Environment and Economics, ISSN 2957-0387, e-ISSN 2957-0395, IF (2023): 1.0<\/li>\n<li><a href=\"https:\/\/www.mdpi.com\/journal\/energies\/special_issues\/37H3LE86R0\">Energies<\/a>,  ISSN: 1996-1073, IF (2024): 3.2<\/li>\n<li>INSTAL, ISSN 1640-8160, e-ISSN 2956-6738<\/li>\n<li>IN\u017bYNIERIA BEZPIECZE\u0143STWA OBIEKT\u00d3W ANTROPOGENICZNYCH ISSN 2450-1859, e-ISSN 2450-8721<\/li>\n<li>MODERN ENGINEERING, ISSN: 2450-5501<\/li>\n<li>RYNEK INSTALACYJNY, ISSN 1230-9540<\/li>\n<li>SAFETY &#038; DEFENSE, ISSN 2450- 1859 e-ISSN 2450-8721<\/li>\n<li><a href=\"https:\/\/www.mdpi.com\/journal\/sustainability\/special_issues\/8TGFUBR2VT\">Sustainability<\/a>, ISSN: 2071-1050, IF (2024): 3.3<\/li>\n<\/ul>\n","protected":false},"excerpt":{"rendered":"<p>Abstract A one-page abstract will be published in the Conference Proceedings in electronic version. Download<\/p>\n","protected":false},"author":2,"featured_media":0,"parent":2642,"menu_order":0,"comment_status":"closed","ping_status":"closed","template":"","meta":{"_acf_changed":false,"ngg_post_thumbnail":0,"footnotes":""},"class_list":["post-2931","page","type-page","status-publish","hentry"],"acf":[],"_links":{"self":[{"href":"https:\/\/pb.edu.pl\/innobuild2026\/wp-json\/wp\/v2\/pages\/2931","targetHints":{"allow":["GET"]}}],"collection":[{"href":"https:\/\/pb.edu.pl\/innobuild2026\/wp-json\/wp\/v2\/pages"}],"about":[{"href":"https:\/\/pb.edu.pl\/innobuild2026\/wp-json\/wp\/v2\/types\/page"}],"author":[{"embeddable":true,"href":"https:\/\/pb.edu.pl\/innobuild2026\/wp-json\/wp\/v2\/users\/2"}],"replies":[{"embeddable":true,"href":"https:\/\/pb.edu.pl\/innobuild2026\/wp-json\/wp\/v2\/comments?post=2931"}],"version-history":[{"count":3,"href":"https:\/\/pb.edu.pl\/innobuild2026\/wp-json\/wp\/v2\/pages\/2931\/revisions"}],"predecessor-version":[{"id":3553,"href":"https:\/\/pb.edu.pl\/innobuild2026\/wp-json\/wp\/v2\/pages\/2931\/revisions\/3553"}],"up":[{"embeddable":true,"href":"https:\/\/pb.edu.pl\/innobuild2026\/wp-json\/wp\/v2\/pages\/2642"}],"wp:attachment":[{"href":"https:\/\/pb.edu.pl\/innobuild2026\/wp-json\/wp\/v2\/media?parent=2931"}],"curies":[{"name":"wp","href":"https:\/\/api.w.org\/{rel}","templated":true}]}}