{"id":2616,"date":"2025-01-12T21:17:53","date_gmt":"2025-01-12T20:17:53","guid":{"rendered":"https:\/\/pb.edu.pl\/innobuild2026\/?page_id=2616"},"modified":"2026-04-07T15:40:48","modified_gmt":"2026-04-07T13:40:48","slug":"patronages","status":"publish","type":"page","link":"https:\/\/pb.edu.pl\/innobuild2026\/about-conference\/patronages\/","title":{"rendered":"Patronages &#038; Sponsors"},"content":{"rendered":"<div class=\"h1 text-center\">Main Sponsor<\/div>\n<div class=\"organizer-logos\">\n<a class=\"organizer-logos-item\" href=\"https:\/\/www.akces.info.pl\/en\/index.html\" target=\"_blank\" rel=\"noopener\"><img loading=\"lazy\" decoding=\"async\" src=\"https:\/\/pb.edu.pl\/innobuild2026\/wp-content\/uploads\/sites\/160\/2026\/01\/AKCES-BK-logo-_-v-podstawowa.png\" alt=\"logo AKCES\" width=\"800\" height=\"323\" class=\"alignnone size-full wp-image-3528\" srcset=\"https:\/\/pb.edu.pl\/innobuild2026\/wp-content\/uploads\/sites\/160\/2026\/01\/AKCES-BK-logo-_-v-podstawowa.png 800w, https:\/\/pb.edu.pl\/innobuild2026\/wp-content\/uploads\/sites\/160\/2026\/01\/AKCES-BK-logo-_-v-podstawowa-300x121.png 300w, https:\/\/pb.edu.pl\/innobuild2026\/wp-content\/uploads\/sites\/160\/2026\/01\/AKCES-BK-logo-_-v-podstawowa-768x310.png 768w\" sizes=\"auto, (max-width: 800px) 100vw, 800px\" \/><\/a>\n<\/div>\n<div class=\"h1 text-center\">Sponsors<\/div>\n<div class=\"organizer-logos\">\n<a class=\"organizer-logos-item\" href=\"https:\/\/en.sankom.net\/\" target=\"_blank\" rel=\"noopener\"><img loading=\"lazy\" decoding=\"async\" src=\"https:\/\/pb.edu.pl\/innobuild2026\/wp-content\/uploads\/sites\/160\/2025\/12\/sankom.jpg\" alt=\"logo sankom\" width=\"822\" height=\"362\" class=\"alignnone size-full wp-image-3513\" srcset=\"https:\/\/pb.edu.pl\/innobuild2026\/wp-content\/uploads\/sites\/160\/2025\/12\/sankom.jpg 822w, https:\/\/pb.edu.pl\/innobuild2026\/wp-content\/uploads\/sites\/160\/2025\/12\/sankom-300x132.jpg 300w, https:\/\/pb.edu.pl\/innobuild2026\/wp-content\/uploads\/sites\/160\/2025\/12\/sankom-768x338.jpg 768w\" sizes=\"auto, (max-width: 822px) 100vw, 822px\" \/><\/a><br \/>\n<a class=\"organizer-logos-item\" href=\"https:\/\/www.facebook.com\/profile.php?id=61587158865725\" target=\"_blank\" rel=\"noopener\"><img loading=\"lazy\" decoding=\"async\" src=\"https:\/\/pb.edu.pl\/innobuild2026\/wp-content\/uploads\/sites\/160\/2026\/02\/logo-wsw.jpg\" alt=\"WSW Pompy Ciep\u0142a logo\" width=\"904\" height=\"248\" class=\"alignnone size-full wp-image-3557\" srcset=\"https:\/\/pb.edu.pl\/innobuild2026\/wp-content\/uploads\/sites\/160\/2026\/02\/logo-wsw.jpg 904w, https:\/\/pb.edu.pl\/innobuild2026\/wp-content\/uploads\/sites\/160\/2026\/02\/logo-wsw-300x82.jpg 300w, https:\/\/pb.edu.pl\/innobuild2026\/wp-content\/uploads\/sites\/160\/2026\/02\/logo-wsw-768x211.jpg 768w\" sizes=\"auto, (max-width: 904px) 100vw, 904px\" \/><\/a><br \/>\n<a class=\"organizer-logos-item\" href=\"https:\/\/www.facebook.com\/FppEnviro\/?locale=pl_PL\" target=\"_blank\" rel=\"noopener\"><img loading=\"lazy\" decoding=\"async\" style=\"margin-top:40px\" src=\"https:\/\/pb.edu.pl\/innobuild2026\/wp-content\/uploads\/sites\/160\/2026\/03\/LOGO_FPP-rgb-1000px.jpg\" alt=\"logo FPP Enviro\" width=\"797\" height=\"331\" class=\"alignnone size-full wp-image-3572\" srcset=\"https:\/\/pb.edu.pl\/innobuild2026\/wp-content\/uploads\/sites\/160\/2026\/03\/LOGO_FPP-rgb-1000px.jpg 797w, https:\/\/pb.edu.pl\/innobuild2026\/wp-content\/uploads\/sites\/160\/2026\/03\/LOGO_FPP-rgb-1000px-300x125.jpg 300w, https:\/\/pb.edu.pl\/innobuild2026\/wp-content\/uploads\/sites\/160\/2026\/03\/LOGO_FPP-rgb-1000px-768x319.jpg 768w\" sizes=\"auto, (max-width: 797px) 100vw, 797px\" \/><\/a><br \/>\n<a class=\"organizer-logos-item\" href=\"https:\/\/bojar.com.pl\/en\/glass-hardening-plant\/\" target=\"_blank\" rel=\"noopener\"><img loading=\"lazy\" decoding=\"async\" style=\"margin-top:40px\" src=\"https:\/\/pb.edu.pl\/innobuild2026\/wp-content\/uploads\/sites\/160\/2026\/04\/bojar_logo_cmyk_red_black_duo_300dpi.jpg\" alt=\"Bojar Glass\" width=\"1024\" height=\"703\" class=\"alignnone size-full wp-image-3578\" srcset=\"https:\/\/pb.edu.pl\/innobuild2026\/wp-content\/uploads\/sites\/160\/2026\/04\/bojar_logo_cmyk_red_black_duo_300dpi.jpg 1024w, https:\/\/pb.edu.pl\/innobuild2026\/wp-content\/uploads\/sites\/160\/2026\/04\/bojar_logo_cmyk_red_black_duo_300dpi-300x206.jpg 300w, https:\/\/pb.edu.pl\/innobuild2026\/wp-content\/uploads\/sites\/160\/2026\/04\/bojar_logo_cmyk_red_black_duo_300dpi-768x527.jpg 768w\" sizes=\"auto, (max-width: 1024px) 100vw, 1024px\" \/><\/a>\n<\/div>\n<div class=\"h1 text-center\">Honorary Patronage<\/div>\n<div class=\"organizer-logos\">\n<a class=\"honorowy-logos-item\" href=\"https:\/\/podlaskie.eu\/\" target=\"_blank\" rel=\"noopener\"><img loading=\"lazy\" decoding=\"async\" src=\"https:\/\/pb.edu.pl\/innobuild2026\/wp-content\/uploads\/sites\/160\/2026\/01\/HERB-z-podpisem.jpg\" alt=\"logo wojew\u00f3dztwo podlaskie\" width=\"975\" height=\"639\" class=\"alignnone size-full wp-image-3530\" \/><\/a>\n<\/div>\n<div class=\"organizer-logos\">\n<a class=\"organizer-logos-item\" href=\"https:\/\/pb.edu.pl\/en\/university\/university-authorities\/\" target=\"_blank\" rel=\"noopener\"><img loading=\"lazy\" decoding=\"async\" style=\"padding: 0 20px 20px 20px\" class=\"alignnone size-full wp-image-3346\" src=\"https:\/\/pb.edu.pl\/innobuild2026\/wp-content\/uploads\/sites\/160\/2025\/11\/Patronat-Rektor-PB-eng-kolor-podstawowy.png\" alt=\"patronage of the rector of bia\u0142ystok university of technology\" width=\"594\" height=\"112\" srcset=\"https:\/\/pb.edu.pl\/innobuild2026\/wp-content\/uploads\/sites\/160\/2025\/11\/Patronat-Rektor-PB-eng-kolor-podstawowy.png 594w, https:\/\/pb.edu.pl\/innobuild2026\/wp-content\/uploads\/sites\/160\/2025\/11\/Patronat-Rektor-PB-eng-kolor-podstawowy-300x57.png 300w\" sizes=\"auto, (max-width: 594px) 100vw, 594px\" \/><\/a>\n<\/div>\n<div class=\"organizer-logos\">\n<a class=\"partnerzy-logos-item\" href=\"https:\/\/climate-pact.europa.eu\/index_en\" target=\"_blank\" rel=\"noopener\"><img loading=\"lazy\" decoding=\"async\" src=\"https:\/\/pb.edu.pl\/innobuild2026\/wp-content\/uploads\/sites\/160\/2025\/11\/Climate-Pact_Graphic-Mark_Green-300px.png\" alt=\"logo European Climate Pact\" width=\"300\" height=\"284\" class=\"alignnone size-full wp-image-3355\" \/><\/a><br \/>\n<a class=\"partnerzy-logos-item\" href=\"https:\/\/www.crb.com.pl\/\" target=\"_blank\" rel=\"noopener\"><img loading=\"lazy\" decoding=\"async\" class=\"alignnone size-full wp-image-3351\" src=\"https:\/\/pb.edu.pl\/innobuild2026\/wp-content\/uploads\/sites\/160\/2025\/11\/logo-CRB-27x27-1.jpg\" alt=\"logo Centrum Rzeczoznawstwa Budowlanego\" width=\"321\" height=\"321\" srcset=\"https:\/\/pb.edu.pl\/innobuild2026\/wp-content\/uploads\/sites\/160\/2025\/11\/logo-CRB-27x27-1.jpg 321w, https:\/\/pb.edu.pl\/innobuild2026\/wp-content\/uploads\/sites\/160\/2025\/11\/logo-CRB-27x27-1-300x300.jpg 300w, https:\/\/pb.edu.pl\/innobuild2026\/wp-content\/uploads\/sites\/160\/2025\/11\/logo-CRB-27x27-1-150x150.jpg 150w\" sizes=\"auto, (max-width: 321px) 100vw, 321px\" \/><\/a><br \/>\n<a class=\"partnerzy-logos-item\" href=\"http:\/\/sitpmb.pl\/\" target=\"_blank\" rel=\"noopener\"><img loading=\"lazy\" decoding=\"async\" src=\"https:\/\/pb.edu.pl\/innobuild2026\/wp-content\/uploads\/sites\/160\/2025\/11\/logo-SITPMB-300px.jpg\" alt=\"SITPMB Stowarzyszenia In\u017cynier\u00f3w i Technik\u00f3w Przemys\u0142u Materia\u0142\u00f3w Budowlanych  Federacji Stowarzysze\u0144 Naukowo-Technicznych NOT\" width=\"300\" height=\"218\" class=\"alignnone size-full wp-image-3357\" \/><\/a><br \/>\n<a class=\"partnerzy-logos-item\" href=\"https:\/\/psribs.pl\/\" target=\"_blank\" rel=\"noopener\"><img loading=\"lazy\" decoding=\"async\" src=\"https:\/\/pb.edu.pl\/innobuild2026\/wp-content\/uploads\/sites\/160\/2025\/11\/logo_PSRiBS.jpg\" alt=\"logo Polskie Stowarzyszenie Rzeczoznawc\u00f3w i Bieg\u0142ych S\u0105dowych zrzesza rzeczoznawc\u00f3w i bieg\u0142ych s\u0105dowych\" width=\"800\" height=\"800\" class=\"alignnone size-full wp-image-3359\" srcset=\"https:\/\/pb.edu.pl\/innobuild2026\/wp-content\/uploads\/sites\/160\/2025\/11\/logo_PSRiBS.jpg 800w, https:\/\/pb.edu.pl\/innobuild2026\/wp-content\/uploads\/sites\/160\/2025\/11\/logo_PSRiBS-300x300.jpg 300w, https:\/\/pb.edu.pl\/innobuild2026\/wp-content\/uploads\/sites\/160\/2025\/11\/logo_PSRiBS-150x150.jpg 150w, https:\/\/pb.edu.pl\/innobuild2026\/wp-content\/uploads\/sites\/160\/2025\/11\/logo_PSRiBS-768x768.jpg 768w\" sizes=\"auto, (max-width: 800px) 100vw, 800px\" \/><\/a><br \/>\n<a class=\"partnerzy-logos-item\" href=\"http:\/\/ibpsa-poland.org\/\" target=\"_blank\" rel=\"noopener\"><img loading=\"lazy\" decoding=\"async\" src=\"https:\/\/pb.edu.pl\/innobuild2026\/wp-content\/uploads\/sites\/160\/2025\/11\/ibpsa-logo.jpg\" alt=\"ibpsa logo\" width=\"771\" height=\"885\" class=\"alignnone size-full wp-image-3434\" srcset=\"https:\/\/pb.edu.pl\/innobuild2026\/wp-content\/uploads\/sites\/160\/2025\/11\/ibpsa-logo.jpg 771w, https:\/\/pb.edu.pl\/innobuild2026\/wp-content\/uploads\/sites\/160\/2025\/11\/ibpsa-logo-261x300.jpg 261w, https:\/\/pb.edu.pl\/innobuild2026\/wp-content\/uploads\/sites\/160\/2025\/11\/ibpsa-logo-768x882.jpg 768w\" sizes=\"auto, (max-width: 771px) 100vw, 771px\" \/><\/a><br \/>\n<a class=\"organizer-logos-item\" href=\"http:\/\/spak.upwr.edu.pl\/index.html\" target=\"_blank\" rel=\"noopener\"><img loading=\"lazy\" decoding=\"async\" src=\"https:\/\/pb.edu.pl\/innobuild2026\/wp-content\/uploads\/sites\/160\/2025\/11\/spak.png\" alt=\"Logo SPAK\" width=\"751\" height=\"229\" class=\"alignnone size-full wp-image-3465\" srcset=\"https:\/\/pb.edu.pl\/innobuild2026\/wp-content\/uploads\/sites\/160\/2025\/11\/spak.png 751w, https:\/\/pb.edu.pl\/innobuild2026\/wp-content\/uploads\/sites\/160\/2025\/11\/spak-300x91.png 300w\" sizes=\"auto, (max-width: 751px) 100vw, 751px\" \/><\/a><br \/>\n<a class=\"partnerzy-logos-item\" href=\"https:\/\/pzitb.com.pl\/\" target=\"_blank\" rel=\"noopener\"><img loading=\"lazy\" decoding=\"async\" src=\"https:\/\/pb.edu.pl\/innobuild2026\/wp-content\/uploads\/sites\/160\/2025\/11\/PZITB_R_logo_biale_tlo_litery.png\" alt=\"logo PZITB\" width=\"1200\" height=\"839\" class=\"alignnone size-full wp-image-3493\" srcset=\"https:\/\/pb.edu.pl\/innobuild2026\/wp-content\/uploads\/sites\/160\/2025\/11\/PZITB_R_logo_biale_tlo_litery.png 1200w, https:\/\/pb.edu.pl\/innobuild2026\/wp-content\/uploads\/sites\/160\/2025\/11\/PZITB_R_logo_biale_tlo_litery-300x210.png 300w, https:\/\/pb.edu.pl\/innobuild2026\/wp-content\/uploads\/sites\/160\/2025\/11\/PZITB_R_logo_biale_tlo_litery-1024x716.png 1024w, https:\/\/pb.edu.pl\/innobuild2026\/wp-content\/uploads\/sites\/160\/2025\/11\/PZITB_R_logo_biale_tlo_litery-768x537.png 768w\" sizes=\"auto, (max-width: 1200px) 100vw, 1200px\" \/><\/a><br \/>\n<span class=\"partnerzy-logos-item text-center lead\">Honorary Consulate<br \/>of Bosnia and Herzegovina in Bia\u0142ystok<\/span><br \/>\n<a style=\"margin-top:20px\" class=\"organizer-logos-item\" href=\"https:\/\/www.sarp.bialystok.pl\/\" target=\"_blank\" rel=\"noopener\"><img loading=\"lazy\" decoding=\"async\" src=\"https:\/\/pb.edu.pl\/innobuild2026\/wp-content\/uploads\/sites\/160\/2025\/12\/SARP-oBialystok-LOGO-1000px.jpg\" alt=\"logo SARP oBialystok \" width=\"2560\" height=\"1171\" class=\"alignnone size-full wp-image-3506\" \/><\/a><br \/>\n<a class=\"organizer-logos-item\" href=\"https:\/\/tup.org.pl\/category\/o-bialystok\/\" target=\"_blank\" rel=\"noopener\"><img loading=\"lazy\" decoding=\"async\" src=\"https:\/\/pb.edu.pl\/innobuild2026\/wp-content\/uploads\/sites\/160\/2025\/12\/BSK_pelne_POZIOME_APLA_logo_TUP_RGB.png\" alt=\"logo Towarzystwo Urbanist\u00f3w Polskich Bia\u0142ystok\" width=\"800\" height=\"326\" class=\"aligncenter size-full wp-image-3519\" srcset=\"https:\/\/pb.edu.pl\/innobuild2026\/wp-content\/uploads\/sites\/160\/2025\/12\/BSK_pelne_POZIOME_APLA_logo_TUP_RGB.png 800w, https:\/\/pb.edu.pl\/innobuild2026\/wp-content\/uploads\/sites\/160\/2025\/12\/BSK_pelne_POZIOME_APLA_logo_TUP_RGB-300x122.png 300w, https:\/\/pb.edu.pl\/innobuild2026\/wp-content\/uploads\/sites\/160\/2025\/12\/BSK_pelne_POZIOME_APLA_logo_TUP_RGB-768x313.png 768w\" sizes=\"auto, (max-width: 800px) 100vw, 800px\" \/><\/a>\n<\/div>\n<p>&nbsp;<\/p>\n<div class=\"h1 text-center\">Media Patronage<\/div>\n<div class=\"organizer-logos\"><a class=\"organizer-logos-item\" href=\"https:\/\/www.rynekinstalacyjny.pl\/\" target=\"_blank\" rel=\"noopener\"><img loading=\"lazy\" decoding=\"async\" class=\"alignnone size-full wp-image-3278\" src=\"https:\/\/pb.edu.pl\/innobuild2026\/wp-content\/uploads\/sites\/160\/2025\/11\/lgc-new.png\" alt=\"logo rynek instalacyjny dla inwestor\u00f3w i projektant\u00f3w\" width=\"259\" height=\"76\"><\/a><br \/>\n<a class=\"organizer-logos-item\" href=\"https:\/\/cieplowent.pl\/\" target=\"_blank\" rel=\"noopener\"><img loading=\"lazy\" decoding=\"async\" class=\"alignnone size-full wp-image-3276\" src=\"https:\/\/pb.edu.pl\/innobuild2026\/wp-content\/uploads\/sites\/160\/2025\/11\/logo-cow.png\" alt=\"logo Ciep\u0142ownictwo Ogrzewnictwo Wentylacja\" width=\"281\" height=\"99\"><\/a><br \/>\n<a class=\"organizer-logos-item\" href=\"https:\/\/informacjainstal.com.pl\/\" target=\"_blank\" rel=\"noopener\"><img loading=\"lazy\" decoding=\"async\" class=\"alignnone size-full wp-image-3340\" style=\"margin-top: 30px;\" src=\"https:\/\/pb.edu.pl\/innobuild2026\/wp-content\/uploads\/sites\/160\/2025\/11\/logo-instal.jpg\" alt=\"logo INSTAL\" width=\"800\" height=\"262\" srcset=\"https:\/\/pb.edu.pl\/innobuild2026\/wp-content\/uploads\/sites\/160\/2025\/11\/logo-instal.jpg 800w, https:\/\/pb.edu.pl\/innobuild2026\/wp-content\/uploads\/sites\/160\/2025\/11\/logo-instal-300x98.jpg 300w, https:\/\/pb.edu.pl\/innobuild2026\/wp-content\/uploads\/sites\/160\/2025\/11\/logo-instal-768x252.jpg 768w\" sizes=\"auto, (max-width: 800px) 100vw, 800px\" \/><\/a><br \/>\n<a class=\"organizer-logos-item\" href=\"https:\/\/www.inzynieriabezpieczenstwa.com.pl\/index.php\/iboa\/login?source=%2Findex.php%2Fiboa%2Fabout\" target=\"_blank\" rel=\"noopener\"><img loading=\"lazy\" decoding=\"async\" src=\"https:\/\/pb.edu.pl\/innobuild2026\/wp-content\/uploads\/sites\/160\/2025\/11\/logo-czasopisma_duze-scaled.jpg\" alt=\"\" width=\"2560\" height=\"764\" class=\"alignnone size-full wp-image-3361\" srcset=\"https:\/\/pb.edu.pl\/innobuild2026\/wp-content\/uploads\/sites\/160\/2025\/11\/logo-czasopisma_duze-scaled.jpg 2560w, https:\/\/pb.edu.pl\/innobuild2026\/wp-content\/uploads\/sites\/160\/2025\/11\/logo-czasopisma_duze-300x90.jpg 300w, https:\/\/pb.edu.pl\/innobuild2026\/wp-content\/uploads\/sites\/160\/2025\/11\/logo-czasopisma_duze-1024x306.jpg 1024w, https:\/\/pb.edu.pl\/innobuild2026\/wp-content\/uploads\/sites\/160\/2025\/11\/logo-czasopisma_duze-768x229.jpg 768w, https:\/\/pb.edu.pl\/innobuild2026\/wp-content\/uploads\/sites\/160\/2025\/11\/logo-czasopisma_duze-1536x458.jpg 1536w, https:\/\/pb.edu.pl\/innobuild2026\/wp-content\/uploads\/sites\/160\/2025\/11\/logo-czasopisma_duze-2048x611.jpg 2048w\" sizes=\"auto, (max-width: 2560px) 100vw, 2560px\" \/><\/a><br \/>\n<a class=\"organizer-logos-item\" href=\"#\" target=\"_blank\" rel=\"noopener\"><img loading=\"lazy\" decoding=\"async\" src=\"https:\/\/pb.edu.pl\/innobuild2026\/wp-content\/uploads\/sites\/160\/2025\/11\/Modern-full.jpg\" alt=\"logo Modern Engineering\" width=\"1133\" height=\"436\" class=\"alignnone size-full wp-image-3363\" srcset=\"https:\/\/pb.edu.pl\/innobuild2026\/wp-content\/uploads\/sites\/160\/2025\/11\/Modern-full.jpg 1133w, https:\/\/pb.edu.pl\/innobuild2026\/wp-content\/uploads\/sites\/160\/2025\/11\/Modern-full-300x115.jpg 300w, https:\/\/pb.edu.pl\/innobuild2026\/wp-content\/uploads\/sites\/160\/2025\/11\/Modern-full-1024x394.jpg 1024w, https:\/\/pb.edu.pl\/innobuild2026\/wp-content\/uploads\/sites\/160\/2025\/11\/Modern-full-768x296.jpg 768w\" sizes=\"auto, (max-width: 1133px) 100vw, 1133px\" \/><\/a><br \/>\n<a class=\"organizer-logos-item\" href=\"https:\/\/sd-magazine.eu\/index.php\/sd\" target=\"_blank\" rel=\"noopener\"><img loading=\"lazy\" decoding=\"async\" src=\"https:\/\/pb.edu.pl\/innobuild2026\/wp-content\/uploads\/sites\/160\/2025\/11\/SD-full.jpg\" alt=\"logo safety of defense\" width=\"687\" height=\"664\" class=\"alignnone size-full wp-image-3365\" srcset=\"https:\/\/pb.edu.pl\/innobuild2026\/wp-content\/uploads\/sites\/160\/2025\/11\/SD-full.jpg 687w, https:\/\/pb.edu.pl\/innobuild2026\/wp-content\/uploads\/sites\/160\/2025\/11\/SD-full-300x290.jpg 300w\" sizes=\"auto, (max-width: 687px) 100vw, 687px\" \/><\/a>\n<\/div>\n<p>&nbsp;<\/p>\n","protected":false},"excerpt":{"rendered":"<p>Main Sponsor Sponsors Honorary Patronage Honorary Consulateof Bosnia and Herzegovina in Bia\u0142ystok &nbsp; Media Patronage<\/p>\n","protected":false},"author":2,"featured_media":0,"parent":2675,"menu_order":3,"comment_status":"closed","ping_status":"closed","template":"","meta":{"_acf_changed":false,"ngg_post_thumbnail":0,"footnotes":""},"class_list":["post-2616","page","type-page","status-publish","hentry"],"acf":[],"_links":{"self":[{"href":"https:\/\/pb.edu.pl\/innobuild2026\/wp-json\/wp\/v2\/pages\/2616","targetHints":{"allow":["GET"]}}],"collection":[{"href":"https:\/\/pb.edu.pl\/innobuild2026\/wp-json\/wp\/v2\/pages"}],"about":[{"href":"https:\/\/pb.edu.pl\/innobuild2026\/wp-json\/wp\/v2\/types\/page"}],"author":[{"embeddable":true,"href":"https:\/\/pb.edu.pl\/innobuild2026\/wp-json\/wp\/v2\/users\/2"}],"replies":[{"embeddable":true,"href":"https:\/\/pb.edu.pl\/innobuild2026\/wp-json\/wp\/v2\/comments?post=2616"}],"version-history":[{"count":9,"href":"https:\/\/pb.edu.pl\/innobuild2026\/wp-json\/wp\/v2\/pages\/2616\/revisions"}],"predecessor-version":[{"id":3580,"href":"https:\/\/pb.edu.pl\/innobuild2026\/wp-json\/wp\/v2\/pages\/2616\/revisions\/3580"}],"up":[{"embeddable":true,"href":"https:\/\/pb.edu.pl\/innobuild2026\/wp-json\/wp\/v2\/pages\/2675"}],"wp:attachment":[{"href":"https:\/\/pb.edu.pl\/innobuild2026\/wp-json\/wp\/v2\/media?parent=2616"}],"curies":[{"name":"wp","href":"https:\/\/api.w.org\/{rel}","templated":true}]}}