{"id":2614,"date":"2025-10-08T10:15:00","date_gmt":"2025-10-08T08:15:00","guid":{"rendered":"https:\/\/pb.edu.pl\/inkubator\/?page_id=2614"},"modified":"2025-10-08T19:56:15","modified_gmt":"2025-10-08T17:56:15","slug":"opinie-o-innowacyjnosci","status":"publish","type":"page","link":"https:\/\/pb.edu.pl\/inkubator\/uslugi\/opinie-o-innowacyjnosci\/","title":{"rendered":"Opinie o innowacyjno\u015bci"},"content":{"rendered":"<div class=\"h2\">Opinia o innowacyjno\u015bci \u2013 czym jest?<\/div>\n<p><strong>Opinia o innowacyjno\u015bci<\/strong> jest niezale\u017cnym dokumentem \u2013 opini\u0105 na temat okre\u015blonego rozwi\u0105zania technologicznego, procesowego lub produktowego, kt\u00f3re planujemy wdro\u017cy\u0107 w przedsi\u0119biorstwie. Opinia ta musi by\u0107 wykonana przez eksperta z danej dziedziny.<\/p>\n<p>W praktyce, opinia o innowacyjno\u015bci jest dokumentem bardzo cz\u0119sto obligatoryjnym przy aplikowaniu po \u015brodki z projekt\u00f3w wsp\u00f3\u0142finansowanych z Funduszy Europejskich. Taki dokument ma potwierdzi\u0107 mo\u017cliwo\u015b\u0107 wdro\u017cenia innowacji w ramach zaplanowanego projektu w stosunku do produktu lub procesu.<\/p>\n<div class=\"h2\">Jakie korzy\u015bci daje opinia o innowacyjno\u015bci?<\/div>\n<p>Opinia o innowacyjno\u015bci daje szereg mo\u017cliwo\u015bci przy ubieganiu si\u0119 o:<\/p>\n<ul>\n<li>pozyskanie dotacji ze Funduszy Europejskich;<\/li>\n<li>otrzymanie kredytu technologicznego;<\/li>\n<li>skorzystanie z ulgi technologicznej;<\/li>\n<li>uzyskanie preferencyjnej po\u017cyczki;<\/li>\n<li>pozyskanie zewn\u0119trznego inwestora.<\/li>\n<\/ul>\n<p>W celu przygotowanie wyceny prosimy o bezpo\u015bredni <a href=\"https:\/\/pb.edu.pl\/inkubator\/kontakt\/\">kontakt<\/a>.<\/p>\n","protected":false},"excerpt":{"rendered":"<p>Opinia o innowacyjno\u015bci \u2013 czym jest? Opinia o innowacyjno\u015bci jest niezale\u017cnym dokumentem \u2013 opini\u0105 na<\/p>\n","protected":false},"author":2,"featured_media":0,"parent":2192,"menu_order":4,"comment_status":"closed","ping_status":"closed","template":"","meta":{"_acf_changed":false,"ngg_post_thumbnail":0,"footnotes":""},"class_list":["post-2614","page","type-page","status-publish","hentry"],"acf":[],"_links":{"self":[{"href":"https:\/\/pb.edu.pl\/inkubator\/wp-json\/wp\/v2\/pages\/2614","targetHints":{"allow":["GET"]}}],"collection":[{"href":"https:\/\/pb.edu.pl\/inkubator\/wp-json\/wp\/v2\/pages"}],"about":[{"href":"https:\/\/pb.edu.pl\/inkubator\/wp-json\/wp\/v2\/types\/page"}],"author":[{"embeddable":true,"href":"https:\/\/pb.edu.pl\/inkubator\/wp-json\/wp\/v2\/users\/2"}],"replies":[{"embeddable":true,"href":"https:\/\/pb.edu.pl\/inkubator\/wp-json\/wp\/v2\/comments?post=2614"}],"version-history":[{"count":0,"href":"https:\/\/pb.edu.pl\/inkubator\/wp-json\/wp\/v2\/pages\/2614\/revisions"}],"up":[{"embeddable":true,"href":"https:\/\/pb.edu.pl\/inkubator\/wp-json\/wp\/v2\/pages\/2192"}],"wp:attachment":[{"href":"https:\/\/pb.edu.pl\/inkubator\/wp-json\/wp\/v2\/media?parent=2614"}],"curies":[{"name":"wp","href":"https:\/\/api.w.org\/{rel}","templated":true}]}}