{"id":2612,"date":"2025-10-08T10:13:40","date_gmt":"2025-10-08T08:13:40","guid":{"rendered":"https:\/\/pb.edu.pl\/inkubator\/?page_id=2612"},"modified":"2025-10-08T19:54:23","modified_gmt":"2025-10-08T17:54:23","slug":"szkolenia-i-warsztaty","status":"publish","type":"page","link":"https:\/\/pb.edu.pl\/inkubator\/uslugi\/szkolenia-i-warsztaty\/","title":{"rendered":"Szkolenia i warsztaty"},"content":{"rendered":"<p>Wiedza to fundament ka\u017cdego udanego projektu. W Akademickim Inkubatorze Przedsi\u0119biorczo\u015bci PB regularnie organizujemy cykliczne szkolenia i warsztaty, kt\u00f3re rozwijaj\u0105 kompetencje potrzebne do tworzenia, prowadzenia i rozwijania w\u0142asnego biznesu.<\/p>\n<div class=\"h2\">Dla kogo s\u0105 nasze szkolenia?<\/div>\n<p>Szkolenia kierujemy do:<\/p>\n<ul>\n<li>student\u00f3w, doktorant\u00f3w i pracownik\u00f3w Politechniki Bia\u0142ostockiej,<\/li>\n<li>wszystkich os\u00f3b zainteresowanych przedsi\u0119biorczo\u015bci\u0105, innowacjami i rozwojem startup\u00f3w.<\/li>\n<\/ul>\n<div class=\"h2\">Jak to dzia\u0142a?<\/div>\n<ul>\n<li>Szkolenia i warsztaty dla \u015brodowiska akademickiego Politechniki Bia\u0142ostockiej s\u0105 bezp\u0142atne.<\/li>\n<li>Dla os\u00f3b spoza \u015brodowiska akademickiego Politechniki Bia\u0142ostockiej przygotowujemy indywidualne propozycje warsztat\u00f3w i szkole\u0144, dostosowane do potrzeb organizacji, firm i instytucji.<\/li>\n<\/ul>\n<p><a href=\"https:\/\/pb.edu.pl\/inkubator\/kontakt\/\" title=\"Kontakt\">Skontaktuj si\u0119 z nami<\/a>, aby opracowa\u0107 dedykowany program szkoleniowy.<\/p>\n","protected":false},"excerpt":{"rendered":"<p>Wiedza to fundament ka\u017cdego udanego projektu. W Akademickim Inkubatorze Przedsi\u0119biorczo\u015bci PB regularnie organizujemy cykliczne szkolenia<\/p>\n","protected":false},"author":2,"featured_media":0,"parent":2192,"menu_order":3,"comment_status":"closed","ping_status":"closed","template":"","meta":{"_acf_changed":false,"ngg_post_thumbnail":0,"footnotes":""},"class_list":["post-2612","page","type-page","status-publish","hentry"],"acf":[],"_links":{"self":[{"href":"https:\/\/pb.edu.pl\/inkubator\/wp-json\/wp\/v2\/pages\/2612","targetHints":{"allow":["GET"]}}],"collection":[{"href":"https:\/\/pb.edu.pl\/inkubator\/wp-json\/wp\/v2\/pages"}],"about":[{"href":"https:\/\/pb.edu.pl\/inkubator\/wp-json\/wp\/v2\/types\/page"}],"author":[{"embeddable":true,"href":"https:\/\/pb.edu.pl\/inkubator\/wp-json\/wp\/v2\/users\/2"}],"replies":[{"embeddable":true,"href":"https:\/\/pb.edu.pl\/inkubator\/wp-json\/wp\/v2\/comments?post=2612"}],"version-history":[{"count":0,"href":"https:\/\/pb.edu.pl\/inkubator\/wp-json\/wp\/v2\/pages\/2612\/revisions"}],"up":[{"embeddable":true,"href":"https:\/\/pb.edu.pl\/inkubator\/wp-json\/wp\/v2\/pages\/2192"}],"wp:attachment":[{"href":"https:\/\/pb.edu.pl\/inkubator\/wp-json\/wp\/v2\/media?parent=2612"}],"curies":[{"name":"wp","href":"https:\/\/api.w.org\/{rel}","templated":true}]}}