{"id":2605,"date":"2025-10-08T10:08:06","date_gmt":"2025-10-08T08:08:06","guid":{"rendered":"https:\/\/pb.edu.pl\/inkubator\/?page_id=2605"},"modified":"2025-10-08T20:02:03","modified_gmt":"2025-10-08T18:02:03","slug":"mentoring-i-doradztwo","status":"publish","type":"page","link":"https:\/\/pb.edu.pl\/inkubator\/uslugi\/mentoring-i-doradztwo\/","title":{"rendered":"Mentoring i doradztwo"},"content":{"rendered":"<div class=\"h2\">Co oferujemy:<\/div>\n<ul>\n<li><strong>Doradztwo strategiczne<\/strong> \u2013 wsp\u00f3lnie analizujemy potencja\u0142 Twojego pomys\u0142u, okre\u015blamy model biznesowy i plan dzia\u0142ania.<\/li>\n<li><strong>\u015acie\u017cka rozwoju projektu<\/strong> \u2013 pomagamy zaplanowa\u0107 kolejne etapy, od prototypowania po wdro\u017cenie i komercjalizacj\u0119.<\/li>\n<li><strong>Mentoring biznesowy i technologiczny<\/strong> \u2013 dost\u0119p do praktyk\u00f3w z bran\u017cy, przedsi\u0119biorc\u00f3w, ekspert\u00f3w od startup\u00f3w i transferu technologii.<\/li>\n<li><strong>Doradztwo finansowe i dotacyjne<\/strong> \u2013 pomo\u017cemy Ci znale\u017a\u0107 odpowiednie \u017ar\u00f3d\u0142a finansowania: dotacje unijne, fundusze publiczne, inwestor\u00f3w prywatnych lub programy akceleracyjne.<\/li>\n<li><strong>Wsparcie w przygotowaniu dokumentacji<\/strong> \u2013 biznesplan\u00f3w, prezentacji inwestorskich, wniosk\u00f3w grantowych i ofert dla partner\u00f3w.<\/li>\n<\/ul>\n<p>Wskazane us\u0142ugi s\u0105 bezp\u0142atne dla student\u00f3w i pracownik\u00f3w Politechniki Bia\u0142ostockiej, pozosta\u0142e osoby <a href=\"https:\/\/pb.edu.pl\/inkubator\/kontakt\/\" title=\"Kontakt\">zapraszamy do kontaktu<\/a> w celu przedstawienie oferty dopasowanej do indywidualnych potrzeb.<\/p>\n","protected":false},"excerpt":{"rendered":"<p>Co oferujemy: Doradztwo strategiczne \u2013 wsp\u00f3lnie analizujemy potencja\u0142 Twojego pomys\u0142u, okre\u015blamy model biznesowy i plan<\/p>\n","protected":false},"author":2,"featured_media":0,"parent":2192,"menu_order":1,"comment_status":"closed","ping_status":"closed","template":"","meta":{"_acf_changed":false,"ngg_post_thumbnail":0,"footnotes":""},"class_list":["post-2605","page","type-page","status-publish","hentry"],"acf":[],"_links":{"self":[{"href":"https:\/\/pb.edu.pl\/inkubator\/wp-json\/wp\/v2\/pages\/2605","targetHints":{"allow":["GET"]}}],"collection":[{"href":"https:\/\/pb.edu.pl\/inkubator\/wp-json\/wp\/v2\/pages"}],"about":[{"href":"https:\/\/pb.edu.pl\/inkubator\/wp-json\/wp\/v2\/types\/page"}],"author":[{"embeddable":true,"href":"https:\/\/pb.edu.pl\/inkubator\/wp-json\/wp\/v2\/users\/2"}],"replies":[{"embeddable":true,"href":"https:\/\/pb.edu.pl\/inkubator\/wp-json\/wp\/v2\/comments?post=2605"}],"version-history":[{"count":0,"href":"https:\/\/pb.edu.pl\/inkubator\/wp-json\/wp\/v2\/pages\/2605\/revisions"}],"up":[{"embeddable":true,"href":"https:\/\/pb.edu.pl\/inkubator\/wp-json\/wp\/v2\/pages\/2192"}],"wp:attachment":[{"href":"https:\/\/pb.edu.pl\/inkubator\/wp-json\/wp\/v2\/media?parent=2605"}],"curies":[{"name":"wp","href":"https:\/\/api.w.org\/{rel}","templated":true}]}}