{"id":2195,"date":"2024-12-27T23:25:17","date_gmt":"2024-12-27T22:25:17","guid":{"rendered":"https:\/\/pb.edu.pl\/inkubator\/?page_id=2195"},"modified":"2025-09-17T14:11:48","modified_gmt":"2025-09-17T12:11:48","slug":"o-nas","status":"publish","type":"page","link":"https:\/\/pb.edu.pl\/inkubator\/o-nas\/","title":{"rendered":"O nas"},"content":{"rendered":"<p><strong>Akademicki Inkubator Przedsi\u0119biorczo\u015bci Politechniki Bia\u0142ostockiej (AIP PB)<\/strong> to nowoczesne centrum wspierania przedsi\u0119biorczo\u015bci akademickiej, kt\u00f3rego misj\u0105 jest tworzenie warunk\u00f3w do rozwoju innowacyjnych projekt\u00f3w i ich skutecznej komercjalizacji. <\/p>\n<p>Jeste\u015bmy miejscem, w kt\u00f3rym pomys\u0142y ze \u015bwiata nauki i technologii spotykaj\u0105 si\u0119 z praktyk\u0105 biznesow\u0105, tworz\u0105c fundament dla nowych przedsi\u0119biorstw o wysokim potencjale rozwojowym.<\/p>\n<p>Od lat wsp\u00f3\u0142pracujemy ze studentami, doktorantami oraz pracownikami naukowymi, oferuj\u0105c im dost\u0119p do wiedzy, do\u015bwiadczenia oraz zasob\u00f3w Politechniki Bia\u0142ostockiej. Budujemy przestrze\u0144, w kt\u00f3rej mo\u017cna bezpiecznie testowa\u0107 pomys\u0142y, walidowa\u0107 modele biznesowe oraz przygotowywa\u0107 si\u0119 do wej\u015bcia na rynek.<br \/>\n&nbsp;<br \/>\n<img loading=\"lazy\" decoding=\"async\" src=\"https:\/\/pb.edu.pl\/inkubator\/wp-content\/uploads\/sites\/158\/2025\/09\/banner-1920x590px-1.png\" alt=\"grupa ludzi rozmawia przy stole \" width=\"1920\" height=\"590\" class=\"aligncenter size-full wp-image-2595\" srcset=\"https:\/\/pb.edu.pl\/inkubator\/wp-content\/uploads\/sites\/158\/2025\/09\/banner-1920x590px-1.png 1920w, https:\/\/pb.edu.pl\/inkubator\/wp-content\/uploads\/sites\/158\/2025\/09\/banner-1920x590px-1-300x92.png 300w, https:\/\/pb.edu.pl\/inkubator\/wp-content\/uploads\/sites\/158\/2025\/09\/banner-1920x590px-1-1024x315.png 1024w, https:\/\/pb.edu.pl\/inkubator\/wp-content\/uploads\/sites\/158\/2025\/09\/banner-1920x590px-1-768x236.png 768w, https:\/\/pb.edu.pl\/inkubator\/wp-content\/uploads\/sites\/158\/2025\/09\/banner-1920x590px-1-1536x472.png 1536w\" sizes=\"auto, (max-width: 1920px) 100vw, 1920px\" \/><\/p>\n<div class=\"h2\">Kompleksowe wsparcie dla tw\u00f3rc\u00f3w innowacji<\/div>\n<p>Nasze dzia\u0142ania obejmuj\u0105 szerokie spektrum aktywno\u015bci \u2013 od konsultacji merytorycznych i szkole\u0144, przez organizacj\u0119 warsztat\u00f3w i spotka\u0144 z ekspertami, po udost\u0119pnianie infrastruktury badawczej uczelni oraz przestrzeni biurowej. Oferujemy tak\u017ce us\u0142ug\u0119 wirtualnego biura oraz wsparcie administracyjne, kt\u00f3re u\u0142atwia pierwsze kroki w prowadzeniu dzia\u0142alno\u015bci gospodarczej.<\/p>\n<div class=\"h2\">Wsparcie na ka\u017cdym etapie rozwoju<\/div>\n<p>W AIP PB dbamy o to, aby przedsi\u0119biorczo\u015b\u0107 akademicka mog\u0142a rozwija\u0107 si\u0119 elastycznie, zgodnie z indywidualnymi potrzebami i poziomem dojrza\u0142o\u015bci projektu. Dlatego umo\u017cliwiamy:<\/p>\n<ul>\n<li><strong>rozw\u00f3j pomys\u0142u na etapie wczesnym<\/strong> \u2013 pierwsze konsultacje, walidacja koncepcji, dopracowanie za\u0142o\u017ce\u0144 biznesowych,<\/li>\n<li><strong>testowanie dzia\u0142alno\u015bci w praktyce<\/strong> \u2013 dzi\u0119ki modelowi \u201eu\u017cyczonej osobowo\u015bci prawnej\u201d tw\u00f3rcy mog\u0105 sprawdzi\u0107 swoje rozwi\u0105zania rynkowe bez konieczno\u015bci natychmiastowego zak\u0142adania w\u0142asnej firmy,<\/li>\n<li><strong>pe\u0142n\u0105 formalizacj\u0119 dzia\u0142alno\u015bci<\/strong> \u2013 poprzez zak\u0142adanie sp\u00f3\u0142ek i przygotowanie ich do wej\u015bcia na rynek,<\/li>\n<li><strong>rozw\u00f3j i skalowanie<\/strong> \u2013 dzi\u0119ki dost\u0119powi do sieci ekspert\u00f3w, partner\u00f3w gospodarczych oraz ekosystemu wsp\u00f3\u0142pracuj\u0105cych instytucji.<\/li>\n<\/ul>\n<div class=\"h2\">Nasza si\u0142a<\/div>\n<p>Atutem AIP PB jest \u015bcis\u0142a wsp\u00f3\u0142praca ze wszystkimi <a href=\"https:\/\/pb.edu.pl\/uczelnia\/o-uczelni\/struktura\/administracja-centralna\/\">jednostkami Politechniki Bia\u0142ostockiej<\/a> \u2013 najwi\u0119kszej uczelni technicznej w regionie oraz dost\u0119p do jej zaplecza naukowo-badawczego.<\/p>\n<p>Jako cz\u0142onek og\u00f3lnopolskiej Sieci Akademickich Inkubator\u00f3w Przedsi\u0119biorczo\u015bci czerpiemy r\u00f3wnie\u017c z do\u015bwiadcze\u0144 i najlepszych praktyk wypracowanych w skali kraju.<\/p>\n<p>Wspieramy \u015brodowisko akademickie na ka\u017cdym etapie drogi do przedsi\u0119biorczo\u015bci \u2013 od pomys\u0142u, przez faz\u0119 test\u00f3w, a\u017c po dynamiczny rozw\u00f3j na rynku. Naszym celem jest, aby ka\u017cdy projekt mia\u0142 mo\u017cliwo\u015b\u0107 przej\u015bcia \u015bcie\u017cki od idei do realnego biznesu w warunkach sprzyjaj\u0105cych innowacjom i bezpiecznemu startowi.<br \/>\n&nbsp;<\/p>\n","protected":false},"excerpt":{"rendered":"<p>Akademicki Inkubator Przedsi\u0119biorczo\u015bci Politechniki Bia\u0142ostockiej (AIP PB) to nowoczesne centrum wspierania przedsi\u0119biorczo\u015bci akademickiej, kt\u00f3rego misj\u0105<\/p>\n","protected":false},"author":2,"featured_media":0,"parent":0,"menu_order":2,"comment_status":"closed","ping_status":"closed","template":"","meta":{"_acf_changed":false,"ngg_post_thumbnail":0,"footnotes":""},"class_list":["post-2195","page","type-page","status-publish","hentry"],"acf":[],"_links":{"self":[{"href":"https:\/\/pb.edu.pl\/inkubator\/wp-json\/wp\/v2\/pages\/2195","targetHints":{"allow":["GET"]}}],"collection":[{"href":"https:\/\/pb.edu.pl\/inkubator\/wp-json\/wp\/v2\/pages"}],"about":[{"href":"https:\/\/pb.edu.pl\/inkubator\/wp-json\/wp\/v2\/types\/page"}],"author":[{"embeddable":true,"href":"https:\/\/pb.edu.pl\/inkubator\/wp-json\/wp\/v2\/users\/2"}],"replies":[{"embeddable":true,"href":"https:\/\/pb.edu.pl\/inkubator\/wp-json\/wp\/v2\/comments?post=2195"}],"version-history":[{"count":0,"href":"https:\/\/pb.edu.pl\/inkubator\/wp-json\/wp\/v2\/pages\/2195\/revisions"}],"wp:attachment":[{"href":"https:\/\/pb.edu.pl\/inkubator\/wp-json\/wp\/v2\/media?parent=2195"}],"curies":[{"name":"wp","href":"https:\/\/api.w.org\/{rel}","templated":true}]}}