{"id":2178,"date":"2024-12-23T16:32:27","date_gmt":"2024-12-23T15:32:27","guid":{"rendered":"https:\/\/pb.edu.pl\/inkubator\/?page_id=2178"},"modified":"2024-12-23T16:32:27","modified_gmt":"2024-12-23T15:32:27","slug":"aktualnosci","status":"publish","type":"page","link":"https:\/\/pb.edu.pl\/inkubator\/aktualnosci\/","title":{"rendered":"Aktualno\u015bci"},"content":{"rendered":"\t\t<div class=\"box news-box \">\n\t\t<div class=\"row\">\n\t\t\t\n\t\t\t\n\t\t\t\t\n\t\t\t\t\t\t\t\t\t\t<div class=\"col-sm-3\">\n\t\t\t\t\t\t\t\n<article class=\"format-standard\">\n    <span class=\"date text-right\"><i class=\"fal fa-calendar-alt\"><\/i> 14-04-2026<\/span>\n    <a href=\"https:\/\/pb.edu.pl\/inkubator\/2026\/04\/14\/szkolenie-pn-e-obywatel-cyberbezpieczenstwo-i-sztuczna-inteligencja\/\">\n      <div class=\"article-image\">\n        <img loading=\"lazy\" decoding=\"async\" width=\"480\" height=\"300\" src=\"https:\/\/pb.edu.pl\/inkubator\/wp-content\/uploads\/sites\/158\/2025\/09\/banner-1920x590px-1-480x300.png\" class=\"attachment-medium-image-16x10 size-medium-image-16x10 wp-post-image\" alt=\"\" \/>      <\/div>\n      <h3>Szkolenie pn. \u201eE-obywatel \u2014 Cyberbezpiecze\u0144stwo i Sztuczna Inteligencja\u201d<\/h3>\n      W ramach wsp\u00f3\u0142pracy Akademickiego Inkubatora Przedsi\u0119biorczo\u015bci z Fundacj\u0105 \u201eMy Personality Skills\u201d    <\/a>\n<\/article>\t\t\t\t\t\t<\/div>\n\t\t\t\t\t\t\t\t\t\t\t<div class=\"col-sm-3\">\n\t\t\t\t\t\t\t\n<article class=\"format-standard\">\n    <span class=\"date text-right\"><i class=\"fal fa-calendar-alt\"><\/i> 13-04-2026<\/span>\n    <a href=\"https:\/\/pb.edu.pl\/inkubator\/2026\/04\/13\/zapraszamy-na-szkolenia\/\">\n      <div class=\"article-image\">\n        <img loading=\"lazy\" decoding=\"async\" width=\"480\" height=\"300\" src=\"https:\/\/pb.edu.pl\/inkubator\/wp-content\/uploads\/sites\/158\/2026\/04\/Warsztaty_startupy_2026--480x300.png\" class=\"attachment-medium-image-16x10 size-medium-image-16x10 wp-post-image\" alt=\"\" \/>      <\/div>\n      <h3>Urz\u0105d Marsza\u0142kowski Wojew\u00f3dztwa Podlaskiego po raz kolejny organizuje dwudniowe warsztaty, kt\u00f3re pomog\u0105 przygotowa\u0107 startupy do ekspansji na rynki zagraniczne.<\/h3>\n      Urz\u0105d Marsza\u0142kowski Wojew\u00f3dztwa Podlaskiego po raz kolejny organizuje dwudniowe warsztaty, kt\u00f3re    <\/a>\n<\/article>\t\t\t\t\t\t<\/div>\n\t\t\t\t\t\t\t\t\t\t\t<div class=\"col-sm-3\">\n\t\t\t\t\t\t\t\n<article class=\"format-standard\">\n    <span class=\"date text-right\"><i class=\"fal fa-calendar-alt\"><\/i> 02-04-2026<\/span>\n    <a href=\"https:\/\/pb.edu.pl\/inkubator\/2026\/04\/02\/wesolych-swiat-wielkanocnych\/\">\n      <div class=\"article-image\">\n        <img loading=\"lazy\" decoding=\"async\" width=\"480\" height=\"300\" src=\"https:\/\/pb.edu.pl\/inkubator\/wp-content\/uploads\/sites\/158\/2026\/04\/2026-Wielkanoc-kartka-480x300.jpg\" class=\"attachment-medium-image-16x10 size-medium-image-16x10 wp-post-image\" alt=\"\" \/>      <\/div>\n      <h3>Z okazji \u015awi\u0105t Wielkanocnych sk\u0142adamy najserdeczniejsze \u017cyczenia wszystkim Sympatykom Akademickiego Inkubatora Przedsi\u0119biorczo\u015bci.<\/h3>\n      Niech ten wyj\u0105tkowy czas b\u0119dzie pe\u0142en nadziei, inspiracji oraz nowej energii    <\/a>\n<\/article>\t\t\t\t\t\t<\/div>\n\t\t\t\t\t\t\t\t\t\t\t<div class=\"col-sm-3\">\n\t\t\t\t\t\t\t\n<article class=\"format-standard\">\n    <span class=\"date text-right\"><i class=\"fal fa-calendar-alt\"><\/i> 01-04-2026<\/span>\n    <a href=\"https:\/\/pb.edu.pl\/inkubator\/2026\/04\/01\/szkolenie-aip-pb-na-wydziale-budownictwa-i-nauk-o-srodowisku\/\">\n      <div class=\"article-image\">\n        <img loading=\"lazy\" decoding=\"async\" width=\"480\" height=\"300\" src=\"https:\/\/pb.edu.pl\/inkubator\/wp-content\/uploads\/sites\/158\/2026\/04\/Uczestnicy-szkolenia-480x300.jpeg\" class=\"attachment-medium-image-16x10 size-medium-image-16x10 wp-post-image\" alt=\"\" \/>      <\/div>\n      <h3>W dniu dzisiejszym mieli\u015bmy przyjemno\u015b\u0107 spotka\u0107 si\u0119 ze studentami Wydzia\u0142u Budownictwa i Nauk o \u015arodowisku Politechniki Bia\u0142ostockiej, gdzie przeprowadzili\u015bmy szkolenie po\u015bwi\u0119cone przedsi\u0119biorczo\u015bci i rozwijaniu pomys\u0142\u00f3w biznesowych.<\/h3>\n      Podczas spotkania uczestnicy mieli okazj\u0119 dowiedzie\u0107 si\u0119, czym jest Akademicki Inkubator    <\/a>\n<\/article>\t\t\t\t\t\t<\/div>\n\t\t\t\t\t\t\t\t\t\t\t<div class=\"col-sm-3\">\n\t\t\t\t\t\t\t\n<article class=\"format-standard\">\n    <span class=\"date text-right\"><i class=\"fal fa-calendar-alt\"><\/i> 19-03-2026<\/span>\n    <a href=\"https:\/\/pb.edu.pl\/inkubator\/2026\/03\/19\/wydzial-budownictwa-i-nauk-o-srodowisku-politechniki-bialostockiej\/\">\n      <div class=\"article-image\">\n        <img loading=\"lazy\" decoding=\"async\" width=\"480\" height=\"300\" src=\"https:\/\/pb.edu.pl\/inkubator\/wp-content\/uploads\/sites\/158\/2026\/03\/Uczestnicy-szkolenia-organizowanego-przez-Inkubator-480x300.jpeg\" class=\"attachment-medium-image-16x10 size-medium-image-16x10 wp-post-image\" alt=\"\" \/>      <\/div>\n      <h3>Za nami kolejne szkolenia dedykowane studentom, tym razem z Wydzia\u0142u Budownictwa i Nauk o \u015arodowisku <\/h3>\n      Studenci Wydzia\u0142u Budownictwa i Nauk o \u015arodowisku na szkoleniu Akademickiego Inkubatora    <\/a>\n<\/article>\t\t\t\t\t\t<\/div>\n\t\t\t\t\t\t\t\t\t\t\t<div class=\"col-sm-3\">\n\t\t\t\t\t\t\t\n<article class=\"format-standard\">\n    <span class=\"date text-right\"><i class=\"fal fa-calendar-alt\"><\/i> 11-03-2026<\/span>\n    <a href=\"https:\/\/pb.edu.pl\/inkubator\/2026\/03\/11\/szkolenie-techniczne-w-akademickim-inkubatorze-przedsiebiorczosci-politechniki-bialostockiej\/\">\n      <div class=\"article-image\">\n        <img loading=\"lazy\" decoding=\"async\" width=\"480\" height=\"300\" src=\"https:\/\/pb.edu.pl\/inkubator\/wp-content\/uploads\/sites\/158\/2026\/03\/Uczestnicy-szkolenia-w-Inkubatorze-480x300.jpg\" class=\"attachment-medium-image-16x10 size-medium-image-16x10 wp-post-image\" alt=\"\" \/>      <\/div>\n      <h3>W przestrzeni Akademicki Inkubator Przedsi\u0119biorczo\u015bci Politechniki Bia\u0142ostockiej odby\u0142o si\u0119 specjalistyczne szkolenie techniczne zorganizowane przez startup rozwijaj\u0105cy swoj\u0105 dzia\u0142alno\u015b\u0107 w ramach inkubacji.<\/h3>\n      W przestrzeni Akademicki Inkubator Przedsi\u0119biorczo\u015bci Politechniki Bia\u0142ostockiej odby\u0142o si\u0119 specjalistyczne szkolenie    <\/a>\n<\/article>\t\t\t\t\t\t<\/div>\n\t\t\t\t\t\t\t\t\t\t\t<div class=\"col-sm-3\">\n\t\t\t\t\t\t\t\n<article class=\"format-standard\">\n    <span class=\"date text-right\"><i class=\"fal fa-calendar-alt\"><\/i> 09-03-2026<\/span>\n    <a href=\"https:\/\/pb.edu.pl\/inkubator\/2026\/03\/09\/kreatywne-warsztaty-z-okazji-dnia-kobiet-w-inkubatorze\/\">\n      <div class=\"article-image\">\n        <img loading=\"lazy\" decoding=\"async\" width=\"480\" height=\"300\" src=\"https:\/\/pb.edu.pl\/inkubator\/wp-content\/uploads\/sites\/158\/2026\/03\/Elementy-wytworzone-na-warsztatach-kreatywnych-480x300.jpeg\" class=\"attachment-medium-image-16x10 size-medium-image-16x10 wp-post-image\" alt=\"\" \/>      <\/div>\n      <h3>Przestrze\u0144 Akademicki Inkubator Przedsi\u0119biorczo\u015bci Politechniki Bia\u0142ostockiej to nie tylko miejsce rozwoju projekt\u00f3w technologicznych i startup\u00f3w.<\/h3>\n      Przestrze\u0144 Akademicki Inkubator Przedsi\u0119biorczo\u015bci Politechniki Bia\u0142ostockiej to nie tylko miejsce rozwoju    <\/a>\n<\/article>\t\t\t\t\t\t<\/div>\n\t\t\t\t\t\t\t\t\t\t\t<div class=\"col-sm-3\">\n\t\t\t\t\t\t\t\n<article class=\"format-standard\">\n    <span class=\"date text-right\"><i class=\"fal fa-calendar-alt\"><\/i> 19-02-2026<\/span>\n    <a href=\"https:\/\/pb.edu.pl\/inkubator\/2026\/02\/19\/szkolenia-w-naszej-przestrzeni\/\">\n      <div class=\"article-image\">\n        <img loading=\"lazy\" decoding=\"async\" width=\"480\" height=\"300\" src=\"https:\/\/pb.edu.pl\/inkubator\/wp-content\/uploads\/sites\/158\/2025\/10\/wyposazenie-sal-2-480x300.jpg\" class=\"attachment-medium-image-16x10 size-medium-image-16x10 wp-post-image\" alt=\"\" \/>      <\/div>\n      <h3>Szkolenia w naszej przestrzeni<\/h3>\n      Aktualny tydzie\u0144 w Inkubatorze Przedsi\u0119biorczo\u015bci Politechniki Bia\u0142ostockiej up\u0142ywa pod znakiem intensywnych    <\/a>\n<\/article>\t\t\t\t\t\t<\/div>\n\t\t\t\t\t\t\t\t\t\t\t<div class=\"col-sm-3\">\n\t\t\t\t\t\t\t\n<article class=\"format-standard\">\n    <span class=\"date text-right\"><i class=\"fal fa-calendar-alt\"><\/i> 10-02-2026<\/span>\n    <a href=\"https:\/\/pb.edu.pl\/inkubator\/2026\/02\/10\/akademicki-inkubator-przedsiebiorczosci-politechniki-bialostockiej-przygotowuje-sie-do-kolejnych-warsztatow-dla-studentow\/\">\n      <div class=\"article-image\">\n        <img loading=\"lazy\" decoding=\"async\" width=\"480\" height=\"300\" src=\"https:\/\/pb.edu.pl\/inkubator\/wp-content\/uploads\/sites\/158\/2025\/09\/banner-1920x590px-1-480x300.png\" class=\"attachment-medium-image-16x10 size-medium-image-16x10 wp-post-image\" alt=\"\" \/>      <\/div>\n      <h3>Akademicki Inkubator Przedsi\u0119biorczo\u015bci Politechniki Bia\u0142ostockiej przygotowuje si\u0119 do kolejnych warsztat\u00f3w dla student\u00f3w<\/h3>\n      Akademicki Inkubator Przedsi\u0119biorczo\u015bci Politechniki Bia\u0142ostockiej przygotowuje si\u0119 do kolejnych warsztat\u00f3w dla    <\/a>\n<\/article>\t\t\t\t\t\t<\/div>\n\t\t\t\t\t\t\t\t\t\t\t<div class=\"col-sm-3\">\n\t\t\t\t\t\t\t\n<article class=\"format-standard\">\n    <span class=\"date text-right\"><i class=\"fal fa-calendar-alt\"><\/i> 02-02-2026<\/span>\n    <a href=\"https:\/\/pb.edu.pl\/inkubator\/2026\/02\/02\/dotacje-na-horyzoncie\/\">\n      <div class=\"article-image\">\n        <img loading=\"lazy\" decoding=\"async\" width=\"480\" height=\"86\" src=\"https:\/\/pb.edu.pl\/inkubator\/wp-content\/uploads\/sites\/158\/2025\/09\/logo-akademicki-inkubator-PB-506-86px-480x86.png\" class=\"attachment-medium-image-16x10 size-medium-image-16x10 wp-post-image\" alt=\"\" \/>      <\/div>\n      <h3>Dotacje na horyzoncie<\/h3>\n      Planujesz rozwija\u0107 startup lub pracujesz nad innowacyjnym pomys\u0142em biznesowym? \u015arodowisko akademickie    <\/a>\n<\/article>\t\t\t\t\t\t<\/div>\n\t\t\t\t\t\t\t\t\t\t\t<div class=\"col-sm-3\">\n\t\t\t\t\t\t\t\n<article class=\"format-standard\">\n    <span class=\"date text-right\"><i class=\"fal fa-calendar-alt\"><\/i> 22-01-2026<\/span>\n    <a href=\"https:\/\/pb.edu.pl\/inkubator\/2026\/01\/22\/urlop-od-23-stycznia-2026-r-do-30-stycznia-2026-r\/\">\n      <div class=\"article-image\">\n        <img loading=\"lazy\" decoding=\"async\" width=\"480\" height=\"300\" src=\"https:\/\/pb.edu.pl\/inkubator\/wp-content\/uploads\/sites\/158\/2025\/09\/banner-1920x590px-480x300.png\" class=\"attachment-medium-image-16x10 size-medium-image-16x10 wp-post-image\" alt=\"\" \/>      <\/div>\n      <h3>Urlop od 23 stycznia 2026 r. do 30 stycznia 2026 r.<\/h3>\n      Szanowni Pa\u0144stwo, uprzejmie informujemy, \u017ce w okresie od 23 stycznia 2026    <\/a>\n<\/article>\t\t\t\t\t\t<\/div>\n\t\t\t\t\t\t\t\t\t\t\t<div class=\"col-sm-3\">\n\t\t\t\t\t\t\t\n<article class=\"format-standard\">\n    <span class=\"date text-right\"><i class=\"fal fa-calendar-alt\"><\/i> 16-01-2026<\/span>\n    <a href=\"https:\/\/pb.edu.pl\/inkubator\/2026\/01\/16\/i-kwartal-2026-dotacje-zus\/\">\n      <div class=\"article-image\">\n        <img loading=\"lazy\" decoding=\"async\" width=\"480\" height=\"300\" src=\"https:\/\/pb.edu.pl\/inkubator\/wp-content\/uploads\/sites\/158\/2025\/09\/banner-1920x590px-1-480x300.png\" class=\"attachment-medium-image-16x10 size-medium-image-16x10 wp-post-image\" alt=\"\" \/>      <\/div>\n      <h3>I kwarta\u0142 2026 - dotacje ZUS<\/h3>\n      Kolejne dotacje na horyzoncie. &nbsp; W 2026 roku ZUS kontynuuje program    <\/a>\n<\/article>\t\t\t\t\t\t<\/div>\n\t\t\t\t\t\n\t\t\t\t\n\t\t\t\t\t<\/div>\n\t\t\n\t<nav class=\"navigation pagination\" aria-label=\"Stronicowanie wpis\u00f3w\">\n\t\t<h2 class=\"screen-reader-text\">Stronicowanie wpis\u00f3w<\/h2>\n\t\t<div class=\"nav-links\"><span aria-current=\"page\" class=\"page-numbers current\">1<\/span>\n<a class=\"page-numbers\" href=\"https:\/\/pb.edu.pl\/inkubator\/wp-json\/wp\/v2\/pages\/2178\/page\/2\/\">2<\/a>\n<a class=\"page-numbers\" href=\"https:\/\/pb.edu.pl\/inkubator\/wp-json\/wp\/v2\/pages\/2178\/page\/3\/\">3<\/a>\n<a class=\"next page-numbers\" href=\"https:\/\/pb.edu.pl\/inkubator\/wp-json\/wp\/v2\/pages\/2178\/page\/2\/\">Nast\u0119pne<\/a><\/div>\n\t<\/nav>\t\t\t<\/div>\n\n","protected":false},"excerpt":{"rendered":"","protected":false},"author":2,"featured_media":0,"parent":0,"menu_order":1,"comment_status":"closed","ping_status":"closed","template":"","meta":{"_acf_changed":false,"ngg_post_thumbnail":0,"footnotes":""},"class_list":["post-2178","page","type-page","status-publish","hentry"],"acf":[],"_links":{"self":[{"href":"https:\/\/pb.edu.pl\/inkubator\/wp-json\/wp\/v2\/pages\/2178","targetHints":{"allow":["GET"]}}],"collection":[{"href":"https:\/\/pb.edu.pl\/inkubator\/wp-json\/wp\/v2\/pages"}],"about":[{"href":"https:\/\/pb.edu.pl\/inkubator\/wp-json\/wp\/v2\/types\/page"}],"author":[{"embeddable":true,"href":"https:\/\/pb.edu.pl\/inkubator\/wp-json\/wp\/v2\/users\/2"}],"replies":[{"embeddable":true,"href":"https:\/\/pb.edu.pl\/inkubator\/wp-json\/wp\/v2\/comments?post=2178"}],"version-history":[{"count":0,"href":"https:\/\/pb.edu.pl\/inkubator\/wp-json\/wp\/v2\/pages\/2178\/revisions"}],"wp:attachment":[{"href":"https:\/\/pb.edu.pl\/inkubator\/wp-json\/wp\/v2\/media?parent=2178"}],"curies":[{"name":"wp","href":"https:\/\/api.w.org\/{rel}","templated":true}]}}