{"id":13,"date":"2020-05-18T14:40:41","date_gmt":"2020-05-18T12:40:41","guid":{"rendered":"https:\/\/pb.edu.pl\/inkubator\/?page_id=13"},"modified":"2026-03-27T21:29:12","modified_gmt":"2026-03-27T20:29:12","slug":"home","status":"publish","type":"page","link":"https:\/\/pb.edu.pl\/inkubator\/","title":{"rendered":""},"content":{"rendered":"<div class=\"img-full\">\n<p><img decoding=\"async\" src=\"https:\/\/pb.edu.pl\/inkubator\/wp-content\/uploads\/sites\/158\/2025\/09\/banner-1920x590px.png\" alt=\"grupa os\u00f3b na spotkaniu\" \/><\/p>\n<div class=\"img-full-text\">\n<div class=\"img-full-title\"><img loading=\"lazy\" decoding=\"async\" src=\"https:\/\/pb.edu.pl\/inkubator\/wp-content\/uploads\/sites\/158\/2025\/09\/logo-akademicki-inkubator-PB-506-86px.png\" alt=\"logo Akademicki Inkubator Przedsi\u0119biorczo\u015bci PB\" width=\"768\" height=\"130\" class=\"alignnone size-full wp-image-2558\" \/><\/div>\n<\/div>\n<\/div>\n<p>&nbsp;<\/p>\n<div class=\"text-center lead\">\n<h2>Rozwijamy innowacje i przedsi\u0119biorczo\u015b\u0107 na Politechnice Bia\u0142ostockiej<\/h2>\n<p>Pomagamy studentom, naukowcom i absolwentom zamienia\u0107 pomys\u0142y w realne biznesy.<br \/>\nSkorzystaj z naszego wsparcia, mentoringu i sieci kontakt\u00f3w.\n<\/p><\/div>\n<div id=\"box-menu\" class=\"href\"><\/div>\n<p>&nbsp;<\/p>\n<div class=\"row\">\n<div class=\"col-sm-4 text-center\"><a class=\"button\" style=\"width: 100%;padding: 0px 5px 10px 5px\" href=\"\/inkubator\/uslugi\/\"><img loading=\"lazy\" decoding=\"async\" src=\"https:\/\/pb.edu.pl\/inkubator\/wp-content\/uploads\/sites\/158\/2025\/09\/2025-09-uslugi.png\" alt=\"ko\u0142o z\u0119bate ikona\" width=\"800\" height=\"530\" class=\"aligncenter size-full wp-image-2588\" srcset=\"https:\/\/pb.edu.pl\/inkubator\/wp-content\/uploads\/sites\/158\/2025\/09\/2025-09-uslugi.png 800w, https:\/\/pb.edu.pl\/inkubator\/wp-content\/uploads\/sites\/158\/2025\/09\/2025-09-uslugi-300x199.png 300w, https:\/\/pb.edu.pl\/inkubator\/wp-content\/uploads\/sites\/158\/2025\/09\/2025-09-uslugi-768x509.png 768w\" sizes=\"auto, (max-width: 800px) 100vw, 800px\" \/><span class=\"lead\">Us\u0142ugi<\/span><\/a><\/div>\n<div class=\"col-sm-4 text-center\"><a class=\"button\" style=\"width: 100%;padding: 0px 5px 10px 5px\" href=\"\/inkubator\/o-nas\/\"><img loading=\"lazy\" decoding=\"async\" src=\"https:\/\/pb.edu.pl\/inkubator\/wp-content\/uploads\/sites\/158\/2025\/09\/2025-09-o-nas.png\" alt=\"ikona grupy ludzi\" width=\"800\" height=\"530\" class=\"aligncenter size-full wp-image-2589\" srcset=\"https:\/\/pb.edu.pl\/inkubator\/wp-content\/uploads\/sites\/158\/2025\/09\/2025-09-o-nas.png 800w, https:\/\/pb.edu.pl\/inkubator\/wp-content\/uploads\/sites\/158\/2025\/09\/2025-09-o-nas-300x199.png 300w, https:\/\/pb.edu.pl\/inkubator\/wp-content\/uploads\/sites\/158\/2025\/09\/2025-09-o-nas-768x509.png 768w\" sizes=\"auto, (max-width: 800px) 100vw, 800px\" \/><span class=\"lead\">O nas<\/span><\/a><\/div>\n<div class=\"col-sm-4 text-center\"><a class=\"button\" style=\"width: 100%;padding: 0px 5px 10px 5px\" title=\"\" href=\"\/inkubator\/kontakt\/\"><img loading=\"lazy\" decoding=\"async\" src=\"https:\/\/pb.edu.pl\/inkubator\/wp-content\/uploads\/sites\/158\/2025\/09\/2025-09-kontakt.png\" alt=\"ikona kontakt\" width=\"800\" height=\"530\" class=\"aligncenter size-full wp-image-2590\" srcset=\"https:\/\/pb.edu.pl\/inkubator\/wp-content\/uploads\/sites\/158\/2025\/09\/2025-09-kontakt.png 800w, https:\/\/pb.edu.pl\/inkubator\/wp-content\/uploads\/sites\/158\/2025\/09\/2025-09-kontakt-300x199.png 300w, https:\/\/pb.edu.pl\/inkubator\/wp-content\/uploads\/sites\/158\/2025\/09\/2025-09-kontakt-768x509.png 768w\" sizes=\"auto, (max-width: 800px) 100vw, 800px\" \/><span class=\"lead\">Kontakt<\/span><\/a><\/div>\n<\/div>\n<p>&nbsp;<br \/>\n&nbsp;<\/p>\n<div class=\"row\">\n<div class=\"col-sm-6 text-center\">\n<a class=\"button text-center animated zoomIn lead font-500\" style=\"width:100%\" href=\"\/inkubator\/uslugi\/wynajem-sali-szkoleniowej\"><strong>StartSpace<\/strong> &#8211; wynajem powierzchni<\/a>\n<\/div>\n<div class=\"col-sm-6 text-center\">\n<a class=\"button text-center animated zoomIn lead font-500\" style=\"width:100%\" href=\"\/inkubator\/uslugi\/\"><strong>BoostLab<\/strong> &#8211; us\u0142ugi wspieraj\u0105ce rozw\u00f3j StartUp\u00f3w<\/a>\n<\/div>\n<\/div>\n<p>&nbsp;<\/p>\n<div class=\"row\">\n<div class=\"col-sm-12 text-center\">\n<a class=\"button text-center animated zoomIn lead font-500\" style=\"width:100%\" href=\"\/inkubator\/formularz-konsultacje\/\"><strong>Formularz zapisu na konsultacje<\/strong><\/a>\n<\/div>\n<\/div>\n<div id=\"aktualnosci\" class=\"href\"><\/div>\n<p>&nbsp;<\/p>\n<div class=\"h1\"><a style=\"text-decoration: none;color: #101624\" href=\"\/inkubator\/aktualnosci\/\">Aktualno\u015bci<i class=\"fa fa-caret-right\" aria-hidden=\"true\"><\/i><\/a><\/div>\n\t\t<div class=\"box news-box \">\n\t\t<div class=\"row\">\n\t\t\t\n\t\t\t\n\t\t\t\t\n\t\t\t\t\t\t\t\t\t\t<div class=\"col-sm-3\">\n\t\t\t\t\t\t\t\n<article class=\"format-standard\">\n    <span class=\"date text-right\"><i class=\"fal fa-calendar-alt\"><\/i> 14-04-2026<\/span>\n    <a href=\"https:\/\/pb.edu.pl\/inkubator\/2026\/04\/14\/szkolenie-pn-e-obywatel-cyberbezpieczenstwo-i-sztuczna-inteligencja\/\">\n      <div class=\"article-image\">\n        <img loading=\"lazy\" decoding=\"async\" width=\"480\" height=\"300\" src=\"https:\/\/pb.edu.pl\/inkubator\/wp-content\/uploads\/sites\/158\/2025\/09\/banner-1920x590px-1-480x300.png\" class=\"attachment-medium-image-16x10 size-medium-image-16x10 wp-post-image\" alt=\"\" \/>      <\/div>\n      <h3>Szkolenie pn. \u201eE-obywatel \u2014 Cyberbezpiecze\u0144stwo i Sztuczna Inteligencja\u201d<\/h3>\n      W ramach wsp\u00f3\u0142pracy Akademickiego Inkubatora Przedsi\u0119biorczo\u015bci z Fundacj\u0105 \u201eMy Personality Skills\u201d    <\/a>\n<\/article>\t\t\t\t\t\t<\/div>\n\t\t\t\t\t\t\t\t\t\t\t<div class=\"col-sm-3\">\n\t\t\t\t\t\t\t\n<article class=\"format-standard\">\n    <span class=\"date text-right\"><i class=\"fal fa-calendar-alt\"><\/i> 13-04-2026<\/span>\n    <a href=\"https:\/\/pb.edu.pl\/inkubator\/2026\/04\/13\/zapraszamy-na-szkolenia\/\">\n      <div class=\"article-image\">\n        <img loading=\"lazy\" decoding=\"async\" width=\"480\" height=\"300\" src=\"https:\/\/pb.edu.pl\/inkubator\/wp-content\/uploads\/sites\/158\/2026\/04\/Warsztaty_startupy_2026--480x300.png\" class=\"attachment-medium-image-16x10 size-medium-image-16x10 wp-post-image\" alt=\"\" \/>      <\/div>\n      <h3>Urz\u0105d Marsza\u0142kowski Wojew\u00f3dztwa Podlaskiego po raz kolejny organizuje dwudniowe warsztaty, kt\u00f3re pomog\u0105 przygotowa\u0107 startupy do ekspansji na rynki zagraniczne.<\/h3>\n      Urz\u0105d Marsza\u0142kowski Wojew\u00f3dztwa Podlaskiego po raz kolejny organizuje dwudniowe warsztaty, kt\u00f3re    <\/a>\n<\/article>\t\t\t\t\t\t<\/div>\n\t\t\t\t\t\t\t\t\t\t\t<div class=\"col-sm-3\">\n\t\t\t\t\t\t\t\n<article class=\"format-standard\">\n    <span class=\"date text-right\"><i class=\"fal fa-calendar-alt\"><\/i> 02-04-2026<\/span>\n    <a href=\"https:\/\/pb.edu.pl\/inkubator\/2026\/04\/02\/wesolych-swiat-wielkanocnych\/\">\n      <div class=\"article-image\">\n        <img loading=\"lazy\" decoding=\"async\" width=\"480\" height=\"300\" src=\"https:\/\/pb.edu.pl\/inkubator\/wp-content\/uploads\/sites\/158\/2026\/04\/2026-Wielkanoc-kartka-480x300.jpg\" class=\"attachment-medium-image-16x10 size-medium-image-16x10 wp-post-image\" alt=\"\" \/>      <\/div>\n      <h3>Z okazji \u015awi\u0105t Wielkanocnych sk\u0142adamy najserdeczniejsze \u017cyczenia wszystkim Sympatykom Akademickiego Inkubatora Przedsi\u0119biorczo\u015bci.<\/h3>\n      Niech ten wyj\u0105tkowy czas b\u0119dzie pe\u0142en nadziei, inspiracji oraz nowej energii    <\/a>\n<\/article>\t\t\t\t\t\t<\/div>\n\t\t\t\t\t\t\t\t\t\t\t<div class=\"col-sm-3\">\n\t\t\t\t\t\t\t\n<article class=\"format-standard\">\n    <span class=\"date text-right\"><i class=\"fal fa-calendar-alt\"><\/i> 01-04-2026<\/span>\n    <a href=\"https:\/\/pb.edu.pl\/inkubator\/2026\/04\/01\/szkolenie-aip-pb-na-wydziale-budownictwa-i-nauk-o-srodowisku\/\">\n      <div class=\"article-image\">\n        <img loading=\"lazy\" decoding=\"async\" width=\"480\" height=\"300\" src=\"https:\/\/pb.edu.pl\/inkubator\/wp-content\/uploads\/sites\/158\/2026\/04\/Uczestnicy-szkolenia-480x300.jpeg\" class=\"attachment-medium-image-16x10 size-medium-image-16x10 wp-post-image\" alt=\"\" \/>      <\/div>\n      <h3>W dniu dzisiejszym mieli\u015bmy przyjemno\u015b\u0107 spotka\u0107 si\u0119 ze studentami Wydzia\u0142u Budownictwa i Nauk o \u015arodowisku Politechniki Bia\u0142ostockiej, gdzie przeprowadzili\u015bmy szkolenie po\u015bwi\u0119cone przedsi\u0119biorczo\u015bci i rozwijaniu pomys\u0142\u00f3w biznesowych.<\/h3>\n      Podczas spotkania uczestnicy mieli okazj\u0119 dowiedzie\u0107 si\u0119, czym jest Akademicki Inkubator    <\/a>\n<\/article>\t\t\t\t\t\t<\/div>\n\t\t\t\t\t\n\t\t\t\t\n\t\t\t\t\t<\/div>\n\t\t\t\t\t<\/div>\n\n","protected":false},"excerpt":{"rendered":"<p>&nbsp; Rozwijamy innowacje i przedsi\u0119biorczo\u015b\u0107 na Politechnice Bia\u0142ostockiej Pomagamy studentom, naukowcom i absolwentom zamienia\u0107 pomys\u0142y<\/p>\n","protected":false},"author":2,"featured_media":0,"parent":0,"menu_order":0,"comment_status":"closed","ping_status":"closed","template":"templates\/dzial.php","meta":{"_acf_changed":false,"ngg_post_thumbnail":0,"footnotes":""},"class_list":["post-13","page","type-page","status-publish","hentry"],"acf":[],"_links":{"self":[{"href":"https:\/\/pb.edu.pl\/inkubator\/wp-json\/wp\/v2\/pages\/13","targetHints":{"allow":["GET"]}}],"collection":[{"href":"https:\/\/pb.edu.pl\/inkubator\/wp-json\/wp\/v2\/pages"}],"about":[{"href":"https:\/\/pb.edu.pl\/inkubator\/wp-json\/wp\/v2\/types\/page"}],"author":[{"embeddable":true,"href":"https:\/\/pb.edu.pl\/inkubator\/wp-json\/wp\/v2\/users\/2"}],"replies":[{"embeddable":true,"href":"https:\/\/pb.edu.pl\/inkubator\/wp-json\/wp\/v2\/comments?post=13"}],"version-history":[{"count":2,"href":"https:\/\/pb.edu.pl\/inkubator\/wp-json\/wp\/v2\/pages\/13\/revisions"}],"predecessor-version":[{"id":2810,"href":"https:\/\/pb.edu.pl\/inkubator\/wp-json\/wp\/v2\/pages\/13\/revisions\/2810"}],"wp:attachment":[{"href":"https:\/\/pb.edu.pl\/inkubator\/wp-json\/wp\/v2\/media?parent=13"}],"curies":[{"name":"wp","href":"https:\/\/api.w.org\/{rel}","templated":true}]}}