{"id":1083,"date":"2023-06-27T19:59:35","date_gmt":"2023-06-27T17:59:35","guid":{"rendered":"https:\/\/pb.edu.pl\/inkubator\/?page_id=1083"},"modified":"2025-10-24T14:43:54","modified_gmt":"2025-10-24T12:43:54","slug":"kontakt","status":"publish","type":"page","link":"https:\/\/pb.edu.pl\/inkubator\/kontakt\/","title":{"rendered":"Kontakt"},"content":{"rendered":"<p><strong>Akademicki Inkubator Przedsi\u0119biorczo\u015bci Politechniki Bia\u0142ostockiej<\/strong><br \/>\nZwierzyniecka 4 lok. 12<br \/>\n15-312 Bia\u0142ystok<\/p>\n<p><i class=\"fal fa-envelope\"><\/i> <a href=\"#\" rel=\"nofollow\"  onclick=\"this.href='mailto:' + 'aip' + '@' + 'pb.edu.pl'\">aip [at] pb.edu.pl<\/a>\n<p><i class=\"fal fa-mobile\"><\/i> 601-070-552<\/p>\n<p><i class=\"fal fa-phone\"><\/i> 85-746-70-09<\/p>\n","protected":false},"excerpt":{"rendered":"<p>Akademicki Inkubator Przedsi\u0119biorczo\u015bci Politechniki Bia\u0142ostockiej Zwierzyniecka 4 lok. 12 15-312 Bia\u0142ystok 601-070-552 85-746-70-09<\/p>\n","protected":false},"author":2,"featured_media":0,"parent":0,"menu_order":6,"comment_status":"closed","ping_status":"closed","template":"","meta":{"_acf_changed":false,"ngg_post_thumbnail":0,"footnotes":""},"class_list":["post-1083","page","type-page","status-publish","hentry"],"acf":[],"_links":{"self":[{"href":"https:\/\/pb.edu.pl\/inkubator\/wp-json\/wp\/v2\/pages\/1083","targetHints":{"allow":["GET"]}}],"collection":[{"href":"https:\/\/pb.edu.pl\/inkubator\/wp-json\/wp\/v2\/pages"}],"about":[{"href":"https:\/\/pb.edu.pl\/inkubator\/wp-json\/wp\/v2\/types\/page"}],"author":[{"embeddable":true,"href":"https:\/\/pb.edu.pl\/inkubator\/wp-json\/wp\/v2\/users\/2"}],"replies":[{"embeddable":true,"href":"https:\/\/pb.edu.pl\/inkubator\/wp-json\/wp\/v2\/comments?post=1083"}],"version-history":[{"count":0,"href":"https:\/\/pb.edu.pl\/inkubator\/wp-json\/wp\/v2\/pages\/1083\/revisions"}],"wp:attachment":[{"href":"https:\/\/pb.edu.pl\/inkubator\/wp-json\/wp\/v2\/media?parent=1083"}],"curies":[{"name":"wp","href":"https:\/\/api.w.org\/{rel}","templated":true}]}}