{"id":2218,"date":"2026-03-31T14:18:48","date_gmt":"2026-03-31T12:18:48","guid":{"rendered":"https:\/\/pb.edu.pl\/iie\/?page_id=2218"},"modified":"2026-04-08T12:22:25","modified_gmt":"2026-04-08T10:22:25","slug":"prelegenci-honorowi","status":"publish","type":"page","link":"https:\/\/pb.edu.pl\/iie\/o-konferencji\/prelegenci-honorowi\/","title":{"rendered":"Prelegenci honorowi"},"content":{"rendered":"<p><img loading=\"lazy\" decoding=\"async\" class=\"alignleft wp-image-3247\" src=\"https:\/\/pb.edu.pl\/iie\/wp-content\/uploads\/sites\/97\/2026\/03\/Jolanta-Pauk-400x400-1.jpg\" alt=\"Prof. dr hab. in\u017c. Jolanta Pauk\" width=\"300\" height=\"300\"><\/p>\n<div class=\"h3\">Prof. dr hab. in\u017c. Jolanta Pauk<\/div>\n<p>Politechnika Bia\u0142ostocka<br \/>\nTytu\u0142 wyst\u0105pienia: <em>Zdrowie przysz\u0142o\u015bci: gdzie spotykaj\u0105 si\u0119 technologia, cz\u0142owiek i \u015brodowisko<\/em><\/p>\n<p><a class=\"link\" role=\"button\" href=\"#more1\" data-toggle=\"collapse\" aria-expanded=\"true\"><span class=\"less\">Kr\u00f3tka Biografia<\/span><\/a><\/p>\n<div style=\"clear: both\">&nbsp;<\/div>\n<div id=\"more1\" class=\"collapse\">\n<p><strong>Prof. dr hab. in\u017c. Jolanta Pauk<\/strong> kieruje Instytutem In\u017cynierii Biomedycznej Politechniki Bia\u0142ostockiej. Specjalizuje si\u0119 w biomechanice i systemach diagnostycznych opartych na sztucznej inteligencji, \u0142\u0105cz\u0105c in\u017cyniersk\u0105 precyzj\u0119 z potrzebami medycyny klinicznej. Autorka ponad 100 publikacji naukowych, cz\u0142onkini Komitetu Biocybernetyki i In\u017cynierii Biomedycznej PAN oraz ekspertka w mi\u0119dzynarodowych komisjach grantowych. Wsp\u00f3\u0142pracuje m.in. z Glenrose Rehabilitation Hospital w Kanadzie, a jej dorobek obejmuje kierowanie kluczowymi projektami badawczymi finansowanymi przez NCBR oraz fundusze europejskie.<\/p>\n<\/div>\n<hr>\n<p>&nbsp;<br \/>\n<img loading=\"lazy\" decoding=\"async\" class=\"alignleft wp-image-2227\" src=\"https:\/\/pb.edu.pl\/iie\/wp-content\/uploads\/sites\/97\/2026\/04\/Mateusz-Maciejczyk-400x400-1.jpg\" alt=\"Dr hab. n. med. Mateusz Maciejczyk\" width=\"300\" height=\"300\" srcset=\"https:\/\/pb.edu.pl\/iie\/wp-content\/uploads\/sites\/97\/2026\/04\/Mateusz-Maciejczyk-400x400-1.jpg 400w, https:\/\/pb.edu.pl\/iie\/wp-content\/uploads\/sites\/97\/2026\/04\/Mateusz-Maciejczyk-400x400-1-300x300.jpg 300w, https:\/\/pb.edu.pl\/iie\/wp-content\/uploads\/sites\/97\/2026\/04\/Mateusz-Maciejczyk-400x400-1-150x150.jpg 150w\" sizes=\"auto, (max-width: 300px) 100vw, 300px\" \/><\/p>\n<div class=\"h3\">Dr hab. n. med. Mateusz Maciejczyk<\/div>\n<p>Uniwersytet Medyczny w Bia\u0142ymstoku<br \/>\nTytu\u0142 wyst\u0105pienia: <em>\u015arodowiskowe zagro\u017cenia zdrowia<\/em><\/p>\n<p><a class=\"link\" role=\"button\" href=\"#more2\" data-toggle=\"collapse\" aria-expanded=\"true\"><span class=\"less\">Kr\u00f3tka Biografia<\/span><\/a><\/p>\n<div style=\"clear: both\">&nbsp;<\/div>\n<div id=\"more2\" class=\"collapse\">\n<p><strong>Dr hab. n. med. Mateusz Maciejczyk<\/strong> &#8211; farmakolog, biochemik, absolwent farmacji, zdrowia publicznego i \u015brodowiskowego. Prezes Polskiego Towarzystwa Higienicznego oddzia\u0142 w Bia\u0142ymstoku, cz\u0142onek Zarz\u0105du G\u0142\u00f3wnego PTH. Cz\u0142onek International Society for Free Radical Research oraz edytor w czasomi\u015bmie Redox Biology (wydawnictwo Elsevier), kt\u00f3re jest najwy\u017cej punktowanym czasopismem z dziedziny stresu oksydacyjnego. Pomimo m\u0142odego wieku, dorobek naukowy Docenta Maciejczyka obejmuje ponad 200 publikacji naukowych, redakcj\u0119 10 podr\u0119cznik\u00f3w i monografii naukowych oraz wsp\u00f3\u0142autorstwo krajowych i mi\u0119dzynarodowych patent\u00f3w. Kierownik i opiekun naukowy 10 grant\u00f3w finansowanych ze \u015brodk\u00f3w Narodowego Centrum Nauki, Ministerstwa Nauki oraz Unii Europejskiej. Laureat licznych nagr\u00f3d i stypendi\u00f3w nawykowych, w tym Stypendium Fundacji Nauki Polskiej START, Stypendium Ministra Nauki i Szkolnictwa Wy\u017cszego dla wybitnych m\u0142odych naukowc\u00f3w oraz Stypendium Ministra Zdrowia za wybitne osi\u0105gni\u0119cia. Zainteresowania naukowe Docenta Maciejczyka obejmuj\u0105 zaburzenia r\u00f3wnowagi redoks w chorobach cywilizacyjnych oraz repozycjonowanie lek\u00f3w.<\/p>\n<\/div>\n<hr>\n<p>&nbsp;<br \/>\n<img loading=\"lazy\" decoding=\"async\" class=\"alignleft wp-image-2229 alignleft\" src=\"https:\/\/pb.edu.pl\/iie\/wp-content\/uploads\/sites\/97\/2026\/04\/Andrzej-Gorniak-400x400-1.jpg\" alt=\"prof. dr hab. Andrzej G\u00f3rniak\" width=\"300\" height=\"300\" srcset=\"https:\/\/pb.edu.pl\/iie\/wp-content\/uploads\/sites\/97\/2026\/04\/Andrzej-Gorniak-400x400-1.jpg 400w, https:\/\/pb.edu.pl\/iie\/wp-content\/uploads\/sites\/97\/2026\/04\/Andrzej-Gorniak-400x400-1-300x300.jpg 300w, https:\/\/pb.edu.pl\/iie\/wp-content\/uploads\/sites\/97\/2026\/04\/Andrzej-Gorniak-400x400-1-150x150.jpg 150w\" sizes=\"auto, (max-width: 300px) 100vw, 300px\" \/><\/p>\n<div class=\"h3\">Prof. dr hab. Andrzej G\u00f3rniak<\/div>\n<p>Uniwersytet Medyczny w Bia\u0142ymstoku<br \/>\nTytu\u0142 wyst\u0105pienia: <em>Ocena stanu ekologicznego rzek na podstawie ich metabolizmu<\/em><\/p>\n<p><a class=\"link\" role=\"button\" href=\"#more3\" data-toggle=\"collapse\" aria-expanded=\"true\"><span class=\"less\">Kr\u00f3tka Biografia<\/span><\/a><\/p>\n<div style=\"clear: both\">&nbsp;<\/div>\n<div id=\"more3\" class=\"collapse\">\n<p>Szerokie zainteresowania <strong>prof. dr hab. Andrzeja G\u00f3rniaka<\/strong> naukami przyrodniczymi, od geografii po gleboznawstwo i hydrobiologi\u0119, pozwoli\u0142y rozwin\u0105\u0107 w\u0142asn\u0105, unikaln\u0105 szko\u0142\u0119 hydrochemii \u015brodowiskowej. Profesor szczeg\u00f3lnie rozwin\u0105\u0142 badania nad biogeochemi\u0105 w\u0119gla organicznego, kt\u00f3ry stanowi g\u0142\u00f3wn\u0105 o\u015b obiegu materii i energii w ekosystemach s\u0142odkowodnych i l\u0105dowych. Jego wieloletnie badania przyrodnicze nad wod\u0105 i zawart\u0105 w niej materi\u0105 organiczn\u0105 prowadzone by\u0142y g\u0142\u00f3wnie w p\u00f3\u0142nocno-wschodniej Polsce, a tak\u017ce nad rzekami, kana\u0142ami, zbiornikami wodnymi i jeziorami w innych regionach Polski, po\u0142udniowej Europie i wietnamskiej cz\u0119\u015bci delty Mekongu. Profesor jest autorem lub wsp\u00f3\u0142autorem ponad 140 publikacji naukowych, podr\u0119cznika akademickiego z zakresu hydrobiologii oraz dw\u00f3ch monografii dotycz\u0105cych klimatu i w\u00f3d wojew\u00f3dztwa podlaskiego.<br \/>\n<a title=\"Otworzy si\u0119 w nowej karcie\" href=\"https:\/\/scholar.google.pl\/citations?user=qqk7gm8AAAAJ&amp;hl=pl\" target=\"_blank\" rel=\"noopener\">Google Scholar<\/a><\/p>\n<\/div>\n<hr>\n<p>&nbsp;<br \/>\n<img loading=\"lazy\" decoding=\"async\" class=\"alignleft wp-image-2229 alignleft\" src=\"https:\/\/pb.edu.pl\/iie\/wp-content\/uploads\/sites\/97\/2026\/04\/Joanna-Kostecka-400x400-1.jpg\" alt=\"Prof. dr hab. Joanna Kostecka\" width=\"300\" height=\"300\"><\/p>\n<div class=\"h3\">Prof. dr hab. Joanna Kostecka<\/div>\n<p>Tytu\u0142 wyst\u0105pienia: <em>Innowacja w in\u017cynierii ekologicznej w kontek\u015bcie zmian w kierunku zielonej transformacji<\/em><\/p>\n<p><a class=\"link\" role=\"button\" href=\"#more4\" data-toggle=\"collapse\" aria-expanded=\"true\"><span class=\"less\">Kr\u00f3tka Biografia<\/span><\/a><\/p>\n<div style=\"clear: both\">&nbsp;<\/div>\n<div id=\"more4\" class=\"collapse\">\n<p>Prezeska Zarz\u0105du G\u0142\u00f3wnego Polskiego Towarzystwa In\u017cynierii Ekologicznej w kadencji (2016-2022) i (2022-2026). Cz\u0142onek Komitetu Przestrzennego Zagospodarowania Kraju PAN (zesp\u00f3\u0142 problemowy ds. Zr\u00f3wnowa\u017conego Rozwoju 2007-2010 i 2011-2014; zesp\u00f3\u0142 zadaniowy ds. Obszar\u00f3w Wiejskich i Krajobrazu w kadencjach: 2015-2018, 2019-2022, 2022-2026). Dzia\u0142a w Polskim Komitecie Normalizacyjnym (komisja ds. odpad\u00f3w lata 1996-1998; komisja ds. biologii gleby od 1998 do dzisiaj). Za\u0142o\u017cycielka i Redaktor Naczelny Polish Journal for Sustainable Development (<a title=\"Otworzy si\u0119 w nowym oknie\" href=\"https:\/\/journals.ur.edu.pl\/pol-j-sust-dev\" target=\"_blank\" rel=\"noopener\">https:\/\/www.pol-j-sust-dev.ur.edu.pl\/<\/a>). Edukator z pasj\u0105. Entuzjasta aktywnego nauczania. Pomys\u0142odawca i organizator licznych konferencji, w tym \u201eRetardacja przekszta\u0142cania zasob\u00f3w \u015brodowiska. Osi\u0105gni\u0119cia, problemy, perspektywy\u201d (2009, 2012, 2016, 2020, 2024).<br \/>\nBadania obejmuj\u0105 szeroko poj\u0119te aspekty tworzenia uwarunkowa\u0144 zr\u00f3wnowa\u017conego rozwoju, w tym gospodarowania odpadami (w indywidualnych gospodarstwach domowych i przedsi\u0119biorstwach). W\u015br\u00f3d odpad\u00f3w nacisk badawczy i edukacyjny po\u0142o\u017cony jest na odpady biodegradowalne unieszkodliwiane w wermikulturze. Badane s\u0105 tak\u017ce atrybuty stosowania wermikompostu w uprawach ekologicznych do produkcji \u017cywno\u015bci wysokiej jako\u015bci, mo\u017cliwo\u015bci pokarmowego zastosowania biomasy Lumbricidae i mo\u017cliwo\u015bci stosowania organizm\u00f3w glebowych jako biotest\u00f3w antropopresji.<\/p>\n<\/div>\n<hr>\n<p>&nbsp;<br \/>\n<img loading=\"lazy\" decoding=\"async\" class=\"size-medium wp-image-2260 alignleft\" src=\"https:\/\/pb.edu.pl\/iie\/wp-content\/uploads\/sites\/97\/2026\/04\/Hanna-Obarska-Pempkowiak-200x300.jpg\" alt=\"Prof. dr hab. in\u017c. Hanna Obarska-Pempkowiak\" width=\"200\" height=\"300\" srcset=\"https:\/\/pb.edu.pl\/iie\/wp-content\/uploads\/sites\/97\/2026\/04\/Hanna-Obarska-Pempkowiak-200x300.jpg 200w, https:\/\/pb.edu.pl\/iie\/wp-content\/uploads\/sites\/97\/2026\/04\/Hanna-Obarska-Pempkowiak.jpg 271w\" sizes=\"auto, (max-width: 200px) 100vw, 200px\" \/><\/p>\n<div class=\"h3\">Prof. dr hab. in\u017c. Hanna Obarska-Pempkowiak<\/div>\n<p>Politechnika Gda\u0144ska<br \/>\nWydzia\u0142 In\u017cynierii L\u0105dowej i \u015arodowiska<br \/>\nTytu\u0142 wyst\u0105pienia: <em>Usuwanie mikrozanieczyszcze\u0144 w systemach hydrofitowych<\/em><\/p>\n<p><a class=\"link\" role=\"button\" href=\"#more5\" data-toggle=\"collapse\" aria-expanded=\"true\"><span class=\"less\">Kr\u00f3tka Biografia<\/span><\/a><\/p>\n<div style=\"clear: both\">&nbsp;<\/div>\n<div id=\"more5\" class=\"collapse\">\n<p><strong>Prof. dr hab. in\u017c. Hanna Obarska-Pempkowiak<\/strong> specjalizuje si\u0119 w in\u017cynierii \u015brodowiska, w szczeg\u00f3lno\u015bci w oczyszczaniu w\u00f3d i \u015bciek\u00f3w, technologiach hydrofitowych oraz zr\u00f3wnowa\u017conym gospodarowaniu wod\u0105. Jest autork\u0105 ponad 300 publikacji, stworzy\u0142a w Politechnice Gda\u0144skiej, i og\u00f3lnie w Polsce, szko\u0142\u0119 in\u017cynierii ekologicznej. Posiada bogate do\u015bwiadczenie naukowe i organizacyjne, kierowa\u0142a projektami badawczymi oraz pe\u0142ni\u0142a funkcje kierownicze na Politechnice Gda\u0144skiej. Jej osi\u0105gni\u0119cia obejmuj\u0105 liczne wdro\u017cenia technologii hydrofitowych w gospodarce komunalnej oraz presti\u017cowe nagrody i odznaczenia pa\u0144stwowe. Obecnie pracuje jako profesor w Wy\u017cszej Szkole Zarz\u0105dzania \u015arodowiskiem w Tucholi, gdzie kontynuuje dzia\u0142alno\u015b\u0107 naukow\u0105 i dydaktyczn\u0105, przyczyniaj\u0105c si\u0119 do rozwoju nowoczesnych, ekologicznych rozwi\u0105za\u0144 w ochronie \u015brodowiska.<\/p>\n<\/div>\n<hr>\n","protected":false},"excerpt":{"rendered":"<p>Prof. dr hab. in\u017c. Jolanta Pauk Politechnika Bia\u0142ostocka Tytu\u0142 wyst\u0105pienia: Zdrowie przysz\u0142o\u015bci: gdzie spotykaj\u0105 si\u0119<\/p>\n","protected":false},"author":105,"featured_media":0,"parent":1084,"menu_order":0,"comment_status":"closed","ping_status":"closed","template":"","meta":{"_acf_changed":false,"ngg_post_thumbnail":0,"footnotes":""},"class_list":["post-2218","page","type-page","status-publish","hentry"],"acf":[],"_links":{"self":[{"href":"https:\/\/pb.edu.pl\/iie\/wp-json\/wp\/v2\/pages\/2218","targetHints":{"allow":["GET"]}}],"collection":[{"href":"https:\/\/pb.edu.pl\/iie\/wp-json\/wp\/v2\/pages"}],"about":[{"href":"https:\/\/pb.edu.pl\/iie\/wp-json\/wp\/v2\/types\/page"}],"author":[{"embeddable":true,"href":"https:\/\/pb.edu.pl\/iie\/wp-json\/wp\/v2\/users\/105"}],"replies":[{"embeddable":true,"href":"https:\/\/pb.edu.pl\/iie\/wp-json\/wp\/v2\/comments?post=2218"}],"version-history":[{"count":8,"href":"https:\/\/pb.edu.pl\/iie\/wp-json\/wp\/v2\/pages\/2218\/revisions"}],"predecessor-version":[{"id":2262,"href":"https:\/\/pb.edu.pl\/iie\/wp-json\/wp\/v2\/pages\/2218\/revisions\/2262"}],"up":[{"embeddable":true,"href":"https:\/\/pb.edu.pl\/iie\/wp-json\/wp\/v2\/pages\/1084"}],"wp:attachment":[{"href":"https:\/\/pb.edu.pl\/iie\/wp-json\/wp\/v2\/media?parent=2218"}],"curies":[{"name":"wp","href":"https:\/\/api.w.org\/{rel}","templated":true}]}}