{"id":2052,"date":"2025-11-25T13:53:59","date_gmt":"2025-11-25T12:53:59","guid":{"rendered":"https:\/\/pb.edu.pl\/iie\/?page_id=2052"},"modified":"2025-11-26T09:03:56","modified_gmt":"2025-11-26T08:03:56","slug":"innowacje-w-inzynierii-ekologicznej-2024","status":"publish","type":"page","link":"https:\/\/pb.edu.pl\/iie\/o-konferencji\/archiwum\/innowacje-w-inzynierii-ekologicznej-2024\/","title":{"rendered":"Innowacje w in\u017cynierii ekologicznej 2024"},"content":{"rendered":"<p><a class=\"pdf\" href=\"https:\/\/pb.edu.pl\/iie\/wp-content\/uploads\/sites\/97\/2024\/06\/Ksiazka-abstraktow-IIE.pdf\" target=\"_blank\" data-id=\"1821\" rel=\"noopener\">Ksi\u0105\u017cka abstrakt\u00f3w <span>(PDF, 708 KB, otworzy si\u0119 w nowej karcie)<\/span><\/a><\/p>\n","protected":false},"excerpt":{"rendered":"<p>Ksi\u0105\u017cka abstrakt\u00f3w (PDF, 708 KB, otworzy si\u0119 w nowej karcie)<\/p>\n","protected":false},"author":105,"featured_media":0,"parent":1116,"menu_order":0,"comment_status":"closed","ping_status":"closed","template":"","meta":{"_acf_changed":false,"ngg_post_thumbnail":0,"footnotes":""},"class_list":["post-2052","page","type-page","status-publish","hentry"],"acf":[],"_links":{"self":[{"href":"https:\/\/pb.edu.pl\/iie\/wp-json\/wp\/v2\/pages\/2052","targetHints":{"allow":["GET"]}}],"collection":[{"href":"https:\/\/pb.edu.pl\/iie\/wp-json\/wp\/v2\/pages"}],"about":[{"href":"https:\/\/pb.edu.pl\/iie\/wp-json\/wp\/v2\/types\/page"}],"author":[{"embeddable":true,"href":"https:\/\/pb.edu.pl\/iie\/wp-json\/wp\/v2\/users\/105"}],"replies":[{"embeddable":true,"href":"https:\/\/pb.edu.pl\/iie\/wp-json\/wp\/v2\/comments?post=2052"}],"version-history":[{"count":0,"href":"https:\/\/pb.edu.pl\/iie\/wp-json\/wp\/v2\/pages\/2052\/revisions"}],"up":[{"embeddable":true,"href":"https:\/\/pb.edu.pl\/iie\/wp-json\/wp\/v2\/pages\/1116"}],"wp:attachment":[{"href":"https:\/\/pb.edu.pl\/iie\/wp-json\/wp\/v2\/media?parent=2052"}],"curies":[{"name":"wp","href":"https:\/\/api.w.org\/{rel}","templated":true}]}}