{"id":1437,"date":"2023-02-22T14:39:30","date_gmt":"2023-02-22T13:39:30","guid":{"rendered":"https:\/\/pb.edu.pl\/iie\/?page_id=1437"},"modified":"2025-11-26T09:00:29","modified_gmt":"2025-11-26T08:00:29","slug":"oplata-konferencyjna","status":"publish","type":"page","link":"https:\/\/pb.edu.pl\/iie\/o-konferencji\/oplata-konferencyjna\/","title":{"rendered":"Op\u0142ata konferencyjna"},"content":{"rendered":"<p>Ca\u0142kowity koszt uczestnictwa w konferencji wynosi:<\/p>\n<ul>\n<li>1500 z\u0142 z VAT (1000 z\u0142 z VAT \u2013 studenci i doktoranci)<\/li>\n<\/ul>\n<p>Numer konta bankowego do op\u0142at konferencyjnych<br \/>\nOddzia\u0142 Krakowskiego Polskiego Towarzystwo In\u017cynierii Ekologicznej<br \/>\nal. A. Mickiewicza 21, 31-120 Krak\u00f3w<br \/>\nNIP 676-178-60-17<br \/>\nBO\u015a Bank, nr. konta: <strong>27 1540 1115 2001 6010 8083 0001<\/strong> <\/p>\n<p>Z dopiskiem: <u>IIE imi\u0119 i nazwisko<br \/>\nW koszt konferencji nie jest wliczony nocleg i \u015bniadania.<\/u><\/p>\n<p>&nbsp;<\/p>\n<p><b>WA\u017bNE DATY:<\/b><\/p>\n<div class=\"table-responsive\">\n<table class=\"table\">\n<tbody>\n<tr>\n<td><b>do 15.02.2026<br \/>\n<\/b><\/td>\n<td>nadsy\u0142anie \u201eKarty zg\u0142oszenia uczestnictwa\u201d (kart\u0119 uczestnictwa nale\u017cy przes\u0142a\u0107 elektronicznie na adres e-mail: <a href=\"#\" rel=\"nofollow\"  onclick=\"this.href='mailto:' + ' iie2026' + '@' + 'uwb.edu.pl'\"> iie2026 [at] uwb.edu.pl<\/a>) oraz przes\u0142anie komunikatu nr 2 z dodatkowymi informacjami (miejsce konferencji i wykaz miejsc noclegowych)<\/td>\n<\/tr>\n<tr>\n<td><b>do 08.05.2026<br \/>\n<\/b><\/td>\n<td>nadsy\u0142anie streszcze\u0144 wyst\u0105pie\u0144\/poster\u00f3w<\/td>\n<\/tr>\n<tr>\n<td><b>do 29.05.2026<br \/>\n<\/b><\/td>\n<td>zakwalifikowanie streszcze\u0144 referat\u00f3w do druku<\/td>\n<\/tr>\n<tr>\n<td><b>21.06 &#8211; 24.06.2026<br \/>\n<\/b><\/td>\n<td>konferencja naukowa \u2013 wyk\u0142ady \/ referaty \/ sesja posterowa<\/td>\n<\/tr>\n<\/tbody>\n<\/table>\n<\/div>\n<p>&nbsp;<\/p>\n","protected":false},"excerpt":{"rendered":"<p>Ca\u0142kowity koszt uczestnictwa w konferencji wynosi: 1500 z\u0142 z VAT (1000 z\u0142 z VAT \u2013<\/p>\n","protected":false},"author":105,"featured_media":0,"parent":1084,"menu_order":0,"comment_status":"closed","ping_status":"closed","template":"","meta":{"_acf_changed":false,"ngg_post_thumbnail":0,"footnotes":""},"class_list":["post-1437","page","type-page","status-publish","hentry"],"acf":[],"_links":{"self":[{"href":"https:\/\/pb.edu.pl\/iie\/wp-json\/wp\/v2\/pages\/1437","targetHints":{"allow":["GET"]}}],"collection":[{"href":"https:\/\/pb.edu.pl\/iie\/wp-json\/wp\/v2\/pages"}],"about":[{"href":"https:\/\/pb.edu.pl\/iie\/wp-json\/wp\/v2\/types\/page"}],"author":[{"embeddable":true,"href":"https:\/\/pb.edu.pl\/iie\/wp-json\/wp\/v2\/users\/105"}],"replies":[{"embeddable":true,"href":"https:\/\/pb.edu.pl\/iie\/wp-json\/wp\/v2\/comments?post=1437"}],"version-history":[{"count":0,"href":"https:\/\/pb.edu.pl\/iie\/wp-json\/wp\/v2\/pages\/1437\/revisions"}],"up":[{"embeddable":true,"href":"https:\/\/pb.edu.pl\/iie\/wp-json\/wp\/v2\/pages\/1084"}],"wp:attachment":[{"href":"https:\/\/pb.edu.pl\/iie\/wp-json\/wp\/v2\/media?parent=1437"}],"curies":[{"name":"wp","href":"https:\/\/api.w.org\/{rel}","templated":true}]}}