{"id":1403,"date":"2023-02-21T22:24:20","date_gmt":"2023-02-21T21:24:20","guid":{"rendered":"https:\/\/pb.edu.pl\/iie\/?page_id=1403"},"modified":"2026-03-31T13:08:53","modified_gmt":"2026-03-31T11:08:53","slug":"publikacje","status":"publish","type":"page","link":"https:\/\/pb.edu.pl\/iie\/o-konferencji\/publikacje\/","title":{"rendered":"Publikacje"},"content":{"rendered":"<p><strong>DRUK PUBLIKACJI<\/strong><\/p>\n<div class=\"table-responsive\">\n<table class=\"table table-bordered table-striped\" style=\"width: auto\">\n<tbody>\n<tr>\n<th>Czasopismo<\/th>\n<th>Strona www<\/th>\n<th>Kwalifikacja<\/th>\n<\/tr>\n<tr>\n<td><strong>Archives of Environmental Protection<\/strong> (j. ang.)<\/p>\n<p>(100 pkt)*<\/td>\n<td><a href=\"https:\/\/journals.pan.pl\/aep\">https:\/\/journals.pan.pl\/aep<\/a>&nbsp;<\/td>\n<td>wst\u0119pna kwalifikacja przez Komitet Naukowy Konferencji (e-mail: u.wydro@pb.edu.pl)<\/td>\n<\/tr>\n<tr>\n<td><strong>Ekonomia i \u015arodowisko &#8211; Economics and Environment<\/strong>&nbsp;<\/p>\n<p>(100 pkt.)*<\/td>\n<td><a href=\"https:\/\/www.ekonomiaisrodowisko.pl\/journal\">https:\/\/www.ekonomiaisrodowisko.pl\/journal<\/a>&nbsp;<\/td>\n<td>przes\u0142anie bezpo\u015brednio do czasopisma z informacj\u0105 o udziale w konferencji<\/td>\n<\/tr>\n<tr>\n<td><strong>Journal of Ecological Engineering<\/strong> (j. ang.)&nbsp;<\/p>\n<p>(70 pkt.)<\/td>\n<td><a href=\"http:\/\/www.jeeng.net\">http:\/\/www.jeeng.net<\/a>&nbsp;<\/td>\n<td>przes\u0142anie bezpo\u015brednio do czasopisma z informacj\u0105 o udziale w konferencji<\/td>\n<\/tr>\n<tr>\n<td><strong>Agronomy Science<\/strong> (j. ang.) (70 pkt.)<\/td>\n<td><a href=\"https:\/\/czasopisma.up.lublin.pl\/as\">https:\/\/czasopisma.up.lublin.pl\/as<\/a>&nbsp;<\/td>\n<td>przes\u0142anie bezpo\u015brednio do czasopisma z informacj\u0105 o udziale w konferencji<\/td>\n<\/tr>\n<\/tbody>\n<\/table>\n<\/div>\n<p>*&nbsp; terminy zg\u0142aszania ca\u0142ych tekst\u00f3w zostan\u0105 podane przez organizator\u00f3w w trakcie konferencji<\/p>\n<p>Do pozosta\u0142ych czasopism b\u0119dzie obowi\u0105zywa\u0142 nab\u00f3r ci\u0105g\u0142y na has\u0142o KONFERENCJA IIE2026<\/p>\n","protected":false},"excerpt":{"rendered":"<p>DRUK PUBLIKACJI Czasopismo Strona www Kwalifikacja Archives of Environmental Protection (j. ang.) (100 pkt)* https:\/\/journals.pan.pl\/aep&nbsp;<\/p>\n","protected":false},"author":2,"featured_media":0,"parent":1084,"menu_order":8,"comment_status":"closed","ping_status":"closed","template":"","meta":{"_acf_changed":false,"ngg_post_thumbnail":0,"footnotes":""},"class_list":["post-1403","page","type-page","status-publish","hentry"],"acf":[],"_links":{"self":[{"href":"https:\/\/pb.edu.pl\/iie\/wp-json\/wp\/v2\/pages\/1403","targetHints":{"allow":["GET"]}}],"collection":[{"href":"https:\/\/pb.edu.pl\/iie\/wp-json\/wp\/v2\/pages"}],"about":[{"href":"https:\/\/pb.edu.pl\/iie\/wp-json\/wp\/v2\/types\/page"}],"author":[{"embeddable":true,"href":"https:\/\/pb.edu.pl\/iie\/wp-json\/wp\/v2\/users\/2"}],"replies":[{"embeddable":true,"href":"https:\/\/pb.edu.pl\/iie\/wp-json\/wp\/v2\/comments?post=1403"}],"version-history":[{"count":3,"href":"https:\/\/pb.edu.pl\/iie\/wp-json\/wp\/v2\/pages\/1403\/revisions"}],"predecessor-version":[{"id":2208,"href":"https:\/\/pb.edu.pl\/iie\/wp-json\/wp\/v2\/pages\/1403\/revisions\/2208"}],"up":[{"embeddable":true,"href":"https:\/\/pb.edu.pl\/iie\/wp-json\/wp\/v2\/pages\/1084"}],"wp:attachment":[{"href":"https:\/\/pb.edu.pl\/iie\/wp-json\/wp\/v2\/media?parent=1403"}],"curies":[{"name":"wp","href":"https:\/\/api.w.org\/{rel}","templated":true}]}}