{"id":13,"date":"2020-05-18T14:40:41","date_gmt":"2020-05-18T12:40:41","guid":{"rendered":"https:\/\/pb.edu.pl\/iie\/?page_id=13"},"modified":"2026-04-16T11:59:16","modified_gmt":"2026-04-16T09:59:16","slug":"home","status":"publish","type":"page","link":"https:\/\/pb.edu.pl\/iie\/","title":{"rendered":""},"content":{"rendered":"<div class=\"img-full\">\n<p><img decoding=\"async\" src=\"https:\/\/pb.edu.pl\/iie\/wp-content\/uploads\/sites\/97\/2023\/02\/home-baner.jpg\" alt=\"Puszcza Bia\u0142owieska\"><\/p>\n<div class=\"img-full-text\">\n<div class=\"img-full-header\">Konferencja<br \/>\n\u201eInnowacje w In\u017cynierii Ekologicznej\u201d<\/div>\n<div>\u015brodowisko, zdrowie cz\u0142owieka i technologie<\/div>\n<div class=\"img-full-button\">21 &#8211; 24 czerwiec 2026 r.<\/div>\n<p>Politechnika Bia\u0142ostocka<br \/>\nUniwersytet w Bia\u0142ymstoku<br \/>\nUniwersytet Medyczny w Bia\u0142ymstoku<\/p>\n<\/div>\n<\/div>\n<div id=\"box-menu\" class=\"href\">&nbsp;<\/div>\n<div class=\"row\">\n<div class=\"col-sm-4 text-center\"><a class=\"button\" style=\"width: 100%;padding: 0px 5px 10px 5px\" title=\"\" href=\"\/iie\/o-konferencji\/\"><img loading=\"lazy\" decoding=\"async\" class=\"aligncenter size-full wp-image-1071\" src=\"https:\/\/pb.edu.pl\/iie\/wp-content\/uploads\/sites\/97\/2022\/01\/box1-konferencja.jpg\" alt=\"\" width=\"800\" height=\"533\" srcset=\"https:\/\/pb.edu.pl\/iie\/wp-content\/uploads\/sites\/97\/2022\/01\/box1-konferencja.jpg 800w, https:\/\/pb.edu.pl\/iie\/wp-content\/uploads\/sites\/97\/2022\/01\/box1-konferencja-300x200.jpg 300w, https:\/\/pb.edu.pl\/iie\/wp-content\/uploads\/sites\/97\/2022\/01\/box1-konferencja-768x512.jpg 768w, https:\/\/pb.edu.pl\/iie\/wp-content\/uploads\/sites\/97\/2022\/01\/box1-konferencja-480x320.jpg 480w\" sizes=\"auto, (max-width: 800px) 100vw, 800px\" \/><span class=\"lead\">O konferencji<\/span><\/a><\/div>\n<div class=\"col-sm-4 text-center\" data-wp-editing=\"1\"><a class=\"button\" style=\"width: 100%;padding: 0px 5px 10px 5px\" title=\"\" href=\"\/iie\/rejestracja\"><img loading=\"lazy\" decoding=\"async\" class=\"aligncenter size-full wp-image-1326\" src=\"https:\/\/pb.edu.pl\/iie\/wp-content\/uploads\/sites\/97\/2023\/02\/rejestracja-box.jpg\" alt=\"ro\u015blinka na d\u0142oniach\" width=\"800\" height=\"533\"><span class=\"lead\">Rejestracja<\/span><\/a><\/div>\n<div class=\"col-sm-4 text-center\"><a class=\"button\" style=\"width: 100%;padding: 0px 5px 10px 5px\" title=\"Dane teleadresowe\" href=\"\/iie\/kontakt\/\"><img loading=\"lazy\" decoding=\"async\" class=\"aligncenter size-full wp-image-1193\" src=\"https:\/\/pb.edu.pl\/iie\/wp-content\/uploads\/sites\/97\/2023\/02\/kontakt-box.jpg\" alt=\"\" width=\"800\" height=\"533\"><span class=\"lead\">Kontakt<\/span><\/a><\/div>\n<\/div>\n<p>&nbsp;<\/p>\n<div class=\"h1 text-center\">Patronat:<\/div>\n<div class=\"row\">\n<div class=\"col-sm-1\">&nbsp;<\/div>\n<div class=\"col-sm-3\">\n<div class=\"image\"><a href=\"https:\/\/pb.edu.pl\/\"><img loading=\"lazy\" decoding=\"async\" class=\"alignnone wp-image-1715 size-full\" src=\"https:\/\/pb.edu.pl\/iie\/wp-content\/uploads\/sites\/97\/2025\/11\/Logo-PB-pionowe-na-jednolitych-aplach-kolor.jpg\" alt=\"Logo Politechniki Bia\u0142ostockiej\" width=\"150\" height=\"150\"><\/a><\/div>\n<\/div>\n<div class=\"col-sm-1\">&nbsp;<\/div>\n<div class=\"col-sm-3\">\n<div class=\"image\"><a href=\"https:\/\/uwb.edu.pl\/\" target=\"_blank\" rel=\"noopener\"><img loading=\"lazy\" decoding=\"async\" class=\"alignnone wp-image-1522 size-thumbnail\" src=\"https:\/\/pb.edu.pl\/iie\/wp-content\/uploads\/sites\/97\/2025\/11\/UwB.png\" alt=\"Logo-UwB\" width=\"150\" height=\"150\"><\/a><\/div>\n<\/div>\n<div class=\"col-sm-1\">&nbsp;<\/div>\n<div class=\"col-sm-3\">\n<div class=\"image\"><a href=\"https:\/\/umb.edu.pl\/\" target=\"_blank\" rel=\"noopener\"> <img loading=\"lazy\" decoding=\"async\" src=\"https:\/\/pb.edu.pl\/iie\/wp-content\/uploads\/sites\/97\/2025\/11\/UMB-1.jpg\" alt=\"logo UMB\" width=\"150\" height=\"150\"><\/a><\/div>\n<\/div>\n<\/div>\n<p>&nbsp;<\/p>\n<div class=\"row\">\n<div class=\"col-sm-1\">&nbsp;<\/div>\n<div class=\"col-sm-4\">\n<div class=\"image\"><a href=\"https:\/\/pan.pl\/\" target=\"_blank\" rel=\"noopener\"><img loading=\"lazy\" decoding=\"async\" class=\"alignnone wp-image-1504 size-full\" src=\"https:\/\/pb.edu.pl\/iie\/wp-content\/uploads\/sites\/97\/2026\/03\/PAN_KIS.png\" alt=\"Logo PAN\" width=\"700\" height=\"700\"><\/a><\/div>\n<\/div>\n<\/div>\n<p>&nbsp;<\/p>\n<hr>\n<p>&nbsp;<\/p>\n<div class=\"h1 text-center\">Organizatorzy:<\/div>\n<p>&nbsp;<\/p>\n<div class=\"row\">\n<div class=\"col-sm-1\">&nbsp;<\/div>\n<div class=\"col-sm-3\">\n<div class=\"image\"><a href=\"https:\/\/pb.edu.pl\/\"><img loading=\"lazy\" decoding=\"async\" class=\"alignnone wp-image-1715 size-full\" src=\"https:\/\/pb.edu.pl\/iie\/wp-content\/uploads\/sites\/97\/2025\/11\/Logo-PB-pionowe-na-jednolitych-aplach-kolor.jpg\" alt=\"Logo Politechniki Bia\u0142ostockiej\" width=\"150\" height=\"150\"><\/a><\/div>\n<\/div>\n<div class=\"col-sm-1\">&nbsp;<\/div>\n<div class=\"col-sm-3\">\n<div class=\"image\"><a href=\"https:\/\/uwb.edu.pl\/\" target=\"_blank\" rel=\"noopener\"><img loading=\"lazy\" decoding=\"async\" class=\"alignnone wp-image-1522 size-thumbnail\" src=\"https:\/\/pb.edu.pl\/iie\/wp-content\/uploads\/sites\/97\/2025\/11\/UwB.png\" alt=\"Logo-UwB\" width=\"150\" height=\"150\"><\/a><\/div>\n<\/div>\n<div class=\"row\">\n<div class=\"col-sm-1\">&nbsp;<\/div>\n<div class=\"col-sm-3\">\n<div class=\"image\"><a href=\"https:\/\/umb.edu.pl\/\" target=\"_blank\" rel=\"noopener\"> <img loading=\"lazy\" decoding=\"async\" src=\"https:\/\/pb.edu.pl\/iie\/wp-content\/uploads\/sites\/97\/2025\/11\/UMB-1.jpg\" alt=\"logo UMB\" width=\"150\" height=\"150\"><\/a><\/div>\n<\/div>\n<\/div>\n<\/div>\n<hr>\n<p>&nbsp;<\/p>\n<div class=\"h1 text-center\">Wsp\u00f3\u0142organizatorzy:<\/div>\n<p>&nbsp;<\/p>\n<div class=\"row\">\n<div class=\"col-sm-1\">&nbsp;<\/div>\n<div class=\"col-sm-3\">\n<div class=\"image\" style=\"margin-top: 12px\"><a href=\"https:\/\/www.gov.pl\/web\/rdos-bialystok\/regionalna-dyrekcja-ochrony-srodowiska-w-bialymstoku\" target=\"_blank\" rel=\"noopener\"><img loading=\"lazy\" decoding=\"async\" class=\"alignnone wp-image-1504 size-full\" src=\"https:\/\/pb.edu.pl\/iie\/wp-content\/uploads\/sites\/97\/2024\/01\/Logo-RDOS-wBialymstoku.png\" alt=\"Logo MEN\" width=\"188\" height=\"150\"><\/a><\/div>\n<\/div>\n<div class=\"col-sm-1\">&nbsp;<\/div>\n<div class=\"col-sm-3\">\n<div class=\"image\"><img loading=\"lazy\" decoding=\"async\" class=\"alignnone wp-image-1505\" src=\"https:\/\/pb.edu.pl\/iie\/wp-content\/uploads\/sites\/97\/2025\/11\/Nauka-dla-spoleczenstwa.png\" alt=\"Logo-Nauka dla Spo\u0142ecze\u0144stwa\" width=\"148\" height=\"217\"><\/div>\n<\/div>\n<div class=\"col-sm-1\">&nbsp;<\/div>\n<div class=\"col-sm-3\">\n<div class=\"image\"><a href=\"https:\/\/ptie.pl\/\" target=\"_blank\" rel=\"noopener\"> <img loading=\"lazy\" decoding=\"async\" src=\"https:\/\/pb.edu.pl\/iie\/wp-content\/uploads\/sites\/97\/2023\/05\/logo-PTIE.jpg\" alt=\"logo Polskiego Towarzystwa In\u017cynierii Ekologicznej\" width=\"143\" height=\"143\"><\/a><\/div>\n<\/div>\n<\/div>\n<p>&nbsp;<\/p>\n<div class=\"row\">\n<div class=\"col-sm-1\">&nbsp;<\/div>\n<div class=\"col-sm-2\">\n<div class=\"image\"><img loading=\"lazy\" decoding=\"async\" class=\"alignnone wp-image-2022 size-full\" src=\"https:\/\/pb.edu.pl\/iie\/wp-content\/uploads\/sites\/97\/2025\/11\/PTH.png\" alt=\"\" width=\"240\" height=\"185\"><\/div>\n<\/div>\n<div class=\"col-sm-2\">&nbsp;<\/div>\n<div class=\"col-sm-3\">\n<div class=\"image\"><a href=\"https:\/\/ptir.org\/\" target=\"_blank\" rel=\"noopener\"><img loading=\"lazy\" decoding=\"async\" class=\"alignnone wp-image-1522 size-thumbnail\" src=\"https:\/\/pb.edu.pl\/iie\/wp-content\/uploads\/sites\/97\/2024\/01\/Logo-PTIR-150x150.png\" alt=\"Logo-PTIR\" width=\"150\" height=\"150\"><\/a><\/div>\n<\/div>\n<div class=\"col-sm-1\">&nbsp;<\/div>\n<div class=\"col-sm-3\">\n<div class=\"image\"><a href=\"https:\/\/umtykocin.pl\/\" target=\"_blank\" rel=\"noopener\"><img loading=\"lazy\" decoding=\"async\" class=\"alignnone\" src=\"https:\/\/pb.edu.pl\/iie\/wp-content\/uploads\/sites\/97\/2025\/11\/Tykocin.jpg\" alt=\"logo UM Tykocin\" width=\"180\" height=\"180\"><\/a><\/div>\n<\/div>\n<\/div>\n<p>&nbsp;<\/p>\n<div class=\"row\">\n<div class=\"col-sm-1\">&nbsp;<\/div>\n<div class=\"col-sm-3\">\n<div class=\"image\"><a href=\"https:\/\/iph.bialystok.pl\/\" target=\"_blank\" rel=\"noopener\"><img loading=\"lazy\" decoding=\"async\" class=\"alignnone\" src=\"https:\/\/pb.edu.pl\/iie\/wp-content\/uploads\/sites\/97\/2025\/11\/IPH.png\" alt=\"Logo-Izba Przemys\u0142owo-Handlowa w Bia\u0142ymstoku\" width=\"200\" height=\"200\"><\/a><\/div>\n<\/div>\n<div class=\"col-sm-1\">&nbsp;<\/div>\n<div class=\"col-sm-3\">\n<div class=\"image\"><img loading=\"lazy\" decoding=\"async\" class=\"alignnone\" src=\"https:\/\/pb.edu.pl\/iie\/wp-content\/uploads\/sites\/97\/2025\/11\/BioTech.png\" alt=\"Ko\u0142o Naukowe BioTech\" width=\"230\" height=\"230\"><\/div>\n<\/div>\n<div class=\"col-sm-1\">&nbsp;<\/div>\n<div class=\"col-sm-3\">\n<div class=\"image\"><img loading=\"lazy\" decoding=\"async\" class=\"alignnone\" src=\"https:\/\/pb.edu.pl\/iie\/wp-content\/uploads\/sites\/97\/2025\/11\/Rolka.png\" alt=\"Logo-Ko\u0142a Naukowego Rolka\" width=\"180\" height=\"180\"><\/div>\n<\/div>\n<\/div>\n<hr>\n<p>&nbsp;<\/p>\n<div class=\"h1 text-center\">Patroni medialni:<\/div>\n<p>&nbsp;<\/p>\n<div class=\"col-sm-3\">&nbsp;<\/div>\n<div class=\"col-sm-3\">\n<div class=\"aligncenter\"><a href=\"https:\/\/pb.edu.pl\/\" target=\"_blank\" rel=\"noopener\"><img loading=\"lazy\" decoding=\"async\" class=\"aligncenter wp-image-1715 size-full\" src=\"https:\/\/pb.edu.pl\/iie\/wp-content\/uploads\/sites\/97\/2026\/04\/LOGOInstal22.png\" alt=\"Logo Instal\" width=\"150\" height=\"150\"><\/a><\/div>\n<\/div>\n<div class=\"col-sm-2\">\n<div class=\"image\"><a href=\"https:\/\/akadera.bialystok.pl\/\" target=\"_blank\" rel=\"noopener\"><img loading=\"lazy\" decoding=\"async\" class=\"alignnone wp-image-2277 size-full\" src=\"https:\/\/pb.edu.pl\/iie\/wp-content\/uploads\/sites\/97\/2026\/04\/logo_akadera.jpg\" alt=\"logo Radia Akadera\" width=\"644\" height=\"230\" srcset=\"https:\/\/pb.edu.pl\/iie\/wp-content\/uploads\/sites\/97\/2026\/04\/logo_akadera.jpg 644w, https:\/\/pb.edu.pl\/iie\/wp-content\/uploads\/sites\/97\/2026\/04\/logo_akadera-300x107.jpg 300w\" sizes=\"auto, (max-width: 644px) 100vw, 644px\" \/><\/a><\/div>\n<\/div>\n<\/div>\n<p>&nbsp;<\/p>\n<hr>\n<p>Konferencja \u201eInnowacje w In\u017cynierii Ekologicznej\u201d \u015brodowisko, zdrowie cz\u0142owieka i technologie jest realizowana w ramach obchod\u00f3w 75 \u2013 lecia Wydzia\u0142u Budownictwa i Nauk o \u015arodowisku Politechniki Bia\u0142ostockiej<br \/>\n<img loading=\"lazy\" decoding=\"async\" class=\"wp-image-2246 size-large aligncenter\" src=\"https:\/\/pb.edu.pl\/iie\/wp-content\/uploads\/sites\/97\/2026\/04\/75-lat-WBiNS-PB-1024x274.jpg\" alt=\"\" width=\"1024\" height=\"274\" srcset=\"https:\/\/pb.edu.pl\/iie\/wp-content\/uploads\/sites\/97\/2026\/04\/75-lat-WBiNS-PB-1024x274.jpg 1024w, https:\/\/pb.edu.pl\/iie\/wp-content\/uploads\/sites\/97\/2026\/04\/75-lat-WBiNS-PB-300x80.jpg 300w, https:\/\/pb.edu.pl\/iie\/wp-content\/uploads\/sites\/97\/2026\/04\/75-lat-WBiNS-PB-768x206.jpg 768w, https:\/\/pb.edu.pl\/iie\/wp-content\/uploads\/sites\/97\/2026\/04\/75-lat-WBiNS-PB.jpg 1385w\" sizes=\"auto, (max-width: 1024px) 100vw, 1024px\" \/><\/p>\n","protected":false},"excerpt":{"rendered":"<p>Konferencja \u201eInnowacje w In\u017cynierii Ekologicznej\u201d \u015brodowisko, zdrowie cz\u0142owieka i technologie 21 &#8211; 24 czerwiec 2026<\/p>\n","protected":false},"author":2,"featured_media":0,"parent":0,"menu_order":0,"comment_status":"closed","ping_status":"closed","template":"templates\/dzial.php","meta":{"_acf_changed":false,"ngg_post_thumbnail":0,"footnotes":""},"class_list":["post-13","page","type-page","status-publish","hentry"],"acf":[],"_links":{"self":[{"href":"https:\/\/pb.edu.pl\/iie\/wp-json\/wp\/v2\/pages\/13","targetHints":{"allow":["GET"]}}],"collection":[{"href":"https:\/\/pb.edu.pl\/iie\/wp-json\/wp\/v2\/pages"}],"about":[{"href":"https:\/\/pb.edu.pl\/iie\/wp-json\/wp\/v2\/types\/page"}],"author":[{"embeddable":true,"href":"https:\/\/pb.edu.pl\/iie\/wp-json\/wp\/v2\/users\/2"}],"replies":[{"embeddable":true,"href":"https:\/\/pb.edu.pl\/iie\/wp-json\/wp\/v2\/comments?post=13"}],"version-history":[{"count":13,"href":"https:\/\/pb.edu.pl\/iie\/wp-json\/wp\/v2\/pages\/13\/revisions"}],"predecessor-version":[{"id":2284,"href":"https:\/\/pb.edu.pl\/iie\/wp-json\/wp\/v2\/pages\/13\/revisions\/2284"}],"wp:attachment":[{"href":"https:\/\/pb.edu.pl\/iie\/wp-json\/wp\/v2\/media?parent=13"}],"curies":[{"name":"wp","href":"https:\/\/api.w.org\/{rel}","templated":true}]}}