{"id":1112,"date":"2022-01-04T22:53:33","date_gmt":"2022-01-04T21:53:33","guid":{"rendered":"https:\/\/pb.edu.pl\/iie\/?page_id=1112"},"modified":"2025-11-25T13:43:38","modified_gmt":"2025-11-25T12:43:38","slug":"miejsce-i-termin-konferencji","status":"publish","type":"page","link":"https:\/\/pb.edu.pl\/iie\/o-konferencji\/miejsce-i-termin-konferencji\/","title":{"rendered":"Miejsce i termin konferencji"},"content":{"rendered":"<p><strong>Miejsce Konferencji<\/strong><br \/>\nApartamenty Branicka<br \/>\nul. Zamenhofa 22<br \/>\n15-435 Bia\u0142ystok, PL<br \/>\nTel. do rezerwacji: +48 537 277 900<br \/>\ne-mail: <a href=\"mailto:recepcja@apartamentybranicka.com\">recepcja@apartamentybranicka.com<\/a><br \/>\n<a href=\"https:\/\/www.apartamentybranicka.com\/kontakt\" title=\"Otworzy si\u0119 w nowym oknie\" target=\"_blank\">https:\/\/www.apartamentybranicka.com\/kontakt<\/a><br \/>\n* Przy rezerwacji prosz\u0119 poda\u0107 has\u0142o: <strong>PB2026<\/strong><\/p>\n","protected":false},"excerpt":{"rendered":"<p>Miejsce Konferencji Apartamenty Branicka ul. Zamenhofa 22 15-435 Bia\u0142ystok, PL Tel. do rezerwacji: +48 537<\/p>\n","protected":false},"author":2,"featured_media":0,"parent":1084,"menu_order":7,"comment_status":"closed","ping_status":"closed","template":"","meta":{"_acf_changed":false,"ngg_post_thumbnail":0,"footnotes":""},"class_list":["post-1112","page","type-page","status-publish","hentry"],"acf":[],"_links":{"self":[{"href":"https:\/\/pb.edu.pl\/iie\/wp-json\/wp\/v2\/pages\/1112","targetHints":{"allow":["GET"]}}],"collection":[{"href":"https:\/\/pb.edu.pl\/iie\/wp-json\/wp\/v2\/pages"}],"about":[{"href":"https:\/\/pb.edu.pl\/iie\/wp-json\/wp\/v2\/types\/page"}],"author":[{"embeddable":true,"href":"https:\/\/pb.edu.pl\/iie\/wp-json\/wp\/v2\/users\/2"}],"replies":[{"embeddable":true,"href":"https:\/\/pb.edu.pl\/iie\/wp-json\/wp\/v2\/comments?post=1112"}],"version-history":[{"count":0,"href":"https:\/\/pb.edu.pl\/iie\/wp-json\/wp\/v2\/pages\/1112\/revisions"}],"up":[{"embeddable":true,"href":"https:\/\/pb.edu.pl\/iie\/wp-json\/wp\/v2\/pages\/1084"}],"wp:attachment":[{"href":"https:\/\/pb.edu.pl\/iie\/wp-json\/wp\/v2\/media?parent=1112"}],"curies":[{"name":"wp","href":"https:\/\/api.w.org\/{rel}","templated":true}]}}