{"id":1110,"date":"2022-01-04T22:53:13","date_gmt":"2022-01-04T21:53:13","guid":{"rendered":"https:\/\/pb.edu.pl\/iie\/?page_id=1110"},"modified":"2025-11-25T13:39:38","modified_gmt":"2025-11-25T12:39:38","slug":"komitet-organizacyjny","status":"publish","type":"page","link":"https:\/\/pb.edu.pl\/iie\/o-konferencji\/komitet-organizacyjny\/","title":{"rendered":"Komitet organizacyjny"},"content":{"rendered":"<p><strong>PRZEWODNICZ\u0104CA<\/strong> \u2013 dr hab. Agata Jab\u0142o\u0144ska-Trypu\u0107, prof. PB<\/p>\n<p><strong>Z-CY PRZEWODNICZ\u0104CEJ:<\/strong><br \/>\ndr hab. in\u017c. El\u017cbieta Wo\u0142ejko, prof. PB<br \/>\ndr hab. Adam Cudowski (UwB)<br \/>\ndr hab. Rafa\u0142 Kr\u0119towski (UMB)<\/p>\n<hr>\n<p><strong>SEKRETARZE:<\/strong><br \/>\ndr in\u017c. Adam Wi\u0119cko (UwB)<br \/>\ndr in\u017c. Aneta Sienkiewicz (PB)<\/p>\n<hr>\n<p><strong>CZ\u0141ONKOWIE:<\/strong><br \/>\nprof. dr hab. in\u017c Jolanta Pauk (PB)<br \/>\nprof. Carmen Estevan Mart\u00ednez (Universidad Miguel Hern\u00e1ndez de Elche)<br \/>\nprof. dr. \u017divil\u0117 Tarasevi\u010dien\u0117 (Vytautas Magnus University, Agriculture Academy)<br \/>\ndr hab. Mateusz Maciejczyk (UMB)<br \/>\ndr hab. Piotr Zieli\u0144ski, prof. UwB (UwB)<br \/>\ndr in\u017c. Katarzyna Kalinowska-Wichrowska (PB)<br \/>\ndr Magdalena \u015awis\u0142ocka-Cutter (UwB)<br \/>\ndr  in\u017c. Anna Werner-Juszczuk (PB)<br \/>\ndr in\u017c. Urszula Wydro (PB)<br \/>\nmgr Ewa Gobcewicz (PB\/UwB)<br \/>\nmgr in\u017c. Kinga Koziak  (PB)<br \/>\nmgr Aneta Michalak (UwB)<br \/>\nDawid Szutko (PB)<\/p>\n","protected":false},"excerpt":{"rendered":"<p>PRZEWODNICZ\u0104CA \u2013 dr hab. Agata Jab\u0142o\u0144ska-Trypu\u0107, prof. PB Z-CY PRZEWODNICZ\u0104CEJ: dr hab. in\u017c. El\u017cbieta Wo\u0142ejko,<\/p>\n","protected":false},"author":2,"featured_media":0,"parent":1084,"menu_order":5,"comment_status":"closed","ping_status":"closed","template":"","meta":{"_acf_changed":false,"ngg_post_thumbnail":0,"footnotes":""},"class_list":["post-1110","page","type-page","status-publish","hentry"],"acf":[],"_links":{"self":[{"href":"https:\/\/pb.edu.pl\/iie\/wp-json\/wp\/v2\/pages\/1110","targetHints":{"allow":["GET"]}}],"collection":[{"href":"https:\/\/pb.edu.pl\/iie\/wp-json\/wp\/v2\/pages"}],"about":[{"href":"https:\/\/pb.edu.pl\/iie\/wp-json\/wp\/v2\/types\/page"}],"author":[{"embeddable":true,"href":"https:\/\/pb.edu.pl\/iie\/wp-json\/wp\/v2\/users\/2"}],"replies":[{"embeddable":true,"href":"https:\/\/pb.edu.pl\/iie\/wp-json\/wp\/v2\/comments?post=1110"}],"version-history":[{"count":0,"href":"https:\/\/pb.edu.pl\/iie\/wp-json\/wp\/v2\/pages\/1110\/revisions"}],"up":[{"embeddable":true,"href":"https:\/\/pb.edu.pl\/iie\/wp-json\/wp\/v2\/pages\/1084"}],"wp:attachment":[{"href":"https:\/\/pb.edu.pl\/iie\/wp-json\/wp\/v2\/media?parent=1110"}],"curies":[{"name":"wp","href":"https:\/\/api.w.org\/{rel}","templated":true}]}}