{"id":1108,"date":"2022-01-04T22:52:48","date_gmt":"2022-01-04T21:52:48","guid":{"rendered":"https:\/\/pb.edu.pl\/iie\/?page_id=1108"},"modified":"2025-11-25T13:36:44","modified_gmt":"2025-11-25T12:36:44","slug":"komitet-naukowy","status":"publish","type":"page","link":"https:\/\/pb.edu.pl\/iie\/o-konferencji\/komitet-naukowy\/","title":{"rendered":"Komitet naukowy"},"content":{"rendered":"<p><strong>PRZEWODNICZ\u0104CA:<\/strong><br \/>\ndr hab. Agata Jab\u0142o\u0144ska-Trypu\u0107 prof. PB<\/p>\n<hr>\n<p>&nbsp;<br \/>\n<strong>CZ\u0141ONKOWIE:<\/strong><br \/>\nprof. dr hab. in\u017c. Czes\u0142awa Rosik-Dulewska, IPI\u015a<br \/>\nprof. dr hab. in\u017c. Maria W\u0142odarczyk-Maku\u0142a, PCz<br \/>\nprof. dr hab. in\u017c. Piotr Koszelnik, PRz<br \/>\nprof. dr hab. in\u017c. Klaudia Borowiak, UPP<br \/>\nprof. dr hab. in\u017c. Gabriel Borowski, PL<br \/>\nprof. dr hab. Marzanna Cechowska-Pasko, UMB<br \/>\nprof. dr hab. in\u017c. Wojciech Czeka\u0142a, UPP<br \/>\nprof. dr hab. in\u017c. Marcin D\u0119bowski, UWM<br \/>\nprof. dr hab. in\u017c. Mariusz Dudziak, P\u015a<br \/>\nprof. dr hab. Andrzej Stefan G\u00f3rniak, UwB<br \/>\nprof. dr hab. in\u017c. Wojciech Janczukowicz, UWM<br \/>\nprof. dr hab. Krzysztof J\u00f3\u017awiakowski, UPwL<br \/>\nprof. dr hab. Joanna Kostecka, URz<br \/>\nprof hab. in\u017c. Alina Kowalczyk-Ju\u015bko, UPL<br \/>\nprof. \u00d6zge Karaka\u015f Metin (\u00c7anakkale Onsekiz Mart University, Turcja)<br \/>\nprof. dr hab. Bo\u017cena \u0141ozowicka, IOR<br \/>\nprof. dr hab. Hanna Obarska- Pempkowiak, PG<br \/>\nprof. dr hab. in\u017c. Jolanta Pauk, PB<br \/>\nprof. dr hab. Lucjan Paw\u0142owski, PL<br \/>\nprof. dr hab. Ma\u0142gorzata Paw\u0142owska, PL<br \/>\nprof. dr hab. Janusz Podle\u015bny, IUNG<br \/>\nprof. dr hab. in\u017c. Joanna Rodziewicz, UWM<br \/>\nprof. Carmen Estevan Mart\u00ednez (Universidad Miguel Hern\u00e1ndez de Elche)<br \/>\nprof. dr hab. in\u017c. Tadeusz Siwiec, UPL<br \/>\nprof. dr hab. in\u017c. Iwona Skoczko, PB<br \/>\nprof. dr hab. Katarzyna Socha, UMB<br \/>\nprof. dr hab. in\u017c. Kazimierz Szyma\u0144ski, PK<br \/>\nprof. dr. \u017divil\u0117 Tarasevi\u010dien\u0117 (Vytautas Magnus University, Agriculture Academy,)<br \/>\nprof. dr hab. Micha\u0142 Tomczyk, UMB<br \/>\nprof. dr hab. in\u017c. J\u00f3zefa Wiater, PB<br \/>\nprof. dr hab. in\u017c. Miros\u0142aw Wiatkowski, UPW<br \/>\nprof. dr hab. n.med. Ma\u0142gorzata \u017bendzian-Piotrowska, UMB<br \/>\ndr hab. in\u017c. Izabela Bartkowska, prof. PB<br \/>\ndr hab. El\u017cbieta Broniewicz, prof. PB<br \/>\ndr hab. Adam Cudowski, UwB<br \/>\ndr hab. Lidia D\u0105bek, P\u015ak<br \/>\ndr hab. Izabela Dobrzy\u0144ska, prof. UwB<br \/>\ndr hab. Danuta Drzymulska, prof. UwB<br \/>\ndr hab. Aleksandra G\u0142owacka, prof UPL<br \/>\ndr hab. Anna G\u0142owacka, prof. ZUT<br \/>\ndr hab. Anna Grobelak, prof. PCz<br \/>\ndr hab. Piotr Kaczy\u0144ski, prof. IOR<br \/>\ndr hab. Monika Kalinowska, prof. PB<br \/>\ndr hab. in\u017c. Joanna Kazimierowicz, prof. PB<br \/>\ndr hab Anna Kie\u0142tyka-Dadasiewicz, prof UPL<br \/>\ndr hab. in\u017c. Zofia Ko\u0142oszko-Chomentowska, prof. PB<br \/>\ndr hab. in\u017c. Dorota Krawczyk, prof. PB<br \/>\ndr hab. Aneta Ksi\u0105\u017cek, UwB<br \/>\ndr hab. Grzegorz Kusza, prof. UO<br \/>\ndr hab. Gra\u017cyna \u0141aska, prof. PB<br \/>\ndr hab. Mateusz Maciejczyk, UMB<br \/>\ndr hab. Monika Naumowicz, prof. UwB<br \/>\ndr hab. Bogumi\u0142a Pawlu\u015bkiewicz, prof. SGGW<br \/>\ndr hab.  Jolanta Piekut, prof. PB<br \/>\ndr hab. Alicja Piotrowska-Niczyporuk, UwB<br \/>\ndr hab. Marzena Smol-Aruszanjan, IGSMiE PAN<br \/>\ndr hab. El\u017cbieta Wo\u0142ejko, prof. PB<br \/>\ndr hab. Piotr Zieli\u0144ski, prof. UwB<\/p>\n","protected":false},"excerpt":{"rendered":"<p>PRZEWODNICZ\u0104CA: dr hab. Agata Jab\u0142o\u0144ska-Trypu\u0107 prof. PB &nbsp; CZ\u0141ONKOWIE: prof. dr hab. in\u017c. Czes\u0142awa Rosik-Dulewska,<\/p>\n","protected":false},"author":2,"featured_media":0,"parent":1084,"menu_order":5,"comment_status":"closed","ping_status":"closed","template":"","meta":{"_acf_changed":false,"ngg_post_thumbnail":0,"footnotes":""},"class_list":["post-1108","page","type-page","status-publish","hentry"],"acf":[],"_links":{"self":[{"href":"https:\/\/pb.edu.pl\/iie\/wp-json\/wp\/v2\/pages\/1108","targetHints":{"allow":["GET"]}}],"collection":[{"href":"https:\/\/pb.edu.pl\/iie\/wp-json\/wp\/v2\/pages"}],"about":[{"href":"https:\/\/pb.edu.pl\/iie\/wp-json\/wp\/v2\/types\/page"}],"author":[{"embeddable":true,"href":"https:\/\/pb.edu.pl\/iie\/wp-json\/wp\/v2\/users\/2"}],"replies":[{"embeddable":true,"href":"https:\/\/pb.edu.pl\/iie\/wp-json\/wp\/v2\/comments?post=1108"}],"version-history":[{"count":0,"href":"https:\/\/pb.edu.pl\/iie\/wp-json\/wp\/v2\/pages\/1108\/revisions"}],"up":[{"embeddable":true,"href":"https:\/\/pb.edu.pl\/iie\/wp-json\/wp\/v2\/pages\/1084"}],"wp:attachment":[{"href":"https:\/\/pb.edu.pl\/iie\/wp-json\/wp\/v2\/media?parent=1108"}],"curies":[{"name":"wp","href":"https:\/\/api.w.org\/{rel}","templated":true}]}}