{"id":1101,"date":"2022-01-04T22:51:43","date_gmt":"2022-01-04T21:51:43","guid":{"rendered":"https:\/\/pb.edu.pl\/iie\/?page_id=1101"},"modified":"2026-04-01T09:59:53","modified_gmt":"2026-04-01T07:59:53","slug":"cele-konferencji","status":"publish","type":"page","link":"https:\/\/pb.edu.pl\/iie\/o-konferencji\/cele-konferencji\/","title":{"rendered":"Cele konferencji"},"content":{"rendered":"<p>Konferencja ma na celu prezentacj\u0119 wynik\u00f3w innowacyjnych bada\u0144 oraz rzeteln\u0105 analiz\u0119 przysz\u0142ych wsp\u00f3lnych dzia\u0142a\u0144 na rzecz \u015brodowiska i jego wp\u0142ywu na zdrowie cz\u0142owieka.<br \/>\n&nbsp;<br \/>\n<a class=\"docx\" title=\"pobierz plik\" href=\"https:\/\/pb.edu.pl\/iie\/wp-content\/uploads\/sites\/97\/2024\/01\/Zalacznik_wzor-streszczenia.docx\" data-id=\"1515\">Za\u0142\u0105cznik &#8211; wz\u00f3r streszczenia (DOCX, 18 KB)<\/a><\/p>\n<p><a class=\"pdf\" href=\"https:\/\/pb.edu.pl\/iie\/wp-content\/uploads\/sites\/97\/2026\/03\/II-Komunikat-KONFERENCJI-NAUKOWEJ.pdf\" target=\"_blank\" data-id=\"2204\">IIE 2026 II komunikat <span>(PDF, 2 MB, otworzy si\u0119 w nowej karcie)<\/span><\/a><br \/>\n&nbsp;<\/p>\n<hr>\n<p>Konferencja \u201eInnowacje w In\u017cynierii Ekologicznej\u201d \u015brodowisko, zdrowie cz\u0142owieka i technologie jest realizowana w ramach obchod\u00f3w 75 \u2013 lecia Wydzia\u0142u Budownictwa i Nauk o \u015arodowisku Politechniki Bia\u0142ostockiej<br \/>\n<img loading=\"lazy\" decoding=\"async\" class=\"wp-image-2246 size-large aligncenter\" src=\"https:\/\/pb.edu.pl\/iie\/wp-content\/uploads\/sites\/97\/2026\/04\/75-lat-WBiNS-PB-1024x274.jpg\" alt=\"\" width=\"1024\" height=\"274\" srcset=\"https:\/\/pb.edu.pl\/iie\/wp-content\/uploads\/sites\/97\/2026\/04\/75-lat-WBiNS-PB-1024x274.jpg 1024w, https:\/\/pb.edu.pl\/iie\/wp-content\/uploads\/sites\/97\/2026\/04\/75-lat-WBiNS-PB-300x80.jpg 300w, https:\/\/pb.edu.pl\/iie\/wp-content\/uploads\/sites\/97\/2026\/04\/75-lat-WBiNS-PB-768x206.jpg 768w, https:\/\/pb.edu.pl\/iie\/wp-content\/uploads\/sites\/97\/2026\/04\/75-lat-WBiNS-PB.jpg 1385w\" sizes=\"auto, (max-width: 1024px) 100vw, 1024px\" \/><\/p>\n","protected":false},"excerpt":{"rendered":"<p>Konferencja ma na celu prezentacj\u0119 wynik\u00f3w innowacyjnych bada\u0144 oraz rzeteln\u0105 analiz\u0119 przysz\u0142ych wsp\u00f3lnych dzia\u0142a\u0144 na<\/p>\n","protected":false},"author":2,"featured_media":0,"parent":1084,"menu_order":1,"comment_status":"closed","ping_status":"closed","template":"","meta":{"_acf_changed":false,"ngg_post_thumbnail":0,"footnotes":""},"class_list":["post-1101","page","type-page","status-publish","hentry"],"acf":[],"_links":{"self":[{"href":"https:\/\/pb.edu.pl\/iie\/wp-json\/wp\/v2\/pages\/1101","targetHints":{"allow":["GET"]}}],"collection":[{"href":"https:\/\/pb.edu.pl\/iie\/wp-json\/wp\/v2\/pages"}],"about":[{"href":"https:\/\/pb.edu.pl\/iie\/wp-json\/wp\/v2\/types\/page"}],"author":[{"embeddable":true,"href":"https:\/\/pb.edu.pl\/iie\/wp-json\/wp\/v2\/users\/2"}],"replies":[{"embeddable":true,"href":"https:\/\/pb.edu.pl\/iie\/wp-json\/wp\/v2\/comments?post=1101"}],"version-history":[{"count":4,"href":"https:\/\/pb.edu.pl\/iie\/wp-json\/wp\/v2\/pages\/1101\/revisions"}],"predecessor-version":[{"id":2250,"href":"https:\/\/pb.edu.pl\/iie\/wp-json\/wp\/v2\/pages\/1101\/revisions\/2250"}],"up":[{"embeddable":true,"href":"https:\/\/pb.edu.pl\/iie\/wp-json\/wp\/v2\/pages\/1084"}],"wp:attachment":[{"href":"https:\/\/pb.edu.pl\/iie\/wp-json\/wp\/v2\/media?parent=1101"}],"curies":[{"name":"wp","href":"https:\/\/api.w.org\/{rel}","templated":true}]}}