{"id":1084,"date":"2022-01-04T22:31:09","date_gmt":"2022-01-04T21:31:09","guid":{"rendered":"https:\/\/pb.edu.pl\/iie\/?page_id=1084"},"modified":"2025-11-28T12:48:53","modified_gmt":"2025-11-28T11:48:53","slug":"o-konferencji","status":"publish","type":"page","link":"https:\/\/pb.edu.pl\/iie\/o-konferencji\/","title":{"rendered":"O konferencji"},"content":{"rendered":"<p><b>Tematyka&nbsp; konferencji:<\/b><\/p>\n<ul>\n<li>monitoring i ochrona \u015brodowiska naturalnego;<\/li>\n<li>funkcjonowanie ekosystem\u00f3w wodnych i mokrade\u0142 w warunkach antropopresji;<\/li>\n<li>in\u017cynieryjno-techniczne i biotechnologiczne rozwi\u0105zania w in\u017cynierii ekologicznej;<\/li>\n<li>in\u017cynieria biomedyczna &#8211; nowoczesne technologie w s\u0142u\u017cbie zdrowia cz\u0142owieka;<\/li>\n<li>konsekwencje \u017cycia cz\u0142owieka w zanieczyszczonym \u015brodowisku: od alergii po nowotwory;<\/li>\n<li>zanieczyszczenia antropogeniczne \u015brodowiska naturalnego w tym mikrozanieczyszczenia, jako ukryte zagro\u017cenie dla \u017cycia i zdrowia cz\u0142owieka;<\/li>\n<li>jako\u015b\u0107 \u015brodowiska, bezpiecze\u0144stwo \u017cywno\u015bci a choroby cywilizacyjne.<\/li>\n<\/ul>\n","protected":false},"excerpt":{"rendered":"<p>Tematyka&nbsp; konferencji: monitoring i ochrona \u015brodowiska naturalnego; funkcjonowanie ekosystem\u00f3w wodnych i mokrade\u0142 w warunkach antropopresji;<\/p>\n","protected":false},"author":2,"featured_media":0,"parent":0,"menu_order":1,"comment_status":"closed","ping_status":"closed","template":"","meta":{"_acf_changed":false,"ngg_post_thumbnail":0,"footnotes":""},"class_list":["post-1084","page","type-page","status-publish","hentry"],"acf":[],"_links":{"self":[{"href":"https:\/\/pb.edu.pl\/iie\/wp-json\/wp\/v2\/pages\/1084","targetHints":{"allow":["GET"]}}],"collection":[{"href":"https:\/\/pb.edu.pl\/iie\/wp-json\/wp\/v2\/pages"}],"about":[{"href":"https:\/\/pb.edu.pl\/iie\/wp-json\/wp\/v2\/types\/page"}],"author":[{"embeddable":true,"href":"https:\/\/pb.edu.pl\/iie\/wp-json\/wp\/v2\/users\/2"}],"replies":[{"embeddable":true,"href":"https:\/\/pb.edu.pl\/iie\/wp-json\/wp\/v2\/comments?post=1084"}],"version-history":[{"count":0,"href":"https:\/\/pb.edu.pl\/iie\/wp-json\/wp\/v2\/pages\/1084\/revisions"}],"wp:attachment":[{"href":"https:\/\/pb.edu.pl\/iie\/wp-json\/wp\/v2\/media?parent=1084"}],"curies":[{"name":"wp","href":"https:\/\/api.w.org\/{rel}","templated":true}]}}