{"id":1621,"date":"2022-01-04T22:53:13","date_gmt":"2022-01-04T21:53:13","guid":{"rendered":"https:\/\/pb.edu.pl\/iie\/about-the-conference\/komitet-organizacyjny\/"},"modified":"2024-03-04T13:05:09","modified_gmt":"2024-03-04T12:05:09","slug":"organising-committee","status":"publish","type":"page","link":"https:\/\/pb.edu.pl\/iie\/en\/about-the-conference\/organising-committee\/","title":{"rendered":"Organising committee"},"content":{"rendered":"<p><strong>Chair<\/strong> \u2013 Assoc. Prof. El\u017cbieta Wo\u0142ejko, DSc, PhD, Eng. Bia\u0142ystok University of Technology (BUT)<\/p>\n<p><strong>Co-chairs:<\/strong><br \/>\nUrszula Wydro, PhD, Eng. (BUT)<br \/>\nMa\u0142gorzata Krasowska, PhD, Eng. (BUT) <\/p>\n<hr>\n<p><strong>SEKRETARZ:<\/strong><br \/>\nAneta Sienkiewicz, PhD, Eng. (BUT)<br \/>\nKinga Koziak, MSc, Eng. (PB)<\/p>\n<hr>\n<p>Assoc. Prof. Agata Jab\u0142o\u0144ska-Trypu\u0107, DSc, PhD (BUT)<br \/>\nAdam Cudowski DSc, PhD (University of Bialystok)<br \/>\nMagdalena Joka Yildiz, PhD, Eng. (BUT)<br \/>\nMa\u0142gorzata Kowczyk-Sadowy, PhD, Eng. (BUT)<br \/>\nAnna Werner-Juszczuk, PhD, Eng. (BUT)<br \/>\nKatarzyna Kalinowska-Wichrowska, PhD, Eng. (BUT)<br \/>\nAnna Pietryczuk, PhD (University of Bialystok)<\/p>\n","protected":false},"excerpt":{"rendered":"<p>Chair \u2013 Assoc. Prof. El\u017cbieta Wo\u0142ejko, DSc, PhD, Eng. Bia\u0142ystok University of Technology (BUT) Co-chairs:<\/p>\n","protected":false},"author":2,"featured_media":0,"parent":1596,"menu_order":5,"comment_status":"closed","ping_status":"closed","template":"","meta":{"_acf_changed":false,"ngg_post_thumbnail":0,"footnotes":""},"class_list":["post-1621","page","type-page","status-publish","hentry"],"acf":[],"_links":{"self":[{"href":"https:\/\/pb.edu.pl\/iie\/en\/wp-json\/wp\/v2\/pages\/1621","targetHints":{"allow":["GET"]}}],"collection":[{"href":"https:\/\/pb.edu.pl\/iie\/en\/wp-json\/wp\/v2\/pages"}],"about":[{"href":"https:\/\/pb.edu.pl\/iie\/en\/wp-json\/wp\/v2\/types\/page"}],"author":[{"embeddable":true,"href":"https:\/\/pb.edu.pl\/iie\/en\/wp-json\/wp\/v2\/users\/2"}],"replies":[{"embeddable":true,"href":"https:\/\/pb.edu.pl\/iie\/en\/wp-json\/wp\/v2\/comments?post=1621"}],"version-history":[{"count":0,"href":"https:\/\/pb.edu.pl\/iie\/en\/wp-json\/wp\/v2\/pages\/1621\/revisions"}],"up":[{"embeddable":true,"href":"https:\/\/pb.edu.pl\/iie\/en\/wp-json\/wp\/v2\/pages\/1596"}],"wp:attachment":[{"href":"https:\/\/pb.edu.pl\/iie\/en\/wp-json\/wp\/v2\/media?parent=1621"}],"curies":[{"name":"wp","href":"https:\/\/api.w.org\/{rel}","templated":true}]}}