{"id":1618,"date":"2022-01-04T22:52:48","date_gmt":"2022-01-04T21:52:48","guid":{"rendered":"https:\/\/pb.edu.pl\/iie\/about-the-conference\/komitet-naukowy\/"},"modified":"2024-03-25T13:49:07","modified_gmt":"2024-03-25T12:49:07","slug":"scientific-committee","status":"publish","type":"page","link":"https:\/\/pb.edu.pl\/iie\/en\/about-the-conference\/scientific-committee\/","title":{"rendered":"Scientific committee"},"content":{"rendered":"<p><strong>Chair:<\/strong><br \/>\ndr hab. Gra\u017cyna \u0141aska prof. PB<br \/>\nprof. dr hab. in\u017c. J\u00f3zefa Wiater, PB<\/p>\n<hr>\n<p>&nbsp;<br \/>\nprof. dr hab. in\u017c. Czes\u0142awa Rosik-Dulewska, cz\u0142. Rzeczywisty PAN<br \/>\nprof. dr hab. Kazimierz Banasik, KI\u015a PAN<br \/>\nprof. dr hab. Joanna Kostecka, Prezeska ZG PTIE<br \/>\nprof. Anna Miku\u0142a, Prezeska PTB, CZRB PAN<br \/>\nprof. Czes\u0142aw Ho\u0142dy\u0144ski, Wice-Prezes PTB UWM<br \/>\nprof. dr hab. Magdalena Fr\u0105c, IA PAN<br \/>\nprof. dr hab. in\u017c. Gabriel Borowski<br \/>\nprof. dr hab. in\u017c. Lech Dzienis<br \/>\nprof. dr hab. in\u017c. Wojciech Janczukowicz<br \/>\nprof. dr hab. in\u017c. Katarzyna Ignatowicz<br \/>\nprof. dr hab. Krzysztof J\u00f3\u017awiakowski<br \/>\nprof. dr hab. in\u017c. Piotr Koszelnik<br \/>\nprof. dr hab. Bo\u017cena \u0141ozowicka<br \/>\nprof. dr hab. Hanna Obarska- Pempkowiak<br \/>\nprof. dr hab. Ma\u0142gorzata Paw\u0142owska<br \/>\nprof. dr hab. Janusz Podle\u015bny<br \/>\nprof. dr hab. in\u017c. Joanna Rodziewicz<br \/>\nprof. dr hab. Beata Raszka<br \/>\nprof. dr hab. in\u017c. Robert Side\u0142ko<br \/>\nprof. dr hab. in\u017c. Iwona Skoczko<br \/>\nprof. dr hab. in\u017c. Kazimierz Szyma\u0144ski<br \/>\nprof. dr hab. in\u017c. Miros\u0142aw Wiatkowski<br \/>\nprof. dr hab. in\u017c. Maria W\u0142odarczyk-Maku\u0142a<br \/>\ndr hab. in\u017c. Izabela Bartkowska<br \/>\ndr hab. El\u017cbieta Broniewicz<br \/>\ndr hab. in\u017c. Andrzej Butarewicz<br \/>\ndr hab. Lidia D\u0105bek<br \/>\ndr hab. in\u017c. Wojciech D\u0105browski<br \/>\ndr hab. Anna G\u0142owacka<br \/>\ndr hab. Anna Grobelak<br \/>\ndr hab. Agata Jab\u0142o\u0144ska-Trypu\u0107<br \/>\ndr hab. Piotr Kaczy\u0144ski<br \/>\ndr hab. Monika Kalinowska<br \/>\ndr hab. in\u017c. Dorota Krawczyk<br \/>\ndr hab. Aleksander Ko\u0142os<br \/>\ndr hab. in\u017c. Zofia Ko\u0142oszko-Chomentowska<br \/>\ndr hab. in\u017c. S\u0142awomir Obidzi\u0144ski<br \/>\ndr hab. Bogumi\u0142a Pawlu\u015bkiewicz<br \/>\ndr hab.  Jolanta Piekut<br \/>\ndr hab. in\u017c. Joanna Szyszlak-Barg\u0142owicz<br \/>\ndr hab. in\u017c. Izabela Ta\u0142a\u0142aj<br \/>\ndr hab. in\u017c. El\u017cbieta Wo\u0142ejko<br \/>\ndr hab. Iwona Zawieja<br \/>\ndr hab. in\u017c. Andrzej \u017bo\u0142nowski<\/p>\n<p>prof. Jason Hoeksema (University of  Mississippi, USA)<br \/>\nprof. Marc-Andr\u00e9 Selosse (French Botany Society, France)<br \/>\nprof. Sergey Dromashko (National Academy of Sciences, Belarus)<br \/>\nprof. Vladimir Titok (Central Botanical Garden of the NAS, Belarus)<br \/>\nprof. Kemal Melih Ta\u015fkin (\u00c7anakkale Onsekiz Mart University, Turcja)<br \/>\nprof. Tu\u011fba B. T\u00fcmer (\u00c7anakkale Onsekiz Mart University, Turcja)<br \/>\nprof. \u00d6zge Karaka\u015f Metin (\u00c7anakkale Onsekiz Mart University, Turcja)<br \/>\nprof. Antonino Galati (University of Palermo, W\u0142ochy)<\/p>\n","protected":false},"excerpt":{"rendered":"<p>Chair: dr hab. Gra\u017cyna \u0141aska prof. PB prof. dr hab. in\u017c. J\u00f3zefa Wiater, PB &nbsp;<\/p>\n","protected":false},"author":2,"featured_media":0,"parent":1596,"menu_order":5,"comment_status":"closed","ping_status":"closed","template":"","meta":{"_acf_changed":false,"ngg_post_thumbnail":0,"footnotes":""},"class_list":["post-1618","page","type-page","status-publish","hentry"],"acf":[],"_links":{"self":[{"href":"https:\/\/pb.edu.pl\/iie\/en\/wp-json\/wp\/v2\/pages\/1618","targetHints":{"allow":["GET"]}}],"collection":[{"href":"https:\/\/pb.edu.pl\/iie\/en\/wp-json\/wp\/v2\/pages"}],"about":[{"href":"https:\/\/pb.edu.pl\/iie\/en\/wp-json\/wp\/v2\/types\/page"}],"author":[{"embeddable":true,"href":"https:\/\/pb.edu.pl\/iie\/en\/wp-json\/wp\/v2\/users\/2"}],"replies":[{"embeddable":true,"href":"https:\/\/pb.edu.pl\/iie\/en\/wp-json\/wp\/v2\/comments?post=1618"}],"version-history":[{"count":0,"href":"https:\/\/pb.edu.pl\/iie\/en\/wp-json\/wp\/v2\/pages\/1618\/revisions"}],"up":[{"embeddable":true,"href":"https:\/\/pb.edu.pl\/iie\/en\/wp-json\/wp\/v2\/pages\/1596"}],"wp:attachment":[{"href":"https:\/\/pb.edu.pl\/iie\/en\/wp-json\/wp\/v2\/media?parent=1618"}],"curies":[{"name":"wp","href":"https:\/\/api.w.org\/{rel}","templated":true}]}}