{"id":1601,"date":"2022-01-04T22:45:37","date_gmt":"2022-01-04T21:45:37","guid":{"rendered":"https:\/\/pb.edu.pl\/iie\/kontakt\/"},"modified":"2024-02-22T10:54:55","modified_gmt":"2024-02-22T09:54:55","slug":"contact","status":"publish","type":"page","link":"https:\/\/pb.edu.pl\/iie\/en\/contact\/","title":{"rendered":"Contact"},"content":{"rendered":"<p>dr hab. in\u017c. El\u017cbieta Wo\u0142ejko &nbsp;&nbsp; <i class=\"fal fa-envelope\"><\/i> <a href=\"#\" rel=\"nofollow\"  onclick=\"this.href='mailto:' + ' e.wolejko' + '@' + 'pb.edu.pl'\"> e.wolejko [at] pb.edu.pl<\/a>\n<p>dr in\u017c. Urszula Wydro &nbsp;&nbsp; <i class=\"fal fa-envelope\"><\/i> <a href=\"#\" rel=\"nofollow\"  onclick=\"this.href='mailto:' + ' u.wydro' + '@' + 'pb.edu.pl'\"> u.wydro [at] pb.edu.pl<\/a>\n<p>dr Adam Cudowski &nbsp;&nbsp; <i class=\"fal fa-envelope\"><\/i> <a href=\"#\" rel=\"nofollow\"  onclick=\"this.href='mailto:' + ' cudad' + '@' + 'uwb.edu.pl'\"> cudad [at] uwb.edu.pl<\/a>\n","protected":false},"excerpt":{"rendered":"<p>dr hab. in\u017c. El\u017cbieta Wo\u0142ejko &nbsp;&nbsp; dr in\u017c. Urszula Wydro &nbsp;&nbsp; dr Adam Cudowski &nbsp;&nbsp;<\/p>\n","protected":false},"author":2,"featured_media":0,"parent":0,"menu_order":3,"comment_status":"closed","ping_status":"closed","template":"","meta":{"_acf_changed":false,"ngg_post_thumbnail":0,"footnotes":""},"class_list":["post-1601","page","type-page","status-publish","hentry"],"acf":[],"_links":{"self":[{"href":"https:\/\/pb.edu.pl\/iie\/en\/wp-json\/wp\/v2\/pages\/1601","targetHints":{"allow":["GET"]}}],"collection":[{"href":"https:\/\/pb.edu.pl\/iie\/en\/wp-json\/wp\/v2\/pages"}],"about":[{"href":"https:\/\/pb.edu.pl\/iie\/en\/wp-json\/wp\/v2\/types\/page"}],"author":[{"embeddable":true,"href":"https:\/\/pb.edu.pl\/iie\/en\/wp-json\/wp\/v2\/users\/2"}],"replies":[{"embeddable":true,"href":"https:\/\/pb.edu.pl\/iie\/en\/wp-json\/wp\/v2\/comments?post=1601"}],"version-history":[{"count":0,"href":"https:\/\/pb.edu.pl\/iie\/en\/wp-json\/wp\/v2\/pages\/1601\/revisions"}],"wp:attachment":[{"href":"https:\/\/pb.edu.pl\/iie\/en\/wp-json\/wp\/v2\/media?parent=1601"}],"curies":[{"name":"wp","href":"https:\/\/api.w.org\/{rel}","templated":true}]}}