{"id":2318,"date":"2024-02-16T14:21:59","date_gmt":"2024-02-16T13:21:59","guid":{"rendered":"https:\/\/pb.edu.pl\/icdea\/?page_id=2318"},"modified":"2024-03-22T14:07:19","modified_gmt":"2024-03-22T13:07:19","slug":"participants","status":"publish","type":"page","link":"https:\/\/pb.edu.pl\/icdea\/participants\/","title":{"rendered":"Participants"},"content":{"rendered":"<div class=\"table-responsive\">\n<table class=\"table table-bordered\">\n<thead>\n<tr>\n<td><strong>No<\/strong><\/td>\n<td><strong>Name<\/strong><\/td>\n<td><strong>Affiliation<\/strong><\/td>\n<td><strong>Abstract<\/strong><\/td>\n<\/tr>\n<\/thead>\n<tbody>\n<tr>\n<td>1.<\/td>\n<td>Asma Al-Ghassani<\/td>\n<td>Mathematics and Statistics , Sultan Qaboos University, Al-Khodh, Oman<\/td>\n<td><a href=\"https:\/\/pb.edu.pl\/icdea\/wp-content\/uploads\/sites\/118\/2024\/02\/Poland-conference-2015-Abstract2.pdf\">Abstract (PDF, digitally accessible, 118 KB)<\/a><\/td>\n<\/tr>\n<tr>\n<td>2.<\/td>\n<td>Ziyad AlSharawi<\/td>\n<td>Mathematics and Statistics , Sultan Qaboos University, Muscat, Oman<\/td>\n<td><a href=\"https:\/\/pb.edu.pl\/icdea\/wp-content\/uploads\/sites\/118\/2024\/02\/AlSharawiZiyad.pdf\">Abstract (PDF, digitally accessible, 77KB)<\/a><\/td>\n<\/tr>\n<tr>\n<td>3.<\/td>\n<td>John Appleby<\/td>\n<td>School of Mathematical Sciences, Dublin City University, Dublin, Ireland<\/td>\n<td><a href=\"https:\/\/pb.edu.pl\/icdea\/wp-content\/uploads\/sites\/118\/2024\/02\/applebyabstracticdea2015.pdf\">Abstract (PDF, digitally accessible, 53KB)<\/a><\/td>\n<\/tr>\n<tr>\n<td>4.<\/td>\n<td>Maruta Avotina<\/td>\n<td>Department of Mathematics, University of Latvia, Riga, Latvia<\/td>\n<td><a href=\"https:\/\/pb.edu.pl\/icdea\/wp-content\/uploads\/sites\/118\/2024\/02\/AvotinaBulaICDEA15.pdf\">Abstract (PDF, digitally accessible, 27KB)<\/a><\/td>\n<\/tr>\n<tr>\n<td>5.<\/td>\n<td>Eduardo Balreira<\/td>\n<td>Mathematics, Trinity University, San Antonio, United States<\/td>\n<td><a href=\"https:\/\/pb.edu.pl\/icdea\/wp-content\/uploads\/sites\/118\/2024\/02\/BalreiraEduardo.pdf\">Abstract (PDF, digitally accessible, 102KB)<\/a><\/td>\n<\/tr>\n<tr>\n<td>6.<\/td>\n<td>Jacek Banasiak<\/td>\n<td>Technical University of \u0141\u00f3d\u017a, \u0141\u00f3d\u017a, Poland<\/td>\n<td><a href=\"https:\/\/pb.edu.pl\/icdea\/wp-content\/uploads\/sites\/118\/2024\/02\/Bialystok2015.pdf\">Abstract (PDF, digitally accessible, 43KB)<\/a><\/td>\n<\/tr>\n<tr>\n<td>7.<\/td>\n<td>Zbigniew Bartosiewicz<\/td>\n<td>Faculty of Computer Science, Bialystok University of Technology, Bialystok, Poland<\/td>\n<td><a href=\"https:\/\/pb.edu.pl\/icdea\/wp-content\/uploads\/sites\/118\/2024\/02\/BartosiewiczZbigniew.pdf\">Abstract (PDF, digitally accessible, 59KB)<\/a><\/td>\n<\/tr>\n<tr>\n<td>8.<\/td>\n<td>Weronika Biedrzycka<\/td>\n<td>University of Silesia, Katowice, Poland<\/td>\n<td>&nbsp;<\/td>\n<\/tr>\n<tr>\n<td>9.<\/td>\n<td>Arzu Bilgin<\/td>\n<td>The Department of Mathematics, University of Rhode Island, Kingston, RI, USA<\/td>\n<td><a href=\"https:\/\/pb.edu.pl\/icdea\/wp-content\/uploads\/sites\/118\/2024\/02\/ICDEA-2015-abstract.pdf\">Abstract (PDF, digitally accessible,&nbsp; 129KB)<\/a><\/td>\n<\/tr>\n<tr>\n<td>10.<\/td>\n<td>Martin Bohner<\/td>\n<td>Missouri University of Science And Technology, , USA<\/td>\n<td><a href=\"https:\/\/pb.edu.pl\/icdea\/wp-content\/uploads\/sites\/118\/2024\/02\/icdea15bohner.pdf\">Abstract (PDF, digitally accessible, 50KB)<\/a><\/td>\n<\/tr>\n<tr>\n<td>11.<\/td>\n<td>Inese Bula<\/td>\n<td>Department of Mathematics, University of Latvia and Institute of Mathematics and Computer Science of University of Latvia , Riga, Latvia<\/td>\n<td><a href=\"https:\/\/pb.edu.pl\/icdea\/wp-content\/uploads\/sites\/118\/2024\/02\/BulaRadinICDEA15.pdf\">Abstract (PDF, digitally accessible, 115KB)<\/a><\/td>\n<\/tr>\n<tr>\n<td>12.<\/td>\n<td>Jan Cermak<\/td>\n<td>Institute of Mathematics, Brno University of Technology, Brno, Czech Republic<\/td>\n<td><a href=\"https:\/\/pb.edu.pl\/icdea\/wp-content\/uploads\/sites\/118\/2024\/02\/CermakJan.pdf\">Abstract (PDF, digitally accessible, 56KB)<\/a><\/td>\n<\/tr>\n<tr>\n<td>13.<\/td>\n<td>Micha\u0142 Czo\u0142ombitko<\/td>\n<td>Bialystok University of Technology, Bia\u0142ystok, Polska<\/td>\n<td>&nbsp;<\/td>\n<\/tr>\n<tr>\n<td>14.<\/td>\n<td>Alina Dobrogowska<\/td>\n<td>Institute of Mathematics, University of Bia\u0142ystok, Bia\u0142ystok, Poland<\/td>\n<td><a href=\"https:\/\/pb.edu.pl\/icdea\/wp-content\/uploads\/sites\/118\/2024\/02\/DobrogowskaAlina.pdf\">Abstract (PDF, digitally accessible, 66KB)<\/a><\/td>\n<\/tr>\n<tr>\n<td>15.<\/td>\n<td>Emmanouil Drymonis<\/td>\n<td>Mathematics and Computer Science, Providence College, Providence, USA<\/td>\n<td><a href=\"https:\/\/pb.edu.pl\/icdea\/wp-content\/uploads\/sites\/118\/2024\/02\/DrymonisEmmanouil.pdf\">Abstract (PDF, digitally accessible, 81KB)<\/a><\/td>\n<\/tr>\n<tr>\n<td>16.<\/td>\n<td>Saber Elaydi<\/td>\n<td>Mathematics, Trinity University, San Antonio, United States<\/td>\n<td>&nbsp;<\/td>\n<\/tr>\n<tr>\n<td>17.<\/td>\n<td>Galina Filipuk<\/td>\n<td>Mathematics, University of Warsaw, Warsaw, Poland<\/td>\n<td><a href=\"https:\/\/pb.edu.pl\/icdea\/wp-content\/uploads\/sites\/118\/2024\/02\/FilipukGalina.pdf\">Abstract (PDF, digitally accessible, 54KB)<\/a><\/td>\n<\/tr>\n<tr>\n<td>18.<\/td>\n<td>Marek Galewski<\/td>\n<td>Institute of Mathematics, Technical University of Lodz, \u0141\u00f3d\u017a, Poland<\/td>\n<td><a href=\"https:\/\/pb.edu.pl\/icdea\/wp-content\/uploads\/sites\/118\/2024\/02\/spuriousABS.pdf\">Abstract (PDF, digitally accessible, 53KB)<\/a><\/td>\n<\/tr>\n<tr>\n<td>19.<\/td>\n<td>Armengol Gasull<\/td>\n<td>Universitat Aut\u00f2noma de Barcelona, , Spain<\/td>\n<td><a href=\"https:\/\/pb.edu.pl\/icdea\/wp-content\/uploads\/sites\/118\/2024\/02\/GasullArmengol.pdf\">Abstract (PDF, digitally accessible, 94KB)<\/a><\/td>\n<\/tr>\n<tr>\n<td>20.<\/td>\n<td>Ewa Girejko<\/td>\n<td>Faculty of Computer Science, Bialystok University of Technology, Bialystok, Polska<\/td>\n<td><a href=\"https:\/\/pb.edu.pl\/icdea\/wp-content\/uploads\/sites\/118\/2024\/02\/Abstract_EGirejko_ICDEA2015_popr.pdf\">Abstract (PDF, digitally accessible, 44KB)<\/a><\/td>\n<\/tr>\n<tr>\n<td>21.<\/td>\n<td>Alina Gleska<\/td>\n<td>Institute of Mathematics, Poznan University of Technology, Poznan, Poland<\/td>\n<td>&nbsp;<\/td>\n<\/tr>\n<tr>\n<td>22.<\/td>\n<td>Malgorzata Guzowska<\/td>\n<td>Institute of Econometrics and Statistics, University of Szczecin, Szczecin, Polska<\/td>\n<td>&nbsp;<\/td>\n<\/tr>\n<tr>\n<td>23.<\/td>\n<td>Istv\u00e1n Gy\u0151ri<\/td>\n<td>Department of Mathematics, University of Pannonia, Pannonia, Hungary<\/td>\n<td>&nbsp;<\/td>\n<\/tr>\n<tr>\n<td>24.<\/td>\n<td>Piotr Hachu\u0142a<\/td>\n<td>Logistics Expertise Department, Institute of Logistics and Warehousing, Pozna\u0144, Poland<\/td>\n<td><a href=\"https:\/\/pb.edu.pl\/icdea\/wp-content\/uploads\/sites\/118\/2024\/02\/ASystemOf3DifferenceEqutionsAsDemandInventoryModeltex.pdf\">Abstract (PDF, digitally accessible, 56KB)<\/a><\/td>\n<\/tr>\n<tr>\n<td>25.<\/td>\n<td>Yoshihiro Hamaya<\/td>\n<td>Information Science, Okayama University of Science, Okayama, Japan<\/td>\n<td><a href=\"https:\/\/pb.edu.pl\/icdea\/wp-content\/uploads\/sites\/118\/2024\/02\/abst2015.pdf\">Abstract (PDF, digitally accessible, 16KB )<\/a><\/td>\n<\/tr>\n<tr>\n<td>26.<\/td>\n<td>Klara Janglajew<\/td>\n<td>University of Bialystok, Bia\u0142ystok, Poland<\/td>\n<td>&nbsp;<\/td>\n<\/tr>\n<tr>\n<td>27.<\/td>\n<td>Robert Jankowski<\/td>\n<td>University of Bialystok, Bia\u0142ystok, Polska<\/td>\n<td><a href=\"https:\/\/pb.edu.pl\/icdea\/wp-content\/uploads\/sites\/118\/2024\/02\/Jankowski.pdf\">Abstract (PDF, digitally accessible, 41KB)<\/a><\/td>\n<\/tr>\n<tr>\n<td>28.<\/td>\n<td>Jagan Mohan Jonnalagadda<\/td>\n<td>Mathematics, Birla Institute of Technology &amp; Science Pilani, Hyderabad, Hyderabad, India<\/td>\n<td><a href=\"https:\/\/pb.edu.pl\/icdea\/wp-content\/uploads\/sites\/118\/2024\/02\/J-Jagan-Mohan.pdf\">Abstract (PDF, digitally accessible, 97KB)<\/a><\/td>\n<\/tr>\n<tr>\n<td>29.<\/td>\n<td>Adrian Karpowicz<\/td>\n<td>Institute of Mathematics, University of Gda\u0144sk, Gda\u0144sk, Poland<\/td>\n<td><a href=\"https:\/\/pb.edu.pl\/icdea\/wp-content\/uploads\/sites\/118\/2024\/02\/abstrakt-Karpowicz.pdf\">Abstract (PDF, digitally accessible, 81KB)<\/a><\/td>\n<\/tr>\n<tr>\n<td>30.<\/td>\n<td>Yevgeniy Kostrov<\/td>\n<td>Mathematics, Xavier University of Louisiana, NEW ORLEANS, USA<\/td>\n<td><a href=\"https:\/\/pb.edu.pl\/icdea\/wp-content\/uploads\/sites\/118\/2024\/02\/LastnameFirstname2.pdf\">Abstract (PDF, digitally accessible, 76KB)<\/a><\/td>\n<\/tr>\n<tr>\n<td>31.<\/td>\n<td>Zlatinka Kovacheva<\/td>\n<td>Mathematics and Applied Sciences, Middle East College, Muscat, Oman<\/td>\n<td><a href=\"https:\/\/pb.edu.pl\/icdea\/wp-content\/uploads\/sites\/118\/2024\/02\/CovachevaZlatinka.pdf\">Abstract (PDF, digitally accessible, 17KB)<\/a><\/td>\n<\/tr>\n<tr>\n<td>32.<\/td>\n<td>Roman Kozlov<\/td>\n<td>Department of Business and Management Science, Norwegian School of Economics, Bergen, Norway<\/td>\n<td><a href=\"https:\/\/pb.edu.pl\/icdea\/wp-content\/uploads\/sites\/118\/2024\/02\/Kozlov-Roman-abstract.pdf\">Abstract (PDF, digitally accessible, 33KB)<\/a><\/td>\n<\/tr>\n<tr>\n<td>33.<\/td>\n<td>Konrad Koz\u0142owski<\/td>\n<td>Bialystok University of Technology, ,<\/td>\n<td>&nbsp;<\/td>\n<\/tr>\n<tr>\n<td>34.<\/td>\n<td>Konrad Koz\u0142owski<\/td>\n<td>Bialystok University of Technology, ,<\/td>\n<td>&nbsp;<\/td>\n<\/tr>\n<tr>\n<td>35.<\/td>\n<td>Tibor Krisztin<\/td>\n<td>Bolyai Institute, University of Szeged, , Hungary<\/td>\n<td><a href=\"https:\/\/pb.edu.pl\/icdea\/wp-content\/uploads\/sites\/118\/2024\/02\/KrisztinTibor.pdf\">Abstract (PDF, digitally accessible, 42KB)<\/a><\/td>\n<\/tr>\n<tr>\n<td>36.<\/td>\n<td>Zachary Kudlak<\/td>\n<td>Mathematics, Monmouth University, West Long Branch, NJ, USA<\/td>\n<td><a href=\"https:\/\/pb.edu.pl\/icdea\/wp-content\/uploads\/sites\/118\/2024\/02\/kudlakZachary.pdf\">Abstract (PDF, digitally accessible, 26KB)<\/a><\/td>\n<\/tr>\n<tr>\n<td>37.<\/td>\n<td>Zbigniew Le\u015bniak<\/td>\n<td>Institute of Mathematics, Pedagogical University, Krak\u00f3w, Poland<\/td>\n<td><a href=\"https:\/\/pb.edu.pl\/icdea\/wp-content\/uploads\/sites\/118\/2024\/02\/LesniakZbigniew.pdf\">Abstract (PDF, digitally accessible, 17KB)<\/a><\/td>\n<\/tr>\n<tr>\n<td>38.<\/td>\n<td>Rafael Lu\u00eds<\/td>\n<td>Department of Mathematics, Center for Mathematical Analysis, Geometry and Dynamical Systems, Instituto Superior Tecnico, University of Lisbon, Lisbon, Portugal<\/td>\n<td><a href=\"https:\/\/pb.edu.pl\/icdea\/wp-content\/uploads\/sites\/118\/2024\/02\/LuisRafael.pdf\">Abstract (PDF, digitally accessible, 83KB)<\/a><\/td>\n<\/tr>\n<tr>\n<td>39.<\/td>\n<td>Agnieszka B. Malinowska<\/td>\n<td>Bialystok University of Technology, Bialystok, Poland<\/td>\n<td><a href=\"https:\/\/pb.edu.pl\/icdea\/wp-content\/uploads\/sites\/118\/2024\/02\/AgnieszkaBM.pdf\">Abstract (PDF, digitally accessible, 44KB)<\/a><\/td>\n<\/tr>\n<tr>\n<td>40.<\/td>\n<td>Hideaki Matsunaga<\/td>\n<td>Department of Mathematical Sciences, Osaka Prefecture University, Sakai, Japan<\/td>\n<td><a href=\"https:\/\/pb.edu.pl\/icdea\/wp-content\/uploads\/sites\/118\/2024\/02\/matsunagahideaki.pdf\">Abstract (PDF, digitally accessible, 15KB)<\/a><\/td>\n<\/tr>\n<tr>\n<td>41.<\/td>\n<td>Jean Mawhin<\/td>\n<td>Institut de Recherche en Mathematique et Physique, Universite Catholique de Louvain, 1348 Louvain-la-Neuve, Belgium<\/td>\n<td><a href=\"https:\/\/pb.edu.pl\/icdea\/wp-content\/uploads\/sites\/118\/2024\/02\/MawhinJean.pdf\">Abstract (PDF, digitally accessible, 13KB)<\/a><\/td>\n<\/tr>\n<tr>\n<td>42.<\/td>\n<td>Ma\u0142gorzata Migda<\/td>\n<td>Faculty of Electrical Engineering, Institute of Mathematics, Poznan University of Technology, Poznan, Poland<\/td>\n<td>&nbsp;<\/td>\n<\/tr>\n<tr>\n<td>43.<\/td>\n<td>Janusz Migda<\/td>\n<td>Adam Mickiewcz University, Poznan, Poland<\/td>\n<td><a href=\"https:\/\/pb.edu.pl\/icdea\/wp-content\/uploads\/sites\/118\/2024\/02\/MigdaJanusz.pdf\">Abstract (PDF, digitally accessible, 74KB)<\/a><\/td>\n<\/tr>\n<tr>\n<td>44.<\/td>\n<td>Micha\u0142 Misiurewicz<\/td>\n<td>Indiana University-Purdue University Indianapolis, , USA<\/td>\n<td><a href=\"https:\/\/pb.edu.pl\/icdea\/wp-content\/uploads\/sites\/118\/2024\/02\/MisiurewiczMichal.pdf\">Abstract (PDF, digitally accessible, 35KB)<\/a><\/td>\n<\/tr>\n<tr>\n<td>45.<\/td>\n<td>Calvin Mittman<\/td>\n<td>Mathematics &amp; Comp. Science, St. John&#8217;s University, Jamaica, New York, USA<\/td>\n<td>&nbsp;<\/td>\n<\/tr>\n<tr>\n<td>46.<\/td>\n<td>Dorota Mozyrska<\/td>\n<td>Bialystok University of Technology, Bialystok, Poland<\/td>\n<td><a href=\"https:\/\/pb.edu.pl\/icdea\/wp-content\/uploads\/sites\/118\/2024\/02\/MozyrskaDorota.pdf\">Abstract (PDF, digitally accessible, 52KB)<\/a><\/td>\n<\/tr>\n<tr>\n<td>47.<\/td>\n<td>Tatiana Nekrasova<\/td>\n<td>Siberian Federal University, Krasnoyarsk, Russia<\/td>\n<td><a href=\"https:\/\/pb.edu.pl\/icdea\/wp-content\/uploads\/sites\/118\/2024\/02\/NekrasovaTatiana.pdf\">Abstract (PDF, digitally accessible, 104KB)<\/a><\/td>\n<\/tr>\n<tr>\n<td>48.<\/td>\n<td>Magdalena Nockowska-Rosiak<\/td>\n<td>Institute of Mathematics, Lodz University of Technology, Lodz, Poland<\/td>\n<td><a href=\"https:\/\/pb.edu.pl\/icdea\/wp-content\/uploads\/sites\/118\/2024\/02\/ICDEA2015-Nockowska-Rosiak.pdf\">Abstract (PDF, digitally accessible, 94KB)<\/a><\/td>\n<\/tr>\n<tr>\n<td>49.<\/td>\n<td>Tatiana Odzijewicz<\/td>\n<td>Department of Mathematics and Mathematical Economics, Warsaw School of Economics, Poland, ,<\/td>\n<td>&nbsp;<\/td>\n<\/tr>\n<tr>\n<td>50.<\/td>\n<td>Henrique M. Oliveira<\/td>\n<td>Mathematics, IST, University of Lisbon, 1049-001 Lisbon, Portugal<\/td>\n<td><a href=\"https:\/\/pb.edu.pl\/icdea\/wp-content\/uploads\/sites\/118\/2024\/02\/teste.pdf\">Abstract (PDF, digitally accessible, 19KB)<\/a><\/td>\n<\/tr>\n<tr>\n<td>51.<\/td>\n<td>Masakazu Onitsuka<\/td>\n<td>Department of Applied Mathematics, Faculty of Science, Okayama University of Science, Okayama, Japan<\/td>\n<td><a href=\"https:\/\/pb.edu.pl\/icdea\/wp-content\/uploads\/sites\/118\/2024\/02\/OnitsukaMasakazu.pdf\">Abstract (PDF, digitally accessible, 29KB)<\/a><\/td>\n<\/tr>\n<tr>\n<td>52.<\/td>\n<td>Denis Patterson<\/td>\n<td>School of Mathematical Sciences, Dublin City University, Dublin, Ireland<\/td>\n<td><a href=\"https:\/\/pb.edu.pl\/icdea\/wp-content\/uploads\/sites\/118\/2024\/02\/Denis_Patterson_Abstract.pdf\">Abstract (PDF, digitally accessible, 88KB)<\/a><\/td>\n<\/tr>\n<tr>\n<td>53.<\/td>\n<td>Ewa Pawluszewicz<\/td>\n<td>Faculty of Mechanical Engineering, Bialystok Univerity of Technology, Bialystok, Poland<\/td>\n<td>&nbsp;<\/td>\n<\/tr>\n<tr>\n<td>54.<\/td>\n<td>Mih\u00e1ly Pituk<\/td>\n<td>University of Pannonia, , Hungary<\/td>\n<td><a href=\"https:\/\/pb.edu.pl\/icdea\/wp-content\/uploads\/sites\/118\/2024\/02\/abstract_pituk.pdf\">Abstract (PDF, digitally accessible, 35KB)<\/a><\/td>\n<\/tr>\n<tr>\n<td>55.<\/td>\n<td>Zdenek Pospisil<\/td>\n<td>Dept of Mathematics and Statistics, Masaryk University, Brno, Czech Republic<\/td>\n<td><a href=\"https:\/\/pb.edu.pl\/icdea\/wp-content\/uploads\/sites\/118\/2024\/02\/PospisilZdenek.pdf\">Abstract (PDF, digitally accessible, 28KB)<\/a><\/td>\n<\/tr>\n<tr>\n<td>56.<\/td>\n<td>Michael A. Radin<\/td>\n<td>School of Mathematical Sciences, Rochester Institute of Technology, Rochester, New York, U.S.A.<\/td>\n<td><a href=\"https:\/\/pb.edu.pl\/icdea\/wp-content\/uploads\/sites\/118\/2024\/02\/mike.pdf\">Abstract (PDF, digitally accessible, 113KB)<\/a><\/td>\n<\/tr>\n<tr>\n<td>57.<\/td>\n<td>David Reynolds<\/td>\n<td>School of Mathematical Sciences, Dublin City University, Dublin, Ireland<\/td>\n<td><a href=\"https:\/\/pb.edu.pl\/icdea\/wp-content\/uploads\/sites\/118\/2024\/02\/ReynoldsDavid.pdf\">Abstract (PDF, digitally accessible, 36KB)<\/a><\/td>\n<\/tr>\n<tr>\n<td>58.<\/td>\n<td>Ryszard Rudnicki<\/td>\n<td>University of Silesia and Institute of Mathematics Polish Academy of Sciences, , Poland<\/td>\n<td><a href=\"https:\/\/pb.edu.pl\/icdea\/wp-content\/uploads\/sites\/118\/2024\/02\/RudnickiRyszard.pdf\">Abstract (PDF, digitally accessible, 48KB)<\/a><\/td>\n<\/tr>\n<tr>\n<td>59.<\/td>\n<td>Mansoor Saburov<\/td>\n<td>Computational &amp; Theoretical Sciences, International Islamic University Malaysia, Kuantan, Malaysia<\/td>\n<td><a href=\"https:\/\/pb.edu.pl\/icdea\/wp-content\/uploads\/sites\/118\/2024\/02\/SaburovMansoor.pdf\">Abstract (PDF, digitally accessible, 117KB)<\/a><\/td>\n<\/tr>\n<tr>\n<td>60.<\/td>\n<td>Ewa Schmeidel<\/td>\n<td>University of Bialystok, Bialystok, Poland<\/td>\n<td>&nbsp;<\/td>\n<\/tr>\n<tr>\n<td>61.<\/td>\n<td>Oleksandr N. Sharkovsky<\/td>\n<td>Institute of Mathematics NAS of Ukraine, ,<\/td>\n<td><a href=\"https:\/\/pb.edu.pl\/icdea\/wp-content\/uploads\/sites\/118\/2024\/02\/ICDEA_Sharkovsky.pdf\">Abstract (PDF, digitally accessible, 112KB)<\/a><br \/>\n<a href=\"https:\/\/pb.edu.pl\/icdea\/wp-content\/uploads\/sites\/118\/2024\/02\/ICDEA_Rom-Shar.pdf\">Abstract (PDF, digitally accessible, 87KB)<\/a><\/td>\n<\/tr>\n<tr>\n<td>62.<\/td>\n<td>Olga Shishkina<\/td>\n<td>Siberian Federal University, Krasnoyarsk, Russia<\/td>\n<td><a href=\"https:\/\/pb.edu.pl\/icdea\/wp-content\/uploads\/sites\/118\/2024\/02\/ShishkinaOlga.pdf\">Abstract (PDF, digitally accessible, 104KB)<\/a><\/td>\n<\/tr>\n<tr>\n<td>63.<\/td>\n<td>Stefan Siegmund<\/td>\n<td>Technische Universit\u00e4t Dresden, , Germany<\/td>\n<td><a href=\"https:\/\/pb.edu.pl\/icdea\/wp-content\/uploads\/sites\/118\/2024\/02\/SiegmundStefan.pdf\">Abstract (PDF, digitally accessible, 46KB)<\/a><\/td>\n<\/tr>\n<tr>\n<td>64.<\/td>\n<td>C\u00e9sar Silva<\/td>\n<td>Mathematics, University of Beira Interior, Covilh\u00e3, Portugal<\/td>\n<td><a href=\"https:\/\/pb.edu.pl\/icdea\/wp-content\/uploads\/sites\/118\/2024\/02\/SilvaCesar.pdf\">Abstract (PDF, digitally accessible, 24KB)<\/a><\/td>\n<\/tr>\n<tr>\n<td>65.<\/td>\n<td>\u013dubom\u00edr Snoha<\/td>\n<td>Matej Bel University, , Slovakia<\/td>\n<td><a href=\"https:\/\/pb.edu.pl\/icdea\/wp-content\/uploads\/sites\/118\/2024\/02\/SnohaLubomir.pdf\">Abstract (PDF, digitally accessible, 20KB)<\/a><\/td>\n<\/tr>\n<tr>\n<td>66.<\/td>\n<td>Jakub Sotola<\/td>\n<td>Mathematical Institute in Opava, Silesian University in Opava, Opava, Czech Republic<\/td>\n<td><a href=\"https:\/\/pb.edu.pl\/icdea\/wp-content\/uploads\/sites\/118\/2024\/02\/SotolaJakub.pdf\">Abstract (PDF, digitally accessible, 33KB)<\/a><\/td>\n<\/tr>\n<tr>\n<td>67.<\/td>\n<td>Robert Stegli\u0144ski<\/td>\n<td>Instytut Matematyki, Politechnika \u0141\u00f3dzka, \u0141\u00f3d\u017a, Polska<\/td>\n<td><a href=\"https:\/\/pb.edu.pl\/icdea\/wp-content\/uploads\/sites\/118\/2024\/02\/ICDEA2015-Steglinski.pdf\">Abstract (PDF, digitally accessible, 52KB)<\/a><\/td>\n<\/tr>\n<tr>\n<td>68.<\/td>\n<td>Dzintra Steinberga<\/td>\n<td>University of Latvia, Riga, Latvia<\/td>\n<td><a href=\"https:\/\/pb.edu.pl\/icdea\/wp-content\/uploads\/sites\/118\/2024\/02\/SteinbergaDzintra.pdf\">Abstract (PDF, digitally accessible, 122KB)<\/a><\/td>\n<\/tr>\n<tr>\n<td>69.<\/td>\n<td>Sabrina Streipert<\/td>\n<td>Mathematics and Statistics, Missouri University of Science and Technology, Rolla, United States<\/td>\n<td><a href=\"https:\/\/pb.edu.pl\/icdea\/wp-content\/uploads\/sites\/118\/2024\/02\/StreipertSabrina.pdf\">Abstract (PDF, digitally accessible, 49KB)<\/a><\/td>\n<\/tr>\n<tr>\n<td>70.<\/td>\n<td>Agnese Suste<\/td>\n<td>Department of Mathematics, University of Latvia, Riga, Latvia<\/td>\n<td><a href=\"https:\/\/pb.edu.pl\/icdea\/wp-content\/uploads\/sites\/118\/2024\/02\/SusteBulaICDEA15.pdf\">Abstract (PDF, digitally accessible, 32KB)<\/a><\/td>\n<\/tr>\n<tr>\n<td>71.<\/td>\n<td>Wirot Tikja<\/td>\n<td>Pibulsongkram Rajabhat University, Phitsanulok, Thailand<\/td>\n<td><a href=\"https:\/\/pb.edu.pl\/icdea\/wp-content\/uploads\/sites\/118\/2024\/02\/Wirot-Evelina-Yongwimon-5-Apr.pdf\">Abstract (PDF, digitally accessible, 31KB)<\/a><\/td>\n<\/tr>\n<tr>\n<td>72.<\/td>\n<td>Petr Tomasek<\/td>\n<td>Institute of Mathematics, Faculty of Mechanical Engineering, Brno University of Technology, Brno, Czech Republic<\/td>\n<td><a href=\"https:\/\/pb.edu.pl\/icdea\/wp-content\/uploads\/sites\/118\/2024\/02\/TomasekPetr.pdf\">Abstract (PDF, digitally accessible, 48KB)<\/a><\/td>\n<\/tr>\n<tr>\n<td>73.<\/td>\n<td>Vladimir Vasilyev<\/td>\n<td>Chair of Pure Mathematics, Lipetsk State Technical University, Lipetsk, Russia<\/td>\n<td><a href=\"https:\/\/pb.edu.pl\/icdea\/wp-content\/uploads\/sites\/118\/2024\/02\/vasilyev.pdf\">Abstract (PDF, digitally accessible, 119KB)<\/a><\/td>\n<\/tr>\n<tr>\n<td>74.<\/td>\n<td>Ma\u0142gorzata Wr\u00f3blewska<\/td>\n<td>Bialystok University of Technology, ,<\/td>\n<td>&nbsp;<\/td>\n<\/tr>\n<tr>\n<td>75.<\/td>\n<td>Ma\u0142gorzata Zdanowicz<\/td>\n<td>Faculty of Mathematics and Informatics, University of Bia\u0142ystok, Bia\u0142ystok , Poland<\/td>\n<td><a href=\"https:\/\/pb.edu.pl\/icdea\/wp-content\/uploads\/sites\/118\/2024\/02\/abstrakt-MZdanowicz.pdf\">Abstract (PDF, digitally accessible, 31KB)<\/a><\/td>\n<\/tr>\n<tr>\n<td>76.<\/td>\n<td>Marek Zdun<\/td>\n<td>Institute of Mathematics, Pedagogical University , Krak\u00f3w, Poland<\/td>\n<td><a href=\"https:\/\/pb.edu.pl\/icdea\/wp-content\/uploads\/sites\/118\/2024\/02\/ZdunMarek.pdf\">Abstract (PDF, digitally accessible, 89KB)<\/a><\/td>\n<\/tr>\n<tr>\n<td>77.<\/td>\n<td>Joanna Zonenberg<\/td>\n<td>Wydzia\u0142 Matematyki i Informatyki, Uniwersytet w Bai\u0142ymstoku, 15-245 Bia\u0142ystok, Polska<\/td>\n<td><a href=\"https:\/\/pb.edu.pl\/icdea\/wp-content\/uploads\/sites\/118\/2024\/02\/Abstrakt_ICDEA_1.pdf\">Abstract (PDF, digitally accessible, 57KB)<\/a><\/td>\n<\/tr>\n<tr>\n<td>78.<\/td>\n<td>Barbara \u0141upi\u0144ska<\/td>\n<td>University of Bia\u0142ystok, Bia\u0142ystok, Poland<\/td>\n<td><a href=\"https:\/\/pb.edu.pl\/icdea\/wp-content\/uploads\/sites\/118\/2024\/02\/upinskaBarbara.pdf\">Abstract (PDF, digitally accessible, 57KB)<\/a><\/td>\n<\/tr>\n<\/tbody>\n<\/table>\n<\/div>\n","protected":false},"excerpt":{"rendered":"<p>No Name Affiliation Abstract 1. Asma Al-Ghassani Mathematics and Statistics , Sultan Qaboos University, Al-Khodh,<\/p>\n","protected":false},"author":161,"featured_media":0,"parent":0,"menu_order":0,"comment_status":"closed","ping_status":"closed","template":"","meta":{"_acf_changed":false,"ngg_post_thumbnail":0,"footnotes":""},"class_list":["post-2318","page","type-page","status-publish","hentry"],"acf":[],"_links":{"self":[{"href":"https:\/\/pb.edu.pl\/icdea\/wp-json\/wp\/v2\/pages\/2318","targetHints":{"allow":["GET"]}}],"collection":[{"href":"https:\/\/pb.edu.pl\/icdea\/wp-json\/wp\/v2\/pages"}],"about":[{"href":"https:\/\/pb.edu.pl\/icdea\/wp-json\/wp\/v2\/types\/page"}],"author":[{"embeddable":true,"href":"https:\/\/pb.edu.pl\/icdea\/wp-json\/wp\/v2\/users\/161"}],"replies":[{"embeddable":true,"href":"https:\/\/pb.edu.pl\/icdea\/wp-json\/wp\/v2\/comments?post=2318"}],"version-history":[{"count":0,"href":"https:\/\/pb.edu.pl\/icdea\/wp-json\/wp\/v2\/pages\/2318\/revisions"}],"wp:attachment":[{"href":"https:\/\/pb.edu.pl\/icdea\/wp-json\/wp\/v2\/media?parent=2318"}],"curies":[{"name":"wp","href":"https:\/\/api.w.org\/{rel}","templated":true}]}}