{"id":2244,"date":"2024-02-16T12:38:16","date_gmt":"2024-02-16T11:38:16","guid":{"rendered":"https:\/\/pb.edu.pl\/icdea\/?page_id=2244"},"modified":"2024-02-16T12:38:16","modified_gmt":"2024-02-16T11:38:16","slug":"scientific-committee","status":"publish","type":"page","link":"https:\/\/pb.edu.pl\/icdea\/scientific-committee\/","title":{"rendered":"Scientific Committee"},"content":{"rendered":"<ul>\n<li>Zbigniew Bartosiewicz (Chair)<\/li>\n<li>Zuzana Do\u0161l\u00e1, Czech Republic<\/li>\n<li>\u00dclle Kotta, Estonia<\/li>\n<li>Agnieszka B. Malinowska, Poland<\/li>\n<li>Ma\u0142gorzata Migda, Poland<\/li>\n<li>Micha\u0142 Misiurewicz, USA<\/li>\n<li>Mihaly Pituk, Hungary<\/li>\n<li>Christian P\u00f6tzsche, Austria<\/li>\n<li>Ewa Schmeidel, Poland<\/li>\n<\/ul>\n","protected":false},"excerpt":{"rendered":"<p>Zbigniew Bartosiewicz (Chair) Zuzana Do\u0161l\u00e1, Czech Republic \u00dclle Kotta, Estonia Agnieszka B. Malinowska, Poland Ma\u0142gorzata<\/p>\n","protected":false},"author":161,"featured_media":0,"parent":0,"menu_order":0,"comment_status":"closed","ping_status":"closed","template":"","meta":{"_acf_changed":false,"ngg_post_thumbnail":0,"footnotes":""},"class_list":["post-2244","page","type-page","status-publish","hentry"],"acf":[],"_links":{"self":[{"href":"https:\/\/pb.edu.pl\/icdea\/wp-json\/wp\/v2\/pages\/2244","targetHints":{"allow":["GET"]}}],"collection":[{"href":"https:\/\/pb.edu.pl\/icdea\/wp-json\/wp\/v2\/pages"}],"about":[{"href":"https:\/\/pb.edu.pl\/icdea\/wp-json\/wp\/v2\/types\/page"}],"author":[{"embeddable":true,"href":"https:\/\/pb.edu.pl\/icdea\/wp-json\/wp\/v2\/users\/161"}],"replies":[{"embeddable":true,"href":"https:\/\/pb.edu.pl\/icdea\/wp-json\/wp\/v2\/comments?post=2244"}],"version-history":[{"count":0,"href":"https:\/\/pb.edu.pl\/icdea\/wp-json\/wp\/v2\/pages\/2244\/revisions"}],"wp:attachment":[{"href":"https:\/\/pb.edu.pl\/icdea\/wp-json\/wp\/v2\/media?parent=2244"}],"curies":[{"name":"wp","href":"https:\/\/api.w.org\/{rel}","templated":true}]}}