{"id":2148,"date":"2024-02-16T11:23:07","date_gmt":"2024-02-16T10:23:07","guid":{"rendered":"https:\/\/pb.edu.pl\/icdea\/?page_id=2148"},"modified":"2024-03-22T10:33:14","modified_gmt":"2024-03-22T09:33:14","slug":"invited-speakers","status":"publish","type":"page","link":"https:\/\/pb.edu.pl\/icdea\/invited-speakers\/","title":{"rendered":"Invited Speakers"},"content":{"rendered":"<ul>\n<li><a title=\"Will open in a new tab\" href=\"http:\/\/www.im.p.lodz.pl\/struktura\/pracownicy.html?pracownik=101\" target=\"_blank\" rel=\"noopener\">Jacek Banasiak (Technical University of \u0141\u00f3d\u017a, Poland, and University of KwaZulu Natal, South Africa)<\/a><\/li>\n<li><a title=\"Will open in a new tab\" href=\"http:\/\/web.mst.edu\/~bohner\/\" target=\"_blank\" rel=\"noopener\">Martin Bohner (Missouri University of Science and Technology,USA)<\/a><\/li>\n<li><a title=\"Will open in a new tab\" href=\"http:\/\/math.uni-pannon.hu\/~gyori\/\" target=\"_blank\" rel=\"noopener\">Istv\u00e1n Gy\u0151ri (University of Pannonia, Hungary)<\/a><\/li>\n<li><a title=\"Will open in a new tab\" href=\"http:\/\/www.math.u-szeged.hu\/~krisztin\/\" target=\"_blank\" rel=\"noopener\">Tibor Krisztin (Bolyai Institute, University of Szeged, Hungary)<\/a><\/li>\n<li><a title=\"Will open in a new tab\" href=\"http:\/\/www.math.iupui.edu\/~mmisiure\/\" target=\"_blank\" rel=\"noopener\">Micha\u0142 Misiurewicz (Indiana University-Purdue University Indianapolis, USA)<\/a><\/li>\n<li><a title=\"Will open in a new tab\" href=\"http:\/\/math.uni-pannon.hu\/~pitukm\/\" target=\"_blank\" rel=\"noopener\">Mih\u00e1ly Pituk (University of Pannonia, Hungary)<\/a><\/li>\n<li><a title=\"Will open in a new tab\" href=\"http:\/\/www.math.us.edu.pl\/zb\/rrudnicki\/cveng.html\" target=\"_blank\" rel=\"noopener\">Ryszard Rudnicki (University of Silesia and Institute of Mathematics Polish Academy of Sciences, Poland)<\/a><\/li>\n<li><a title=\"Will open in a new tab\" href=\"http:\/\/www.math.tu-dresden.de\/~siegmund\/\" target=\"_blank\" rel=\"noopener\">Stefan Siegmund (Technische Universit\u00e4t Dresden, Germany)<\/a><\/li>\n<li><a title=\"Will open in a new tab\" href=\"http:\/\/mathematics.fpv.umb.sk\/index.php\/staff\/176-snoha-eng\" target=\"_blank\" rel=\"noopener\">\u013dubom\u00edr Snoha (Matej Bel University, Slovakia)<\/a><\/li>\n<\/ul>\n<p><b>Special talk of one of the winners of the 2014 Best JDEA Paper Prize<\/b><br \/>\n<a title=\"Will open in a new tab\" href=\"http:\/\/www.gsd.uab.cat\/index.php?option=com_jresearch&amp;view=member&amp;task=show&amp;former=0&amp;id=24&amp;Itemid=2\" target=\"_blank\" rel=\"noopener\">Armengol Gasull (Universitat Aut\u00f2noma de Barcelona, Spain)<\/a><br \/>\n<b>Special talk of the winner of the 2015 Bernd Aulbach Prize<\/b><br \/>\n<a title=\"Will open in a new tab\" href=\"http:\/\/de.wikipedia.org\/wiki\/Jean_Mawhin\" target=\"_blank\" rel=\"noopener\">Jean Mawhin (Catholic University of Louvain, Institute of Research in Mathematics and Physics, Belgium)<\/a><br \/>\n<b>Special talk of the winner of the 2011 Bernd Aulbach Prize<br \/>\n<\/b><a title=\"Will open in a new tab\" href=\"http:\/\/en.wikipedia.org\/wiki\/Oleksandr_Mykolaiovych_Sharkovsky\" target=\"_blank\" rel=\"noopener\">Oleksandr N. Sharkovsky (Institute of Mathematics, NAS of Ukraine)<\/a><\/p>\n","protected":false},"excerpt":{"rendered":"<p>Jacek Banasiak (Technical University of \u0141\u00f3d\u017a, Poland, and University of KwaZulu Natal, South Africa) Martin<\/p>\n","protected":false},"author":161,"featured_media":0,"parent":0,"menu_order":0,"comment_status":"closed","ping_status":"closed","template":"","meta":{"_acf_changed":false,"ngg_post_thumbnail":0,"footnotes":""},"class_list":["post-2148","page","type-page","status-publish","hentry"],"acf":[],"_links":{"self":[{"href":"https:\/\/pb.edu.pl\/icdea\/wp-json\/wp\/v2\/pages\/2148","targetHints":{"allow":["GET"]}}],"collection":[{"href":"https:\/\/pb.edu.pl\/icdea\/wp-json\/wp\/v2\/pages"}],"about":[{"href":"https:\/\/pb.edu.pl\/icdea\/wp-json\/wp\/v2\/types\/page"}],"author":[{"embeddable":true,"href":"https:\/\/pb.edu.pl\/icdea\/wp-json\/wp\/v2\/users\/161"}],"replies":[{"embeddable":true,"href":"https:\/\/pb.edu.pl\/icdea\/wp-json\/wp\/v2\/comments?post=2148"}],"version-history":[{"count":0,"href":"https:\/\/pb.edu.pl\/icdea\/wp-json\/wp\/v2\/pages\/2148\/revisions"}],"wp:attachment":[{"href":"https:\/\/pb.edu.pl\/icdea\/wp-json\/wp\/v2\/media?parent=2148"}],"curies":[{"name":"wp","href":"https:\/\/api.w.org\/{rel}","templated":true}]}}