{"id":1718,"date":"2023-09-12T22:56:42","date_gmt":"2023-09-12T20:56:42","guid":{"rendered":"https:\/\/pb.edu.pl\/hub-dydaktyki\/?page_id=1718"},"modified":"2023-09-21T23:26:14","modified_gmt":"2023-09-21T21:26:14","slug":"wb","status":"publish","type":"page","link":"https:\/\/pb.edu.pl\/hub-dydaktyki\/przedmioty-ogolnouczelniane\/przedmioty-z-dziedziny-nauk-humanistycznych-i-spolecznych-hes\/wb\/","title":{"rendered":"Wydzia\u0142 Budownictwa i Nauk o \u015arodowisku"},"content":{"rendered":"<div class=\"h2\">Studia pierwszego stopnia<\/div>\n<div class=\"h3\">Lista przedmiot\u00f3w HES<\/div>\n<p><a class=\"pdf\" href=\"https:\/\/pb.edu.pl\/hub-dydaktyki\/wp-content\/uploads\/sites\/96\/2023\/09\/Lista-przedmiotow-HES-_-WBiNS_studia-pierwszego-stopnia_stac.pdf\" target=\"_blank\" data-id=\"1761\" rel=\"noopener\">Studia stacjonarne <span>(PDF, 88 KB, otworzy si\u0119 w nowej karcie)<\/span><\/a><\/p>\n<p><a class=\"pdf\" href=\"https:\/\/pb.edu.pl\/hub-dydaktyki\/wp-content\/uploads\/sites\/96\/2023\/09\/Lista-przedmiotow-HES-_-WBiNS_studia-pierwszego-stopnia_nstac.pdf\" target=\"_blank\" data-id=\"1762\" rel=\"noopener\">Studia niestacjonarne <span>(PDF, 76 KB, otworzy si\u0119 w nowej karcie)<\/span><\/a><\/p>\n<div class=\"h3\">Efekty uczenia si\u0119<\/div>\n<p><a class=\"pdf\" href=\"https:\/\/pb.edu.pl\/hub-dydaktyki\/wp-content\/uploads\/sites\/96\/2023\/09\/Efekty-uczenia-sie-przypisane-do-HES-studia-pierwszego-stopnia.pdf\" target=\"_blank\" rel=\"noopener\" data-id=\"1738\">Efekty uczenia si\u0119 przypisane do zaj\u0119\u0107 z dziedziny nauk humanistycznych i dziedziny nauk spo\u0142ecznych (HES) (PDF, 139 KB, otworzy si\u0119 w nowej karcie)<\/a><\/p>\n<div class=\"h3\">Karty przedmiot\u00f3w<\/div>\n<p><a href=\"https:\/\/box.biaman.pl\/d\/3e777294dfc34dcaa119\/\">Studia stacjonarne<\/a><\/p>\n<p><strong>Studia niestacjonarne:<\/strong><br \/>\n<a href=\"https:\/\/box.biaman.pl\/d\/3dd79d8e637e4d6a9b39\/\">Realizacja przedmiot\u00f3w HES w semestrach 1, 2, 4, 6<\/a><br \/>\n<a href=\"https:\/\/box.biaman.pl\/d\/4c282171462f4e56bc04\/\">Realizacja przedmiot\u00f3w HES w semestrach 1, 3, 5, 7<\/a><\/p>\n<hr>\n<div class=\"h2\">Studia drugiego stopnia<\/div>\n<div class=\"h3\">Lista przedmiot\u00f3w HES<\/div>\n<p><a class=\"pdf\" href=\"https:\/\/pb.edu.pl\/hub-dydaktyki\/wp-content\/uploads\/sites\/96\/2023\/09\/lista-przedmiotow-HES-WBiNS_-drugi-stopien_stac.pdf\" target=\"_blank\" data-id=\"1764\" rel=\"noopener\">Studia stacjonarne <span>(PDF, 77 KB, otworzy si\u0119 w nowej karcie)<\/span><\/a><\/p>\n<p><a class=\"pdf\" href=\"https:\/\/pb.edu.pl\/hub-dydaktyki\/wp-content\/uploads\/sites\/96\/2023\/09\/lista-przedmiotow-HES-WBiNS_-drugi-stopien_nstac.pdf\" target=\"_blank\" data-id=\"1765\" rel=\"noopener\">Studia niestacjonarne <span>(PDF, 73 KB, otworzy si\u0119 w nowej karcie)<\/span><\/a><\/p>\n<div class=\"h3\">Efekty uczenia si\u0119<\/div>\n<p><a class=\"pdf\" href=\"https:\/\/pb.edu.pl\/hub-dydaktyki\/wp-content\/uploads\/sites\/96\/2023\/09\/Efekty-uczenia-sie-przypisane-do-HES-studia-drugiego-stopnia.pdf\" target=\"_blank\" rel=\"noopener\" data-id=\"1743\">Efekty uczenia si\u0119 przypisane do zaj\u0119\u0107 z dziedziny nauk humanistycznych<br \/>\ni dziedziny nauk spo\u0142ecznych (HES) (PDF, 110 KB, otworzy si\u0119 w nowej karcie)<\/a><\/p>\n<div class=\"h3\">Karty przedmiot\u00f3w<\/div>\n<p><a href=\"https:\/\/box.biaman.pl\/d\/a5f3a834c0e845219d71\/\">Studia stacjonarne<\/a><\/p>\n<p><a href=\"https:\/\/box.biaman.pl\/d\/add66ed1b65845e8a14f\/\">Studia niestacjonarne<\/a><\/p>\n","protected":false},"excerpt":{"rendered":"<p>Studia pierwszego stopnia Lista przedmiot\u00f3w HES Studia stacjonarne (PDF, 88 KB, otworzy si\u0119 w nowej<\/p>\n","protected":false},"author":2,"featured_media":0,"parent":1493,"menu_order":2,"comment_status":"closed","ping_status":"closed","template":"","meta":{"_acf_changed":false,"ngg_post_thumbnail":0,"footnotes":""},"class_list":["post-1718","page","type-page","status-publish","hentry"],"acf":[],"_links":{"self":[{"href":"https:\/\/pb.edu.pl\/hub-dydaktyki\/wp-json\/wp\/v2\/pages\/1718","targetHints":{"allow":["GET"]}}],"collection":[{"href":"https:\/\/pb.edu.pl\/hub-dydaktyki\/wp-json\/wp\/v2\/pages"}],"about":[{"href":"https:\/\/pb.edu.pl\/hub-dydaktyki\/wp-json\/wp\/v2\/types\/page"}],"author":[{"embeddable":true,"href":"https:\/\/pb.edu.pl\/hub-dydaktyki\/wp-json\/wp\/v2\/users\/2"}],"replies":[{"embeddable":true,"href":"https:\/\/pb.edu.pl\/hub-dydaktyki\/wp-json\/wp\/v2\/comments?post=1718"}],"version-history":[{"count":0,"href":"https:\/\/pb.edu.pl\/hub-dydaktyki\/wp-json\/wp\/v2\/pages\/1718\/revisions"}],"up":[{"embeddable":true,"href":"https:\/\/pb.edu.pl\/hub-dydaktyki\/wp-json\/wp\/v2\/pages\/1493"}],"wp:attachment":[{"href":"https:\/\/pb.edu.pl\/hub-dydaktyki\/wp-json\/wp\/v2\/media?parent=1718"}],"curies":[{"name":"wp","href":"https:\/\/api.w.org\/{rel}","templated":true}]}}