{"id":1479,"date":"2023-02-16T12:20:10","date_gmt":"2023-02-16T11:20:10","guid":{"rendered":"https:\/\/pb.edu.pl\/hub-dydaktyki\/?page_id=1479"},"modified":"2023-10-31T16:33:01","modified_gmt":"2023-10-31T15:33:01","slug":"laboratorium-tutorow","status":"publish","type":"page","link":"https:\/\/pb.edu.pl\/hub-dydaktyki\/laboratorium-tutorow\/","title":{"rendered":"Laboratorium Tutor\u00f3w"},"content":{"rendered":"<p><a href=\"#1\">Kurs certyfikuj\u0105cy Szko\u0142y Tutor\u00f3w Akademickich<\/a><br \/>\n<a href=\"#2\">Szkolenie \u201eAkredytowany Praktyk Tutoringu\u201d<\/a><br \/>\n<a href=\"#3\">Monografia TUTORING NA UCZELNI TECHNICZNEJ \u2013 INSPIRACJE DLA TUTOR\u00d3W I TUTEES<\/a><br \/>\n<a name=\"1\"><\/a><\/p>\n<hr>\n<div class=\"h3\">Kurs certyfikuj\u0105cy Szko\u0142y Tutor\u00f3w Akademickich<\/div>\n<p>W dniach 03.07-13.07.2023 zosta\u0142 przeprowadzony 64-godzinny kurs certyfikuj\u0105cy Szko\u0142y Tutor\u00f3w Akademickich. Organizatorem kursu by\u0142o Collegium Wratislaviense, specjalizuj\u0105ce si\u0119 w przygotowywaniu nauczycieli akademickich do roli Tutora. Szkolenie by\u0142o zorganizowane w ramach projektu pn. Doskona\u0142o\u015b\u0107 Dydaktyczna Uczelni, realizowanego w Politechnice Bia\u0142ostockiej.<\/p>\n<p>Zaj\u0119cia mia\u0142y przede wszystkim wymiar praktyczny, ukierunkowany na rozw\u00f3j kompetencji uczestnik\u00f3w. Szkolenie mia\u0142o form\u0119 interaktywnego warsztatu z elementami mini-wyk\u0142adu prezentuj\u0105cego sprawdzon\u0105 i inspiruj\u0105c\u0105 wiedz\u0119 z zakresu rozwoju osobistego, informacji zwrotnej, motywacji, osi\u0105gania cel\u00f3w oraz budowaniu zaufania.<\/p>\n<p>Prowadz\u0105cy szkolenie k\u0142adli nacisk zar\u00f3wno na przekazanie wiedzy i prowadzenie procesu nabywania umiej\u0119tno\u015bci w cz\u0119\u015bciach warsztatowych, jak r\u00f3wnie\u017c dbali o przestrze\u0144 dla osobistej refleksji oraz wymiany do\u015bwiadcze\u0144 pomi\u0119dzy uczestnikami w zakresie realizowanego programu.<\/p>\n<p>Certyfikacj\u0119 w ramach projektu pn. Doskona\u0142o\u015b\u0107 Dydaktyczna Uczelni uzyska\u0142y:<br \/>\ndr in\u017c. Marta Borowska<br \/>\ndr in\u017c. Anna Falkowska<br \/>\ndr in\u017c. S\u0142awomira Hajduk<br \/>\ndr Anna Kononiuk<br \/>\ndr in\u017c. Joanna Kr\u0119towska<br \/>\ndr in\u017c. Edyta Pawluczuk<br \/>\ndr Iwona Piekunko-Mantiuk<br \/>\ndr in\u017c. Ewa Rauba<br \/>\ndr Ewa Tokajuk<br \/>\ndr in\u017c. Agnieszka Tr\u0119bicka<\/p>\n<p>Witamy nowych Tutor\u00f3w!<\/p>\n<div class=\"text-right\">\n<p><a href=\"#\">powr\u00f3t do menu<\/a><\/p>\n<\/div>\n<p><a name=\"2\"><\/a><\/p>\n<hr>\n<p>&nbsp;<\/p>\n<div class=\"h3\">Szkolenie \u201eAkredytowany Praktyk Tutoringu\u201d<\/div>\n<p>W czerwcu i lipcu 2023 certyfikowani Tutorzy Politechniki Bia\u0142ostockiej, wzi\u0119li udzia\u0142 w szkoleniu \u201eAkredytowany Praktyk Tutoringu\u201d, realizowanego ramach projektu \u201eDoskona\u0142o\u015b\u0107 dydaktyczna Politechniki Bia\u0142ostockiej\u201d. Szkolenie przeprowadzili <a href=\"https:\/\/cw.edu.pl\/edukacja\/barbara-habrych\/\">Barbara Habrych<\/a> oraz <a href=\"https:\/\/cw.edu.pl\/edukacja\/grzegorz-grzegorczyk\/\">Grzegorz Grzegorczyk<\/a> z <a href=\"https:\/\/cw.edu.pl\/\">Collegium Wratislaviense<\/a>. W szkoleniu udzia\u0142 wzi\u0119\u0142o 10 tutor\u00f3w z Politechniki Bia\u0142ostockiej, posiadaj\u0105cy certyfikat I stopnia oraz do\u015bwiadczenie w realizacji tutoringu ze studentami i doktorantami  Politechniki Bia\u0142ostockiej. Udzia\u0142 w szkoleniu wzi\u0119li:<\/p>\n<ul>\n<li>dr in\u017c. Andrzej Andrzejewski (WE), <\/li>\n<li>dr hab. Ewa Gli\u0144ska, prof. PB (WIZ), <\/li>\n<li>dr hab. in\u017c. Joanna Mystkowska, prof. PB (WM),<\/li>\n<li>dr in\u017c. Krystyna Rauba (WBiN\u015a),<\/li>\n<li>dr in\u017c. Ma\u0142gorzata Rauba (WBiN\u015a),<\/li>\n<li>dr Ewa Rollnik-Sadowska (WIZ),<\/li>\n<li>dr Izabela Senderacka (WM),<\/li>\n<li>mgr Urszula Socho\u0144-Okruszko (SJO),<\/li>\n<li>dr Joanna Szyd\u0142o (WIZ),<\/li>\n<li>dr Danuta Szpilko (WIZ).<\/li>\n<\/ul>\n<p>W ramach programu certyfikacji II stopnia uczestnicy mogli r\u00f3wnie\u017c skorzysta\u0107 z indywidualnych superwizji. Po uko\u0144czeniu tego etapu do\u0142\u0105cz\u0105 do Akredytowanych tutor\u00f3w. <\/p>\n<hr>\n<div class=\"panel-group\" id=\"custom-collapse-0\">\n<div class=\"panel panel-default\">\n\t\t\t\t<div class=\"panel-heading\">\n\t\t\t\t\t<div class=\"panel-title\">\n\t\t\t\t\t\t<a class=\"collapsed h4\" data-toggle=\"collapse\" data-parent=\"#custom-collapse-0\" href=\"#custom-collapse-0-0\">Lista certyfikowanych Tutor\u00f3w Wydzia\u0142u Budownictwa i Nauk o \u015arodowisku PB<\/a>\n\t\t\t\t\t<\/div>\n\t\t\t\t<\/div>\n\t\t\t\t<div id=\"custom-collapse-0-0\" class=\"panel-collapse collapse\">\n\t\t\t\t\t<div class=\"panel-body\">\nprof. dr hab. in\u017c. Iwona Skoczko<br \/>\nprof. dr hab. in\u017c. Gra\u017cyna \u0141aska<br \/>\ndr in\u017c. Maria Walery, prof. PB<br \/>\ndr in\u017c. Ma\u0142gorzata Rauba<br \/>\ndr in\u017c. Krystyna Rauba<br \/>\ndr in\u017c. Katarzyna Kalinowska-Wichrowska<br \/>\ndr in\u017c. Ewa Szaty\u0142owicz<br \/>\ndr in\u017c. Ewa Rauba<br \/>\ndr in\u017c. Edyta Pawluczuk<br \/>\ndr in\u017c. Joanna Kr\u0119towska<br \/>\ndr in\u017c. Ewa O\u0142dakowska<br \/>\ndr in\u017c. Agnieszka Tr\u0119bicka<br \/>\n<\/div>\n\t\t\t\t<\/div>\n\t\t\t<\/div>\n<div class=\"panel panel-default\">\n\t\t\t\t<div class=\"panel-heading\">\n\t\t\t\t\t<div class=\"panel-title\">\n\t\t\t\t\t\t<a class=\"collapsed h4\" data-toggle=\"collapse\" data-parent=\"#custom-collapse-0\" href=\"#custom-collapse-0-1\">Lista certyfikowanych Tutor\u00f3w Wydzia\u0142u Elektrycznego PB<\/a>\n\t\t\t\t\t<\/div>\n\t\t\t\t<\/div>\n\t\t\t\t<div id=\"custom-collapse-0-1\" class=\"panel-collapse collapse\">\n\t\t\t\t\t<div class=\"panel-body\">\ndr hab. in\u017c. Arkadiusz Mystkowski, prof.pb<br \/>\ndr in\u017c. Andrzej Andrzejewski<br \/>\n<\/div>\n\t\t\t\t<\/div>\n\t\t\t<\/div>\n<div class=\"panel panel-default\">\n\t\t\t\t<div class=\"panel-heading\">\n\t\t\t\t\t<div class=\"panel-title\">\n\t\t\t\t\t\t<a class=\"collapsed h4\" data-toggle=\"collapse\" data-parent=\"#custom-collapse-0\" href=\"#custom-collapse-0-2\">Lista certyfikowanych Tutor\u00f3w Wydzia\u0142u Informatyki PB<\/a>\n\t\t\t\t\t<\/div>\n\t\t\t\t<\/div>\n\t\t\t\t<div id=\"custom-collapse-0-2\" class=\"panel-collapse collapse\">\n\t\t\t\t\t<div class=\"panel-body\">\ndr in\u017c. Rajmund Stasiewicz<br \/>\ndr in\u017c. Urszula Ku\u017celewska<br \/>\n<\/div>\n\t\t\t\t<\/div>\n\t\t\t<\/div>\n<div class=\"panel panel-default\">\n\t\t\t\t<div class=\"panel-heading\">\n\t\t\t\t\t<div class=\"panel-title\">\n\t\t\t\t\t\t<a class=\"collapsed h4\" data-toggle=\"collapse\" data-parent=\"#custom-collapse-0\" href=\"#custom-collapse-0-3\">Lista certyfikowanych Tutor\u00f3w Wydzia\u0142u In\u017cynierii Zarz\u0105dzania PB<\/a>\n\t\t\t\t\t<\/div>\n\t\t\t\t<\/div>\n\t\t\t\t<div id=\"custom-collapse-0-3\" class=\"panel-collapse collapse\">\n\t\t\t\t\t<div class=\"panel-body\">\n dr in\u017c. Joanna Godlewska<br \/>\n dr in\u017c. Anna Olszewska, prof. PB<br \/>\n dr hab.Ewa Gli\u0144ska, prof. PB<br \/>\ndr Aleksandra Gulc<br \/>\ndr Andrzej Smolarczyk<br \/>\ndr Anna Kononiuk<br \/>\ndr Beata Kobus-Madras<br \/>\ndr Danuta Szpilko<br \/>\ndr Ewa Rollnik Sadowska<br \/>\ndr Ewa Tokajuk<br \/>\ndr hab. Agata Lulewicz Sas, prof.<br \/>\ndr in\u017c. El\u017cbieta Krawczyk Dembicka<br \/>\ndr in\u017c. Halina Kiryluk<br \/>\ndr in\u017c. Romuald Zi\u00f3\u0142kowski<br \/>\ndr in\u017c. S\u0142awomira Hajduk<br \/>\ndr Iwona Piekunko-Mantiuk<br \/>\ndr Izabela Stalo\u0144czyk<br \/>\ndr Joanna Jakuszewicz<br \/>\ndr Joanna Szyd\u0142o<br \/>\ndr Justyna Grze\u015b-Buk\u0142aho<br \/>\ndr Justyna Koz\u0142owska\u00a0<br \/>\ndr Krzysztof Stepaniuk<br \/>\ndr Urszula Kobyli\u0144ska<br \/>\nmgr Ewelina Tomaszewska<br \/>\n<\/div>\n\t\t\t\t<\/div>\n\t\t\t<\/div>\n<div class=\"panel panel-default\">\n\t\t\t\t<div class=\"panel-heading\">\n\t\t\t\t\t<div class=\"panel-title\">\n\t\t\t\t\t\t<a class=\"collapsed h4\" data-toggle=\"collapse\" data-parent=\"#custom-collapse-0\" href=\"#custom-collapse-0-4\">Lista certyfikowanych Tutor\u00f3w Wydzia\u0142u Mechanicznego PB<\/a>\n\t\t\t\t\t<\/div>\n\t\t\t\t<\/div>\n\t\t\t\t<div id=\"custom-collapse-0-4\" class=\"panel-collapse collapse\">\n\t\t\t\t\t<div class=\"panel-body\">\ndr hab. Agnieszka Gardzi\u0144ska-G\u0142\u0119bocka, prof. PB<br \/>\ndr hab. in\u017c. Joanna Mystkowska, prof. PB<br \/>\ndr in\u017c. Anna Falkowska<br \/>\ndr in\u017c. Dawid \u0141ysik<br \/>\ndr in\u017c. Eliza Roma\u0144czuk-Ruszuk<br \/>\ndr in\u017c. Ewa Kulesza<br \/>\ndr in\u017c. Piotr Borkowski<br \/>\ndr Izabela Senderacka<br \/>\n<\/div>\n\t\t\t\t<\/div>\n\t\t\t<\/div>\n<div class=\"panel panel-default\">\n\t\t\t\t<div class=\"panel-heading\">\n\t\t\t\t\t<div class=\"panel-title\">\n\t\t\t\t\t\t<a class=\"collapsed h4\" data-toggle=\"collapse\" data-parent=\"#custom-collapse-0\" href=\"#custom-collapse-0-5\">Lista certyfikowanych Tutor\u00f3w Studium J\u0119zyk\u00f3w Obcych PB<\/a>\n\t\t\t\t\t<\/div>\n\t\t\t\t<\/div>\n\t\t\t\t<div id=\"custom-collapse-0-5\" class=\"panel-collapse collapse\">\n\t\t\t\t\t<div class=\"panel-body\">\nmgr Violetta Grabi\u0144ska<br \/>\nmgr Anna Kalisz<br \/>\nmgr Urszula Socho\u0144-Okruszko<br \/>\nmgr Sylwia Dobkowska<br \/>\nmgr Alina Jab\u0142o\u0144ska Domurat<br \/>\nmgr Monika \u015aleszy\u0144ska<br \/>\n mgr Beata Falkowska<br \/>\nmgr Aniela Staszewska<br \/>\ndr Ma\u0142gorzata Ciereszko<br \/>\nmgr Beata Smolarczyk<br \/>\nmgr Joanna Nazarko<br \/>\nmgr Greta G\u0142owacka-Czarnopy\u015b<br \/>\nmgr Urszula Socho\u0144-Okruszko<br \/>\nmgr Ma\u0142gorzata Komarewska<br \/>\nmgr Dorota Ostrowska<br \/>\n<\/div>\n\t\t\t\t<\/div>\n\t\t\t<\/div>\n<\/div>\n<a name=\"3\"><\/a><\/p>\n<div class=\"text-right\">\n<p><a href=\"#\">powr\u00f3t do menu<\/a><\/p>\n<\/div>\n<hr>\n<p>&nbsp;<\/p>\n<div class=\"h3\">Monografia TUTORING NA UCZELNI TECHNICZNEJ \u2013 INSPIRACJE DLA TUTOR\u00d3W I TUTEES<\/div>\n<p><img loading=\"lazy\" decoding=\"async\" class=\"alignleft wp-image-1828\" src=\"https:\/\/pb.edu.pl\/hub-dydaktyki\/wp-content\/uploads\/sites\/96\/2023\/10\/tutoring-na-uczelni-technicznej.jpg\" alt=\"TUTORING NA UCZELNI TECHNICZNEJ \u2013 INSPIRACJE DLA TUTOR\u00d3W I TUTEES\" width=\"350\" height=\"497\" srcset=\"https:\/\/pb.edu.pl\/hub-dydaktyki\/wp-content\/uploads\/sites\/96\/2023\/10\/tutoring-na-uczelni-technicznej.jpg 537w, https:\/\/pb.edu.pl\/hub-dydaktyki\/wp-content\/uploads\/sites\/96\/2023\/10\/tutoring-na-uczelni-technicznej-211x300.jpg 211w\" sizes=\"auto, (max-width: 350px) 100vw, 350px\" \/>Zapraszamy serdecznie do zg\u0142\u0119bienia tre\u015bci publikacji o tytule &#8222;TUTORING NA UCZELNI TECHNICZNEJ \u2013 INSPIRACJE DLA TUTOR\u00d3W I TUTEES,&#8221; pod redakcj\u0105 naukow\u0105 Izabeli Senderackiej, Anny Falkowskiej, Agnieszki Dardzi\u0144skiej-G\u0142\u0119bockiej oraz Joanny Kr\u0119towskiej. Ta wyj\u0105tkowa monografia stanowi fascynuj\u0105cy przewodnik w \u015bwiat tutoringu na uczelniach technicznych, oferuj\u0105c zar\u00f3wno teoretyczne podstawy, jak i praktyczne zastosowania tej metody nauczania. <\/p>\n<p>W monografii przedstawiono pe\u0142n\u0105 palet\u0119 zagadnie\u0144 zwi\u0105zanych z tutorowaniem. Rozpoczyna si\u0119 ona od rozwa\u017ca\u0144 teoretycznych, ukazanych w pierwszych dw\u00f3ch rozdzia\u0142ach, po czym przechodzi do praktycznych aspekt\u00f3w wdra\u017cania program\u00f3w tutorskich na uczelniach wy\u017cszych, ze szczeg\u00f3lnym naciskiem na uczelnie techniczne. Czytelnik ma okazj\u0119 pozna\u0107 r\u00f3\u017cnorodno\u015b\u0107 form tutoringu oraz dowiedzie\u0107 si\u0119, jakie mo\u017cliwo\u015bci finansowania istniej\u0105 w tym kontek\u015bcie. Monografia dostarcza tak\u017ce konkretnych przyk\u0142ad\u00f3w program\u00f3w tutorskich przeprowadzonych na Politechnice Bia\u0142ostockiej w latach 2020\u20132023, co jest istotnym wk\u0142adem w zrozumienie wynik\u00f3w tych dzia\u0142a\u0144. Analizy ilo\u015bciowe i jako\u015bciowe stanowi\u0105 cenn\u0105 wskaz\u00f3wk\u0119 dla oceny efektywno\u015bci tych praktyk. W dalszej cz\u0119\u015bci monografii eksperci kieruj\u0105 nasz\u0105 uwag\u0119 na analiz\u0119 metod i narz\u0119dzi stosowanych w tutoringu w kontek\u015bcie nauk in\u017cynieryjno-technicznych i nauk spo\u0142ecznych. Szczeg\u00f3lnie interesuj\u0105cy jest rozdzia\u0142 po\u015bwi\u0119cony roli zarz\u0105dzania wiedz\u0105 w tutoringu akademickim, gdzie zwraca si\u0119 uwag\u0119 na znaczenie wymiany wiedzy oraz jej wp\u0142yw na rozw\u00f3j student\u00f3w. Kolejnym wa\u017cnym obszarem jest rozwa\u017cenie kwestii transferu technologii w kontek\u015bcie tutoringu. Czy tutor mo\u017ce by\u0107 czynnikiem sprzyjaj\u0105cym temu procesowi, a jakie s\u0105 jego efekty na uczestnicz\u0105ce w nim podmioty?  <\/p>\n<p>Monografia stanowi istotny wk\u0142ad w rozwijanie edukacji wy\u017cszej, a jej warto\u015b\u0107 potwierdza \u017ar\u00f3d\u0142o finansowania, jakim jest projekt &#8222;Doskona\u0142o\u015b\u0107 Dydaktyczna Uczelni,&#8221; realizowany w ramach Programu Operacyjnego Wiedza Edukacja Rozw\u00f3j 2014-2020 i wsp\u00f3\u0142finansowany przez Uni\u0119 Europejsk\u0105 ze \u015brodk\u00f3w Europejskiego Funduszu Spo\u0142ecznego (O\u015b Priorytetowa III Szkolnictwo wy\u017csze dla gospodarki i rozwoju, Dzia\u0142anie 3.4 Zarz\u0105dzanie w instytucjach szkolnictwa wy\u017cszego). Ta monografia stanowi cenne \u017ar\u00f3d\u0142o wiedzy dla wszystkich zainteresowanych rozwijaniem proces\u00f3w edukacyjnych na uczelniach technicznych i tutoringu jako narz\u0119dzia wsparcia dla student\u00f3w.<\/p>\n<p>Zach\u0119camy do lektury.<\/p>\n<p>Link do monografii: <a href=\"https:\/\/pb.edu.pl\/oficyna-wydawnicza\/wp-content\/uploads\/sites\/4\/2023\/10\/Tutoring-na-uczelni-technicznej-%E2%80%93-inspiracje-dla-tutorow-i-tutees-1.pdf\">TUTORING NA UCZELNI TECHNICZNEJ \u2013 INSPIRACJE DLA TUTOR\u00d3W I TUTEES<\/a><\/p>\n<div class=\"text-right\">\n<p><a href=\"#\">powr\u00f3t do menu<\/a><\/p>\n<\/div>\n","protected":false},"excerpt":{"rendered":"<p>Kurs certyfikuj\u0105cy Szko\u0142y Tutor\u00f3w Akademickich Szkolenie \u201eAkredytowany Praktyk Tutoringu\u201d Monografia TUTORING NA UCZELNI TECHNICZNEJ \u2013<\/p>\n","protected":false},"author":2,"featured_media":0,"parent":0,"menu_order":3,"comment_status":"closed","ping_status":"closed","template":"","meta":{"_acf_changed":false,"ngg_post_thumbnail":0,"footnotes":""},"class_list":["post-1479","page","type-page","status-publish","hentry"],"acf":[],"_links":{"self":[{"href":"https:\/\/pb.edu.pl\/hub-dydaktyki\/wp-json\/wp\/v2\/pages\/1479","targetHints":{"allow":["GET"]}}],"collection":[{"href":"https:\/\/pb.edu.pl\/hub-dydaktyki\/wp-json\/wp\/v2\/pages"}],"about":[{"href":"https:\/\/pb.edu.pl\/hub-dydaktyki\/wp-json\/wp\/v2\/types\/page"}],"author":[{"embeddable":true,"href":"https:\/\/pb.edu.pl\/hub-dydaktyki\/wp-json\/wp\/v2\/users\/2"}],"replies":[{"embeddable":true,"href":"https:\/\/pb.edu.pl\/hub-dydaktyki\/wp-json\/wp\/v2\/comments?post=1479"}],"version-history":[{"count":0,"href":"https:\/\/pb.edu.pl\/hub-dydaktyki\/wp-json\/wp\/v2\/pages\/1479\/revisions"}],"wp:attachment":[{"href":"https:\/\/pb.edu.pl\/hub-dydaktyki\/wp-json\/wp\/v2\/media?parent=1479"}],"curies":[{"name":"wp","href":"https:\/\/api.w.org\/{rel}","templated":true}]}}