{"id":1471,"date":"2023-02-16T11:55:41","date_gmt":"2023-02-16T10:55:41","guid":{"rendered":"https:\/\/pb.edu.pl\/hub-dydaktyki\/?page_id=1471"},"modified":"2025-11-14T09:20:08","modified_gmt":"2025-11-14T08:20:08","slug":"akademickie-dni-dydaktyki","status":"publish","type":"page","link":"https:\/\/pb.edu.pl\/hub-dydaktyki\/akademickie-dni-dydaktyki\/","title":{"rendered":"Akademickie Dni Dydaktyki"},"content":{"rendered":"<div class=\"h2\">Akademickie Dni Dydaktyki 2025<\/div>\n<p><a href=\"https:\/\/pb.edu.pl\/wings\/rekrutacja-do-projektu\/akademickie-dni-dydaktyki-2025\/\">Wystartowa\u0142y Akademickie Dni Dydaktyki 2025<\/a><\/p>\n<p><a href=\"https:\/\/pb.edu.pl\/wings\/rekrutacja-do-projektu\/akademickie-dni-dydaktyki-2025\/formularz-zgloszeniowy\/\">Formularz zg\u0142oszeniowy \u2013 Akademickie Dni Dydaktyki 2025<\/a><\/li>\n<hr>\n<div class=\"h3\">Serdecznie zapraszamy do udzia\u0142u w 6. edycji Akademickich Dni Dydaktyki, kt\u00f3re odb\u0119d\u0105 si\u0119 w terminie od 22 do 29 listopada 2023 roku w Politechnice Bia\u0142ostockiej.<\/div>\n<p>Tegoroczne wydarzenie b\u0119dzie pe\u0142ne atrakcyjnych wyk\u0142ad\u00f3w, inspiruj\u0105cych warsztat\u00f3w i paneli dyskusyjnych, stanowi\u0105cych warto\u015bciow\u0105 ofert\u0119 dla pracownik\u00f3w dydaktycznych naszej uczelni. Podczas Akademickich Dni Dydaktyki skupimy si\u0119 na najbardziej pal\u0105cych kwestiach edukacyjnych, takich jak rola sztucznej inteligencji w dydaktyce, zagadnienia zwi\u0105zane z bezpiecze\u0144stwem na uczelni, znaczenie tutoringu jako nowoczesnej formy kszta\u0142cenia akademickiego oraz umiej\u0119tno\u015bci zwi\u0105zane z przypisywaniem punkt\u00f3w ECTS.<\/p>\n<p>Zapraszamy do udzia\u0142u w dyskusjach z ekspertami, warsztatach z innowacyjno\u015bci biznesowej, radzenia sobie w relacjach ze studentami oraz wsparciu os\u00f3b z niepe\u0142nosprawno\u015bciami. Dodatkowo, zaoferujemy praktyczne warsztaty dotycz\u0105ce komunikacji, tworzenia film\u00f3w dydaktycznych i technik emisji g\u0142osu.<\/p>\n<p>Udzia\u0142 w Akademickich Dni Dydaktyki, to szansa na poszerzenie swoich kompetencji w obszarze skutecznej komunikacji, tworzenia film\u00f3w dydaktycznych i technik emisji g\u0142osu. Dodatkowo, w ramach ADD, odb\u0119dzie si\u0119 weekend aktywno\u015bci, podczas kt\u00f3rego uczestnicy b\u0119d\u0105 mieli mo\u017cliwo\u015b\u0107 zapoznania si\u0119 z praktyk\u0105 w\u0142a\u015bciwego oddychania, \u0107wicze\u0144 rotacyjnych oraz jogi.<\/p>\n<p><strong>Rekrutacja rozpocznie si\u0119 ju\u017c w pi\u0105tek, 17 listopada! Szczeg\u00f3\u0142y wkr\u00f3tce.<\/strong><\/p>\n<p>Do\u0142\u0105cz do wydarzenia, aby razem rozwija\u0107 kompetencje i tworzy\u0107 innowacyjne metody nauczania!<\/p>\n<p>Organizacja Akademickich Dni Dydaktyki jest mo\u017cliwa dzi\u0119ki wsparciu Politechnicznej Sieci Via Carpatia im. Prezydenta RP Lecha Kaczy\u0144skiego, finansowanej przez Ministerstwo Edukacji i Nauki.<\/p>\n<p><a class=\"h3\" href=\"https:\/\/pb.edu.pl\/via-carpatia\/dzialania\/ksztalcenie\/wymienmy-sie-tym-co-najlepsze\/\">Zobacz szczeg\u00f3\u0142y 6. edycji Akademickich Dni Dydaktyki<\/a><\/p>\n<hr>\n<div class=\"h2\">Akademickie Dni Dydaktyki 2022<\/div>\n<p><a href=\"https:\/\/pb.edu.pl\/2022\/11\/28\/wystartowaly-akademickie-dni-dydaktyki-2022\/\">Wystartowa\u0142y Akademickie Dni Dydaktyki 2022<\/a><\/p>\n","protected":false},"excerpt":{"rendered":"<p>Akademickie Dni Dydaktyki 2025 Wystartowa\u0142y Akademickie Dni Dydaktyki 2025 Formularz zg\u0142oszeniowy \u2013 Akademickie Dni Dydaktyki<\/p>\n","protected":false},"author":2,"featured_media":0,"parent":0,"menu_order":1,"comment_status":"closed","ping_status":"closed","template":"","meta":{"_acf_changed":false,"ngg_post_thumbnail":0,"footnotes":""},"class_list":["post-1471","page","type-page","status-publish","hentry"],"acf":[],"_links":{"self":[{"href":"https:\/\/pb.edu.pl\/hub-dydaktyki\/wp-json\/wp\/v2\/pages\/1471","targetHints":{"allow":["GET"]}}],"collection":[{"href":"https:\/\/pb.edu.pl\/hub-dydaktyki\/wp-json\/wp\/v2\/pages"}],"about":[{"href":"https:\/\/pb.edu.pl\/hub-dydaktyki\/wp-json\/wp\/v2\/types\/page"}],"author":[{"embeddable":true,"href":"https:\/\/pb.edu.pl\/hub-dydaktyki\/wp-json\/wp\/v2\/users\/2"}],"replies":[{"embeddable":true,"href":"https:\/\/pb.edu.pl\/hub-dydaktyki\/wp-json\/wp\/v2\/comments?post=1471"}],"version-history":[{"count":0,"href":"https:\/\/pb.edu.pl\/hub-dydaktyki\/wp-json\/wp\/v2\/pages\/1471\/revisions"}],"wp:attachment":[{"href":"https:\/\/pb.edu.pl\/hub-dydaktyki\/wp-json\/wp\/v2\/media?parent=1471"}],"curies":[{"name":"wp","href":"https:\/\/api.w.org\/{rel}","templated":true}]}}