{"id":90,"date":"2022-03-02T09:20:13","date_gmt":"2022-03-02T08:20:13","guid":{"rendered":"https:\/\/pb.edu.pl\/gep\/?page_id=90"},"modified":"2022-03-06T16:16:41","modified_gmt":"2022-03-06T15:16:41","slug":"kontakt","status":"publish","type":"page","link":"https:\/\/pb.edu.pl\/gep\/kontakt\/","title":{"rendered":"Kontakt"},"content":{"rendered":"<p><img loading=\"lazy\" decoding=\"async\" class=\"alignleft zespol-img wp-image-139\" src=\"https:\/\/pb.edu.pl\/gep\/wp-content\/uploads\/sites\/82\/2022\/03\/szydlo_joanna.jpg\" alt=\"Joanna Szyd\u0142o - Pe\u0142nomocnik do spraw R\u00f3wnego Traktowania i Przeciwdzia\u0142ania Dyskryminacji w Politechnice Bia\u0142ostockiej\" width=\"200\" height=\"298\" srcset=\"https:\/\/pb.edu.pl\/gep\/wp-content\/uploads\/sites\/82\/2022\/03\/szydlo_joanna.jpg 600w, https:\/\/pb.edu.pl\/gep\/wp-content\/uploads\/sites\/82\/2022\/03\/szydlo_joanna-201x300.jpg 201w\" sizes=\"auto, (max-width: 200px) 100vw, 200px\" \/><\/p>\n<div class=\"h3\">dr Joanna Szyd\u0142o<\/div>\n<p><strong>Pe\u0142nomocnik do spraw R\u00f3wnego Traktowania<br \/>\ni Przeciwdzia\u0142ania Dyskryminacji<br \/>\nw Politechnice Bia\u0142ostockiej<\/strong><\/p>\n<p><a href=\"https:\/\/wiz.pb.edu.pl\/\">Wydzia\u0142 In\u017cynierii Zarz\u0105dzania<\/a>, pok\u00f3j 213KF<\/p>\n<p><i class=\"fal fa-envelope\"><\/i> <a href=\"#\" rel=\"nofollow\"  onclick=\"this.href='mailto:' + 'j.szydlo' + '@' + 'pb.edu.pl'\">j.szydlo [at] pb.edu.pl<\/a>\n<p><i class=\"fal fa-phone\"><\/i> 662 321 638<br \/>\n&nbsp;<br \/>\n&nbsp;<\/p>\n","protected":false},"excerpt":{"rendered":"<p>dr Joanna Szyd\u0142o Pe\u0142nomocnik do spraw R\u00f3wnego Traktowania i Przeciwdzia\u0142ania Dyskryminacji w Politechnice Bia\u0142ostockiej Wydzia\u0142<\/p>\n","protected":false},"author":2,"featured_media":0,"parent":0,"menu_order":5,"comment_status":"closed","ping_status":"closed","template":"","meta":{"_acf_changed":false,"ngg_post_thumbnail":0,"footnotes":""},"class_list":["post-90","page","type-page","status-publish","hentry"],"acf":[],"_links":{"self":[{"href":"https:\/\/pb.edu.pl\/gep\/wp-json\/wp\/v2\/pages\/90","targetHints":{"allow":["GET"]}}],"collection":[{"href":"https:\/\/pb.edu.pl\/gep\/wp-json\/wp\/v2\/pages"}],"about":[{"href":"https:\/\/pb.edu.pl\/gep\/wp-json\/wp\/v2\/types\/page"}],"author":[{"embeddable":true,"href":"https:\/\/pb.edu.pl\/gep\/wp-json\/wp\/v2\/users\/2"}],"replies":[{"embeddable":true,"href":"https:\/\/pb.edu.pl\/gep\/wp-json\/wp\/v2\/comments?post=90"}],"version-history":[{"count":0,"href":"https:\/\/pb.edu.pl\/gep\/wp-json\/wp\/v2\/pages\/90\/revisions"}],"wp:attachment":[{"href":"https:\/\/pb.edu.pl\/gep\/wp-json\/wp\/v2\/media?parent=90"}],"curies":[{"name":"wp","href":"https:\/\/api.w.org\/{rel}","templated":true}]}}