{"id":86,"date":"2022-03-02T09:19:30","date_gmt":"2022-03-02T08:19:30","guid":{"rendered":"https:\/\/pb.edu.pl\/gep\/?page_id=86"},"modified":"2022-03-04T21:31:25","modified_gmt":"2022-03-04T20:31:25","slug":"wsparcie","status":"publish","type":"page","link":"https:\/\/pb.edu.pl\/gep\/wsparcie\/","title":{"rendered":"Wsparcie"},"content":{"rendered":"<div class=\"h2\">Wsparcie w ramach uczelni<\/div>\n<p>Je\u015bli jeste\u015b studentk\u0105\/em lub pracowniczk\u0105\/kiem Politechniki Bia\u0142ostockiej i do\u015bwiadczasz na uczelni dyskryminacji lub jeste\u015b jej \u015bwiadkiem, zach\u0119camy do skontaktowania si\u0119 z <a href=\"\/gep\/kontakt\/\" title=\"Kontakt\">Pe\u0142nomocnikiem do spraw R\u00f3wnego Traktowania i Przeciwdzia\u0142ania Dyskryminacji w Politechnice Bia\u0142ostockiej<\/a>.<br \/>\nMo\u017cesz to zrobi\u0107 bezpo\u015brednio lub drog\u0105 mailow\u0105.<\/p>\n<div class=\"h2\">Wsparcie instytucji zewn\u0119trznych<\/div>\n<p><strong>Rzecznik Praw Obywatelskich (RPO)<\/strong> \u2013 konstytucyjny organ ochrony prawnej stoj\u0105cy m.in na stra\u017cy zasady r\u00f3wnego traktowania. Oferuje pomoc w przypadkach naruszania praw obywatelskich przez instytucje publiczne.<br \/>\nInformacje na temat mo\u017cliwo\u015bci i sposobu zg\u0142oszenia skargi do RPO mo\u017cna uzyska\u0107, dzwoni\u0105c na bezp\u0142atn\u0105 infolini\u0119 <strong><i class=\"fal fa-phone\"><\/i> 800 676 676<\/strong>.<\/p>\n<p><strong>Pa\u0144stwowa Inspekcja Pracy<\/strong> \u2013 organ nadzoru i kontroli nad przestrzeganiem prawa pracy, kt\u00f3re m.in. zakazuje wszelkich form dyskryminacji. Skarg\u0119 do Okr\u0119gowego Inspektoratu Pracy w Bia\u0142ymstoku mo\u017cna z\u0142o\u017cy\u0107 przez <a href=\"https:\/\/bialystok.pip.gov.pl\/pl\/formularz\/141\" title=\"otworzy si\u0119 w nowej karcie\" target=\"_blank\" rel=\"noopener\">formularz online<\/a>.<\/p>\n<p><strong>Polskie Towarzystwo Prawa Antydyskryminacyjnego<\/strong> \u2013 organizacja pozarz\u0105dowa oferuj\u0105ca bezp\u0142atne porady prawne w sprawach dotycz\u0105cych dyskryminacji.<br \/>\n&nbsp;<br \/>\n&nbsp;<\/p>\n","protected":false},"excerpt":{"rendered":"<p>Wsparcie w ramach uczelni Je\u015bli jeste\u015b studentk\u0105\/em lub pracowniczk\u0105\/kiem Politechniki Bia\u0142ostockiej i do\u015bwiadczasz na uczelni<\/p>\n","protected":false},"author":2,"featured_media":0,"parent":0,"menu_order":3,"comment_status":"closed","ping_status":"closed","template":"","meta":{"_acf_changed":false,"ngg_post_thumbnail":0,"footnotes":""},"class_list":["post-86","page","type-page","status-publish","hentry"],"acf":[],"_links":{"self":[{"href":"https:\/\/pb.edu.pl\/gep\/wp-json\/wp\/v2\/pages\/86","targetHints":{"allow":["GET"]}}],"collection":[{"href":"https:\/\/pb.edu.pl\/gep\/wp-json\/wp\/v2\/pages"}],"about":[{"href":"https:\/\/pb.edu.pl\/gep\/wp-json\/wp\/v2\/types\/page"}],"author":[{"embeddable":true,"href":"https:\/\/pb.edu.pl\/gep\/wp-json\/wp\/v2\/users\/2"}],"replies":[{"embeddable":true,"href":"https:\/\/pb.edu.pl\/gep\/wp-json\/wp\/v2\/comments?post=86"}],"version-history":[{"count":0,"href":"https:\/\/pb.edu.pl\/gep\/wp-json\/wp\/v2\/pages\/86\/revisions"}],"wp:attachment":[{"href":"https:\/\/pb.edu.pl\/gep\/wp-json\/wp\/v2\/media?parent=86"}],"curies":[{"name":"wp","href":"https:\/\/api.w.org\/{rel}","templated":true}]}}