{"id":82,"date":"2022-03-02T09:18:53","date_gmt":"2022-03-02T08:18:53","guid":{"rendered":"https:\/\/pb.edu.pl\/gep\/?page_id=82"},"modified":"2022-12-07T13:08:09","modified_gmt":"2022-12-07T12:08:09","slug":"dzialania-zespolu","status":"publish","type":"page","link":"https:\/\/pb.edu.pl\/gep\/dzialania-zespolu\/","title":{"rendered":"Dzia\u0142ania zespo\u0142u"},"content":{"rendered":"<div class=\"h2\">Gender Equality Plan<\/div>\n<p>Tre\u015b\u0107 dokumentu: <a href=\"https:\/\/pb.edu.pl\/gep\/plan-na-rzecz-rownouprawnienia-plci\/\">GENDER EQUALITY PLAN \u2013 GEP (PLANU R\u00d3WNO\u015aCI P\u0141CI)<\/a>.<\/p>\n<p>Dokument jest po\u015bwi\u0119cony problemowi r\u00f3wnego traktowania na Politechnice Bia\u0142ostockiej oraz inicjatywom antydyskryminacyjnym. Przedstawiono w nim diagnoz\u0119 obecnej sytuacji na Uczelni oraz okre\u015blono kierunki dzia\u0142a\u0144 naprawczych, jak r\u00f3wnie\u017c wzmacniania dobrych praktyk.<\/p>\n<p>Nier\u00f3wne traktowanie mo\u017ce by\u0107 potencjalnie krzywdz\u0105ce dla wszystkich pracownik\u00f3w.<br \/>\n&nbsp;<br \/>\n&nbsp;<\/p>\n","protected":false},"excerpt":{"rendered":"<p>Gender Equality Plan Tre\u015b\u0107 dokumentu: GENDER EQUALITY PLAN \u2013 GEP (PLANU R\u00d3WNO\u015aCI P\u0141CI). Dokument jest<\/p>\n","protected":false},"author":2,"featured_media":0,"parent":0,"menu_order":1,"comment_status":"closed","ping_status":"closed","template":"","meta":{"_acf_changed":false,"ngg_post_thumbnail":0,"footnotes":""},"class_list":["post-82","page","type-page","status-publish","hentry"],"acf":[],"_links":{"self":[{"href":"https:\/\/pb.edu.pl\/gep\/wp-json\/wp\/v2\/pages\/82","targetHints":{"allow":["GET"]}}],"collection":[{"href":"https:\/\/pb.edu.pl\/gep\/wp-json\/wp\/v2\/pages"}],"about":[{"href":"https:\/\/pb.edu.pl\/gep\/wp-json\/wp\/v2\/types\/page"}],"author":[{"embeddable":true,"href":"https:\/\/pb.edu.pl\/gep\/wp-json\/wp\/v2\/users\/2"}],"replies":[{"embeddable":true,"href":"https:\/\/pb.edu.pl\/gep\/wp-json\/wp\/v2\/comments?post=82"}],"version-history":[{"count":0,"href":"https:\/\/pb.edu.pl\/gep\/wp-json\/wp\/v2\/pages\/82\/revisions"}],"wp:attachment":[{"href":"https:\/\/pb.edu.pl\/gep\/wp-json\/wp\/v2\/media?parent=82"}],"curies":[{"name":"wp","href":"https:\/\/api.w.org\/{rel}","templated":true}]}}