{"id":357,"date":"2025-10-30T08:44:11","date_gmt":"2025-10-30T07:44:11","guid":{"rendered":"https:\/\/pb.edu.pl\/gep\/?page_id=357"},"modified":"2025-10-30T08:45:52","modified_gmt":"2025-10-30T07:45:52","slug":"aktualnosci","status":"publish","type":"page","link":"https:\/\/pb.edu.pl\/gep\/aktualnosci\/","title":{"rendered":"Aktualno\u015bci"},"content":{"rendered":"\t\t<div class=\"box news-box \">\n\t\t<div class=\"row\">\n\t\t\t\n\t\t\t\n\t\t\t\t\n\t\t\t\t\t\t\t\t\t\t<div class=\"col-sm-3\">\n\t\t\t\t\t\t\t\n<article class=\"format-standard\">\n    <span class=\"date text-right\"><i class=\"fal fa-calendar-alt\"><\/i> 07-11-2025<\/span>\n    <a href=\"https:\/\/pb.edu.pl\/gep\/2025\/11\/07\/co-wolno-na-uczelni-wyzszej-politechnika-bialostocka-o-standardach-i-reagowaniu-na-naduzycia\/\">\n      <div class=\"article-image\">\n        <img loading=\"lazy\" decoding=\"async\" width=\"480\" height=\"300\" src=\"https:\/\/pb.edu.pl\/gep\/wp-content\/uploads\/sites\/82\/2025\/11\/2025-11-05-Szkolenie-z-zakresu-przeciwdzialania-zachowaniom-niepozadanym-w-uczelni-fot-Iryna-Mikhno-PB-13-480x300.jpg\" class=\"attachment-medium-image-16x10 size-medium-image-16x10 wp-post-image\" alt=\"\" srcset=\"https:\/\/pb.edu.pl\/gep\/wp-content\/uploads\/sites\/82\/2025\/11\/2025-11-05-Szkolenie-z-zakresu-przeciwdzialania-zachowaniom-niepozadanym-w-uczelni-fot-Iryna-Mikhno-PB-13-480x300.jpg 480w, https:\/\/pb.edu.pl\/gep\/wp-content\/uploads\/sites\/82\/2025\/11\/2025-11-05-Szkolenie-z-zakresu-przeciwdzialania-zachowaniom-niepozadanym-w-uczelni-fot-Iryna-Mikhno-PB-13-300x188.jpg 300w, https:\/\/pb.edu.pl\/gep\/wp-content\/uploads\/sites\/82\/2025\/11\/2025-11-05-Szkolenie-z-zakresu-przeciwdzialania-zachowaniom-niepozadanym-w-uczelni-fot-Iryna-Mikhno-PB-13-1024x640.jpg 1024w, https:\/\/pb.edu.pl\/gep\/wp-content\/uploads\/sites\/82\/2025\/11\/2025-11-05-Szkolenie-z-zakresu-przeciwdzialania-zachowaniom-niepozadanym-w-uczelni-fot-Iryna-Mikhno-PB-13-768x480.jpg 768w, https:\/\/pb.edu.pl\/gep\/wp-content\/uploads\/sites\/82\/2025\/11\/2025-11-05-Szkolenie-z-zakresu-przeciwdzialania-zachowaniom-niepozadanym-w-uczelni-fot-Iryna-Mikhno-PB-13-1536x960.jpg 1536w, https:\/\/pb.edu.pl\/gep\/wp-content\/uploads\/sites\/82\/2025\/11\/2025-11-05-Szkolenie-z-zakresu-przeciwdzialania-zachowaniom-niepozadanym-w-uczelni-fot-Iryna-Mikhno-PB-13-2048x1280.jpg 2048w\" sizes=\"auto, (max-width: 480px) 100vw, 480px\" \/>      <\/div>\n      <h3>Co wolno na uczelni wy\u017cszej? Politechnika Bia\u0142ostocka o standardach i reagowaniu na nadu\u017cycia<\/h3>\n      5 listopada 2025 r. rozmawiali\u015bmy o budowaniu \u015brodowiska wolnego od dyskryminacji    <\/a>\n<\/article>\t\t\t\t\t\t<\/div>\n\t\t\t\t\t\t\t\t\t\t\t<div class=\"col-sm-3\">\n\t\t\t\t\t\t\t\n<article class=\"format-standard\">\n    <span class=\"date text-right\"><i class=\"fal fa-calendar-alt\"><\/i> 30-10-2025<\/span>\n    <a href=\"https:\/\/pb.edu.pl\/gep\/2025\/10\/30\/szkolenie-z-zakresu-przeciwdzialania-zachowaniom-niepozadanym-w-uczelni\/\">\n      <div class=\"article-image\">\n        <img loading=\"lazy\" decoding=\"async\" width=\"480\" height=\"300\" src=\"https:\/\/pb.edu.pl\/gep\/wp-content\/uploads\/sites\/82\/2025\/10\/2025-10-30-PRP-szkolenie-www-1-480x300.jpg\" class=\"attachment-medium-image-16x10 size-medium-image-16x10 wp-post-image\" alt=\"\" srcset=\"https:\/\/pb.edu.pl\/gep\/wp-content\/uploads\/sites\/82\/2025\/10\/2025-10-30-PRP-szkolenie-www-1-480x300.jpg 480w, https:\/\/pb.edu.pl\/gep\/wp-content\/uploads\/sites\/82\/2025\/10\/2025-10-30-PRP-szkolenie-www-1-300x188.jpg 300w, https:\/\/pb.edu.pl\/gep\/wp-content\/uploads\/sites\/82\/2025\/10\/2025-10-30-PRP-szkolenie-www-1-1024x640.jpg 1024w, https:\/\/pb.edu.pl\/gep\/wp-content\/uploads\/sites\/82\/2025\/10\/2025-10-30-PRP-szkolenie-www-1-768x480.jpg 768w, https:\/\/pb.edu.pl\/gep\/wp-content\/uploads\/sites\/82\/2025\/10\/2025-10-30-PRP-szkolenie-www-1-1536x960.jpg 1536w, https:\/\/pb.edu.pl\/gep\/wp-content\/uploads\/sites\/82\/2025\/10\/2025-10-30-PRP-szkolenie-www-1-2048x1280.jpg 2048w\" sizes=\"auto, (max-width: 480px) 100vw, 480px\" \/>      <\/div>\n      <h3>Szkolenie z zakresu przeciwdzia\u0142ania zachowaniom niepo\u017c\u0105danym w uczelni<\/h3>\n      5 listopada 2025 r. zapraszamy wszystkich cz\u0142onk\u00f3w spo\u0142eczno\u015bci akademickiej    <\/a>\n<\/article>\t\t\t\t\t\t<\/div>\n\t\t\t\t\t\t\t\t\t\t\t<div class=\"col-sm-3\">\n\t\t\t\t\t\t\t\n<article class=\"format-standard\">\n    <span class=\"date text-right\"><i class=\"fal fa-calendar-alt\"><\/i> 17-03-2022<\/span>\n    <a href=\"https:\/\/pb.edu.pl\/gep\/2022\/03\/17\/budujemy-plan-na-rzecz-rownouprawnienia-plci\/\">\n      <div class=\"article-image\">\n        <img loading=\"lazy\" decoding=\"async\" width=\"480\" height=\"300\" src=\"https:\/\/pb.edu.pl\/gep\/wp-content\/uploads\/sites\/82\/2025\/10\/Gep-grafika-ogolna-480x300.png\" class=\"attachment-medium-image-16x10 size-medium-image-16x10 wp-post-image\" alt=\"\" \/>      <\/div>\n      <h3>Budujemy Plan na rzecz R\u00f3wnouprawnienia P\u0142ci<\/h3>\n      Zapraszamy do wype\u0142nienia ankiety    <\/a>\n<\/article>\t\t\t\t\t\t<\/div>\n\t\t\t\t\t\n\t\t\t\t\n\t\t\t\t\t<\/div>\n\t\t\t\t\t<\/div>\n\n","protected":false},"excerpt":{"rendered":"","protected":false},"author":2,"featured_media":0,"parent":0,"menu_order":0,"comment_status":"closed","ping_status":"closed","template":"","meta":{"_acf_changed":false,"ngg_post_thumbnail":0,"footnotes":""},"class_list":["post-357","page","type-page","status-publish","hentry"],"acf":[],"_links":{"self":[{"href":"https:\/\/pb.edu.pl\/gep\/wp-json\/wp\/v2\/pages\/357","targetHints":{"allow":["GET"]}}],"collection":[{"href":"https:\/\/pb.edu.pl\/gep\/wp-json\/wp\/v2\/pages"}],"about":[{"href":"https:\/\/pb.edu.pl\/gep\/wp-json\/wp\/v2\/types\/page"}],"author":[{"embeddable":true,"href":"https:\/\/pb.edu.pl\/gep\/wp-json\/wp\/v2\/users\/2"}],"replies":[{"embeddable":true,"href":"https:\/\/pb.edu.pl\/gep\/wp-json\/wp\/v2\/comments?post=357"}],"version-history":[{"count":0,"href":"https:\/\/pb.edu.pl\/gep\/wp-json\/wp\/v2\/pages\/357\/revisions"}],"wp:attachment":[{"href":"https:\/\/pb.edu.pl\/gep\/wp-json\/wp\/v2\/media?parent=357"}],"curies":[{"name":"wp","href":"https:\/\/api.w.org\/{rel}","templated":true}]}}