{"id":266,"date":"2022-10-31T11:14:00","date_gmt":"2022-10-31T10:14:00","guid":{"rendered":"https:\/\/pb.edu.pl\/gep\/?page_id=266"},"modified":"2023-01-18T22:57:25","modified_gmt":"2023-01-18T21:57:25","slug":"plan-na-rzecz-rownouprawnienia-plci","status":"publish","type":"page","link":"https:\/\/pb.edu.pl\/gep\/plan-na-rzecz-rownouprawnienia-plci\/","title":{"rendered":"Plan na rzecz R\u00f3wnouprawnienia P\u0142ci w Politechnice Bia\u0142ostockiej"},"content":{"rendered":"<p>&nbsp;<\/p>\n<p><a class=\"h3\" href=\"https:\/\/pb.edu.pl\/gep\/wp-content\/uploads\/sites\/82\/2022\/10\/Plan-GEP-PB.pdf\" target=\"_blank\" data-id=\"272\" rel=\"noopener\">Plan na rzecz R\u00f3wnouprawnienia P\u0142ci w Politechnice Bia\u0142ostockiej <span>(PDF, 706 KB, otworzy si\u0119 w nowej karcie)<\/span><\/a><\/p>\n<p>&nbsp;<br \/>\n&nbsp;<\/p>\n","protected":false},"excerpt":{"rendered":"<p>&nbsp; Plan na rzecz R\u00f3wnouprawnienia P\u0142ci w Politechnice Bia\u0142ostockiej (PDF, 706 KB, otworzy si\u0119 w<\/p>\n","protected":false},"author":2,"featured_media":0,"parent":0,"menu_order":5,"comment_status":"closed","ping_status":"closed","template":"","meta":{"_acf_changed":false,"ngg_post_thumbnail":0,"footnotes":""},"class_list":["post-266","page","type-page","status-publish","hentry"],"acf":[],"_links":{"self":[{"href":"https:\/\/pb.edu.pl\/gep\/wp-json\/wp\/v2\/pages\/266","targetHints":{"allow":["GET"]}}],"collection":[{"href":"https:\/\/pb.edu.pl\/gep\/wp-json\/wp\/v2\/pages"}],"about":[{"href":"https:\/\/pb.edu.pl\/gep\/wp-json\/wp\/v2\/types\/page"}],"author":[{"embeddable":true,"href":"https:\/\/pb.edu.pl\/gep\/wp-json\/wp\/v2\/users\/2"}],"replies":[{"embeddable":true,"href":"https:\/\/pb.edu.pl\/gep\/wp-json\/wp\/v2\/comments?post=266"}],"version-history":[{"count":0,"href":"https:\/\/pb.edu.pl\/gep\/wp-json\/wp\/v2\/pages\/266\/revisions"}],"wp:attachment":[{"href":"https:\/\/pb.edu.pl\/gep\/wp-json\/wp\/v2\/media?parent=266"}],"curies":[{"name":"wp","href":"https:\/\/api.w.org\/{rel}","templated":true}]}}