{"id":216,"date":"2022-03-04T20:48:25","date_gmt":"2022-03-04T19:48:25","guid":{"rendered":"https:\/\/pb.edu.pl\/gep\/?page_id=216"},"modified":"2022-03-04T20:59:41","modified_gmt":"2022-03-04T19:59:41","slug":"akty-prawne-dotyczace-dyskryminacji","status":"publish","type":"page","link":"https:\/\/pb.edu.pl\/gep\/dyskryminacja\/akty-prawne-dotyczace-dyskryminacji\/","title":{"rendered":"Najwa\u017cniejsze obowi\u0105zuj\u0105ce w Polsce<br>akty prawne dotycz\u0105ce dyskryminacji"},"content":{"rendered":"<ul>\n<li><strong>Europejska Konwencja o Ochronie Praw Cz\u0142owieka i Podstawowych Wolno\u015bci<\/strong> (ratyfikowana przez Polsk\u0119 w 1993 r.), w szczeg\u00f3lno\u015bci art. 14 zakazuj\u0105cy dyskryminacji w korzystaniu z opisanych w konwencji wolno\u015bci, w tym dyskryminacji z takich powod\u00f3w jak p\u0142e\u0107, rasa, kolor sk\u00f3ry, j\u0119zyk, religia, przekonania polityczne i inne, pochodzenie narodowe lub spo\u0142eczne, przynale\u017cno\u015b\u0107 do mniejszo\u015bci narodowej, maj\u0105tek i urodzenie.<\/li>\n<li><strong>Konstytucja RP<\/strong>, w szczeg\u00f3lno\u015bci art. 32, kt\u00f3ry stanowi, \u017ce wszyscy s\u0105 wobec prawa r\u00f3wni i wszyscy maj\u0105 prawo do r\u00f3wnego traktowania przez w\u0142adze publiczne (ust. 1), oraz \u017ce nikt nie mo\u017ce by\u0107 dyskryminowany w \u017cyciu politycznym, spo\u0142ecznym lub gospodarczym z jakiejkolwiek przyczyny (ust. 2). Jak r\u00f3wnie\u017c art. 33, kt\u00f3ry k\u0142adzie szczeg\u00f3lny nacisk na r\u00f3wno\u015b\u0107 kobiet i m\u0119\u017cczyzn stwierdzaj\u0105c, \u017ce \u201eKobieta i m\u0119\u017cczyzna w Rzeczypospolitej Polskiej maj\u0105 r\u00f3wne prawa w \u017cyciu rodzinnym, politycznym, spo\u0142ecznym i gospodarczym\u201d.<\/li>\n<li><strong>Kodeks Pracy<\/strong>, w \u015bwietle kt\u00f3rego niedopuszczalna jest jakakolwiek dyskryminacja w zatrudnieniu, bezpo\u015brednia lub po\u015brednia, w szczeg\u00f3lno\u015bci ze wzgl\u0119du na p\u0142e\u0107, wiek, niepe\u0142nosprawno\u015b\u0107, ras\u0119, religi\u0119, narodowo\u015b\u0107, przekonania polityczne, przynale\u017cno\u015b\u0107 zwi\u0105zkow\u0105, pochodzenie etniczne, wyznanie, orientacj\u0119 seksualn\u0105, a tak\u017ce ze wzgl\u0119du na zatrudnienie na czas okre\u015blony lub nieokre\u015blony albo w pe\u0142nym lub w niepe\u0142nym wymiarze czasu pracy (art. 11 [3]). Pracownicy maj\u0105 r\u00f3wne prawa z tytu\u0142u jednakowego wype\u0142niania takich samych obowi\u0105zk\u00f3w; dotyczy to w szczeg\u00f3lno\u015bci r\u00f3wnego traktowania m\u0119\u017cczyzn i kobiet w zatrudnieniu (art. 11 [2], art. 18 [3c]).<\/li>\n<li><strong>Kodeks Karny<\/strong> stanowi, \u017ce kto publicznie propaguje faszystowski lub inny totalitarny ustr\u00f3j pa\u0144stwa lub nawo\u0142uje do nienawi\u015bci na tle r\u00f3\u017cnic narodowo\u015bciowych, etnicznych, rasowych, wyznaniowych albo ze wzgl\u0119du na bezwyznaniowo\u015b\u0107, podlega grzywnie, karze ograniczenia wolno\u015bci albo pozbawienia wolno\u015bci do lat 2 (Art. 256, \u00a7 1).<\/li>\n<\/ul>\n<p>&nbsp;<br \/>\n&nbsp;<\/p>\n","protected":false},"excerpt":{"rendered":"<p>Europejska Konwencja o Ochronie Praw Cz\u0142owieka i Podstawowych Wolno\u015bci (ratyfikowana przez Polsk\u0119 w 1993 r.),<\/p>\n","protected":false},"author":2,"featured_media":0,"parent":84,"menu_order":1,"comment_status":"closed","ping_status":"closed","template":"","meta":{"_acf_changed":false,"ngg_post_thumbnail":0,"footnotes":""},"class_list":["post-216","page","type-page","status-publish","hentry"],"acf":[],"_links":{"self":[{"href":"https:\/\/pb.edu.pl\/gep\/wp-json\/wp\/v2\/pages\/216","targetHints":{"allow":["GET"]}}],"collection":[{"href":"https:\/\/pb.edu.pl\/gep\/wp-json\/wp\/v2\/pages"}],"about":[{"href":"https:\/\/pb.edu.pl\/gep\/wp-json\/wp\/v2\/types\/page"}],"author":[{"embeddable":true,"href":"https:\/\/pb.edu.pl\/gep\/wp-json\/wp\/v2\/users\/2"}],"replies":[{"embeddable":true,"href":"https:\/\/pb.edu.pl\/gep\/wp-json\/wp\/v2\/comments?post=216"}],"version-history":[{"count":0,"href":"https:\/\/pb.edu.pl\/gep\/wp-json\/wp\/v2\/pages\/216\/revisions"}],"up":[{"embeddable":true,"href":"https:\/\/pb.edu.pl\/gep\/wp-json\/wp\/v2\/pages\/84"}],"wp:attachment":[{"href":"https:\/\/pb.edu.pl\/gep\/wp-json\/wp\/v2\/media?parent=216"}],"curies":[{"name":"wp","href":"https:\/\/api.w.org\/{rel}","templated":true}]}}