{"id":2,"date":"2022-02-25T22:26:32","date_gmt":"2022-02-25T21:26:32","guid":{"rendered":"https:\/\/pb.edu.pl\/gep\/?page_id=2"},"modified":"2022-10-31T11:16:47","modified_gmt":"2022-10-31T10:16:47","slug":"kwestionariusz-ankiety-gep","status":"publish","type":"page","link":"https:\/\/pb.edu.pl\/gep\/","title":{"rendered":""},"content":{"rendered":"<p>&nbsp;<\/p>\n<div class=\"h1\">R\u00f3wnowa\u017cna i r\u00f3\u017cnorodna PB<\/div>\n<p>Zapraszamy do zapoznania si\u0119 z zagadnieniami dotycz\u0105cymi r\u00f3wno\u015bci i r\u00f3\u017cnorodno\u015bci.<\/p>\n<p>R\u00f3wno\u015b\u0107 i r\u00f3\u017cnorodno\u015b\u0107 s\u0105 warto\u015bciami, kt\u00f3re maj\u0105 ogromne znaczenie nie tylko w codziennym funkcjonowaniu w \u015brodowisku zawodowym, ale r\u00f3wnie\u017c przyczyniaj\u0105 si\u0119 do rozwoju nauki. Niezwykle wa\u017cne jest, aby Politechnika Bia\u0142ostocka by\u0142a miejscem przyjaznym i bezpiecznym dla ca\u0142ej spo\u0142eczno\u015bci akademickiej.<\/p>\n<p>Tu dowiecie si\u0119 <a href=\"\/gep\/dyskryminacja\/\">czym jest dyskryminacja<\/a> i <a href=\"\/gep\/wsparcie\/\">gdzie szuka\u0107 pomocy, je\u015bli jej do\u015bwiadczacie lub jeste\u015bcie jej \u015bwiadkami<\/a>.<br \/>\n&nbsp;<\/p>\n<div class=\"h1\">Plan dzia\u0142a\u0144 r\u00f3wno\u015bciowych na PB na lata 2022-2024<\/div>\n<p>&nbsp;<\/p>\n<blockquote><p>Zarz\u0105dzeniem Rektora Politechniki Bia\u0142ostockiej powo\u0142ano na naszej Uczelni zesp\u00f3\u0142 ds. Planu na rzecz R\u00f3wnouprawnienia P\u0142ci. <\/p>\n<p>Politechnika Bia\u0142ostocka, zgodnie ze swoim statutem, kieruje si\u0119 zasadami wolno\u015bci nauczania i bada\u0144 naukowych, wolno\u015bci tw\u00f3rczo\u015bci artystycznej oraz autonomii spo\u0142eczno\u015bci akademickiej. W spos\u00f3b naturalny wynika z tego fakt kszta\u0142towania postaw etycznych opartych na prawdzie, tolerancji, r\u00f3wno\u015bci, otwarto\u015bci oraz wolno\u015bci intelektualnej, czyli na takich zasadach i warto\u015bciach, kt\u00f3re s\u0105 niezb\u0119dne do zr\u00f3wnowa\u017conego rozwoju wsp\u00f3\u0142czesnego \u015bwiata. R\u00f3wno\u015b\u0107, jako jedno z podstawowych praw cz\u0142owieka, zostaje zatem uznana za istotn\u0105 zasad\u0119 dzia\u0142ania uczelni, kt\u00f3ra ma zapewni\u0107 ka\u017cdej osobie uczestnicz\u0105cej we wsp\u00f3lnocie akademickiej zar\u00f3wno pe\u0142ny jak i swobodny dost\u0119p do pracy i edukacji, jak te\u017c r\u00f3wne traktowanie bez wzgl\u0119du na jej status i cechy osobiste. Aby utrwali\u0107 te wsp\u00f3lne przekonania Zesp\u00f3\u0142, kt\u00f3rego jestem przewodnicz\u0105cym, opracuje <a href=\"https:\/\/pb.edu.pl\/gep\/plan-na-rzecz-rownouprawnienia-plci\/\" title=\"przejd\u017a do dokumentu\">Plan na rzecz R\u00f3wnouprawnienia P\u0142ci w Politechnice Bia\u0142ostockiej<\/a>, pomy\u015blany i zaprojektowany z my\u015bl\u0105 o ca\u0142ej spo\u0142eczno\u015bci akademickiej \u2013 o osobach pracuj\u0105cych, studiuj\u0105cych i przygotowuj\u0105cych rozprawy doktorskie.<\/p>\n<p>Nale\u017cy wspomnie\u0107, \u017ce Plan jest r\u00f3wnocze\u015bnie odpowiedzi\u0105 na wym\u00f3g Dyrekcji Generalnej ds. Bada\u0144 Naukowych i Innowacji Komisji Europejskiej.<\/p>\n<p>Plan na rzecz R\u00f3wnouprawnienia P\u0142ci stanowi\u0107 b\u0119dzie wynik bada\u0144, analiz i konsultacji przeprowadzonych na Politechnice Bia\u0142ostockiej. B\u0119dzie to strategiczny dokument utworzony z my\u015bl\u0105 o spo\u0142eczno\u015bci akademickiej w celu zapewnienia bezpiecznego i przyjaznego miejsca nauki i pracy, wolnego od dyskryminacji, umo\u017cliwiaj\u0105cego wszystkim swobodny rozw\u00f3j naukowy, zawodowy i osobisty.<\/p><\/blockquote>\n<p style=\"text-align: right;\">W imieniu Zespo\u0142u ds. Planu na rzecz R\u00f3wnouprawnienia P\u0142ci<br \/>\ndr in\u017c. Romuald Zi\u00f3\u0142kowski<\/p>\n<p><a title=\"otworzy si\u0119 w nowej karcie\" href=\"https:\/\/www.youtube.com\/hashtag\/planr%C3%B3wno%C5%9Bcip%C5%82cipb\" target=\"_blank\" rel=\"noopener\">#planr\u00f3wno\u015bcip\u0142ciPB<\/a><\/div>\n<p>&nbsp;<\/p>\n<div class=\"row\">\n<div class=\"col-sm-8\">\n<div class=\"embed-responsive embed-responsive-16by9\"><iframe loading=\"lazy\" title=\"Zesp\u00f3\u0142 ds. Planu na rzecz R\u00f3wnouprawnienia P\u0142ci ju\u017c dzia\u0142a\" width=\"500\" height=\"281\" src=\"https:\/\/www.youtube.com\/embed\/eLb4HViel74?feature=oembed\" frameborder=\"0\" allow=\"accelerometer; autoplay; clipboard-write; encrypted-media; gyroscope; picture-in-picture; web-share\" referrerpolicy=\"strict-origin-when-cross-origin\" allowfullscreen><\/iframe><\/div>\n<\/div>\n<\/div>\n<p>&nbsp;<br \/>\n&nbsp;<\/p>\n","protected":false},"excerpt":{"rendered":"<p>&nbsp; R\u00f3wnowa\u017cna i r\u00f3\u017cnorodna PB Zapraszamy do zapoznania si\u0119 z zagadnieniami dotycz\u0105cymi r\u00f3wno\u015bci i r\u00f3\u017cnorodno\u015bci.<\/p>\n","protected":false},"author":2,"featured_media":0,"parent":0,"menu_order":0,"comment_status":"closed","ping_status":"open","template":"","meta":{"_acf_changed":false,"ngg_post_thumbnail":0,"footnotes":""},"class_list":["post-2","page","type-page","status-publish","hentry"],"acf":[],"_links":{"self":[{"href":"https:\/\/pb.edu.pl\/gep\/wp-json\/wp\/v2\/pages\/2","targetHints":{"allow":["GET"]}}],"collection":[{"href":"https:\/\/pb.edu.pl\/gep\/wp-json\/wp\/v2\/pages"}],"about":[{"href":"https:\/\/pb.edu.pl\/gep\/wp-json\/wp\/v2\/types\/page"}],"author":[{"embeddable":true,"href":"https:\/\/pb.edu.pl\/gep\/wp-json\/wp\/v2\/users\/2"}],"replies":[{"embeddable":true,"href":"https:\/\/pb.edu.pl\/gep\/wp-json\/wp\/v2\/comments?post=2"}],"version-history":[{"count":0,"href":"https:\/\/pb.edu.pl\/gep\/wp-json\/wp\/v2\/pages\/2\/revisions"}],"wp:attachment":[{"href":"https:\/\/pb.edu.pl\/gep\/wp-json\/wp\/v2\/media?parent=2"}],"curies":[{"name":"wp","href":"https:\/\/api.w.org\/{rel}","templated":true}]}}