{"id":93,"date":"2026-05-07T16:27:09","date_gmt":"2026-05-07T14:27:09","guid":{"rendered":"https:\/\/pb.edu.pl\/funduszowy-maj\/?page_id=93"},"modified":"2026-05-07T16:27:56","modified_gmt":"2026-05-07T14:27:56","slug":"redakcja-serwisu-www","status":"publish","type":"page","link":"https:\/\/pb.edu.pl\/funduszowy-maj\/redakcja-serwisu-www\/","title":{"rendered":"Redakcja serwisu www"},"content":{"rendered":"<ul>\n<li>Uwagi dotycz\u0105ce zawarto\u015bci (opisy, fotografie itp.) poszczeg\u00f3lnych stron www serwisu internetowego prosz\u0119 przysy\u0142a\u0107 na adres: <i class=\"fal fa-envelope\"><\/i> <a href=\"mailto:&#98;&#105;u&#114;o&#112;r&#97;&#115;&#111;&#119;&#101;&#64;&#112;&#98;.&#101;d&#117;&#46;&#112;l\" rel=\"nofollow\">biuro&#112;ras&#111;we&#64;&#112;&#98;.&#101;&#100;u&#46;p&#108;<\/a>.<\/li>\n<li>Uwagi dotycz\u0105ce funkcjonowania poszczeg\u00f3lnych stron www serwisu internetowego prosz\u0119 przysy\u0142a\u0107 na adres:<br \/>\n<i class=\"fal fa-envelope\"><\/i> <a href=\"mailto:&#116;.h&#117;s&#99;io&#64;&#112;b.&#101;&#100;u&#46;pl\" rel=\"nofollow\">&#116;&#46;&#104;&#117;s&#99;io&#64;&#112;b&#46;edu.&#112;&#108;<\/a>.<\/li>\n<\/ul>\n","protected":false},"excerpt":{"rendered":"<p>Uwagi dotycz\u0105ce zawarto\u015bci (opisy, fotografie itp.) poszczeg\u00f3lnych stron www serwisu internetowego prosz\u0119 przysy\u0142a\u0107 na adres: . Uwagi dotycz\u0105ce funkcjonowania poszczeg\u00f3lnych stron www serwisu internetowego prosz\u0119 przysy\u0142a\u0107 na adres: .<\/p>\n","protected":false},"author":2,"featured_media":0,"parent":0,"menu_order":1,"comment_status":"closed","ping_status":"closed","template":"","meta":{"_acf_changed":false,"ngg_post_thumbnail":0,"footnotes":""},"class_list":["post-93","page","type-page","status-publish","hentry"],"acf":[],"_links":{"self":[{"href":"https:\/\/pb.edu.pl\/funduszowy-maj\/wp-json\/wp\/v2\/pages\/93","targetHints":{"allow":["GET"]}}],"collection":[{"href":"https:\/\/pb.edu.pl\/funduszowy-maj\/wp-json\/wp\/v2\/pages"}],"about":[{"href":"https:\/\/pb.edu.pl\/funduszowy-maj\/wp-json\/wp\/v2\/types\/page"}],"author":[{"embeddable":true,"href":"https:\/\/pb.edu.pl\/funduszowy-maj\/wp-json\/wp\/v2\/users\/2"}],"replies":[{"embeddable":true,"href":"https:\/\/pb.edu.pl\/funduszowy-maj\/wp-json\/wp\/v2\/comments?post=93"}],"version-history":[{"count":3,"href":"https:\/\/pb.edu.pl\/funduszowy-maj\/wp-json\/wp\/v2\/pages\/93\/revisions"}],"predecessor-version":[{"id":97,"href":"https:\/\/pb.edu.pl\/funduszowy-maj\/wp-json\/wp\/v2\/pages\/93\/revisions\/97"}],"wp:attachment":[{"href":"https:\/\/pb.edu.pl\/funduszowy-maj\/wp-json\/wp\/v2\/media?parent=93"}],"curies":[{"name":"wp","href":"https:\/\/api.w.org\/{rel}","templated":true}]}}